{"id":34909,"date":"2025-03-22T23:40:39","date_gmt":"2025-03-22T14:40:39","guid":{"rendered":"https:\/\/listman.shop\/autoparts-br\/product\/1005007407382001\/"},"modified":"2026-04-11T12:35:36","modified_gmt":"2026-04-11T03:35:36","slug":"1005007407382001","status":"publish","type":"product","link":"https:\/\/listman.shop\/autoparts-br\/product\/1005007407382001\/","title":{"rendered":"Tampa de guarni\u00e7\u00e3o interior para portas dianteiras e traseiras, manivela esquerda e direita, BMW S\u00e9rie 5, M5, E60, E61, 2004, 2005, 2006, 5141695933,51417076297"},"content":{"rendered":"<div class=\"detailmodule_html\">\n<div class=\"detail-desc-decorate-richtext\">\n<div class=\"detailmodule_text\">\n<p style=\"font-family:OpenSans;font-size:20px;font-weight:900;line-height:28px;white-space:pre-wrap;margin-bottom:12px\" class=\"detail-desc-decorate-title\" id=\"tl_1\">Interior do carro Frente Porta Traseira Esquerda Direita Grip Handle Guarni&ccedil;&atilde;o Capa Para BMW S&eacute;rie 5 M5 E60 E61 2004-2006<\/p>\n<p style=\"font-family:OpenSans;font-size:14px;font-weight:300;line-height:20px;white-space:pre-wrap;margin-bottom:12px\" class=\"detail-desc-decorate-content\" id=\"tl_2\">Caracter&iacute;sticas: <br \/>-Substitui&ccedil;&atilde;o direta. <br \/>-De acordo com as especifica&ccedil;&otilde;es originais da f&aacute;brica. <br \/>-100% novo e de alta qualidade garantida. <br \/>-F&aacute;cil de usar e de operar a pre&ccedil;os acess&iacute;veis. <br \/>-Vai melhorar drasticamente a apar&ecirc;ncia do seu carro. <\/p>\n<p>Aplica&ccedil;&atilde;o: Para BMW S&eacute;rie 5 E60 E61 2004-2006 <\/p>\n<p>Refer&ecirc;ncia OE NO.: <br \/>Frente esquerda-noz: 51416959333 <br \/>Frente direita-noz: 51416959334 <br \/>Esquerda traseira-Walnut:51427079445 <br \/>Direita traseira-noz: 51427079446 <\/p>\n<p>Frente esquerda-prata: 51417076297 <br \/>Frente direita-prata: 51417076298 <br \/>Esquerda traseira-prata: 51427079441 <br \/>Direita traseira-prata: 51427079442 <\/p>\n<p>Cromo dianteiro esquerdo: 51417076299 <br \/>Direita dianteira-Chrome:51417076300 <br \/>Esquerda traseira-Chrome:51427079443 <br \/>Retaguarda Right-Chrome51427079444: <\/p>\n<p>Material: PC &amp; ABS de alta qualidade, pintura prateada, cromado. <\/p>\n<p>Coloque no ve&iacute;culo: Porta dianteira\/traseira <\/p>\n<p>Aviso pr&eacute;vio: <br \/>* Carros LHD e RHD Ambos Podem Ser Usados. <br \/>* Se voc&ecirc; n&atilde;o tem certeza de qual cor &eacute; adequada para o seu carro, entre em contato conosco. <br \/>* Por favor, compare as fotos para garantir que caiba antes da compra.<\/p>\n<\/div>\n<div class=\"detailmodule_text-image\">\n <img data-recalc-dims=\"1\" decoding=\"async\" style=\"margin-bottom:10px\" class=\"detail-desc-decorate-image\" src=\"https:\/\/i0.wp.com\/ae01.alicdn.com\/kf\/S383bc12a063c4ca99e60a571c21b0019a.jpg?w=1200&#038;ssl=1\" \/><br \/>\n <img data-recalc-dims=\"1\" decoding=\"async\" style=\"margin-bottom:10px\" class=\"detail-desc-decorate-image\" src=\"https:\/\/i0.wp.com\/ae01.alicdn.com\/kf\/S7f7b0f537e7746bea84d76a3fadfb8e2R.jpg?w=1200&#038;ssl=1\" \/><br \/>\n <img data-recalc-dims=\"1\" decoding=\"async\" style=\"margin-bottom:10px\" class=\"detail-desc-decorate-image\" src=\"https:\/\/i0.wp.com\/ae01.alicdn.com\/kf\/Se4a6c34123a1429f8ce355fb130ebaeds.jpg?w=1200&#038;ssl=1\" \/><br \/>\n <img data-recalc-dims=\"1\" decoding=\"async\" style=\"margin-bottom:10px\" class=\"detail-desc-decorate-image\" src=\"https:\/\/i0.wp.com\/ae01.alicdn.com\/kf\/Sca4af5d60fbd4e058caf19eaff01481eE.jpg?w=1200&#038;ssl=1\" \/><br \/>\n <img data-recalc-dims=\"1\" decoding=\"async\" style=\"margin-bottom:10px\" class=\"detail-desc-decorate-image\" src=\"https:\/\/i0.wp.com\/ae01.alicdn.com\/kf\/Sf88c22327a81479cb93c317e384c5998V.jpg?w=1200&#038;ssl=1\" \/><br \/>\n <img data-recalc-dims=\"1\" decoding=\"async\" style=\"margin-bottom:10px\" class=\"detail-desc-decorate-image\" src=\"https:\/\/i0.wp.com\/ae01.alicdn.com\/kf\/S4cfc15d487d34f5ebf4cf99861503279Q.jpg?w=1200&#038;ssl=1\" \/><br \/>\n <img data-recalc-dims=\"1\" decoding=\"async\" style=\"margin-bottom:10px\" class=\"detail-desc-decorate-image\" src=\"https:\/\/i0.wp.com\/ae01.alicdn.com\/kf\/Sfef2a84979ac4e0f9366f09676aa1a13n.jpg?w=1200&#038;ssl=1\" \/><br \/>\n <img data-recalc-dims=\"1\" decoding=\"async\" style=\"margin-bottom:10px\" class=\"detail-desc-decorate-image\" src=\"https:\/\/i0.wp.com\/ae01.alicdn.com\/kf\/S4bcf085b9c7545ff9b21383d58bbfbe3D.jpg?w=1200&#038;ssl=1\" \/>\n<\/div>\n<div class=\"detailmodule_text\">\n<p style=\"font-family:OpenSans;font-size:20px;font-weight:900;line-height:28px;white-space:pre-wrap;margin-bottom:12px\" class=\"detail-desc-decorate-title\" id=\"tl_3\">LEMBRETE QUENTE<\/p>\n<p style=\"font-family:OpenSans;font-size:14px;font-weight:300;line-height:20px;white-space:pre-wrap;margin-bottom:12px\" class=\"detail-desc-decorate-content\" id=\"tl_4\">\uf06c Por favor, confirme o OE No. est&aacute; correto com nossas pe&ccedil;as antes de comprar para que ele possa ser equipado com o seu carro. <br \/>\uf06c Todas as fotos dos produtos s&atilde;o apenas para demonstra&ccedil;&atilde;o e talvez uma pequena diferen&ccedil;a com as pe&ccedil;as reais. A cor e detalhes diferen&ccedil;as s&atilde;o condi&ccedil;&atilde;o normal. <br \/>\uf06c N&oacute;s j&aacute; tivemos verifica&ccedil;&atilde;o de qualidade para todas as pe&ccedil;as antes do envio, ent&atilde;o por favor abra o pacote para verificar as pe&ccedil;as e acess&oacute;rios com pacotes n&atilde;o s&atilde;o danificados durante o transporte antes de voc&ecirc; assinar o pacote. <br \/>\uf06c Por favor, confirme os endere&ccedil;os de envio e tel. No. s&atilde;o detalhados e corretos. <br \/>\uf06c Se voc&ecirc; n&atilde;o pode substituir bem as pe&ccedil;as por si mesmo, voc&ecirc; pode reajust&aacute;-lo ou ir para sua loja de repara&ccedil;&atilde;o profissional local para instal&aacute;-lo.<\/p>\n<\/div>\n<div class=\"detailmodule_text\">\n<p style=\"font-family:OpenSans;font-size:20px;font-weight:900;line-height:28px;white-space:pre-wrap;margin-bottom:12px\" class=\"detail-desc-decorate-title\" id=\"tl_5\">SOBRE EUA<\/p>\n<p style=\"font-family:OpenSans;font-size:14px;font-weight:300;line-height:20px;white-space:pre-wrap;margin-bottom:12px\" class=\"detail-desc-decorate-content\" id=\"tl_6\">\uf06c A f&aacute;brica profissional especializada em pe&ccedil;as de desgaste r&aacute;pido para B.M.W e B.E.N.Z. <br \/>\uf06c Pesquisa e produzir com qualidade superior, melhor material e bom molde correspondente. <br \/>\uf06c F2C-from source f&aacute;brica para o cliente diretamente. <br \/>\uf06c A abund&acirc;ncia de estoque, pode ser enviado rapidamente. <br \/>\uf06c Gama completa de pe&ccedil;as de desgaste r&aacute;pido. <br \/>\uf06c Grande quantidade por atacado ordem ser&aacute; bem-vinda. <br \/>\uf06c OEM pode ser aceito.<\/p>\n<\/div>\n<div class=\"detailmodule_text\">\n<p style=\"font-family:OpenSans;font-size:20px;font-weight:900;line-height:28px;white-space:pre-wrap;margin-bottom:12px\" class=\"detail-desc-decorate-title\" id=\"tl_7\">EXPEDI&Ccedil;&Atilde;O<\/p>\n<p style=\"font-family:OpenSans;font-size:14px;font-weight:300;line-height:20px;white-space:pre-wrap;margin-bottom:12px\" class=\"detail-desc-decorate-content\" id=\"tl_8\">\uf06c Normalmente, o pedido ser&aacute; enviado dentro de 2-5 dias &uacute;teis ap&oacute;s receber o pagamento on-line excluindo o feriado. <br \/>\uf06c Os dias de envio depender&atilde;o do correio de entrega. Se voc&ecirc; n&atilde;o recebeu o pacote dentro de 45 dias, entre em contato conosco para que possamos rastre&aacute;-lo para voc&ecirc;. <br \/>\uf06c Se o pacote foi danificado durante o transporte, por favor, se recusar a aceit&aacute;-lo e manter o registro e provas para reclama&ccedil;&atilde;o.<\/p>\n<\/div>\n<div class=\"detailmodule_text\">\n<p style=\"font-family:OpenSans;font-size:20px;font-weight:900;line-height:28px;white-space:pre-wrap;margin-bottom:12px\" class=\"detail-desc-decorate-title\" id=\"tl_9\">GARANTIA &amp; FEEDBACK<\/p>\n<p style=\"font-family:OpenSans;font-size:14px;font-weight:300;line-height:20px;white-space:pre-wrap;margin-bottom:12px\" class=\"detail-desc-decorate-content\" id=\"tl_10\">\uf06c Se voc&ecirc; n&atilde;o estiver satisfeito com nossos produtos, voc&ecirc; pode devolv&ecirc;-lo dentro de 30 dias para uma substitui&ccedil;&atilde;o ou devolu&ccedil;&atilde;o do dinheiro. E entre em contato conosco antes de devolv&ecirc;-lo. <br \/>\uf06c O custo de transporte para retornar deve ser pago pelos compradores. <br \/>\uf06c Se voc&ecirc; est&aacute; satisfeito com nossos produtos e servi&ccedil;os, por favor nos d&ecirc; um bom coment&aacute;rio e feedback de cinco estrelas.<\/p>\n<\/div>\n<p><\/p>\n<\/div>\n<\/div>\n","protected":false},"excerpt":{"rendered":"<p>Interior do carro Frente Porta Traseira Esquerda Direita Grip Handle Guarni&ccedil;&atilde;o Capa Para BMW S&eacute;rie 5 M5 E60 E61 2004-2006 Caracter&iacute;sticas: -Substitui&ccedil;&atilde;o direta. -De acordo com as especifica&ccedil;&otilde;es originais da f&aacute;brica. -100% novo e de alta qualidade garantida. -F&aacute;cil de usar e de operar a pre&ccedil;os acess&iacute;veis. -Vai melhorar drasticamente a apar&ecirc;ncia do seu carro.&hellip;&nbsp;<\/p>\n","protected":false},"featured_media":34903,"template":"","meta":{"neve_meta_sidebar":"","neve_meta_container":"","neve_meta_enable_content_width":"","neve_meta_content_width":0,"neve_meta_title_alignment":"","neve_meta_author_avatar":"","neve_post_elements_order":"","neve_meta_disable_header":"","neve_meta_disable_footer":"","neve_meta_disable_title":""},"product_brand":[],"product_cat":[57,22,17],"product_tag":[],"class_list":{"0":"post-34909","1":"product","2":"type-product","3":"status-publish","4":"has-post-thumbnail","6":"product_cat-macanetas-e-alcas-internas","7":"product_cat-partes-interiores","8":"product_cat-pecas-e-acessorios-automotivos","10":"first","11":"instock","12":"shipping-taxable","13":"purchasable","14":"product-type-variable","15":"has-default-attributes"},"jetpack_sharing_enabled":true,"_links":{"self":[{"href":"https:\/\/listman.shop\/autoparts-br\/wp-json\/wp\/v2\/product\/34909","targetHints":{"allow":["GET"]}}],"collection":[{"href":"https:\/\/listman.shop\/autoparts-br\/wp-json\/wp\/v2\/product"}],"about":[{"href":"https:\/\/listman.shop\/autoparts-br\/wp-json\/wp\/v2\/types\/product"}],"wp:featuredmedia":[{"embeddable":true,"href":"https:\/\/listman.shop\/autoparts-br\/wp-json\/wp\/v2\/media\/34903"}],"wp:attachment":[{"href":"https:\/\/listman.shop\/autoparts-br\/wp-json\/wp\/v2\/media?parent=34909"}],"wp:term":[{"taxonomy":"product_brand","embeddable":true,"href":"https:\/\/listman.shop\/autoparts-br\/wp-json\/wp\/v2\/product_brand?post=34909"},{"taxonomy":"product_cat","embeddable":true,"href":"https:\/\/listman.shop\/autoparts-br\/wp-json\/wp\/v2\/product_cat?post=34909"},{"taxonomy":"product_tag","embeddable":true,"href":"https:\/\/listman.shop\/autoparts-br\/wp-json\/wp\/v2\/product_tag?post=34909"}],"curies":[{"name":"wp","href":"https:\/\/api.w.org\/{rel}","templated":true}]}}