{"id":35003,"date":"2025-03-22T23:43:49","date_gmt":"2025-03-22T14:43:49","guid":{"rendered":"https:\/\/listman.shop\/autoparts-br\/product\/1005007486316982\/"},"modified":"2026-04-14T19:16:06","modified_gmt":"2026-04-14T10:16:06","slug":"1005007486316982","status":"publish","type":"product","link":"https:\/\/listman.shop\/autoparts-br\/product\/1005007486316982\/","title":{"rendered":"Caixa de rel\u00e9 de fus\u00edvel de 12 volts, fus\u00edvel pr\u00e9-fiado e caixa de rel\u00e9 com 4 rel\u00e9s e fus\u00edveis ATC\/ATO de 12 vias, bloco de caixa de fus\u00edveis de rel\u00e9 selado de 12V"},"content":{"rendered":"<div class=\"detailmodule_html\">\n<div class=\"detail-desc-decorate-richtext\">\n<div class=\"detailmodule_html\">\n<div class=\"detail-desc-decorate-richtext\">\n<p id=\"tl_1\"><img data-recalc-dims=\"1\" decoding=\"async\" src=\"https:\/\/i0.wp.com\/ae01.alicdn.com\/kf\/S39f454bf71c44691977337c8e1172f8dC.jpg?w=1200&#038;ssl=1\" \/> <img data-recalc-dims=\"1\" decoding=\"async\" src=\"https:\/\/i0.wp.com\/ae01.alicdn.com\/kf\/S1245a9d2697a4899a260f08eea300203f.jpg?w=1200&#038;ssl=1\" \/>Projetada com 4 slots de rel&eacute; e 12 slots de fus&iacute;vel para rel&eacute;s de at&eacute; 4 pinos e 12 fus&iacute;veis, a caixa de rel&eacute; de fus&iacute;vel oferece mais prote&ccedil;&atilde;o para seus circuitos ao mesmo tempo, permitindo que voc&ecirc; mantenha v&aacute;rios rel&eacute;s bem organizados em uma caixa.Diga adeus aos circuitos desordenados e ol&aacute; a um ambiente de trabalho mais limpo com a nossa solu&ccedil;&atilde;o poderosa e eficiente.<\/p>\n<p id=\"tl_2\">A caixa de fus&iacute;veis de rel&eacute; vem com 6 rel&eacute;s e apresenta um design de 4 pinos que torna a fia&ccedil;&atilde;o e a instala&ccedil;&atilde;o f&aacute;ceis e convenientes.<\/p>\n<p id=\"tl_3\">Fus&iacute;veis de l&acirc;mina ATC\/ATO<\/p>\n<p id=\"tl_4\">A caixa de rel&eacute; de fus&iacute;vel tamb&eacute;m vem com 11 fus&iacute;veis, incluindo 2 x 5A, 2 x 10A, 2 x 15A, 2 x 20A, 2 x 25A e 1 x 30A.<\/p>\n<p id=\"tl_5\">Conveniente para voc&ecirc; imediatamente. Diga adeus aos procedimentos de conex&atilde;o complicados e ol&aacute; aos tempos de instala&ccedil;&atilde;o mais r&aacute;pidos e eficientes.Nosso design pr&eacute;-cabeado elimina metade do trabalho de instala&ccedil;&atilde;o, simplificando seu fluxo de trabalho e economizando um tempo valioso.A caixa de rel&eacute; de fus&iacute;vel pr&eacute;-cabeada perfeita revolucionar&aacute; seu processo de conex&atilde;o el&eacute;trica.<\/p>\n<p id=\"tl_6\">Liberte o poder do nosso novo e inovador design de montagem com nossa solu&ccedil;&atilde;o definitiva de caixa de fus&iacute;veis de rel&eacute;. A montagem frontal &eacute; conveniente e flex&iacute;vel e pode ser facilmente instalada em qualquer lugar para atender a todas as suas necessidades. Nossas caixas de fus&iacute;veis de rel&eacute; &agrave; prova d&#8217;&aacute;gua s&atilde;o seguras e confi&aacute;veis para uma ampla gama de aplica&ccedil;&otilde;es, incluindo carros, caminh&otilde;es, barcos e muito mais. Mantenha o sistema de conex&atilde;o do seu equipamento limpo e longe de perigos potenciais. tierxia<\/p>\n<\/p><\/div>\n<\/div>\n<\/div>\n<\/div>\n","protected":false},"excerpt":{"rendered":"<p>Projetada com 4 slots de rel&eacute; e 12 slots de fus&iacute;vel para rel&eacute;s de at&eacute; 4 pinos e 12 fus&iacute;veis, a caixa de rel&eacute; de fus&iacute;vel oferece mais prote&ccedil;&atilde;o para seus circuitos ao mesmo tempo, permitindo que voc&ecirc; mantenha v&aacute;rios rel&eacute;s bem organizados em uma caixa.Diga adeus aos circuitos desordenados e ol&aacute; a um ambiente&hellip;&nbsp;<\/p>\n","protected":false},"featured_media":34997,"template":"","meta":{"neve_meta_sidebar":"","neve_meta_container":"","neve_meta_enable_content_width":"","neve_meta_content_width":0,"neve_meta_title_alignment":"","neve_meta_author_avatar":"","neve_post_elements_order":"","neve_meta_disable_header":"","neve_meta_disable_footer":"","neve_meta_disable_title":""},"product_brand":[],"product_cat":[31,146,17],"product_tag":[],"class_list":{"0":"post-35003","1":"product","2":"type-product","3":"status-publish","4":"has-post-thumbnail","6":"product_cat-novo-veiculo-de-energia-pecas-acessorios","7":"product_cat-pecas-de-veiculos-eletricos","8":"product_cat-pecas-e-acessorios-automotivos","10":"first","11":"instock","12":"shipping-taxable","13":"purchasable","14":"product-type-variable","15":"has-default-attributes"},"jetpack_sharing_enabled":true,"_links":{"self":[{"href":"https:\/\/listman.shop\/autoparts-br\/wp-json\/wp\/v2\/product\/35003","targetHints":{"allow":["GET"]}}],"collection":[{"href":"https:\/\/listman.shop\/autoparts-br\/wp-json\/wp\/v2\/product"}],"about":[{"href":"https:\/\/listman.shop\/autoparts-br\/wp-json\/wp\/v2\/types\/product"}],"wp:featuredmedia":[{"embeddable":true,"href":"https:\/\/listman.shop\/autoparts-br\/wp-json\/wp\/v2\/media\/34997"}],"wp:attachment":[{"href":"https:\/\/listman.shop\/autoparts-br\/wp-json\/wp\/v2\/media?parent=35003"}],"wp:term":[{"taxonomy":"product_brand","embeddable":true,"href":"https:\/\/listman.shop\/autoparts-br\/wp-json\/wp\/v2\/product_brand?post=35003"},{"taxonomy":"product_cat","embeddable":true,"href":"https:\/\/listman.shop\/autoparts-br\/wp-json\/wp\/v2\/product_cat?post=35003"},{"taxonomy":"product_tag","embeddable":true,"href":"https:\/\/listman.shop\/autoparts-br\/wp-json\/wp\/v2\/product_tag?post=35003"}],"curies":[{"name":"wp","href":"https:\/\/api.w.org\/{rel}","templated":true}]}}