{"id":35092,"date":"2025-03-22T23:47:38","date_gmt":"2025-03-22T14:47:38","guid":{"rendered":"https:\/\/listman.shop\/autoparts-br\/product\/1005007657064356\/"},"modified":"2026-04-14T19:05:14","modified_gmt":"2026-04-14T10:05:14","slug":"1005007657064356","status":"publish","type":"product","link":"https:\/\/listman.shop\/autoparts-br\/product\/1005007657064356\/","title":{"rendered":"Viseira solar para Toyota RAV4 2006-2013, bloco de sombra esquerdo e direito, n\u00fameros de pe\u00e7a 74320-42501-B2 e 74320-42501-A1"},"content":{"rendered":"<div class=\"detailmodule_html\">\n<div class=\"detail-desc-decorate-richtext\">\n<p><\/p>\n<p><strong>Descri\u00e7\u00e3o do produto:<\/strong><\/p>\n<p>Atualize seu ve\u00edculo com esta viseira solar de alta qualidade, projetada para fornecer excelente prote\u00e7\u00e3o solar e melhorar o interior do seu ve\u00edculo.Compat\u00edvel com os seguintes modelos:<\/p>\n<ul>\n<li>\n<p><strong>Para Toyota RAV4<\/strong> (2006-2013)<\/p>\n<\/li>\n<\/ul>\n<p><strong>N\u00fameros de pe\u00e7a<\/strong>: 74320-42501-B2, 74320-42501-A1<\/p>\n<p><strong>Caracter\u00edsticas:<\/strong><\/p>\n<ul>\n<li>\n<p><strong>Disponibilidade do lado do motorista<\/strong>: Projetado especificamente para o lado do motorista para garantir um ajuste preciso e cobertura ideal.<\/p>\n<\/li>\n<li>\n<p><strong>Op\u00e7\u00f5es de cores<\/strong>: Dispon\u00edvel em cinza e bege para combinar perfeitamente com o interior do seu ve\u00edculo e manter uma apar\u00eancia coesa.<\/p>\n<\/li>\n<li>\n<p><strong>Prote\u00e7\u00e3o solar superior<\/strong>: Bloqueia a luz solar de forma eficaz, reduzindo o brilho e melhorando a visibilidade durante a condu\u00e7\u00e3o, tornando sua experi\u00eancia de dire\u00e7\u00e3o mais segura e confort\u00e1vel.<\/p>\n<\/li>\n<li>\n<p><strong>Constru\u00e7\u00e3o dur\u00e1vel<\/strong>: Feita com materiais de alta qualidade, esta viseira solar foi constru\u00edda para durar e resistir ao uso di\u00e1rio, mantendo sua funcionalidade e apar\u00eancia ao longo do tempo.<\/p>\n<\/li>\n<li>\n<p><strong>F\u00e1cil instala\u00e7\u00e3o<\/strong>: Projetado para um processo de instala\u00e7\u00e3o r\u00e1pido e direto, permitindo que voc\u00ea substitua facilmente sua viseira solar existente.<\/p>\n<\/li>\n<li>\n<p><img data-recalc-dims=\"1\" decoding=\"async\" src=\"https:\/\/i0.wp.com\/ae01.alicdn.com\/kf\/A688e113c82224258810859b64560a261O.jpg?w=1200&#038;ssl=1\"><img data-recalc-dims=\"1\" decoding=\"async\" src=\"https:\/\/i0.wp.com\/ae01.alicdn.com\/kf\/S7d4c3ec0e2d4410793460a793a034d832.jpg?w=1200&#038;ssl=1\"><img data-recalc-dims=\"1\" decoding=\"async\" src=\"https:\/\/i0.wp.com\/ae01.alicdn.com\/kf\/S4d976abae28148fe89ca0d0a07d4dbabl.jpg?w=1200&#038;ssl=1\"><img data-recalc-dims=\"1\" decoding=\"async\" src=\"https:\/\/i0.wp.com\/ae01.alicdn.com\/kf\/S9ce18915732a48a0b7b25d379f3d2b192.jpg?w=1200&#038;ssl=1\"><img data-recalc-dims=\"1\" decoding=\"async\" src=\"https:\/\/i0.wp.com\/ae01.alicdn.com\/kf\/S33aa5d7e4ee4441d9b2016fd9e602f55d.jpg?w=1200&#038;ssl=1\"><img data-recalc-dims=\"1\" decoding=\"async\" src=\"https:\/\/i0.wp.com\/ae01.alicdn.com\/kf\/Sc399d7ee7aca4861ba205e09da5fb28cW.jpg?w=1200&#038;ssl=1\"><img data-recalc-dims=\"1\" decoding=\"async\" src=\"https:\/\/i0.wp.com\/ae01.alicdn.com\/kf\/A9ec5ee4207e942328550132f35507417x.jpg?w=1200&#038;ssl=1\"><img data-recalc-dims=\"1\" decoding=\"async\" src=\"https:\/\/i0.wp.com\/ae01.alicdn.com\/kf\/A0051e2642cea491fb3387656c4bd255ev.jpg?w=1200&#038;ssl=1\"><img data-recalc-dims=\"1\" decoding=\"async\" src=\"https:\/\/i0.wp.com\/ae01.alicdn.com\/kf\/A0051e2642cea491fb3387656c4bd255ev.jpg?w=1200&#038;ssl=1\"><\/p>\n<\/li>\n<\/ul>\n<p><\/p>\n<\/div>\n<\/div>\n","protected":false},"excerpt":{"rendered":"<p>Descri\u00e7\u00e3o do produto: Atualize seu ve\u00edculo com esta viseira solar de alta qualidade, projetada para fornecer excelente prote\u00e7\u00e3o solar e melhorar o interior do seu ve\u00edculo.Compat\u00edvel com os seguintes modelos: Para Toyota RAV4 (2006-2013) N\u00fameros de pe\u00e7a: 74320-42501-B2, 74320-42501-A1 Caracter\u00edsticas: Disponibilidade do lado do motorista: Projetado especificamente para o lado do motorista para garantir um&hellip;&nbsp;<\/p>\n","protected":false},"featured_media":35086,"template":"","meta":{"neve_meta_sidebar":"","neve_meta_container":"","neve_meta_enable_content_width":"","neve_meta_content_width":0,"neve_meta_title_alignment":"","neve_meta_author_avatar":"","neve_post_elements_order":"","neve_meta_disable_header":"","neve_meta_disable_footer":"","neve_meta_disable_title":""},"product_brand":[],"product_cat":[22,17,102],"product_tag":[],"class_list":{"0":"post-35092","1":"product","2":"type-product","3":"status-publish","4":"has-post-thumbnail","6":"product_cat-partes-interiores","7":"product_cat-pecas-e-acessorios-automotivos","8":"product_cat-viseiras","10":"first","11":"instock","12":"shipping-taxable","13":"purchasable","14":"product-type-variable","15":"has-default-attributes"},"jetpack_sharing_enabled":true,"_links":{"self":[{"href":"https:\/\/listman.shop\/autoparts-br\/wp-json\/wp\/v2\/product\/35092","targetHints":{"allow":["GET"]}}],"collection":[{"href":"https:\/\/listman.shop\/autoparts-br\/wp-json\/wp\/v2\/product"}],"about":[{"href":"https:\/\/listman.shop\/autoparts-br\/wp-json\/wp\/v2\/types\/product"}],"wp:featuredmedia":[{"embeddable":true,"href":"https:\/\/listman.shop\/autoparts-br\/wp-json\/wp\/v2\/media\/35086"}],"wp:attachment":[{"href":"https:\/\/listman.shop\/autoparts-br\/wp-json\/wp\/v2\/media?parent=35092"}],"wp:term":[{"taxonomy":"product_brand","embeddable":true,"href":"https:\/\/listman.shop\/autoparts-br\/wp-json\/wp\/v2\/product_brand?post=35092"},{"taxonomy":"product_cat","embeddable":true,"href":"https:\/\/listman.shop\/autoparts-br\/wp-json\/wp\/v2\/product_cat?post=35092"},{"taxonomy":"product_tag","embeddable":true,"href":"https:\/\/listman.shop\/autoparts-br\/wp-json\/wp\/v2\/product_tag?post=35092"}],"curies":[{"name":"wp","href":"https:\/\/api.w.org\/{rel}","templated":true}]}}