{"id":35130,"date":"2025-03-22T23:48:46","date_gmt":"2025-03-22T14:48:46","guid":{"rendered":"https:\/\/listman.shop\/autoparts-br\/product\/1005007735694692\/"},"modified":"2026-04-14T19:49:25","modified_gmt":"2026-04-14T10:49:25","slug":"1005007735694692","status":"publish","type":"product","link":"https:\/\/listman.shop\/autoparts-br\/product\/1005007735694692\/","title":{"rendered":"Carro sun sombra viseira maquiagem espelho cosm\u00e9tico capa para benz a b s c e glc gla classe w176 w246 w222 w205 w213 w238 w253 w156 w117"},"content":{"rendered":"<div class=\"detailmodule_html\">\n<div class=\"detail-desc-decorate-richtext\">\n<div class=\"detailmodule_text\">\n<p style=\"font-family:OpenSans;font-size:20px;font-weight:900;line-height:28px;white-space:pre-wrap;margin-bottom:12px\" class=\"detail-desc-decorate-title\">Carro sun sombra viseira maquiagem espelho cosm\u00e9tico capa para benz a b s c e glc classe w176 w246 w222 w205 w213 w238 w156 w117<\/p>\n<p style=\"font-family:OpenSans;font-size:14px;font-weight:300;line-height:20px;white-space:pre-wrap;margin-bottom:12px\" class=\"detail-desc-decorate-content\">Caracter\u00edsticas:<br \/>-Substitui\u00e7\u00e3o direta.<br \/>-De acordo com as especifica\u00e7\u00f5es originais de f\u00e1brica.<br \/>-100% novo e de alta qualidade garantida.<br \/>-F\u00e1cil de usar e operar a pre\u00e7os acess\u00edveis.<br \/>-Melhorar\u00e1 drasticamente a apar\u00eancia do seu carro.<\/p>\n<p>Aplica\u00e7\u00e3o:<br \/>Para Mercedes Benz Classe A W176 2013-2022<br \/>Para Mercedes Benz Classe B W246 2012-2022<br \/>Para Mercedes Benz Classe S W222 2014-2024<br \/>Para Mercedes Benz Classe C W205 2015-2023<br \/>Para Mercedes Benz Classe E W213 W238 2016-2023<br \/>Para Mercedes Benz Classe GLC W253 2015-2022<br \/>Para Mercedes Benz Classe GLA W156 2013-2018<br \/>Para Mercedes Benz Classe CLA W117 2013-2024<\/p>\n<p>Refer\u00eancia OE NO.:<br \/>Esquerda:2058107504,1768101500<br \/>\u00c0 direita:2058107404,1768101600<\/p>\n<p>Material: PC e ABS de alta qualidade com pintura a \u00f3leo de borracha.<\/p>\n<p>Coloque no ve\u00edculo: acima, superior<\/p>\n<p>Aviso:<br \/>*Carros LHD e RHD podem ser usados.<br \/>*As cores dos nossos produtos s\u00e3o mais semelhantes a um carro novo, se houver uma pequena diferen\u00e7a de cor com o seu carro usado, ser\u00e1 uma situa\u00e7\u00e3o normal.<br \/>*Por favor, compare as fotos para ter certeza de que cabe antes da compra. Se voc\u00ea tiver d\u00favidas, entre em contato conosco.<\/p>\n<\/div>\n<div class=\"detailmodule_text-image\"><img data-recalc-dims=\"1\" decoding=\"async\" style=\"margin-bottom:10px\" class=\"detail-desc-decorate-image\" src=\"https:\/\/i0.wp.com\/ae01.alicdn.com\/kf\/Sbf7fd02e6a4940838b55c02a75f0cea9G.jpg?w=1200&#038;ssl=1\"><img data-recalc-dims=\"1\" decoding=\"async\" style=\"margin-bottom:10px\" class=\"detail-desc-decorate-image\" src=\"https:\/\/i0.wp.com\/ae01.alicdn.com\/kf\/Sbfa7af4ce468410db5a4c7a32ed040a79.jpg?w=1200&#038;ssl=1\"><img data-recalc-dims=\"1\" decoding=\"async\" style=\"margin-bottom:10px\" class=\"detail-desc-decorate-image\" src=\"https:\/\/i0.wp.com\/ae01.alicdn.com\/kf\/S363e6ced4b0d4fb68419d1a00e0273d6g.jpg?w=1200&#038;ssl=1\"><img data-recalc-dims=\"1\" decoding=\"async\" style=\"margin-bottom:10px\" class=\"detail-desc-decorate-image\" src=\"https:\/\/i0.wp.com\/ae01.alicdn.com\/kf\/Sed24ad01e2a044c5b27f8cb8c392a1e0m.jpg?w=1200&#038;ssl=1\"><img data-recalc-dims=\"1\" decoding=\"async\" style=\"margin-bottom:10px\" class=\"detail-desc-decorate-image\" src=\"https:\/\/i0.wp.com\/ae01.alicdn.com\/kf\/Sff198fdcfaad4260984d2dd36b088ea4Y.jpg?w=1200&#038;ssl=1\"><img data-recalc-dims=\"1\" decoding=\"async\" style=\"margin-bottom:10px\" class=\"detail-desc-decorate-image\" src=\"https:\/\/i0.wp.com\/ae01.alicdn.com\/kf\/Sdb2bca47e5944834adf36b2b66ba545b7.jpg?w=1200&#038;ssl=1\"><img data-recalc-dims=\"1\" decoding=\"async\" style=\"margin-bottom:10px\" class=\"detail-desc-decorate-image\" src=\"https:\/\/i0.wp.com\/ae01.alicdn.com\/kf\/S658c95e84d47472aa9e49f357dd40d81k.jpg?w=1200&#038;ssl=1\"><\/div>\n<div class=\"detailmodule_text-image\"><img data-recalc-dims=\"1\" decoding=\"async\" style=\"margin-bottom:10px\" class=\"detail-desc-decorate-image\" src=\"https:\/\/i0.wp.com\/ae01.alicdn.com\/kf\/S882f77ad5ed34226842f20505246da33H.jpg?w=1200&#038;ssl=1\"><img data-recalc-dims=\"1\" decoding=\"async\" class=\"detail-desc-decorate-image\" src=\"https:\/\/i0.wp.com\/ae01.alicdn.com\/kf\/S48dbb21d5c3f48378f33936b8b214172E.jpg?w=1200&#038;ssl=1\"><\/div>\n<div class=\"detailmodule_text\">\n<p style=\"font-family:OpenSans;font-size:20px;font-weight:900;line-height:28px;white-space:pre-wrap;margin-bottom:12px\" class=\"detail-desc-decorate-title\">LEMBRETE QUENTE<\/p>\n<p style=\"font-family:OpenSans;font-size:14px;font-weight:300;line-height:20px;white-space:pre-wrap;margin-bottom:12px\" class=\"detail-desc-decorate-content\">\uf06c\tPor favor confirme o n\u00famero OE.est\u00e1 correto com nossas pe\u00e7as antes de comprar para que possa ser instalado no seu carro.<br \/>\uf06c\tTodas as fotos dos produtos s\u00e3o apenas para demonstra\u00e7\u00e3o e talvez uma pequena diferen\u00e7a com as pe\u00e7as reais.As diferen\u00e7as de cor e detalhes s\u00e3o em condi\u00e7\u00f5es normais.<br \/>\uf06c\tJ\u00e1 fizemos verifica\u00e7\u00e3o de qualidade de todas as pe\u00e7as antes do envio, portanto, abra o pacote para verificar se as pe\u00e7as e acess\u00f3rios com pacotes n\u00e3o est\u00e3o danificados durante o envio antes de assinar o pacote.<br \/>\uf06c\tPor favor confirme os endere\u00e7os de entrega e o telefone.N\u00e3o.s\u00e3o detalhados e exatamente corretos.<br \/>\uf06c\tSe voc\u00ea n\u00e3o conseguir substituir bem as pe\u00e7as sozinho, poder\u00e1 reajust\u00e1-las ou ir \u00e0 loja de reparos profissional local para instal\u00e1-las.<\/p>\n<\/div>\n<div class=\"detailmodule_text\">\n<p style=\"font-family:OpenSans;font-size:20px;font-weight:900;line-height:28px;white-space:pre-wrap;margin-bottom:12px\" class=\"detail-desc-decorate-title\">SOBRE N\u00d3S<\/p>\n<p style=\"font-family:OpenSans;font-size:14px;font-weight:300;line-height:20px;white-space:pre-wrap;margin-bottom:12px\" class=\"detail-desc-decorate-content\">\uf06c\tA f\u00e1brica profissional especializada em pe\u00e7as de desgaste r\u00e1pido para B.M.W e B.E.N.Z.<br \/>\uf06c\tPesquisa e produz com qualidade superior, melhor material e bom molde correspondente.<br \/>\uf06c\tF2C-de f\u00e1brica de origem ao cliente diretamente.<br \/>\uf06c\tMuito estoque, pode ser enviado rapidamente.<br \/>\uf06c\tGama completa de pe\u00e7as de desgaste r\u00e1pido.<br \/>\uf06c\tPedidos por atacado de grande quantidade ser\u00e3o bem-vindos.<br \/>\uf06c\tOEM pode ser aceito.<\/p>\n<\/div>\n<div class=\"detailmodule_text\">\n<p style=\"font-family:OpenSans;font-size:20px;font-weight:900;line-height:28px;white-space:pre-wrap;margin-bottom:12px\" class=\"detail-desc-decorate-title\">ENVIO<\/p>\n<p style=\"font-family:OpenSans;font-size:14px;font-weight:300;line-height:20px;white-space:pre-wrap;margin-bottom:12px\" class=\"detail-desc-decorate-content\">\uf06c\tNormalmente, o pedido ser\u00e1 enviado dentro de 2 a 5 dias \u00fateis ap\u00f3s receber o pagamento on-line, excluindo feriados.<br \/>\uf06c\tOs dias de envio depender\u00e1\u00e3o do correio de entrega.Se voc\u00ea n\u00e3o recebeu o pacote dentro de 45 dias, entre em contato conosco para que possamos rastre\u00e1-lo para voc\u00ea.<br \/>\uf06c\tSe o pacote foi danificado durante o transporte, recuse-se a aceit\u00e1-lo e mantenha o registro e as evid\u00eancias de reclama\u00e7\u00e3o.<\/p>\n<\/div>\n<div class=\"detailmodule_text\">\n<p style=\"font-family:OpenSans;font-size:20px;font-weight:900;line-height:28px;white-space:pre-wrap;margin-bottom:12px\" class=\"detail-desc-decorate-title\">GARANTIA E FEEDBACK<\/p>\n<p style=\"font-family:OpenSans;font-size:14px;font-weight:300;line-height:20px;white-space:pre-wrap;margin-bottom:12px\" class=\"detail-desc-decorate-content\">\uf06c\tSe voc\u00ea n\u00e3o estiver satisfeito com nossos produtos, poder\u00e1 devolv\u00ea-los dentro de 30 dias para substitui\u00e7\u00e3o ou devolu\u00e7\u00e3o do dinheiro.e entre em contato conosco antes de devolv\u00ea-lo.<br \/>\uf06c\tO custo de envio da devolu\u00e7\u00e3o dever\u00e1 ser pago pelos compradores.<br \/>\uf06c \t Se voc\u00ea estiver satisfeito com nossos produtos e servi\u00e7os, envie-nos um bom coment\u00e1rio e um feedback de cinco estrelas.<\/p>\n<\/div>\n<p><\/div>\n<\/div>\n","protected":false},"excerpt":{"rendered":"<p>Carro sun sombra viseira maquiagem espelho cosm\u00e9tico capa para benz a b s c e glc classe w176 w246 w222 w205 w213 w238 w156 w117 Caracter\u00edsticas:-Substitui\u00e7\u00e3o direta.-De acordo com as especifica\u00e7\u00f5es originais de f\u00e1brica.-100% novo e de alta qualidade garantida.-F\u00e1cil de usar e operar a pre\u00e7os acess\u00edveis.-Melhorar\u00e1 drasticamente a apar\u00eancia do seu carro. Aplica\u00e7\u00e3o:Para Mercedes&hellip;&nbsp;<\/p>\n","protected":false},"featured_media":35124,"template":"","meta":{"neve_meta_sidebar":"","neve_meta_container":"","neve_meta_enable_content_width":"","neve_meta_content_width":0,"neve_meta_title_alignment":"","neve_meta_author_avatar":"","neve_post_elements_order":"","neve_meta_disable_header":"","neve_meta_disable_footer":"","neve_meta_disable_title":""},"product_brand":[],"product_cat":[22,17,102],"product_tag":[],"class_list":{"0":"post-35130","1":"product","2":"type-product","3":"status-publish","4":"has-post-thumbnail","6":"product_cat-partes-interiores","7":"product_cat-pecas-e-acessorios-automotivos","8":"product_cat-viseiras","10":"first","11":"instock","12":"shipping-taxable","13":"purchasable","14":"product-type-variable","15":"has-default-attributes"},"jetpack_sharing_enabled":true,"_links":{"self":[{"href":"https:\/\/listman.shop\/autoparts-br\/wp-json\/wp\/v2\/product\/35130","targetHints":{"allow":["GET"]}}],"collection":[{"href":"https:\/\/listman.shop\/autoparts-br\/wp-json\/wp\/v2\/product"}],"about":[{"href":"https:\/\/listman.shop\/autoparts-br\/wp-json\/wp\/v2\/types\/product"}],"wp:featuredmedia":[{"embeddable":true,"href":"https:\/\/listman.shop\/autoparts-br\/wp-json\/wp\/v2\/media\/35124"}],"wp:attachment":[{"href":"https:\/\/listman.shop\/autoparts-br\/wp-json\/wp\/v2\/media?parent=35130"}],"wp:term":[{"taxonomy":"product_brand","embeddable":true,"href":"https:\/\/listman.shop\/autoparts-br\/wp-json\/wp\/v2\/product_brand?post=35130"},{"taxonomy":"product_cat","embeddable":true,"href":"https:\/\/listman.shop\/autoparts-br\/wp-json\/wp\/v2\/product_cat?post=35130"},{"taxonomy":"product_tag","embeddable":true,"href":"https:\/\/listman.shop\/autoparts-br\/wp-json\/wp\/v2\/product_tag?post=35130"}],"curies":[{"name":"wp","href":"https:\/\/api.w.org\/{rel}","templated":true}]}}