{"id":35157,"date":"2025-03-22T23:49:26","date_gmt":"2025-03-22T14:49:26","guid":{"rendered":"https:\/\/listman.shop\/autoparts-br\/product\/1005007797757115\/"},"modified":"2026-04-08T03:13:35","modified_gmt":"2026-04-07T18:13:35","slug":"1005007797757115","status":"publish","type":"product","link":"https:\/\/listman.shop\/autoparts-br\/product\/1005007797757115\/","title":{"rendered":"Ma\u00e7aneta da porta interior do carro com tampa de reten\u00e7\u00e3o frontal esquerda direita para VW POLO 6N 6N2 6N 0867179 E 6N 0867180 E 6N 0867197 B 6N 0867198 B"},"content":{"rendered":"<div class=\"detailmodule_html\">\n<div class=\"detail-desc-decorate-richtext\">\n<p>TAMPA DE RETEN\u00c7\u00c3O + PUNHO DA PORTA INTERIOR FRONTAL<\/p>\n<p>COMPAT\u00cdVEL PARA VW POLO 6N2 (1999-2002)<\/p>\n<p>DESCRI\u00c7\u00c3O E CONTE\u00daDO DO PRODUTO:<\/p>\n<p>Capa + al\u00e7a de reten\u00e7\u00e3o interna<\/p>\n<p><\/p>\n<p>Localiza\u00e7\u00e3o: para porta frontal esquerda\/direita<\/p>\n<p><\/p>\n<p>NOVA PE\u00c7A<\/p>\n<\/p>\n<p>Por favor, verifique sua pe\u00e7a cuidadosamente com ela na foto antes de fazer seu pedido.<\/p>\n<p><\/p>\n<p>REFER\u00caNCIAS DO FABRICANTE (OEM N\u00b0) PARA OBJETOS INDICATIVOS:<\/p>\n<p>Frente Esquerda 6N0867179E 6N0867197B<\/p>\n<p>Frente Direita 6N0867180E 6N0867198B<\/p>\n<p><\/p>\n<p>Antes de fazer um pedido, certifique-se de que esta pe\u00e7a \u00e9 compat\u00edvel com o seu ve\u00edculo e que a refer\u00eancia do seu item esteja em nosso an\u00fancio.Em caso de d\u00favida, entre em contato conosco, iremos orient\u00e1-lo para encontrar o seu modelo.<\/p>\n<p>PARTE(S) COMPAT\u00cdVEL COM OS SEGUENTES VE\u00cdCULOS:<\/p>\n<p>Compat\u00edvel com VOLKSWAGEN:<\/p>\n<p>Para POLO 6N2 (1999-2002)<\/p>\n<p><\/p>\n<p><img data-recalc-dims=\"1\" decoding=\"async\" src=\"https:\/\/i0.wp.com\/ae01.alicdn.com\/kf\/S665eb6b9825b4434a6997a7789784f215.jpg?w=1200&#038;ssl=1\"><img data-recalc-dims=\"1\" decoding=\"async\" src=\"https:\/\/i0.wp.com\/ae01.alicdn.com\/kf\/S72ee2f386e9d41f7a85039448f52c789n.jpg?w=1200&#038;ssl=1\"><img data-recalc-dims=\"1\" decoding=\"async\" src=\"https:\/\/i0.wp.com\/ae01.alicdn.com\/kf\/S219288bb98bd44e8b9ca88f4fa57ed26m.jpg?w=1200&#038;ssl=1\"><img data-recalc-dims=\"1\" decoding=\"async\" src=\"https:\/\/i0.wp.com\/ae01.alicdn.com\/kf\/S0d503b81448e4035bbe93383fa45e28eM.jpg?w=1200&#038;ssl=1\"><img data-recalc-dims=\"1\" decoding=\"async\" src=\"https:\/\/i0.wp.com\/ae01.alicdn.com\/kf\/S801ede6944374f06929c2f3440447c5bu.jpg?w=1200&#038;ssl=1\"><img data-recalc-dims=\"1\" decoding=\"async\" src=\"https:\/\/i0.wp.com\/ae01.alicdn.com\/kf\/S381e322ffb414098b5c73bab250107edc.jpg?w=1200&#038;ssl=1\"><img data-recalc-dims=\"1\" decoding=\"async\" src=\"https:\/\/i0.wp.com\/ae01.alicdn.com\/kf\/S62ba0c94c1cd43cabdc2bbad71be5d69B.jpg?w=1200&#038;ssl=1\"><img data-recalc-dims=\"1\" decoding=\"async\" src=\"https:\/\/i0.wp.com\/ae01.alicdn.com\/kf\/S9dffe5d8c81c433ba92e33a2ef3c3edbH.jpg?w=1200&#038;ssl=1\"><\/p>\n<\/div>\n<\/div>\n","protected":false},"excerpt":{"rendered":"<p>TAMPA DE RETEN\u00c7\u00c3O + PUNHO DA PORTA INTERIOR FRONTAL COMPAT\u00cdVEL PARA VW POLO 6N2 (1999-2002) DESCRI\u00c7\u00c3O E CONTE\u00daDO DO PRODUTO: Capa + al\u00e7a de reten\u00e7\u00e3o interna Localiza\u00e7\u00e3o: para porta frontal esquerda\/direita NOVA PE\u00c7A Por favor, verifique sua pe\u00e7a cuidadosamente com ela na foto antes de fazer seu pedido. REFER\u00caNCIAS DO FABRICANTE (OEM N\u00b0) PARA OBJETOS&hellip;&nbsp;<\/p>\n","protected":false},"featured_media":35151,"template":"","meta":{"neve_meta_sidebar":"","neve_meta_container":"","neve_meta_enable_content_width":"","neve_meta_content_width":0,"neve_meta_title_alignment":"","neve_meta_author_avatar":"","neve_post_elements_order":"","neve_meta_disable_header":"","neve_meta_disable_footer":"","neve_meta_disable_title":""},"product_brand":[],"product_cat":[57,22,17],"product_tag":[],"class_list":{"0":"post-35157","1":"product","2":"type-product","3":"status-publish","4":"has-post-thumbnail","6":"product_cat-macanetas-e-alcas-internas","7":"product_cat-partes-interiores","8":"product_cat-pecas-e-acessorios-automotivos","10":"first","11":"instock","12":"shipping-taxable","13":"purchasable","14":"product-type-variable","15":"has-default-attributes"},"jetpack_sharing_enabled":true,"_links":{"self":[{"href":"https:\/\/listman.shop\/autoparts-br\/wp-json\/wp\/v2\/product\/35157","targetHints":{"allow":["GET"]}}],"collection":[{"href":"https:\/\/listman.shop\/autoparts-br\/wp-json\/wp\/v2\/product"}],"about":[{"href":"https:\/\/listman.shop\/autoparts-br\/wp-json\/wp\/v2\/types\/product"}],"wp:featuredmedia":[{"embeddable":true,"href":"https:\/\/listman.shop\/autoparts-br\/wp-json\/wp\/v2\/media\/35151"}],"wp:attachment":[{"href":"https:\/\/listman.shop\/autoparts-br\/wp-json\/wp\/v2\/media?parent=35157"}],"wp:term":[{"taxonomy":"product_brand","embeddable":true,"href":"https:\/\/listman.shop\/autoparts-br\/wp-json\/wp\/v2\/product_brand?post=35157"},{"taxonomy":"product_cat","embeddable":true,"href":"https:\/\/listman.shop\/autoparts-br\/wp-json\/wp\/v2\/product_cat?post=35157"},{"taxonomy":"product_tag","embeddable":true,"href":"https:\/\/listman.shop\/autoparts-br\/wp-json\/wp\/v2\/product_tag?post=35157"}],"curies":[{"name":"wp","href":"https:\/\/api.w.org\/{rel}","templated":true}]}}