{"id":35239,"date":"2025-03-22T23:52:17","date_gmt":"2025-03-22T14:52:17","guid":{"rendered":"https:\/\/listman.shop\/autoparts-br\/product\/1005008012768079\/"},"modified":"2026-04-08T04:13:25","modified_gmt":"2026-04-07T19:13:25","slug":"1005008012768079","status":"publish","type":"product","link":"https:\/\/listman.shop\/autoparts-br\/product\/1005008012768079\/","title":{"rendered":"O mais novo adaptador para atualizar os mais antigos dos volante Fanatec da compatibilidade QR1 a QR2, com usinagem CNC e anodizado"},"content":{"rendered":"<div class=\"detailmodule_html\">\n<div class=\"detail-desc-decorate-richtext\">\n<div class=\"detailmodule_text\">\n<p style=\"font-size:28px;font-weight:normal;display:block;width:100%\">O mais novo adaptador para atualizar volantes Fanatec mais antigos, de compatibilidade QR1 a QR2, com usinagem CNC e anodizado<\/p>\n<p style=\"font-size:28px;font-weight:normal;display:block;width:100%\">Pe\u00e7as para permitir a instala\u00e7\u00e3o do novo Fanatec QR2 em rodas Fanatec mais antigas.<br \/>1.Caracter\u00edsticas:<br \/>&#8211; Alum\u00ednio aeroespacial, usinado em CNC e anodizado.<br \/>2.Compat\u00edvel com modelos mais antigos de rodas Fanatec:<br \/>&#8211; Hub Universal V1<br \/>&#8211; Porsche 918 RSR<br \/>BMW GT2 V1<br \/>&#8211; F\u00f3rmula preta<br \/>&#8211; F\u00f3rmula de carbono<br \/>&#8211; F1 E-Sports V1<br \/>Pe\u00e7as para permitir a instala\u00e7\u00e3o do novo Fanatec QR2 em rodas Fanatec mais antigas.<\/p>\n<\/div>\n<div class=\"detailmodule_image\"><img data-recalc-dims=\"1\" decoding=\"async\" class=\"detail-desc-decorate-image\" src=\"https:\/\/i0.wp.com\/ae01.alicdn.com\/kf\/Sad449a7a0b6643679dbe53ac1db8434b5.jpg?w=1200&#038;ssl=1\"><img data-recalc-dims=\"1\" decoding=\"async\" class=\"detail-desc-decorate-image\" src=\"https:\/\/i0.wp.com\/ae01.alicdn.com\/kf\/Sb3b4992b6bb642ec870a4f1a6390d8ecG.jpg?w=1200&#038;ssl=1\"><img data-recalc-dims=\"1\" decoding=\"async\" class=\"detail-desc-decorate-image\" src=\"https:\/\/i0.wp.com\/ae01.alicdn.com\/kf\/Sda9aef80e9f44fa5bd0f4cec111227e59.jpg?w=1200&#038;ssl=1\"><img data-recalc-dims=\"1\" decoding=\"async\" class=\"detail-desc-decorate-image\" src=\"https:\/\/i0.wp.com\/ae01.alicdn.com\/kf\/S524c979acfb1467e92d261b5ffe8a3d9u.jpg?w=1200&#038;ssl=1\"><img data-recalc-dims=\"1\" decoding=\"async\" class=\"detail-desc-decorate-image\" src=\"https:\/\/i0.wp.com\/ae01.alicdn.com\/kf\/S5fc1ca3fb1294e16b35eb7551d107cb7P.jpg?w=1200&#038;ssl=1\"><img data-recalc-dims=\"1\" decoding=\"async\" class=\"detail-desc-decorate-image\" src=\"https:\/\/i0.wp.com\/ae01.alicdn.com\/kf\/Sbd66fa0ca8a84b97836feef732e1dd3dr.jpg?w=1200&#038;ssl=1\"><\/div>\n<p><\/div>\n<\/div>\n","protected":false},"excerpt":{"rendered":"<p>O mais novo adaptador para atualizar volantes Fanatec mais antigos, de compatibilidade QR1 a QR2, com usinagem CNC e anodizado Pe\u00e7as para permitir a instala\u00e7\u00e3o do novo Fanatec QR2 em rodas Fanatec mais antigas.1.Caracter\u00edsticas:&#8211; Alum\u00ednio aeroespacial, usinado em CNC e anodizado.2.Compat\u00edvel com modelos mais antigos de rodas Fanatec:&#8211; Hub Universal V1&#8211; Porsche 918 RSRBMW GT2&hellip;&nbsp;<\/p>\n","protected":false},"featured_media":35233,"template":"","meta":{"neve_meta_sidebar":"","neve_meta_container":"","neve_meta_enable_content_width":"","neve_meta_content_width":0,"neve_meta_title_alignment":"","neve_meta_author_avatar":"","neve_post_elements_order":"","neve_meta_disable_header":"","neve_meta_disable_footer":"","neve_meta_disable_title":""},"product_brand":[],"product_cat":[22,17,88],"product_tag":[],"class_list":{"0":"post-35239","1":"product","2":"type-product","3":"status-publish","4":"has-post-thumbnail","6":"product_cat-partes-interiores","7":"product_cat-pecas-e-acessorios-automotivos","8":"product_cat-volante-e-botao-buzina","10":"first","11":"instock","12":"shipping-taxable","13":"purchasable","14":"product-type-variable","15":"has-default-attributes"},"jetpack_sharing_enabled":true,"_links":{"self":[{"href":"https:\/\/listman.shop\/autoparts-br\/wp-json\/wp\/v2\/product\/35239","targetHints":{"allow":["GET"]}}],"collection":[{"href":"https:\/\/listman.shop\/autoparts-br\/wp-json\/wp\/v2\/product"}],"about":[{"href":"https:\/\/listman.shop\/autoparts-br\/wp-json\/wp\/v2\/types\/product"}],"wp:featuredmedia":[{"embeddable":true,"href":"https:\/\/listman.shop\/autoparts-br\/wp-json\/wp\/v2\/media\/35233"}],"wp:attachment":[{"href":"https:\/\/listman.shop\/autoparts-br\/wp-json\/wp\/v2\/media?parent=35239"}],"wp:term":[{"taxonomy":"product_brand","embeddable":true,"href":"https:\/\/listman.shop\/autoparts-br\/wp-json\/wp\/v2\/product_brand?post=35239"},{"taxonomy":"product_cat","embeddable":true,"href":"https:\/\/listman.shop\/autoparts-br\/wp-json\/wp\/v2\/product_cat?post=35239"},{"taxonomy":"product_tag","embeddable":true,"href":"https:\/\/listman.shop\/autoparts-br\/wp-json\/wp\/v2\/product_tag?post=35239"}],"curies":[{"name":"wp","href":"https:\/\/api.w.org\/{rel}","templated":true}]}}