{"id":35333,"date":"2025-03-22T23:54:34","date_gmt":"2025-03-22T14:54:34","guid":{"rendered":"https:\/\/listman.shop\/autoparts-br\/product\/1005008122806439\/"},"modified":"2026-04-08T03:56:10","modified_gmt":"2026-04-07T18:56:10","slug":"1005008122806439","status":"publish","type":"product","link":"https:\/\/listman.shop\/autoparts-br\/product\/1005008122806439\/","title":{"rendered":"Nova ma\u00e7aneta interna da porta com tampa de reten\u00e7\u00e3o esquerda direita 6n0867179e 6n0867197b para vw polo mk3 6n 6n2 1999-2002 acess\u00f3rios do carro"},"content":{"rendered":"<div class=\"detailmodule_html\">\n<div class=\"detail-desc-decorate-richtext\">\n<p><span style=\"font-size:26px;font-family:arial, helvetica, sans-serif\"><strong id=\"tl_1\">Nova ma&ccedil;aneta da porta interior com tampa de reten&ccedil;&atilde;o esquerda direita 6N0867179E 6N0867197B para VW Polo MK3 6N2 1999-2002 acess&oacute;rios do carro<\/strong><\/span><\/p>\n<p><\/p>\n<p><span style=\"font-size:24px;font-family:arial, helvetica, sans-serif\"><strong id=\"tl_2\">Descri&ccedil;&atilde;o do produto:<\/strong><\/span><\/p>\n<p><span style=\"font-size:20px;font-family:arial, helvetica, sans-serif\" id=\"tl_3\">100% novo, 100% testado na f&aacute;brica.<\/span><\/p>\n<p><span style=\"font-size:20px;font-family:arial, helvetica, sans-serif\" id=\"tl_4\">Constru&iacute;do de acordo com r&iacute;gidos padr&otilde;es de controle de qualidade.N&atilde;o &eacute; f&aacute;cil de danificar.<\/span><\/p>\n<p><span style=\"font-size:20px;font-family:arial, helvetica, sans-serif\" id=\"tl_5\">Tamanho: como mostra a imagem<\/span><\/p>\n<p><span style=\"font-size:20px;font-family:arial, helvetica, sans-serif\" id=\"tl_6\">Cor: Preto<\/span><\/p>\n<p><span style=\"font-size:20px;font-family:arial, helvetica, sans-serif\" id=\"tl_7\">Material: ABS<\/span><\/p>\n<p><span style=\"font-size:20px;font-family:arial, helvetica, sans-serif\" id=\"tl_8\">Localiza&ccedil;&atilde;o: para porta frontal esquerda\/direita<\/span><\/p>\n<p><span style=\"font-size:20px;font-family:arial, helvetica, sans-serif\" id=\"tl_9\">Confirme o n&uacute;mero das pe&ccedil;as antes da compra ou forne&ccedil;a o formato da imagem original do produto.<\/span><\/p>\n<p><span style=\"font-size:20px;font-family:arial, helvetica, sans-serif\" id=\"tl_10\">Conector correto Sem corte ou emenda.<\/span><\/p>\n<p><span style=\"font-size:20px;font-family:arial, helvetica, sans-serif\" id=\"tl_11\">Feito de material de alta qualidade, d&ecirc; uma apar&ecirc;ncia mais n&iacute;tida e sofisticada ao seu carro<\/span><\/p>\n<p><span style=\"font-size:20px;font-family:arial, helvetica, sans-serif\" id=\"tl_12\">Este &eacute; um item de reposi&ccedil;&atilde;o p&oacute;s-venda, mas n&atilde;o &eacute; genu&iacute;no.<\/span><\/p>\n<p><span style=\"font-size:20px;font-family:arial, helvetica, sans-serif\" id=\"tl_13\">Porque o mesmo modelo de carro pode ser produzido de forma diferente em pa&iacute;ses diferentes.<\/span><\/p>\n<p><span style=\"font-size:20px;font-family:arial, helvetica, sans-serif\" id=\"tl_14\">Certifique-se de que a parte do seu carro como nossa imagem mostra, ou ela n&atilde;o caber&aacute;.<\/span><\/p>\n<p><span style=\"font-size:20px;font-family:arial, helvetica, sans-serif\" id=\"tl_15\">Se houver alguma diferen&ccedil;a.Entre em contato conosco antes da compra, obrigado!<\/span><\/p>\n<p><\/p>\n<p><\/p>\n<p><span style=\"font-size:26px;font-family:arial, helvetica, sans-serif\"><strong id=\"tl_16\">N&uacute;mero da pe&ccedil;a:<\/strong><\/span><\/p>\n<p><span style=\"font-size:20px;font-family:arial, helvetica, sans-serif\" id=\"tl_17\">Frente Esquerda: 6N0867179E, 6N0867197B,6N0 867 197 B, 6N0 867 179 E<\/span><\/p>\n<p><span style=\"font-size:20px;font-family:arial, helvetica, sans-serif\" id=\"tl_18\">Frente Direita: 6N0867180E, 6N0867198B, 6N0 867 180 E, 6N0 867 198 B<\/span><\/p>\n<p><\/p>\n<p><\/p>\n<p><span style=\"font-size:24px;font-family:arial, helvetica, sans-serif\"><strong id=\"tl_19\">Compat&iacute;vel com:<\/strong><\/span><\/p>\n<p><span style=\"font-size:18px;font-family:arial, helvetica, sans-serif\" id=\"tl_20\">Para Volkswagen Polo Mk3 (6N2) Hatchback (1999 &#8211; 2001):<\/span><\/p>\n<p><span style=\"font-size:18px;font-family:arial, helvetica, sans-serif\" id=\"tl_21\">Para Volkswagen Polo Mk3 (6N2) 1,0 (1,0L gasolina, ALD\/AUC, 37kW\/50HP, manual): outubro de 1999 &#8211; setembro de 2001<\/span><\/p>\n<p><span style=\"font-size:18px;font-family:arial, helvetica, sans-serif\" id=\"tl_22\">Para Volkswagen Polo Mk3 (6N2) 1,4 (1,4L gasolina, AUD\/AKK, 44kW\/60HP, manual): outubro de 1999 &#8211; setembro de 2001<\/span><\/p>\n<p><span style=\"font-size:18px;font-family:arial, helvetica, sans-serif\" id=\"tl_23\">Para Volkswagen Polo Mk3 (6N2) 1,4 (1,4L gasolina, AUD\/AKK, 44kW\/60HP, autom&aacute;tico): outubro de 1999 &#8211; setembro de 2001<\/span><\/p>\n<p><span style=\"font-size:18px;font-family:arial, helvetica, sans-serif\" id=\"tl_24\">Para Volkswagen Polo Mk3 (6N2) 1,4 (1,4L Benzina, AUA\/AHW\/APE, 55kW\/75HP, Manual): outubro de 1999 &#8211; setembro de 2001<\/span><\/p>\n<p><span style=\"font-size:18px;font-family:arial, helvetica, sans-serif\" id=\"tl_25\">Para Volkswagen Polo Mk3 (6N2) 1,4 (1,4L gasolina, AUA\/AHW\/APE, 55kW\/75HP, autom&aacute;tico): outubro de 1999 &#8211; setembro de 2001<\/span><\/p>\n<p><span style=\"font-size:18px;font-family:arial, helvetica, sans-serif\" id=\"tl_26\">Para Volkswagen Polo Mk3 (6N2) 1,4 (1,4L gasolina, AFK\/AQ\/AUB, 74kW\/100HP, manual): julho de 1999 &#8211; setembro de 2001<\/span><\/p>\n<p><span style=\"font-size:18px;font-family:arial, helvetica, sans-serif\" id=\"tl_27\">Para Volkswagen Polo Mk3 (6N2) 1,4 (1,4L diesel, AMF, 55kW\/75HP, manual): outubro de 1999 &#8211; setembro de 2001<\/span><\/p>\n<p><span style=\"font-size:18px;font-family:arial, helvetica, sans-serif\" id=\"tl_28\">Para Volkswagen Polo Mk3 (6N2) GTI (1,6L Benzina, AVY\/ARC, 92kW\/125HP, Manual): Nov de 1999 &#8211; setembro de 2001<\/span><\/p>\n<p><span style=\"font-size:18px;font-family:arial, helvetica, sans-serif\" id=\"tl_29\">Para Volkswagen Polo Mk3 (6N2) SDI (1,7L Diesel, AKU, 44kW\/60HP, Manual): outubro de 1999 &#8211; abril de 2.000<\/span><\/p>\n<p><span style=\"font-size:18px;font-family:arial, helvetica, sans-serif\" id=\"tl_30\">Para Volkswagen Polo Mk3 (6N2) SDI (1,9L Diesel, AEF\/AGD\/ASX, 47kW\/64HP, Manual): outubro de 1999 &#8211; setembro de 2001<\/span><\/p>\n<p><\/p>\n<p><\/p>\n<p><span style=\"font-size:24px;font-family:arial, helvetica, sans-serif\"><strong id=\"tl_31\">Conte&uacute;do do pacote:<\/strong><\/span><\/p>\n<p><span style=\"font-size:20px;font-family:arial, helvetica, sans-serif\" id=\"tl_32\">1 &times; al&ccedil;a de reten&ccedil;&atilde;o interior esquerda + capa<\/span><\/p>\n<p><span style=\"font-size:20px;font-family:arial, helvetica, sans-serif\" id=\"tl_33\">ou<\/span><\/p>\n<p><span style=\"font-size:20px;font-family:arial, helvetica, sans-serif\" id=\"tl_34\">1 &times; al&ccedil;a de reten&ccedil;&atilde;o interna direita + capa<\/span><\/p>\n<p><span style=\"font-size:20px;font-family:arial, helvetica, sans-serif\" id=\"tl_35\">ou<\/span><\/p>\n<p><span style=\"font-size:20px;font-family:arial, helvetica, sans-serif\" id=\"tl_36\">1 par de al&ccedil;a de reten&ccedil;&atilde;o interna + capa (esquerda + direita)<\/span><\/p>\n<p><\/p>\n<p><\/p>\n<p><span style=\"font-size:22px;font-family:arial, helvetica, sans-serif\"><strong id=\"tl_37\">Tampa de reten&ccedil;&atilde;o + ma&ccedil;aneta da porta interna dianteira<\/strong><\/span><\/p>\n<p><\/p>\n<p><\/p>\n<p><span style=\"font-size:26px;font-family:arial, helvetica, sans-serif\"><strong id=\"tl_38\">Nota:<\/strong><\/span><\/p>\n<p><span style=\"font-size:20px;font-family:arial, helvetica, sans-serif\" id=\"tl_39\">-A cor pode variar ligeiramente devido &agrave; configura&ccedil;&atilde;o de cor de cada monitor individual.<\/span><\/p>\n<p><span style=\"font-size:20px;font-family:arial, helvetica, sans-serif\" id=\"tl_40\">-Observe que a tabela de compatibilidade de ve&iacute;culos no AL n&atilde;o &eacute; 100% precisa, &eacute; apenas para refer&ecirc;ncia.<\/span><\/p>\n<p><span style=\"font-size:20px;font-family:arial, helvetica, sans-serif\" id=\"tl_41\">-Por favor, permita uma diferen&ccedil;a de 1-3mm devido &agrave; medi&ccedil;&atilde;o manual.<\/span><\/p>\n<p><span style=\"font-size:20px;font-family:arial, helvetica, sans-serif\" id=\"tl_42\">-Por favor, verifique cuidadosamente se este item cabe no seu carro antes de comprar.<\/span><\/p>\n<p><span style=\"font-size:20px;font-family:arial, helvetica, sans-serif\" id=\"tl_43\">Obrigado pela sua compreens&atilde;o.<\/span><\/p>\n<p><strong><br \/><\/strong><\/p>\n<p style=\", Roboto, Arial, Helvetica, sans-serif, SimSun;font-size:14px;font-weight:400;letter-spacing:normal;line-height:inherit;text-align:start;white-space:normal;margin:0px;margin-bottom:0px;margin-top:0px;margin-left:0px;margin-right:0px;padding:0px;padding-bottom:0px;padding-top:0px;padding-left:0px;padding-right:0px\" align=\"start\"><span style=\"font-size:26px;font-family:arial, helvetica, sans-serif\"><strong id=\"tl_44\">Esquerda<\/strong><\/span><\/p>\n<p style=\", Roboto, Arial, Helvetica, sans-serif, SimSun;font-size:14px;font-weight:400;letter-spacing:normal;line-height:inherit;text-align:start;white-space:normal;margin:0px;margin-bottom:0px;margin-top:0px;margin-left:0px;margin-right:0px;padding:0px;padding-bottom:0px;padding-top:0px;padding-left:0px;padding-right:0px\" align=\"start\"><img data-recalc-dims=\"1\" decoding=\"async\" src=\"https:\/\/i0.wp.com\/ae01.alicdn.com\/kf\/Sd8f9031a4bb641f18762f9f94ca0dd19y.jpg?w=1200&#038;ssl=1\" \/><img data-recalc-dims=\"1\" decoding=\"async\" src=\"https:\/\/i0.wp.com\/ae01.alicdn.com\/kf\/S3dc27d56c5b6444396e7f175bb9f82bao.jpg?w=1200&#038;ssl=1\" \/><img data-recalc-dims=\"1\" decoding=\"async\" src=\"https:\/\/i0.wp.com\/ae01.alicdn.com\/kf\/S910b8abc5cf24a888c67952f31e5337bt.jpg?w=1200&#038;ssl=1\" \/><img data-recalc-dims=\"1\" decoding=\"async\" src=\"https:\/\/i0.wp.com\/ae01.alicdn.com\/kf\/Sdbb40c5e1fcb40149dccb35ba1f89b9bT.jpg?w=1200&#038;ssl=1\" \/><img data-recalc-dims=\"1\" decoding=\"async\" src=\"https:\/\/i0.wp.com\/ae01.alicdn.com\/kf\/S13251151d6b5410da62f0358bea4967aK.jpg?w=1200&#038;ssl=1\" \/><img data-recalc-dims=\"1\" decoding=\"async\" src=\"https:\/\/i0.wp.com\/ae01.alicdn.com\/kf\/S454b6245e2b9495797c4de20446b278ay.jpg?w=1200&#038;ssl=1\" \/><img data-recalc-dims=\"1\" decoding=\"async\" src=\"https:\/\/i0.wp.com\/ae01.alicdn.com\/kf\/S04430b12d2c3431fa4a45bd1077b82d7l.jpg?w=1200&#038;ssl=1\" \/><img data-recalc-dims=\"1\" decoding=\"async\" src=\"https:\/\/i0.wp.com\/ae01.alicdn.com\/kf\/S864d0ca9de6942bd8456d4a27ba2a102j.jpg?w=1200&#038;ssl=1\" \/><span style=\"font-size:26px;font-family:arial, helvetica, sans-serif\"><strong id=\"tl_45\">Direita<\/strong><\/span><img data-recalc-dims=\"1\" decoding=\"async\" src=\"https:\/\/i0.wp.com\/ae01.alicdn.com\/kf\/S16f2233648304042bccd90d0e96baf8ba.jpg?w=1200&#038;ssl=1\" \/><img data-recalc-dims=\"1\" decoding=\"async\" src=\"https:\/\/i0.wp.com\/ae01.alicdn.com\/kf\/Sc3d28574fc0e4f70a4d63a8f5fcc2b13Y.jpg?w=1200&#038;ssl=1\" \/><img data-recalc-dims=\"1\" decoding=\"async\" src=\"https:\/\/i0.wp.com\/ae01.alicdn.com\/kf\/S151d2317838f4d8284eddcdb6803bfe4w.jpg?w=1200&#038;ssl=1\" \/><img data-recalc-dims=\"1\" decoding=\"async\" src=\"https:\/\/i0.wp.com\/ae01.alicdn.com\/kf\/S336e46bfcd754cfbb959ee224e20e2f2S.jpg?w=1200&#038;ssl=1\" \/><img data-recalc-dims=\"1\" decoding=\"async\" src=\"https:\/\/i0.wp.com\/ae01.alicdn.com\/kf\/Sfee34a543c394b5c89a8a188fe6dcb48h.jpg?w=1200&#038;ssl=1\" \/><img data-recalc-dims=\"1\" decoding=\"async\" src=\"https:\/\/i0.wp.com\/ae01.alicdn.com\/kf\/S192ffc1a12344a83a011697421a6630fP.jpg?w=1200&#038;ssl=1\" \/><img data-recalc-dims=\"1\" decoding=\"async\" src=\"https:\/\/i0.wp.com\/ae01.alicdn.com\/kf\/S479cf8ab572c4b4cb4133f7ef9a8c8be2.jpg?w=1200&#038;ssl=1\" \/><img data-recalc-dims=\"1\" decoding=\"async\" src=\"https:\/\/i0.wp.com\/ae01.alicdn.com\/kf\/Sef71b8d0daed4a6dac875bca6ec49038k.jpg?w=1200&#038;ssl=1\" \/><\/p>\n<p><strong><\/p>\n<p><\/strong><\/p>\n<\/div>\n<\/div>\n","protected":false},"excerpt":{"rendered":"<p>Nova ma&ccedil;aneta da porta interior com tampa de reten&ccedil;&atilde;o esquerda direita 6N0867179E 6N0867197B para VW Polo MK3 6N2 1999-2002 acess&oacute;rios do carro Descri&ccedil;&atilde;o do produto: 100% novo, 100% testado na f&aacute;brica. Constru&iacute;do de acordo com r&iacute;gidos padr&otilde;es de controle de qualidade.N&atilde;o &eacute; f&aacute;cil de danificar. Tamanho: como mostra a imagem Cor: Preto Material: ABS Localiza&ccedil;&atilde;o:&hellip;&nbsp;<\/p>\n","protected":false},"featured_media":35327,"template":"","meta":{"neve_meta_sidebar":"","neve_meta_container":"","neve_meta_enable_content_width":"","neve_meta_content_width":0,"neve_meta_title_alignment":"","neve_meta_author_avatar":"","neve_post_elements_order":"","neve_meta_disable_header":"","neve_meta_disable_footer":"","neve_meta_disable_title":""},"product_brand":[],"product_cat":[57,22,17],"product_tag":[],"class_list":{"0":"post-35333","1":"product","2":"type-product","3":"status-publish","4":"has-post-thumbnail","6":"product_cat-macanetas-e-alcas-internas","7":"product_cat-partes-interiores","8":"product_cat-pecas-e-acessorios-automotivos","10":"first","11":"instock","12":"shipping-taxable","13":"purchasable","14":"product-type-variable","15":"has-default-attributes"},"jetpack_sharing_enabled":true,"_links":{"self":[{"href":"https:\/\/listman.shop\/autoparts-br\/wp-json\/wp\/v2\/product\/35333","targetHints":{"allow":["GET"]}}],"collection":[{"href":"https:\/\/listman.shop\/autoparts-br\/wp-json\/wp\/v2\/product"}],"about":[{"href":"https:\/\/listman.shop\/autoparts-br\/wp-json\/wp\/v2\/types\/product"}],"wp:featuredmedia":[{"embeddable":true,"href":"https:\/\/listman.shop\/autoparts-br\/wp-json\/wp\/v2\/media\/35327"}],"wp:attachment":[{"href":"https:\/\/listman.shop\/autoparts-br\/wp-json\/wp\/v2\/media?parent=35333"}],"wp:term":[{"taxonomy":"product_brand","embeddable":true,"href":"https:\/\/listman.shop\/autoparts-br\/wp-json\/wp\/v2\/product_brand?post=35333"},{"taxonomy":"product_cat","embeddable":true,"href":"https:\/\/listman.shop\/autoparts-br\/wp-json\/wp\/v2\/product_cat?post=35333"},{"taxonomy":"product_tag","embeddable":true,"href":"https:\/\/listman.shop\/autoparts-br\/wp-json\/wp\/v2\/product_tag?post=35333"}],"curies":[{"name":"wp","href":"https:\/\/api.w.org\/{rel}","templated":true}]}}