{"id":35402,"date":"2025-03-22T23:56:05","date_gmt":"2025-03-22T14:56:05","guid":{"rendered":"https:\/\/listman.shop\/autoparts-br\/product\/1005008262389707\/"},"modified":"2026-04-18T03:57:08","modified_gmt":"2026-04-17T18:57:08","slug":"1005008262389707","status":"publish","type":"product","link":"https:\/\/listman.shop\/autoparts-br\/product\/1005008262389707\/","title":{"rendered":"9 Polegada adaptador de f\u00e1scia do quadro do carro para volkswagen bora golf 2004-2008 android r\u00e1dio tra\u00e7o montagem painel kit"},"content":{"rendered":"<div class=\"detailmodule_html\">\n<div class=\"detail-desc-decorate-richtext\">\n<p id=\"tl_1\">9 Inch Car Radio Fascia For Volkswagen Golf Bora MK4 2006 Car Radio Panel Player Audio Frame Dashboard Mount Kit With Wire<\/p>\n<p style=\"line-height:inherit;margin:0px;margin-bottom:0px;margin-top:0px;margin-left:0px;margin-right:0px;padding:0px;padding-bottom:0px;padding-top:0px;padding-left:0px;padding-right:0px\"><span style=\"font-size:36px\"><strong id=\"tl_2\">Product Description:<\/strong><\/span><\/p>\n<h3 style=\", Roboto, Arial, Helvetica, sans-serif, SimSun\">\n<p style=\"line-height:inherit;margin-bottom:0px;margin-top:0px;padding:0px;padding-bottom:0px;padding-top:0px;padding-left:0px;padding-right:0px\" id=\"tl_3\">&#8212; Color:Black<br \/>&#8212; Material: ABS+PC plastic<br \/>&#8212; Installation size: 2 DIN 9 inches<br \/>&#8212; Made in China, top quality.<\/p>\n<\/h3>\n<div class=\"detailmodule_image\"><\/div>\n<div class=\"detailmodule_text-image\"><\/div>\n<div class=\"detailmodule_image\"><\/div>\n<div>\n<p><img data-recalc-dims=\"1\" decoding=\"async\" style=\"width:1000px\"  src=\"https:\/\/i0.wp.com\/ae01.alicdn.com\/kf\/S5f8874aeb6df4dfb8fcfe5b978dfa9b8q.jpg?w=1200&#038;ssl=1\" \/><\/p>\n<p><img data-recalc-dims=\"1\" decoding=\"async\" style=\"width:1000px\"  src=\"https:\/\/i0.wp.com\/ae01.alicdn.com\/kf\/S1bd1c1ec9c6041b9b4d4fd75a6633a38T.jpg?w=1200&#038;ssl=1\" \/><\/p>\n<p><img data-recalc-dims=\"1\" decoding=\"async\" style=\"width:1000px\"  src=\"https:\/\/i0.wp.com\/ae01.alicdn.com\/kf\/Seef266827371408c983029e62ef2b93cc.jpg?w=1200&#038;ssl=1\" \/><\/p>\n<p><img data-recalc-dims=\"1\" decoding=\"async\" style=\"width:1000px\"  src=\"https:\/\/i0.wp.com\/ae01.alicdn.com\/kf\/S5196e345fda94146a17f7160833d0dae7.jpg?w=1200&#038;ssl=1\" \/><\/p>\n<\/div>\n<div>\n <img data-recalc-dims=\"1\" decoding=\"async\" style=\"width:1000px\"  src=\"https:\/\/i0.wp.com\/ae01.alicdn.com\/kf\/S392bc66f42054bf8b255c23f532134b7P.jpg?w=1200&#038;ssl=1\" \/>\n<\/div>\n<p><\/div>\n<\/div>\n","protected":false},"excerpt":{"rendered":"<p>9 Inch Car Radio Fascia For Volkswagen Golf Bora MK4 2006 Car Radio Panel Player Audio Frame Dashboard Mount Kit With Wire Product Description: &#8212; Color:Black&#8212; Material: ABS+PC plastic&#8212; Installation size: 2 DIN 9 inches&#8212; Made in China, top quality.<\/p>\n","protected":false},"featured_media":35398,"template":"","meta":{"neve_meta_sidebar":"","neve_meta_container":"","neve_meta_enable_content_width":"","neve_meta_content_width":0,"neve_meta_title_alignment":"","neve_meta_author_avatar":"","neve_post_elements_order":"","neve_meta_disable_header":"","neve_meta_disable_footer":"","neve_meta_disable_title":""},"product_brand":[],"product_cat":[41,22,17],"product_tag":[],"class_list":{"0":"post-35402","1":"product","2":"type-product","3":"status-publish","4":"has-post-thumbnail","6":"product_cat-paineis-porta-interior-e-painel-protetor","7":"product_cat-partes-interiores","8":"product_cat-pecas-e-acessorios-automotivos","10":"first","11":"instock","12":"shipping-taxable","13":"purchasable","14":"product-type-variable","15":"has-default-attributes"},"jetpack_sharing_enabled":true,"_links":{"self":[{"href":"https:\/\/listman.shop\/autoparts-br\/wp-json\/wp\/v2\/product\/35402","targetHints":{"allow":["GET"]}}],"collection":[{"href":"https:\/\/listman.shop\/autoparts-br\/wp-json\/wp\/v2\/product"}],"about":[{"href":"https:\/\/listman.shop\/autoparts-br\/wp-json\/wp\/v2\/types\/product"}],"wp:featuredmedia":[{"embeddable":true,"href":"https:\/\/listman.shop\/autoparts-br\/wp-json\/wp\/v2\/media\/35398"}],"wp:attachment":[{"href":"https:\/\/listman.shop\/autoparts-br\/wp-json\/wp\/v2\/media?parent=35402"}],"wp:term":[{"taxonomy":"product_brand","embeddable":true,"href":"https:\/\/listman.shop\/autoparts-br\/wp-json\/wp\/v2\/product_brand?post=35402"},{"taxonomy":"product_cat","embeddable":true,"href":"https:\/\/listman.shop\/autoparts-br\/wp-json\/wp\/v2\/product_cat?post=35402"},{"taxonomy":"product_tag","embeddable":true,"href":"https:\/\/listman.shop\/autoparts-br\/wp-json\/wp\/v2\/product_tag?post=35402"}],"curies":[{"name":"wp","href":"https:\/\/api.w.org\/{rel}","templated":true}]}}