{"id":35529,"date":"2025-03-22T23:59:34","date_gmt":"2025-03-22T14:59:34","guid":{"rendered":"https:\/\/listman.shop\/autoparts-br\/product\/32597190059\/"},"modified":"2026-04-11T12:34:06","modified_gmt":"2026-04-11T03:34:06","slug":"32597190059","status":"publish","type":"product","link":"https:\/\/listman.shop\/autoparts-br\/product\/32597190059\/","title":{"rendered":"Adaptador de alto-falante do carro para 1991-1999 bmw s\u00e9rie 3 e36 6 &#8220;x 9&#8221; adaptadores de alto-falante traseiro kit an\u00e9is espa\u00e7adores"},"content":{"rendered":"<div class=\"detailmodule_html\">\n<div class=\"detail-desc-decorate-richtext\">\n<div style=\"margin:10px auto 0;display:inline-block;max-width:100%\">\n <img data-recalc-dims=\"1\" decoding=\"async\" src=\"https:\/\/i0.wp.com\/ae03.alicdn.com\/kf\/Hb4b38cbf70a045aba912f36ff3de1cfc7.jpg?w=1200&#038;ssl=1\" \/> <\/p>\n<div style=\"margin-top:-66.95%\">\n<div style=\"margin-left:0.0%;margin-top:0.0%;width:25.0%\">\n   <a href=\"http:\/\/www.aliexpress.com\/item\/detail\/1005003020646663.html\" target=\"_blank\"><img data-recalc-dims=\"1\" decoding=\"async\" src=\"https:\/\/i0.wp.com\/ae01.alicdn.com\/kf\/H3a56aae875274caa9b42fdd9d7dd507co.png?w=1200&#038;ssl=1\" style=\"width:233px;height:312px\" \/><\/a>\n  <\/div>\n<div style=\"margin-left:25.0%;margin-top:-33.48%;width:25.0%\">\n   <a href=\"http:\/\/www.aliexpress.com\/item\/detail\/1005001652383790.html\" target=\"_blank\"><img data-recalc-dims=\"1\" decoding=\"async\" src=\"https:\/\/i0.wp.com\/ae01.alicdn.com\/kf\/H3a56aae875274caa9b42fdd9d7dd507co.png?w=1200&#038;ssl=1\" style=\"width:233px;height:312px\" \/><\/a>\n  <\/div>\n<div style=\"margin-left:50.0%;margin-top:-33.48%;width:25.0%\">\n   <a href=\"http:\/\/www.aliexpress.com\/item\/detail\/1005001652359687.html\" target=\"_blank\"><img data-recalc-dims=\"1\" decoding=\"async\" src=\"https:\/\/i0.wp.com\/ae01.alicdn.com\/kf\/H3a56aae875274caa9b42fdd9d7dd507co.png?w=1200&#038;ssl=1\" style=\"width:233px;height:312px\" \/><\/a>\n  <\/div>\n<div style=\"margin-left:75.0%;margin-top:-33.48%;width:25.0%\">\n   <a href=\"http:\/\/www.aliexpress.com\/item\/detail\/1005001632841697.html\" target=\"_blank\"><img data-recalc-dims=\"1\" decoding=\"async\" src=\"https:\/\/i0.wp.com\/ae01.alicdn.com\/kf\/H3a56aae875274caa9b42fdd9d7dd507co.png?w=1200&#038;ssl=1\" style=\"width:233px;height:312px\" \/><\/a>\n  <\/div>\n<div style=\"margin-left:0.0%;margin-top:0.0%;width:25.0%\">\n   <a href=\"http:\/\/www.aliexpress.com\/item\/detail\/4001197357928.html\" target=\"_blank\"><img data-recalc-dims=\"1\" decoding=\"async\" src=\"https:\/\/i0.wp.com\/ae01.alicdn.com\/kf\/H3a56aae875274caa9b42fdd9d7dd507co.png?w=1200&#038;ssl=1\" style=\"width:233px;height:312px\" \/><\/a>\n  <\/div>\n<div style=\"margin-left:25.0%;margin-top:-33.48%;width:25.0%\">\n   <a href=\"http:\/\/www.aliexpress.com\/item\/detail\/4000041449444.html\" target=\"_blank\"><img data-recalc-dims=\"1\" decoding=\"async\" src=\"https:\/\/i0.wp.com\/ae01.alicdn.com\/kf\/H3a56aae875274caa9b42fdd9d7dd507co.png?w=1200&#038;ssl=1\" style=\"width:233px;height:312px\" \/><\/a>\n  <\/div>\n<div style=\"margin-left:50.0%;margin-top:-33.48%;width:25.0%\">\n   <a href=\"http:\/\/www.aliexpress.com\/item\/detail\/33010068219.html\" target=\"_blank\"><img data-recalc-dims=\"1\" decoding=\"async\" src=\"https:\/\/i0.wp.com\/ae01.alicdn.com\/kf\/H3a56aae875274caa9b42fdd9d7dd507co.png?w=1200&#038;ssl=1\" style=\"width:233px;height:312px\" \/><\/a>\n  <\/div>\n<div style=\"margin-left:75.0%;margin-top:-33.48%;width:25.0%\">\n   <a href=\"http:\/\/www.aliexpress.com\/item\/detail\/32967422899.html\" target=\"_blank\"><img data-recalc-dims=\"1\" decoding=\"async\" src=\"https:\/\/i0.wp.com\/ae01.alicdn.com\/kf\/H3a56aae875274caa9b42fdd9d7dd507co.png?w=1200&#038;ssl=1\" style=\"width:233px;height:312px\" \/><\/a>\n  <\/div>\n<\/p><\/div>\n<\/div>\n<p>&nbsp;<\/p>\n<p>&nbsp;<\/p>\n<p><img data-recalc-dims=\"1\" decoding=\"async\" alt=\"product details\" src=\"https:\/\/i0.wp.com\/ae01.alicdn.com\/kf\/HTB1zpWsXynrK1RjSsziq6xptpXak.jpg?w=1200&#038;ssl=1\" \/><\/p>\n<div style=\"color: #000000;font-family: arial;font-size: medium\">\n<div>\n  <span style=\"font-size: 20px\"><span style=\"font-family: tahoma, geneva, sans-serif\">&#8211;Modelo compat&iacute;vel:<\/span><\/span>\n <\/div>\n<div>\n   &nbsp;\n <\/div>\n<div>\n  <strong><span><span style=\"font-size: 20px\"><span style=\"font-family: tahoma, geneva, sans-serif\">Para BMW S&eacute;rie 3 E36 1991 &#8211; 1999<\/span><\/span><\/span><\/strong>\n <\/div>\n<div>\n   &nbsp;\n <\/div>\n<div>\n  <span style=\"font-size: 20px\"><span style=\"font-family: tahoma, geneva, sans-serif\">&#8211;Tipo de item: adaptador de alto-falante<\/span><\/span>\n <\/div>\n<div>\n  <span style=\"font-size: 20px\"><span style=\"font-family: tahoma, geneva, sans-serif\">&#8211;Tipo de material: pl&aacute;stico ABS, garantia de alta qualidade<\/span><\/span>\n <\/div>\n<div>\n  <span style=\"font-size: 20px\"><span style=\"font-family: tahoma, geneva, sans-serif\">&#8211;Cor: preto<\/span><\/span>\n <\/div>\n<div>\n  <span style=\"font-size: 20px\"><span style=\"font-family: tahoma, geneva, sans-serif\">&#8211;Coloca&ccedil;&atilde;o: alto-falante da porta traseira<\/span><\/span>\n <\/div>\n<div>\n  <span style=\"font-size: 20px\"><span style=\"font-family: tahoma, geneva, sans-serif\">&#8211;Tamanho: O kit adaptador de alto-falante permite que alto-falantes de tamanho padr&atilde;o de 6&quot; x 9&quot; sejam instalados nas aberturas originais do sistema de &aacute;udio do seu carro.<\/span><\/span>\n <\/div>\n<div>\n  <span style=\"font-size: 20px\"><span style=\"font-family: tahoma, geneva, sans-serif\">&#8211;Local de origem: China (continente)<\/span><\/span>\n <\/div>\n<div>\n  <span style=\"font-size: 20px\"><span style=\"font-family: tahoma, geneva, sans-serif\">&#8211;Condi&ccedil;&atilde;o: produto 100% novo<\/span><\/span>\n <\/div>\n<div>\n  <span style=\"font-size: 20px\"><span style=\"font-family: tahoma, geneva, sans-serif\">&#8211;Quantidade: 1 par<\/span><\/span>\n <\/div>\n<div>\n   &nbsp;\n <\/div>\n<div>\n  <span style=\"font-size: 20px\"><span style=\"font-family: tahoma, geneva, sans-serif\">Nota:<\/span><\/span>\n <\/div>\n<div>\n  <span style=\"font-size: 20px\"><span style=\"font-family: tahoma, geneva, sans-serif\">&#8211;Fornecemos imagens n&iacute;tidas e medidas sempre que poss&iacute;vel.Verifique o m&aacute;ximo poss&iacute;vel para ter certeza de que o item &eacute; o que voc&ecirc; precisa.<\/span><\/span>\n <\/div>\n<div>\n  <span style=\"font-size: 20px\"><span style=\"font-family: tahoma, geneva, sans-serif\">&#8211;N&atilde;o h&aacute; instru&ccedil;&otilde;es inclu&iacute;das neste kit. A instala&ccedil;&atilde;o profissional &eacute; altamente recomendada!<\/span><\/span>\n <\/div>\n<div>\n  <span style=\"font-size: 20px\"><span style=\"font-family: tahoma, geneva, sans-serif\">&#8211;A cor dos itens reais pode ser ligeiramente diferente das imagens da lista devido &agrave;s diferentes telas do computador, obrigado pela sua compreens&atilde;o.<\/span><\/span>\n <\/div>\n<div>\n  <span style=\"font-size: 20px\"><span style=\"font-family: tahoma, geneva, sans-serif\">-Se voc&ecirc; tiver alguma d&uacute;vida sobre o produto, n&atilde;o hesite em nos contatar, sempre lhe oferecemos um servi&ccedil;o de qualidade.<\/span><\/span>\n <\/div>\n<div>\n   &nbsp;\n <\/div>\n<\/div>\n<div style=\"color: #000000;font-family: arial;font-size: medium\">\n <img data-recalc-dims=\"1\" decoding=\"async\" alt=\"ok\" src=\"https:\/\/i0.wp.com\/ae01.alicdn.com\/kf\/H4170bb281b0345f4ad8550856d595356c.jpg?w=1200&#038;ssl=1\" \/><br \/>\n <img data-recalc-dims=\"1\" decoding=\"async\" alt=\"ok2uk\" src=\"https:\/\/i0.wp.com\/ae01.alicdn.com\/kf\/H2fa6ba33aea940b79712fe6b42ae66c7B.jpg?w=1200&#038;ssl=1\" \/><br \/>\n <img data-recalc-dims=\"1\" decoding=\"async\" alt=\"1\" src=\"https:\/\/i0.wp.com\/ae01.alicdn.com\/kf\/H0275b69347e241eeb77baf909f2503baa.jpg?w=1200&#038;ssl=1\" \/><br \/>\n <img data-recalc-dims=\"1\" decoding=\"async\" alt=\"2\" src=\"https:\/\/i0.wp.com\/ae01.alicdn.com\/kf\/H47dea9f0f4c94e1eba66d30f5492edfex.jpg?w=1200&#038;ssl=1\" \/><br \/>\n <img data-recalc-dims=\"1\" decoding=\"async\" alt=\"3\" src=\"https:\/\/i0.wp.com\/ae01.alicdn.com\/kf\/H3327a35f24f64b6bb087cfc64dd0713dE.jpg?w=1200&#038;ssl=1\" \/><br \/>\n <img data-recalc-dims=\"1\" decoding=\"async\" alt=\"4\" src=\"https:\/\/i0.wp.com\/ae01.alicdn.com\/kf\/Hedfa1f38433c454dba1b785916d7b20c0.jpg?w=1200&#038;ssl=1\" \/><br \/>\n <img data-recalc-dims=\"1\" decoding=\"async\" alt=\"5\" src=\"https:\/\/i0.wp.com\/ae01.alicdn.com\/kf\/H43c040653b9f486694334e331c6205f6o.jpg?w=1200&#038;ssl=1\" \/><br \/>\n <img data-recalc-dims=\"1\" decoding=\"async\" alt=\"6\" src=\"https:\/\/i0.wp.com\/ae01.alicdn.com\/kf\/H4223884a7a8a4553bdc56485971b5f71I.jpg?w=1200&#038;ssl=1\" \/>\n<\/div>\n<div style=\"color: #000000;font-family: arial;font-size: medium\">\n  &nbsp;\n<\/div>\n<div style=\"color: #000000;font-family: arial\">\n<p style=\"margin: 0.0px;padding: 0.0px;font-size: medium\">&nbsp;<\/p>\n<p style=\"margin: 0.0px;padding: 0.0px;font-size: medium\">&nbsp;<\/p>\n<\/div>\n<p style=\"margin: 0.0px;padding: 0.0px;color: #000000;font-family: arial\">&nbsp;<\/p>\n<div>\n<div>\n<div class=\"detailmodule_dynamic\">\n  <\/div>\n<\/p><\/div>\n<\/div>\n<div class=\"detailmodule_dynamic\">\n<\/div>\n<\/div>\n<\/div>\n","protected":false},"excerpt":{"rendered":"<p>&nbsp; &nbsp; &#8211;Modelo compat&iacute;vel: &nbsp; Para BMW S&eacute;rie 3 E36 1991 &#8211; 1999 &nbsp; &#8211;Tipo de item: adaptador de alto-falante &#8211;Tipo de material: pl&aacute;stico ABS, garantia de alta qualidade &#8211;Cor: preto &#8211;Coloca&ccedil;&atilde;o: alto-falante da porta traseira &#8211;Tamanho: O kit adaptador de alto-falante permite que alto-falantes de tamanho padr&atilde;o de 6&quot; x 9&quot; sejam instalados nas&hellip;&nbsp;<\/p>\n","protected":false},"featured_media":35523,"template":"","meta":{"neve_meta_sidebar":"","neve_meta_container":"","neve_meta_enable_content_width":"","neve_meta_content_width":0,"neve_meta_title_alignment":"","neve_meta_author_avatar":"","neve_post_elements_order":"","neve_meta_disable_header":"","neve_meta_disable_footer":"","neve_meta_disable_title":""},"product_brand":[],"product_cat":[41,22,17],"product_tag":[],"class_list":{"0":"post-35529","1":"product","2":"type-product","3":"status-publish","4":"has-post-thumbnail","6":"product_cat-paineis-porta-interior-e-painel-protetor","7":"product_cat-partes-interiores","8":"product_cat-pecas-e-acessorios-automotivos","10":"first","11":"instock","12":"shipping-taxable","13":"purchasable","14":"product-type-variable"},"jetpack_sharing_enabled":true,"_links":{"self":[{"href":"https:\/\/listman.shop\/autoparts-br\/wp-json\/wp\/v2\/product\/35529","targetHints":{"allow":["GET"]}}],"collection":[{"href":"https:\/\/listman.shop\/autoparts-br\/wp-json\/wp\/v2\/product"}],"about":[{"href":"https:\/\/listman.shop\/autoparts-br\/wp-json\/wp\/v2\/types\/product"}],"wp:featuredmedia":[{"embeddable":true,"href":"https:\/\/listman.shop\/autoparts-br\/wp-json\/wp\/v2\/media\/35523"}],"wp:attachment":[{"href":"https:\/\/listman.shop\/autoparts-br\/wp-json\/wp\/v2\/media?parent=35529"}],"wp:term":[{"taxonomy":"product_brand","embeddable":true,"href":"https:\/\/listman.shop\/autoparts-br\/wp-json\/wp\/v2\/product_brand?post=35529"},{"taxonomy":"product_cat","embeddable":true,"href":"https:\/\/listman.shop\/autoparts-br\/wp-json\/wp\/v2\/product_cat?post=35529"},{"taxonomy":"product_tag","embeddable":true,"href":"https:\/\/listman.shop\/autoparts-br\/wp-json\/wp\/v2\/product_tag?post=35529"}],"curies":[{"name":"wp","href":"https:\/\/api.w.org\/{rel}","templated":true}]}}