{"id":35783,"date":"2025-03-23T00:23:40","date_gmt":"2025-03-22T15:23:40","guid":{"rendered":"https:\/\/listman.shop\/autoparts-br\/product\/1005004107827338\/"},"modified":"2026-04-14T11:54:23","modified_gmt":"2026-04-14T02:54:23","slug":"1005004107827338","status":"publish","type":"product","link":"https:\/\/listman.shop\/autoparts-br\/product\/1005004107827338\/","title":{"rendered":"C\u00e2mera de vis\u00e3o traseira grande angular para carro, monitor de estacionamento reverso, \u00e0 prova d&#8217;\u00e1gua, ahd\/1080p, c\u00e2mera ultra-clara"},"content":{"rendered":"<div class=\"detailmodule_html\">\n<div class=\"detail-desc-decorate-richtext\">\n<div class=\"detailmodule_image\"><img data-recalc-dims=\"1\" decoding=\"async\" class=\"detail-desc-decorate-image\" src=\"https:\/\/i0.wp.com\/ae01.alicdn.com\/kf\/S85dd6d83b75c4a1f8b30efebdcd77c60n.jpg?w=1200&#038;ssl=1\"><img data-recalc-dims=\"1\" decoding=\"async\" class=\"detail-desc-decorate-image\" src=\"https:\/\/i0.wp.com\/ae01.alicdn.com\/kf\/S6fc73c5e58884f639ecfad4383a298a57.jpg?w=1200&#038;ssl=1\"><\/div>\n<div class=\"detailmodule_text\">\n<h3 style=\"font-size:13px;text-align:center\" align=\"center\"><span style=\"font-size:16px\">C\u00e2mera ultra n\u00edtida 1080P, super grande angular, \u00e0 prova d&#8217;\u00e1gua e \u00e0 prova de choque, vis\u00e3o noturna ultra n\u00edtida, mais conveniente de usar!<\/span><\/h3>\n<\/div>\n<div class=\"detailmodule_image\"><img data-recalc-dims=\"1\" decoding=\"async\" class=\"detail-desc-decorate-image\" src=\"https:\/\/i0.wp.com\/ae01.alicdn.com\/kf\/S311c43aeddcc4a6f975c0217bb929481H.jpg?w=1200&#038;ssl=1\"><\/div>\n<div class=\"detailmodule_text\">\n<h3 style=\"font-family:OpenSans;font-size:14px;font-weight:300;line-height:20px;text-align:center;white-space:pre-wrap;margin-bottom:12px\" class=\"detail-desc-decorate-content\" align=\"center\"><span style=\"font-size:16px\">Remova perigos potenciais ao dirigir a tempo de evitar problemas como colis\u00e3o, roubo de janelas e pontos cegos.<\/span><\/h3>\n<\/div>\n<div class=\"detailmodule_image\"><img data-recalc-dims=\"1\" decoding=\"async\" class=\"detail-desc-decorate-image\" src=\"https:\/\/i0.wp.com\/ae01.alicdn.com\/kf\/Sc0519d8065624adfa7703942dbcbc770A.jpg?w=1200&#038;ssl=1\"><\/div>\n<div class=\"detailmodule_text\">\n<h3 style=\"font-size:13px;text-align:center;display:block;width:100%\" align=\"center\"><span style=\"font-size:16px\">Vis\u00e3o noturna HD, vis\u00e3o mais clara \u00e0 noite.<\/span><\/h3>\n<\/div>\n<div class=\"detailmodule_image\"><img data-recalc-dims=\"1\" decoding=\"async\" class=\"detail-desc-decorate-image\" src=\"https:\/\/i0.wp.com\/ae01.alicdn.com\/kf\/S723bd7b2749b48b9a8eeb5b39ac6bb26U.jpg?w=1200&#038;ssl=1\"><\/div>\n<div class=\"detailmodule_text\">\n<h3 style=\"font-size:13px;text-align:center;display:block;width:100%\" align=\"center\"><span style=\"font-size:16px\">Campo de vis\u00e3o super grande angular e mais amplo.<\/span><\/h3>\n<\/div>\n<div class=\"detailmodule_image\"><img data-recalc-dims=\"1\" decoding=\"async\" class=\"detail-desc-decorate-image\" src=\"https:\/\/i0.wp.com\/ae01.alicdn.com\/kf\/Sfff34006d6364fd99906c978b40e44b7g.jpg?w=1200&#038;ssl=1\"><\/div>\n<div class=\"detailmodule_text\">\n<h3 style=\"font-size:13px;text-align:center;display:block;width:100%\" align=\"center\"><span style=\"font-size:16px\">\u00c0 prova d&#8217;\u00e1gua e \u00e0 prova de choque!<\/span><\/h3>\n<\/div>\n<div class=\"detailmodule_image\"><img data-recalc-dims=\"1\" decoding=\"async\" class=\"detail-desc-decorate-image\" src=\"https:\/\/i0.wp.com\/ae01.alicdn.com\/kf\/Sba98a25acb3f4218a6fd02d7ec46da68q.jpg?w=1200&#038;ssl=1\"><\/div>\n<div class=\"detailmodule_text\">\n<h3 style=\"font-size:13px;text-align:center;display:block;width:100%\" align=\"center\"><span style=\"font-size:16px\">Lente de onda completa, imagem super grande angular e ultra n\u00edtida!<\/span><\/h3>\n<\/div>\n<div class=\"detailmodule_image\"><img data-recalc-dims=\"1\" decoding=\"async\" class=\"detail-desc-decorate-image\" src=\"https:\/\/i0.wp.com\/ae01.alicdn.com\/kf\/S61a40975a9a547c9b61211838661b52dz.jpg?w=1200&#038;ssl=1\"><img data-recalc-dims=\"1\" decoding=\"async\" class=\"detail-desc-decorate-image\" src=\"https:\/\/i0.wp.com\/ae01.alicdn.com\/kf\/S54a77866534c4322a976256dfa137bd39.jpg?w=1200&#038;ssl=1\"><\/div>\n<div class=\"detailmodule_text\">\n<h3 style=\"font-size:13px;text-align:center;display:block;width:100%\" align=\"center\"><span style=\"font-size:16px\">C\u00e2mera de r\u00e9 1080P, display mais n\u00edtido, super grande angular, vis\u00e3o mais abrangente.<\/span><\/h3>\n<\/div>\n<div class=\"detailmodule_image\"><img data-recalc-dims=\"1\" decoding=\"async\" class=\"detail-desc-decorate-image\" src=\"https:\/\/i0.wp.com\/ae01.alicdn.com\/kf\/S256697a0c5fa41a292dabc606579ba2cj.jpg?w=1200&#038;ssl=1\"><img data-recalc-dims=\"1\" decoding=\"async\" class=\"detail-desc-decorate-image\" src=\"https:\/\/i0.wp.com\/ae01.alicdn.com\/kf\/S47bc1c097c4545c58c07c435597300d6b.jpg?w=1200&#038;ssl=1\"><img data-recalc-dims=\"1\" decoding=\"async\" src=\"https:\/\/i0.wp.com\/ae01.alicdn.com\/kf\/Sf814be9fb2494fe2bec8ecbd9d71fe1bi.jpg?w=1200&#038;ssl=1\"><\/div>\n<div class=\"detailmodule_text\">\n<h1 style=\"text-align:center\" align=\"center\"><span style=\"font-size:18px\">C\u00e2mera 1080P, o estado inicial \u00e9 AHD 720P, mude para AHD 1080P ap\u00f3s cortar a linha branca.<\/span><\/h1>\n<div><\/div>\n<p style=\"font-size:13px;text-align:center;display:block;width:100%\" align=\"center\"><span style=\"font-size:18px\">Acess\u00f3rios para c\u00e2meras<\/span><\/p>\n<\/div>\n<div class=\"detailmodule_image\"><img data-recalc-dims=\"1\" decoding=\"async\" class=\"detail-desc-decorate-image\" src=\"https:\/\/i0.wp.com\/ae01.alicdn.com\/kf\/S691c3a00d42f49d78d028270db03b8d2s.jpg?w=1200&#038;ssl=1\"><\/div>\n<div class=\"detailmodule_text\">\n<h3 style=\"font-size:13px;text-align:center\" align=\"center\"><span style=\"font-size:16px\">1 Cabo de v\u00eddeo 2 c\u00e2mera 3 Conector de alimenta\u00e7\u00e3o 4 Interface de v\u00eddeo 5 parafusos 6 cabo de alimenta\u00e7\u00e3o<\/span><\/h3>\n<div><\/div>\n<\/div>\n<div class=\"detailmodule_text\">\n<h1 style=\"font-size:13px;text-align:center;display:block;width:100%\" align=\"center\"><span style=\"font-size:16px\">Diagrama de conex\u00e3o da c\u00e2mera<\/span><\/h1>\n<\/div>\n<h1 class=\"detailmodule_image\"><img data-recalc-dims=\"1\" decoding=\"async\" class=\"detail-desc-decorate-image\" src=\"https:\/\/i0.wp.com\/ae01.alicdn.com\/kf\/S0425faa2602e4ae2b9c31e138125a3728.jpg?w=1200&#038;ssl=1\"><\/h1>\n<div class=\"detailmodule_text\">\n<h3 style=\"font-size:13px\"><span style=\"font-size:16px\">1 Conecte o plugue de entrada de navega\u00e7\u00e3o<br \/>2 Conecte a linha de detec\u00e7\u00e3o de revers\u00e3o de navega\u00e7\u00e3o<br \/>3 Conecte a 4, depois conecte o p\u00f3lo positivo da luz de r\u00e9<br \/>5 Conecte o fio negativo da luz de r\u00e9<br \/>A-Display screen B-c\u00e2mera<\/span><\/h3>\n<\/div>\n<h3 class=\"detailmodule_image\"><img data-recalc-dims=\"1\" decoding=\"async\" class=\"detail-desc-decorate-image\" src=\"https:\/\/i0.wp.com\/ae01.alicdn.com\/kf\/S3e70f5da8bd946589a96f7d47741c107h.jpg?w=1200&#038;ssl=1\"><\/h3>\n<div class=\"detailmodule_text\">\n<h3 style=\"font-size:13px;text-align:center\" align=\"center\"><span style=\"font-size:16px\">C\u00e2mera de r\u00e9 1080P, display mais n\u00edtido, super grande angular, vis\u00e3o mais abrangente.<\/span><\/h3>\n<\/div>\n<h3 style=\"text-align:center\" class=\"detailmodule_image\" align=\"center\"><img data-recalc-dims=\"1\" decoding=\"async\" class=\"detail-desc-decorate-image\" src=\"https:\/\/i0.wp.com\/ae01.alicdn.com\/kf\/S19ba7f838ed04fcba28912c653cc037ff.jpg?w=1200&#038;ssl=1\"><\/h3>\n<div class=\"detailmodule_image\"><img data-recalc-dims=\"1\" decoding=\"async\" class=\"detail-desc-decorate-image\" src=\"https:\/\/i0.wp.com\/ae01.alicdn.com\/kf\/S1c3d7124590c4c7b9d3aaa41bbd5c891O.jpg?w=1200&#038;ssl=1\"><img data-recalc-dims=\"1\" decoding=\"async\" class=\"detail-desc-decorate-image\" src=\"https:\/\/i0.wp.com\/ae01.alicdn.com\/kf\/S3805574bcfc546699b9bea868d5deae3A.jpg?w=1200&#038;ssl=1\"><\/div>\n<div class=\"detailmodule_image\"><img data-recalc-dims=\"1\" decoding=\"async\" class=\"detail-desc-decorate-image\" src=\"https:\/\/i0.wp.com\/ae01.alicdn.com\/kf\/S3c1b4b464f0d44499864acf0c65bd6b9v.jpg?w=1200&#038;ssl=1\"><img data-recalc-dims=\"1\" decoding=\"async\" class=\"detail-desc-decorate-image\" src=\"https:\/\/i0.wp.com\/ae01.alicdn.com\/kf\/S92f3a28981cb4f88a117bfccc4daaa52q.jpg?w=1200&#038;ssl=1\"><img data-recalc-dims=\"1\" decoding=\"async\" class=\"detail-desc-decorate-image\" src=\"https:\/\/i0.wp.com\/ae01.alicdn.com\/kf\/Sd5ded8c358654bcc8ee1e48719cbed37T.jpg?w=1200&#038;ssl=1\"><\/div>\n<p><\/p>\n<\/div>\n<\/div>\n","protected":false},"excerpt":{"rendered":"<p>C\u00e2mera ultra n\u00edtida 1080P, super grande angular, \u00e0 prova d&#8217;\u00e1gua e \u00e0 prova de choque, vis\u00e3o noturna ultra n\u00edtida, mais conveniente de usar! Remova perigos potenciais ao dirigir a tempo de evitar problemas como colis\u00e3o, roubo de janelas e pontos cegos. Vis\u00e3o noturna HD, vis\u00e3o mais clara \u00e0 noite. Campo de vis\u00e3o super grande angular&hellip;&nbsp;<\/p>\n","protected":false},"featured_media":35777,"template":"","meta":{"neve_meta_sidebar":"","neve_meta_container":"","neve_meta_enable_content_width":"","neve_meta_content_width":0,"neve_meta_title_alignment":"","neve_meta_author_avatar":"","neve_post_elements_order":"","neve_meta_disable_header":"","neve_meta_disable_footer":"","neve_meta_disable_title":""},"product_brand":[],"product_cat":[40,20,17],"product_tag":[],"class_list":{"0":"post-35783","1":"product","2":"type-product","3":"status-publish","4":"has-post-thumbnail","6":"product_cat-dvr-para-carro","7":"product_cat-eletronicos-automotivos","8":"product_cat-pecas-e-acessorios-automotivos","10":"first","11":"instock","12":"shipping-taxable","13":"purchasable","14":"product-type-variable","15":"has-default-attributes"},"jetpack_sharing_enabled":true,"_links":{"self":[{"href":"https:\/\/listman.shop\/autoparts-br\/wp-json\/wp\/v2\/product\/35783","targetHints":{"allow":["GET"]}}],"collection":[{"href":"https:\/\/listman.shop\/autoparts-br\/wp-json\/wp\/v2\/product"}],"about":[{"href":"https:\/\/listman.shop\/autoparts-br\/wp-json\/wp\/v2\/types\/product"}],"wp:featuredmedia":[{"embeddable":true,"href":"https:\/\/listman.shop\/autoparts-br\/wp-json\/wp\/v2\/media\/35777"}],"wp:attachment":[{"href":"https:\/\/listman.shop\/autoparts-br\/wp-json\/wp\/v2\/media?parent=35783"}],"wp:term":[{"taxonomy":"product_brand","embeddable":true,"href":"https:\/\/listman.shop\/autoparts-br\/wp-json\/wp\/v2\/product_brand?post=35783"},{"taxonomy":"product_cat","embeddable":true,"href":"https:\/\/listman.shop\/autoparts-br\/wp-json\/wp\/v2\/product_cat?post=35783"},{"taxonomy":"product_tag","embeddable":true,"href":"https:\/\/listman.shop\/autoparts-br\/wp-json\/wp\/v2\/product_tag?post=35783"}],"curies":[{"name":"wp","href":"https:\/\/api.w.org\/{rel}","templated":true}]}}