{"id":35852,"date":"2025-03-23T00:25:15","date_gmt":"2025-03-22T15:25:15","guid":{"rendered":"https:\/\/listman.shop\/autoparts-br\/product\/1005004438585417\/"},"modified":"2026-04-14T12:26:43","modified_gmt":"2026-04-14T03:26:43","slug":"1005004438585417","status":"publish","type":"product","link":"https:\/\/listman.shop\/autoparts-br\/product\/1005004438585417\/","title":{"rendered":"Kit de sensor de estacionamento com radar m\u00faltiplo, sistema de exibi\u00e7\u00e3o led parktronic com luz de fundo, assistente detector de monitor de backup, sensor de radar 4\/6\/8"},"content":{"rendered":"<div class=\"detailmodule_html\">\n<div class=\"detail-desc-decorate-richtext\">\n<div class=\"detailmodule_dynamic\">\n<\/div>\n<p>Kit m&uacute;ltiplo de sensor de estacionamento de radar, luz de fundo, sistema de exibi&ccedil;&atilde;o led parktronic, monitor de backup, detector assistente 4\/6\/8 sensor de radar<\/p>\n<p>Di&acirc;metro do sensor: 22 mm<\/p>\n<p>Caracter&iacute;sticas:<\/p>\n<p>Tens&atilde;o nominal: 12V CC<\/p>\n<p>Faixa operacional de taxa: 10,5 V &#8211; 16 V CC<\/p>\n<p>Corrente nominal: 100ma &#8211; 300ma<\/p>\n<p>Dist&acirc;ncia de detec&ccedil;&atilde;o: 0,3 &#8211; 2,0m<\/p>\n<p>Frequ&ecirc;ncia ultrass&ocirc;nica: 40KHz<\/p>\n<p>Temperatura de trabalho do moudle de controle: -30 &#8211; 80 graus Celsius<\/p>\n<p>Tamanho da caixa de controle principal: 90*61*22mm<\/p>\n<p>Pacote incluindo:<\/p>\n<p>1 * caixa de controle principal<\/p>\n<p>1 * display de campainha (beeper projetado no display)<\/p>\n<p>4 * Sensores de estacionamento (4\/6\/8 dependendo do n&uacute;mero de sensores adquiridos)<\/p>\n<p>1 * serra copo<\/p>\n<p>1 * cabo de alimenta&ccedil;&atilde;o<\/p>\n<p>2 * adesivo dupla face<\/p>\n<p>1 * manual do usu&aacute;rio<\/p>\n<p><img data-recalc-dims=\"1\" decoding=\"async\" src=\"https:\/\/i0.wp.com\/ae01.alicdn.com\/kf\/S7f0393e69ccb4413acf0756b1a354fd3J.jpg?w=1200&#038;ssl=1\" \/><img data-recalc-dims=\"1\" decoding=\"async\" src=\"https:\/\/i0.wp.com\/ae01.alicdn.com\/kf\/S95de2c5f6d904176b0a7441b3795009cE.jpg?w=1200&#038;ssl=1\" \/><img data-recalc-dims=\"1\" decoding=\"async\" src=\"https:\/\/i0.wp.com\/ae01.alicdn.com\/kf\/S327939be95ca4bb29ede4a66a77b047cJ.jpg?w=1200&#038;ssl=1\" \/><img data-recalc-dims=\"1\" decoding=\"async\" src=\"https:\/\/i0.wp.com\/ae01.alicdn.com\/kf\/S84e39b80ba1848edbd6c27fec787daffM.jpg?w=1200&#038;ssl=1\" \/><img data-recalc-dims=\"1\" decoding=\"async\" src=\"https:\/\/i0.wp.com\/ae01.alicdn.com\/kf\/Sa31a232489494ee59a14633a0ef22195g.jpg?w=1200&#038;ssl=1\" \/><img data-recalc-dims=\"1\" decoding=\"async\" src=\"https:\/\/i0.wp.com\/ae01.alicdn.com\/kf\/Sfeb3cffdf9e649bf9e24a18244306e93i.jpg?w=1200&#038;ssl=1\" \/><img data-recalc-dims=\"1\" decoding=\"async\" src=\"https:\/\/i0.wp.com\/ae01.alicdn.com\/kf\/Sedfe6afa282c4275b1db422f2051c89f7.jpg?w=1200&#038;ssl=1\" \/><img data-recalc-dims=\"1\" decoding=\"async\" src=\"https:\/\/i0.wp.com\/ae01.alicdn.com\/kf\/Sb99a5aeaebdf40a097f85699c96fa52cT.jpg?w=1200&#038;ssl=1\" \/><img data-recalc-dims=\"1\" decoding=\"async\" src=\"https:\/\/i0.wp.com\/ae01.alicdn.com\/kf\/Sc4d31fadd06144c1b309de0f7f74504eO.jpg?w=1200&#038;ssl=1\" \/><img data-recalc-dims=\"1\" decoding=\"async\" src=\"https:\/\/i0.wp.com\/ae01.alicdn.com\/kf\/Sa961fa6a1fb54500bfadc22bb9ac45f3G.jpg?w=1200&#038;ssl=1\" \/><\/p>\n<div class=\"detailmodule_dynamic\">\n<\/div>\n<p><\/p>\n<\/div>\n<\/div>\n","protected":false},"excerpt":{"rendered":"<p>Kit m&uacute;ltiplo de sensor de estacionamento de radar, luz de fundo, sistema de exibi&ccedil;&atilde;o led parktronic, monitor de backup, detector assistente 4\/6\/8 sensor de radar Di&acirc;metro do sensor: 22 mm Caracter&iacute;sticas: Tens&atilde;o nominal: 12V CC Faixa operacional de taxa: 10,5 V &#8211; 16 V CC Corrente nominal: 100ma &#8211; 300ma Dist&acirc;ncia de detec&ccedil;&atilde;o: 0,3 &#8211;&hellip;&nbsp;<\/p>\n","protected":false},"featured_media":35846,"template":"","meta":{"neve_meta_sidebar":"","neve_meta_container":"","neve_meta_enable_content_width":"","neve_meta_content_width":0,"neve_meta_title_alignment":"","neve_meta_author_avatar":"","neve_post_elements_order":"","neve_meta_disable_header":"","neve_meta_disable_footer":"","neve_meta_disable_title":""},"product_brand":[],"product_cat":[20,17,50],"product_tag":[],"class_list":{"0":"post-35852","1":"product","2":"type-product","3":"status-publish","4":"has-post-thumbnail","6":"product_cat-eletronicos-automotivos","7":"product_cat-pecas-e-acessorios-automotivos","8":"product_cat-sistemas-de-alarme-e-seguranca","10":"first","11":"instock","12":"shipping-taxable","13":"purchasable","14":"product-type-variable","15":"has-default-attributes"},"jetpack_sharing_enabled":true,"_links":{"self":[{"href":"https:\/\/listman.shop\/autoparts-br\/wp-json\/wp\/v2\/product\/35852","targetHints":{"allow":["GET"]}}],"collection":[{"href":"https:\/\/listman.shop\/autoparts-br\/wp-json\/wp\/v2\/product"}],"about":[{"href":"https:\/\/listman.shop\/autoparts-br\/wp-json\/wp\/v2\/types\/product"}],"wp:featuredmedia":[{"embeddable":true,"href":"https:\/\/listman.shop\/autoparts-br\/wp-json\/wp\/v2\/media\/35846"}],"wp:attachment":[{"href":"https:\/\/listman.shop\/autoparts-br\/wp-json\/wp\/v2\/media?parent=35852"}],"wp:term":[{"taxonomy":"product_brand","embeddable":true,"href":"https:\/\/listman.shop\/autoparts-br\/wp-json\/wp\/v2\/product_brand?post=35852"},{"taxonomy":"product_cat","embeddable":true,"href":"https:\/\/listman.shop\/autoparts-br\/wp-json\/wp\/v2\/product_cat?post=35852"},{"taxonomy":"product_tag","embeddable":true,"href":"https:\/\/listman.shop\/autoparts-br\/wp-json\/wp\/v2\/product_tag?post=35852"}],"curies":[{"name":"wp","href":"https:\/\/api.w.org\/{rel}","templated":true}]}}