{"id":36198,"date":"2025-03-23T00:34:27","date_gmt":"2025-03-22T15:34:27","guid":{"rendered":"https:\/\/listman.shop\/autoparts-br\/product\/1005005470548274\/"},"modified":"2026-04-14T11:58:05","modified_gmt":"2026-04-14T02:58:05","slug":"1005005470548274","status":"publish","type":"product","link":"https:\/\/listman.shop\/autoparts-br\/product\/1005005470548274\/","title":{"rendered":"9804632980 9673721877 Carro Rear View Reversa Backup Camera Estacionamento Sistema de Monitoramento para Citroen DS5 2011-2015"},"content":{"rendered":"<div class=\"detailmodule_text\">\n<p class=\"detail-desc-decorate-content\" style=\"font-family: 'OpenSans';color:'#000';white-space: pre-wrap;font-weight: 300;font-size: 14px;line-height: 20px;color: #000;margin-bottom: 12px\">\n<div class=\"detailmodule_text\">\n<p class=\"detail-desc-decorate-content\" style=\"font-family: 'OpenSans';color:'#000';white-space: pre-wrap;font-weight: 300;font-size: 14px;line-height: 20px;color: #000;margin-bottom: 12px\">Caracter\u00edsticas: 100% novo, nunca foi usado.<br \/>\n F\u00e1cil de instalar e dur\u00e1vel em uso.<br \/>\n \u00d3tima qualidade e \u00f3timo ajuste. Substitui\u00e7\u00e3o direta<br \/>\n Conector correto sem cortar ou emendar.<br \/>\n Rigorosos padr\u00f5es de controle de qualidade para construir e testar. <\/p>\n<p> Especifica\u00e7\u00e3o:<br \/>\n Tipo de item: c\u00e2mera de vis\u00e3o traseira<br \/>\n N\u00famero da pe\u00e7a: 9804632980 9673721877<br \/>\n Montagem: para citroen ds5 2011-2015<br \/>\n cor: preto<br \/>\n Material: ABS <\/p>\n<p> Conte\u00fado do pacote:<br \/>\n 1 x c\u00e2mera de vis\u00e3o traseira <\/p>\n<p> Apenas o conte\u00fado do pacote acima, outros produtos n\u00e3o est\u00e3o inclu\u00eddos.<br \/>\n Nota: Disparo leve e displays diferentes podem fazer com que a cor do item na imagem seja um pouco diferente da coisa real. O erro de medi\u00e7\u00e3o permitido \u00e9 de +\/- 1-3cm.<\/p>\n<\/div>\n<div class=\"detailmodule_image\"><img data-recalc-dims=\"1\" decoding=\"async\" src=\"https:\/\/i0.wp.com\/luckyretail.com\/Uploadfile\/20222\/202206011\/I500286026\/I500286026-3.jpg?w=1200\" class=\"detail-desc-decorate-image\"><\/div>\n<div class=\"detailmodule_image\"><img data-recalc-dims=\"1\" decoding=\"async\" src=\"https:\/\/i0.wp.com\/luckyretail.com\/Uploadfile\/20222\/202206011\/I500286026\/I500286026-2.jpg?w=1200\" class=\"detail-desc-decorate-image\"><\/div>\n<div class=\"detailmodule_image\"><img data-recalc-dims=\"1\" decoding=\"async\" src=\"https:\/\/i0.wp.com\/luckyretail.com\/Uploadfile\/20222\/202206011\/I500286026\/I500286026-4.jpg?w=1200\" class=\"detail-desc-decorate-image\"><\/div>\n<div class=\"detailmodule_image\"><img data-recalc-dims=\"1\" decoding=\"async\" src=\"https:\/\/i0.wp.com\/luckyretail.com\/Uploadfile\/20222\/202206011\/I500286026\/I500286026-1.jpg?w=1200\" class=\"detail-desc-decorate-image\"><\/div>\n<div class=\"detailmodule_image\"><img data-recalc-dims=\"1\" decoding=\"async\" src=\"https:\/\/i0.wp.com\/luckyretail.com\/Uploadfile\/20222\/202206011\/I500286026\/I500286026.jpg?w=1200\" class=\"detail-desc-decorate-image\"><\/div>\n<\/p>\n<\/div>\n<div class=\"detailmodule_image\"><img data-recalc-dims=\"1\" decoding=\"async\" src=\"https:\/\/i0.wp.com\/luckyretail.com\/Uploadfile\/20222\/202206011\/I500286026\/I500286026-3.jpg?w=1200\" class=\"detail-desc-decorate-image\"><\/div>\n<div class=\"detailmodule_image\"><img data-recalc-dims=\"1\" decoding=\"async\" src=\"https:\/\/i0.wp.com\/luckyretail.com\/Uploadfile\/20222\/202206011\/I500286026\/I500286026-2.jpg?w=1200\" class=\"detail-desc-decorate-image\"><\/div>\n<div class=\"detailmodule_image\"><img data-recalc-dims=\"1\" decoding=\"async\" src=\"https:\/\/i0.wp.com\/luckyretail.com\/Uploadfile\/20222\/202206011\/I500286026\/I500286026-4.jpg?w=1200\" class=\"detail-desc-decorate-image\"><\/div>\n<div class=\"detailmodule_image\"><img data-recalc-dims=\"1\" decoding=\"async\" src=\"https:\/\/i0.wp.com\/luckyretail.com\/Uploadfile\/20222\/202206011\/I500286026\/I500286026-1.jpg?w=1200\" class=\"detail-desc-decorate-image\"><\/div>\n<div class=\"detailmodule_image\"><img data-recalc-dims=\"1\" decoding=\"async\" src=\"https:\/\/i0.wp.com\/luckyretail.com\/Uploadfile\/20222\/202206011\/I500286026\/I500286026.jpg?w=1200\" class=\"detail-desc-decorate-image\"><\/div>\n","protected":false},"excerpt":{"rendered":"<p>Caracter\u00edsticas: 100% novo, nunca foi usado. F\u00e1cil de instalar e dur\u00e1vel em uso. \u00d3tima qualidade e \u00f3timo ajuste. Substitui\u00e7\u00e3o direta Conector correto sem cortar ou emendar. Rigorosos padr\u00f5es de controle de qualidade para construir e testar. Especifica\u00e7\u00e3o: Tipo de item: c\u00e2mera de vis\u00e3o traseira N\u00famero da pe\u00e7a: 9804632980 9673721877 Montagem: para citroen ds5 2011-2015 cor:&hellip;&nbsp;<\/p>\n","protected":false},"featured_media":36192,"template":"","meta":{"neve_meta_sidebar":"","neve_meta_container":"","neve_meta_enable_content_width":"","neve_meta_content_width":0,"neve_meta_title_alignment":"","neve_meta_author_avatar":"","neve_post_elements_order":"","neve_meta_disable_header":"","neve_meta_disable_footer":"","neve_meta_disable_title":""},"product_brand":[],"product_cat":[40,20,17],"product_tag":[],"class_list":{"0":"post-36198","1":"product","2":"type-product","3":"status-publish","4":"has-post-thumbnail","6":"product_cat-dvr-para-carro","7":"product_cat-eletronicos-automotivos","8":"product_cat-pecas-e-acessorios-automotivos","10":"first","11":"outofstock","12":"shipping-taxable","13":"purchasable","14":"product-type-variable"},"jetpack_sharing_enabled":true,"_links":{"self":[{"href":"https:\/\/listman.shop\/autoparts-br\/wp-json\/wp\/v2\/product\/36198","targetHints":{"allow":["GET"]}}],"collection":[{"href":"https:\/\/listman.shop\/autoparts-br\/wp-json\/wp\/v2\/product"}],"about":[{"href":"https:\/\/listman.shop\/autoparts-br\/wp-json\/wp\/v2\/types\/product"}],"wp:featuredmedia":[{"embeddable":true,"href":"https:\/\/listman.shop\/autoparts-br\/wp-json\/wp\/v2\/media\/36192"}],"wp:attachment":[{"href":"https:\/\/listman.shop\/autoparts-br\/wp-json\/wp\/v2\/media?parent=36198"}],"wp:term":[{"taxonomy":"product_brand","embeddable":true,"href":"https:\/\/listman.shop\/autoparts-br\/wp-json\/wp\/v2\/product_brand?post=36198"},{"taxonomy":"product_cat","embeddable":true,"href":"https:\/\/listman.shop\/autoparts-br\/wp-json\/wp\/v2\/product_cat?post=36198"},{"taxonomy":"product_tag","embeddable":true,"href":"https:\/\/listman.shop\/autoparts-br\/wp-json\/wp\/v2\/product_tag?post=36198"}],"curies":[{"name":"wp","href":"https:\/\/api.w.org\/{rel}","templated":true}]}}