{"id":36586,"date":"2025-03-23T00:44:06","date_gmt":"2025-03-22T15:44:06","guid":{"rendered":"https:\/\/listman.shop\/autoparts-br\/product\/1005006132841287\/"},"modified":"2026-04-17T18:56:41","modified_gmt":"2026-04-17T09:56:41","slug":"1005006132841287","status":"publish","type":"product","link":"https:\/\/listman.shop\/autoparts-br\/product\/1005006132841287\/","title":{"rendered":"Mini aspirador de p\u00f3 port\u00e1til para carro, sem fio, port\u00e1til, para eletrodom\u00e9sticos, m\u00e1quina de limpeza poderosa, limpador de carro para teclado"},"content":{"rendered":"<div class=\"detailmodule_html\">\n<div class=\"detail-desc-decorate-richtext\">\n<div class=\"detailmodule_html\">\n<div class=\"detail-desc-decorate-richtext\">\n<div style=\", Roboto, Arial, Helvetica, sans-serif, SimSun;font-size:14px;font-weight:400;letter-spacing:normal;text-align:start;white-space:normal;margin:0px;margin-bottom:0px;margin-top:0px;margin-left:0px;margin-right:0px;padding:0px;padding-bottom:0px;padding-top:0px;padding-left:0px;padding-right:0px\" align=\"start\">\n<p><span style=\"font-size:24px;font-family:arial, helvetica, sans-serif\"><strong><\/strong><\/span><\/p>\n<div class=\"detailmodule_media\">\n<div class=\"video-container-5000450888820\">\n<div class=\"detail-video\" id=\"5000450888820\" data-previewurl=\"https:\/\/ae01.alicdn.com\/kf\/S6f2279e53b994990aefe8d3a69523dc53.jpg\"><\/div>\n<\/p><\/div>\n<\/p><\/div>\n<p>   <span style=\"font-size:24px;font-family:arial, helvetica, sans-serif\"><strong><\/strong><\/span><\/p>\n<p><span style=\"font-size:24px;font-family:arial, helvetica, sans-serif\"><strong id=\"tl_1\">Mini aspirador de p&oacute; port&aacute;til sem fio, limpador port&aacute;til para eletrodom&eacute;sticos, m&aacute;quina de limpeza potente, limpador de teclado<\/strong><\/span><\/p>\n<div>\n    \n   <\/div>\n<p style=\"font-size:16px;font-weight:400;line-height:inherit;margin:0px;margin-bottom:0px;margin-top:0px;margin-left:0px;margin-right:0px;padding:0px;padding-bottom:0px;padding-top:0px;padding-left:0px;padding-right:0px\"><span style=\"font-size:18px;font-family:arial, helvetica, sans-serif\"><strong id=\"tl_2\">\u3010Vers&atilde;o b&aacute;sica\u3011<\/strong><\/span><\/p>\n<p style=\"font-size:13px;font-weight:400;line-height:inherit;margin:0px;margin-bottom:0px;margin-top:0px;margin-left:0px;margin-right:0px;padding:0px;padding-bottom:0px;padding-top:0px;padding-left:0px;padding-right:0px\"><span style=\"font-size:18px;font-family:arial, helvetica, sans-serif\"><span style=\"font-size:18px;font-family:arial, helvetica, sans-serif\"><span style=\"font-size:18px;font-family:arial, helvetica, sans-serif\" id=\"tl_3\">[Material do produto]: ABS <br \/>[Motor]: Motor comum <br \/>[Grau de v&aacute;cuo]: 8000PA <br \/>[Velocidade nominal]: 15500 rpm <br \/>[Capacidade da bateria de l&iacute;tio]: 2*2000mAh <br \/>[Modo de carregamento]: linha de carregamento tipo C <br \/>[Ru&iacute;do]: \u2264 52dB <br \/>[Temperatura de opera&ccedil;&atilde;o]: &#8211; 20\u2103~+50\u2103 <br \/>Lista de pacotes: <br \/>aspirador de p&oacute; X1 <br \/>Acess&oacute;rios X 6 <br \/>Linha de carregamento X1 <br \/>Manual do usu&aacute;rioX1 <br \/>[peso]: 550g<\/span><\/span><\/span><\/p>\n<\/p><\/div>\n<div style=\", Roboto, Arial, Helvetica, sans-serif, SimSun;font-size:14px;font-weight:400;letter-spacing:normal;text-align:start;white-space:normal;margin:0px;margin-bottom:0px;margin-top:0px;margin-left:0px;margin-right:0px;padding:0px;padding-bottom:0px;padding-top:0px;padding-left:0px;padding-right:0px\" align=\"start\">\n<p style=\"font-size:16px;font-weight:400;line-height:inherit;margin:0px;margin-bottom:0px;margin-top:0px;margin-left:0px;margin-right:0px;padding:0px;padding-bottom:0px;padding-top:0px;padding-left:0px;padding-right:0px\"><span style=\"font-size:18px;font-family:arial, helvetica, sans-serif\"><strong id=\"tl_4\">\u3010Vers&atilde;o atualizada\u3011<\/strong><\/span><\/p>\n<p style=\"font-family:OpenSans;font-size:14px;font-weight:300;line-height:20px;white-space:pre-wrap;margin:0px 0px 12px;margin-bottom:12px;margin-top:0px;margin-left:0px;margin-right:0px;padding:0px;padding-bottom:0px;padding-top:0px;padding-left:0px;padding-right:0px\" class=\"detail-desc-decorate-content\"><span style=\"font-size:18px;font-family:arial, helvetica, sans-serif\"><span style=\"font-size:18px;font-family:arial, helvetica, sans-serif\"><span style=\"font-size:18px;font-family:arial, helvetica, sans-serif\" id=\"tl_5\">[Material do produto]: ABS <br \/>[Motor]: Novo motor sem escova atualizado <br \/>[Grau de v&aacute;cuo]: 98000PA <br \/>[Velocidade nominal]: 35500 rpm <br \/>[Capacidade da bateria de l&iacute;tio]: 2*2000mAh <br \/>[Modo de carregamento]: linha de carregamento tipo C <br \/>[Ru&iacute;do]: \u2264 52dB <br \/>[Temperatura de opera&ccedil;&atilde;o]: &#8211; 20\u2103~+50\u2103 <br \/>Lista de pacotes: <br \/>aspirador de p&oacute; X1 <br \/>Acess&oacute;rios X 6 <br \/>Linha de carregamento X1 <br \/>Manual do usu&aacute;rioX1 <br \/>[peso]: 600g<\/span><\/span><\/span><\/p>\n<\/p><\/div>\n<p style=\", Roboto, Arial, Helvetica, sans-serif, SimSun;font-size:20px;font-weight:400;letter-spacing:normal;line-height:inherit;text-align:start;white-space:normal;margin:0px;margin-bottom:0px;margin-top:0px;margin-left:0px;margin-right:0px;padding:0px;padding-bottom:0px;padding-top:0px;padding-left:0px;padding-right:0px\" align=\"start\"><strong><span style=\"font-size:20px;font-family:arial, helvetica, sans-serif\" id=\"tl_6\">Introdu&ccedil;&atilde;o da vers&atilde;o<\/span><\/strong><\/p>\n<div style=\", Roboto, Arial, Helvetica, sans-serif, SimSun;font-size:14px;font-weight:400;letter-spacing:normal;text-align:start;white-space:normal;margin:0px;margin-bottom:0px;margin-top:0px;margin-left:0px;margin-right:0px;padding:0px;padding-bottom:0px;padding-top:0px;padding-left:0px;padding-right:0px\" align=\"start\">\n<p style=\"font-family:OpenSans;font-size:20px;font-weight:900;line-height:28px;white-space:pre-wrap;margin:0px 0px 12px;margin-bottom:12px;margin-top:0px;margin-left:0px;margin-right:0px;padding:0px;padding-bottom:0px;padding-top:0px;padding-left:0px;padding-right:0px\" class=\"detail-desc-decorate-title\"><span style=\"font-size:16px;font-family:arial, helvetica, sans-serif\" id=\"tl_7\">Introdu&ccedil;&atilde;o<\/span><\/p>\n<p style=\"font-family:OpenSans;font-size:14px;font-weight:300;line-height:20px;white-space:pre-wrap;margin:0px 0px 12px;margin-bottom:12px;margin-top:0px;margin-left:0px;margin-right:0px;padding:0px;padding-bottom:0px;padding-top:0px;padding-left:0px;padding-right:0px\" class=\"detail-desc-decorate-content\"><span style=\"font-size:16px;font-family:arial, helvetica, sans-serif\" id=\"tl_8\">[Nome do produto]: aspirador de p&oacute; port&aacute;til para ve&iacute;culos <\/p>\n<p>[Fun&ccedil;&otilde;es do produto]: principalmente limpeza de carros, aspira&ccedil;&atilde;o, sopro de poeira, sopro de bal&otilde;es e assim por diante<\/span><\/p>\n<p style=\"font-family:OpenSans;font-size:14px;font-weight:300;line-height:20px;white-space:pre-wrap;margin:0px 0px 12px;margin-bottom:12px;margin-top:0px;margin-left:0px;margin-right:0px;padding:0px;padding-bottom:0px;padding-top:0px;padding-left:0px;padding-right:0px\" class=\"detail-desc-decorate-content\"><img data-recalc-dims=\"1\" decoding=\"async\" src=\"https:\/\/i0.wp.com\/ae01.alicdn.com\/kf\/S2dc808acf8d04236bb262e6dd18ae406S.jpg?w=1200&#038;ssl=1\" \/><img data-recalc-dims=\"1\" decoding=\"async\" src=\"https:\/\/i0.wp.com\/ae01.alicdn.com\/kf\/S08f4c58bc1bd4b9b932fc939eab50ce96.jpg?w=1200&#038;ssl=1\" \/><img data-recalc-dims=\"1\" decoding=\"async\" src=\"https:\/\/i0.wp.com\/ae01.alicdn.com\/kf\/Seba42bd88bc3484eba54c08cc8a99542Q.jpg?w=1200&#038;ssl=1\" \/><img data-recalc-dims=\"1\" decoding=\"async\" src=\"https:\/\/i0.wp.com\/ae01.alicdn.com\/kf\/Sf645bd24c03e4fcfad29e96e50c8b18cL.jpg?w=1200&#038;ssl=1\" \/><img data-recalc-dims=\"1\" decoding=\"async\" src=\"https:\/\/i0.wp.com\/ae01.alicdn.com\/kf\/S60868cadc35f4b0080bc0698e3f1fbd35.jpg?w=1200&#038;ssl=1\" \/><img data-recalc-dims=\"1\" decoding=\"async\" src=\"https:\/\/i0.wp.com\/ae01.alicdn.com\/kf\/S7319ace2a6e74fcba7845c9116d6ff11i.jpg?w=1200&#038;ssl=1\" \/><img data-recalc-dims=\"1\" decoding=\"async\" src=\"https:\/\/i0.wp.com\/ae01.alicdn.com\/kf\/Sb51e97de632943cdbbde323cea4c6d83V.jpg?w=1200&#038;ssl=1\" \/><img data-recalc-dims=\"1\" decoding=\"async\" src=\"https:\/\/i0.wp.com\/ae01.alicdn.com\/kf\/Sa69f34c38a0f409e984e10a979c61f175.jpg?w=1200&#038;ssl=1\" \/><img data-recalc-dims=\"1\" decoding=\"async\" src=\"https:\/\/i0.wp.com\/ae01.alicdn.com\/kf\/Sa98a9488940a4b81b94d6209a880545bX.jpg?w=1200&#038;ssl=1\" \/><img data-recalc-dims=\"1\" decoding=\"async\" src=\"https:\/\/i0.wp.com\/ae01.alicdn.com\/kf\/S1a5d1119447d40998c7f2f851655d841W.jpg?w=1200&#038;ssl=1\" \/><img data-recalc-dims=\"1\" decoding=\"async\" src=\"https:\/\/i0.wp.com\/ae01.alicdn.com\/kf\/Sa038863ab80f4dc996a8562f4e27d7feC.jpg?w=1200&#038;ssl=1\" \/><img data-recalc-dims=\"1\" decoding=\"async\" src=\"https:\/\/i0.wp.com\/ae01.alicdn.com\/kf\/S42c72c5e74064574ad032acbf6261b2dc.jpg?w=1200&#038;ssl=1\" \/><img data-recalc-dims=\"1\" decoding=\"async\" src=\"https:\/\/i0.wp.com\/ae01.alicdn.com\/kf\/S4406eb56e550429186e3f5ce9e7dd554E.jpg?w=1200&#038;ssl=1\" \/><img data-recalc-dims=\"1\" decoding=\"async\" src=\"https:\/\/i0.wp.com\/ae01.alicdn.com\/kf\/S10566ccdc3a44686b424ca056d0e2d89x.jpg?w=1200&#038;ssl=1\" \/><img data-recalc-dims=\"1\" decoding=\"async\" src=\"https:\/\/i0.wp.com\/ae01.alicdn.com\/kf\/S449a76a3a91d4f79889063198e5a29dbx.jpg?w=1200&#038;ssl=1\" \/><img data-recalc-dims=\"1\" decoding=\"async\" src=\"https:\/\/i0.wp.com\/ae01.alicdn.com\/kf\/Sd1066b8bc3a34209ace8ad52d26e91b10.jpg?w=1200&#038;ssl=1\" \/><img data-recalc-dims=\"1\" decoding=\"async\" src=\"https:\/\/i0.wp.com\/ae01.alicdn.com\/kf\/Sd41330ad60aa4a67ba569486982f7f440.jpg?w=1200&#038;ssl=1\" \/><img data-recalc-dims=\"1\" decoding=\"async\" src=\"https:\/\/i0.wp.com\/ae01.alicdn.com\/kf\/S1192b451384a4eb99fe3ae0ecbc440e6U.jpg?w=1200&#038;ssl=1\" \/><img data-recalc-dims=\"1\" decoding=\"async\" src=\"https:\/\/i0.wp.com\/ae01.alicdn.com\/kf\/S3afad9fb285d4e8d91171fbf80b1bf26t.jpg?w=1200&#038;ssl=1\" \/><img data-recalc-dims=\"1\" decoding=\"async\" src=\"https:\/\/i0.wp.com\/ae01.alicdn.com\/kf\/S9acc54a2781340e59bb85eb45f61df8dI.jpg?w=1200&#038;ssl=1\" \/><img data-recalc-dims=\"1\" decoding=\"async\" src=\"https:\/\/i0.wp.com\/ae01.alicdn.com\/kf\/S267922bafad44b968ed4f7477573a292F.jpg?w=1200&#038;ssl=1\" \/><img data-recalc-dims=\"1\" decoding=\"async\" src=\"https:\/\/i0.wp.com\/ae01.alicdn.com\/kf\/Sc321a56086d0456aa9215d97f3fb2970U.jpg?w=1200&#038;ssl=1\" \/><img data-recalc-dims=\"1\" decoding=\"async\" src=\"https:\/\/i0.wp.com\/ae01.alicdn.com\/kf\/S0f71fb6c2a384df79a72c5eba249e091f.jpg?w=1200&#038;ssl=1\" \/><img data-recalc-dims=\"1\" decoding=\"async\" src=\"https:\/\/i0.wp.com\/ae01.alicdn.com\/kf\/S6b1c545d51ee4b0a8fb772596fef8c50I.jpg?w=1200&#038;ssl=1\" \/><img data-recalc-dims=\"1\" decoding=\"async\" src=\"https:\/\/i0.wp.com\/ae01.alicdn.com\/kf\/S9a5dc396261d4c64b2475de62b2dcc43d.jpg?w=1200&#038;ssl=1\" \/><img data-recalc-dims=\"1\" decoding=\"async\" src=\"https:\/\/i0.wp.com\/ae01.alicdn.com\/kf\/S1ff54a59721340c8ab16db1b37f16bbaZ.jpg?w=1200&#038;ssl=1\" \/><img data-recalc-dims=\"1\" decoding=\"async\" src=\"https:\/\/i0.wp.com\/ae01.alicdn.com\/kf\/S3867da31a78f4db69bcb2450aaf0a156R.jpg?w=1200&#038;ssl=1\" \/><img data-recalc-dims=\"1\" decoding=\"async\" src=\"https:\/\/i0.wp.com\/ae01.alicdn.com\/kf\/S3a244f85fd9945fc8241172a58b4c421F.jpg?w=1200&#038;ssl=1\" \/><img data-recalc-dims=\"1\" decoding=\"async\" src=\"https:\/\/i0.wp.com\/ae01.alicdn.com\/kf\/S449ab8f4df9e470e8a65736ef6e70af6n.jpg?w=1200&#038;ssl=1\" \/><img data-recalc-dims=\"1\" decoding=\"async\" src=\"https:\/\/i0.wp.com\/ae01.alicdn.com\/kf\/S5be2cca1b0274ef4827b704434f974f7r.jpg?w=1200&#038;ssl=1\" \/><img data-recalc-dims=\"1\" decoding=\"async\" src=\"https:\/\/i0.wp.com\/ae01.alicdn.com\/kf\/Sd8bc2dfc27974c6fab1ed377b9894e34k.jpg?w=1200&#038;ssl=1\" \/><img data-recalc-dims=\"1\" decoding=\"async\" src=\"https:\/\/i0.wp.com\/ae01.alicdn.com\/kf\/Sff66d58b48ec4ebc83f52ad517f091a13.jpg?w=1200&#038;ssl=1\" \/><\/p>\n<\/p><\/div>\n<div>\n   \n  <\/div>\n<\/p><\/div>\n<\/div>\n<p><\/p>\n<\/div>\n<\/div>\n","protected":false},"excerpt":{"rendered":"<p>Mini aspirador de p&oacute; port&aacute;til sem fio, limpador port&aacute;til para eletrodom&eacute;sticos, m&aacute;quina de limpeza potente, limpador de teclado \u3010Vers&atilde;o b&aacute;sica\u3011 [Material do produto]: ABS [Motor]: Motor comum [Grau de v&aacute;cuo]: 8000PA [Velocidade nominal]: 15500 rpm [Capacidade da bateria de l&iacute;tio]: 2*2000mAh [Modo de carregamento]: linha de carregamento tipo C [Ru&iacute;do]: \u2264 52dB [Temperatura de opera&ccedil;&atilde;o]:&hellip;&nbsp;<\/p>\n","protected":false},"featured_media":36580,"template":"","meta":{"neve_meta_sidebar":"","neve_meta_container":"","neve_meta_enable_content_width":"","neve_meta_content_width":0,"neve_meta_title_alignment":"","neve_meta_author_avatar":"","neve_post_elements_order":"","neve_meta_disable_header":"","neve_meta_disable_footer":"","neve_meta_disable_title":""},"product_brand":[],"product_cat":[153,20,17],"product_tag":[],"class_list":{"0":"post-36586","1":"product","2":"type-product","3":"status-publish","4":"has-post-thumbnail","6":"product_cat-aparelhos-eletricos-para-carro","7":"product_cat-eletronicos-automotivos","8":"product_cat-pecas-e-acessorios-automotivos","10":"first","11":"instock","12":"shipping-taxable","13":"purchasable","14":"product-type-variable","15":"has-default-attributes"},"jetpack_sharing_enabled":true,"_links":{"self":[{"href":"https:\/\/listman.shop\/autoparts-br\/wp-json\/wp\/v2\/product\/36586","targetHints":{"allow":["GET"]}}],"collection":[{"href":"https:\/\/listman.shop\/autoparts-br\/wp-json\/wp\/v2\/product"}],"about":[{"href":"https:\/\/listman.shop\/autoparts-br\/wp-json\/wp\/v2\/types\/product"}],"wp:featuredmedia":[{"embeddable":true,"href":"https:\/\/listman.shop\/autoparts-br\/wp-json\/wp\/v2\/media\/36580"}],"wp:attachment":[{"href":"https:\/\/listman.shop\/autoparts-br\/wp-json\/wp\/v2\/media?parent=36586"}],"wp:term":[{"taxonomy":"product_brand","embeddable":true,"href":"https:\/\/listman.shop\/autoparts-br\/wp-json\/wp\/v2\/product_brand?post=36586"},{"taxonomy":"product_cat","embeddable":true,"href":"https:\/\/listman.shop\/autoparts-br\/wp-json\/wp\/v2\/product_cat?post=36586"},{"taxonomy":"product_tag","embeddable":true,"href":"https:\/\/listman.shop\/autoparts-br\/wp-json\/wp\/v2\/product_tag?post=36586"}],"curies":[{"name":"wp","href":"https:\/\/api.w.org\/{rel}","templated":true}]}}