{"id":36807,"date":"2025-03-23T00:50:52","date_gmt":"2025-03-22T15:50:52","guid":{"rendered":"https:\/\/listman.shop\/autoparts-br\/product\/1005006381061850\/"},"modified":"2026-04-14T12:04:08","modified_gmt":"2026-04-14T03:04:08","slug":"1005006381061850","status":"publish","type":"product","link":"https:\/\/listman.shop\/autoparts-br\/product\/1005006381061850\/","title":{"rendered":"Szuk 18000pa aspirador de p\u00f3 carro mini espanador port\u00e1til m\u00e1quina limpeza aparelho dom\u00e9stico poderoso aspirador sem fio"},"content":{"rendered":"<div class=\"detailmodule_html\">\n<div class=\"detail-desc-decorate-richtext\">\n<p><\/p>\n<div>\n<p style=\"font-family:OpenSans;font-size:20px;font-weight:900;line-height:28px;white-space:pre-wrap;margin-bottom:12px\" class=\"detail-desc-decorate-title\"><span style=\"font-size:16px;font-family:arial, helvetica, sans-serif\" id=\"tl_1\">Introduction<\/span><\/p>\n<\/div>\n<div>\n<p style=\"font-size:13px\"><span style=\"font-size:16px;font-family:arial, helvetica, sans-serif\" id=\"tl_2\">[Product Name]: Handheld Vehicle Vacuum Cleaner<\/p>\n<p>[Product functions]:mainly cleaning cars, vacuuming, blowing dust, blowing balloons and so on<\/span><\/p>\n<\/div>\n<div>\n<p style=\"font-family:OpenSans;font-size:20px;font-weight:900;line-height:28px;white-space:pre-wrap;margin-bottom:12px\" class=\"detail-desc-decorate-title\"><span style=\"font-size:16px;font-family:arial, helvetica, sans-serif\" id=\"tl_3\">Version introduction<\/span><\/p>\n<\/div>\n<div>\n<p style=\"font-size:16px\"><span style=\"font-size:16px;font-family:arial, helvetica, sans-serif\"><strong id=\"tl_4\">\u3010Updated version\u3011<\/strong><\/span><\/p>\n<p style=\"font-size:13px\"><span style=\"font-size:16px;font-family:arial, helvetica, sans-serif\" id=\"tl_5\">[Product material]: ABS<\/span><br \/><span style=\"font-size:16px;font-family:arial, helvetica, sans-serif\" id=\"tl_6\">[Motor]: New upgrated Brushless motor<br \/>[Vacuum degree]: 18000PA<\/span><span style=\"font-size:16px;font-family:arial, helvetica, sans-serif\" id=\"tl_7\"><br \/>[Rated speed]: 35500rpm<br \/>[Capacity of lithium battery]: 2 * 2000mAh<br \/>[Charging mode]: Type-C charging line<br \/>[Noise]: \u2264 52dB<br \/>[Operating temperature]: &#8211; 20 \u2103~+50 \u2103<br \/>[Package list]:<br \/>vacuum cleaner X1<br \/>Accessories X 6<br \/>Charging line X1<br \/>User manualX1<br \/>[weight]:600g<\/span><\/p>\n<div>\n   &nbsp;\n <\/div>\n<\/div>\n<div>\n<p style=\"font-size:16px\"><span style=\"font-size:16px;font-family:arial, helvetica, sans-serif\"><strong id=\"tl_8\">\ufffd\ufffd Basic versions\u3011<\/strong><\/span><\/p>\n<p style=\"font-size:13px\"><span style=\"font-size:16px;font-family:arial, helvetica, sans-serif\" id=\"tl_9\">[Product material]: ABS<\/span><br \/><span style=\"font-size:16px;font-family:arial, helvetica, sans-serif\" id=\"tl_10\">[Motor]: Ordinary motor<br \/>[Vacuum degree]: 8000PA<\/span><span style=\"font-size:16px;font-family:arial, helvetica, sans-serif\" id=\"tl_11\"><br \/>[Rated speed]: 15500rpm<br \/>[Capacity of lithium battery]: 2 * 2000mAh<br \/>[Charging mode]: Type-C charging line<br \/>[Noise]: \u2264 52dB<br \/>[Operating temperature]: &#8211; 20 \u2103~+50 \u2103<br \/>[Package list]:<br \/>vacuum cleaner X1<br \/>Accessories X 6<br \/>Charging line X1<br \/>User manualX1<br \/>[weight]:550g<\/span><\/p>\n<\/div>\n<div>\n <img data-recalc-dims=\"1\" decoding=\"async\" class=\"detail-desc-decorate-image\" src=\"https:\/\/i0.wp.com\/ae01.alicdn.com\/kf\/S4a81cc0a52c9441db397409ad981d633L.jpg?w=1200&#038;ssl=1\" \/><br \/>\n <img data-recalc-dims=\"1\" decoding=\"async\" class=\"detail-desc-decorate-image\" src=\"https:\/\/i0.wp.com\/ae01.alicdn.com\/kf\/S3fb06fdeb93f4a55a375c42f046b36cf1.jpg?w=1200&#038;ssl=1\" \/><br \/>\n <img data-recalc-dims=\"1\" decoding=\"async\" class=\"detail-desc-decorate-image\" src=\"https:\/\/i0.wp.com\/ae01.alicdn.com\/kf\/S5ae8e54db9464cddaee2edf68012978a2.jpg?w=1200&#038;ssl=1\" \/><br \/>\n <img data-recalc-dims=\"1\" decoding=\"async\" class=\"detail-desc-decorate-image\" src=\"https:\/\/i0.wp.com\/ae01.alicdn.com\/kf\/S77111363a0f2418986c6d9db6cbc3188e.jpg?w=1200&#038;ssl=1\" \/><br \/>\n <img data-recalc-dims=\"1\" decoding=\"async\" class=\"detail-desc-decorate-image\" src=\"https:\/\/i0.wp.com\/ae01.alicdn.com\/kf\/S8bf085939d4541699ff30425faba83da7.jpg?w=1200&#038;ssl=1\" \/><br \/>\n <img data-recalc-dims=\"1\" decoding=\"async\" class=\"detail-desc-decorate-image\" src=\"https:\/\/i0.wp.com\/ae01.alicdn.com\/kf\/S9d3b7ca5008b4d6f983fb7bd66845955R.jpg?w=1200&#038;ssl=1\" \/><br \/>\n <img data-recalc-dims=\"1\" decoding=\"async\" class=\"detail-desc-decorate-image\" src=\"https:\/\/i0.wp.com\/ae01.alicdn.com\/kf\/S706658dbcfbd4872ab135d5eb7110d67d.jpg?w=1200&#038;ssl=1\" \/><br \/>\n <img data-recalc-dims=\"1\" decoding=\"async\" class=\"detail-desc-decorate-image\" src=\"https:\/\/i0.wp.com\/ae01.alicdn.com\/kf\/S52e0de88af354fc7bc64bb9a8b976addB.jpg?w=1200&#038;ssl=1\" \/><br \/>\n <img data-recalc-dims=\"1\" decoding=\"async\" class=\"detail-desc-decorate-image\" src=\"https:\/\/i0.wp.com\/ae01.alicdn.com\/kf\/S36312973f5204f7cad95635875ec5d72X.jpg?w=1200&#038;ssl=1\" \/><br \/>\n <img data-recalc-dims=\"1\" decoding=\"async\" class=\"detail-desc-decorate-image\" src=\"https:\/\/i0.wp.com\/ae01.alicdn.com\/kf\/Sfa319c58c9c641d5ac01bf3a95dc93214.jpg?w=1200&#038;ssl=1\" \/>\n<\/div>\n<div>\n <img data-recalc-dims=\"1\" decoding=\"async\" class=\"detail-desc-decorate-image\" src=\"https:\/\/i0.wp.com\/ae01.alicdn.com\/kf\/Sdd3fe6f620ff41d4b5e00949e54c2cfct.jpg?w=1200&#038;ssl=1\" \/><br \/>\n <img data-recalc-dims=\"1\" decoding=\"async\" class=\"detail-desc-decorate-image\" src=\"https:\/\/i0.wp.com\/ae01.alicdn.com\/kf\/S14f113c0ad1f48f78f752866148066b8u.jpg?w=1200&#038;ssl=1\" \/><br \/>\n <img data-recalc-dims=\"1\" decoding=\"async\" class=\"detail-desc-decorate-image\" src=\"https:\/\/i0.wp.com\/ae01.alicdn.com\/kf\/S5e8bce0420d64365b972a2dc4ce26d49l.jpg?w=1200&#038;ssl=1\" \/><br \/>\n <img data-recalc-dims=\"1\" decoding=\"async\" class=\"detail-desc-decorate-image\" src=\"https:\/\/i0.wp.com\/ae01.alicdn.com\/kf\/Scec58beb7e2347dcb0cd0eb6d49a132c3.jpg?w=1200&#038;ssl=1\" \/><br \/>\n <img data-recalc-dims=\"1\" decoding=\"async\" class=\"detail-desc-decorate-image\" src=\"https:\/\/i0.wp.com\/ae01.alicdn.com\/kf\/S53175945b035465bb41e53eac6283d51g.jpg?w=1200&#038;ssl=1\" \/><br \/>\n <img data-recalc-dims=\"1\" decoding=\"async\" class=\"detail-desc-decorate-image\" src=\"https:\/\/i0.wp.com\/ae01.alicdn.com\/kf\/Sd1e2607eaea64f958dc013531a347329t.jpg?w=1200&#038;ssl=1\" \/><br \/>\n <img data-recalc-dims=\"1\" decoding=\"async\" class=\"detail-desc-decorate-image\" src=\"https:\/\/i0.wp.com\/ae01.alicdn.com\/kf\/Sed32ac9c3688488fabb4c15dd1d580b22.jpg?w=1200&#038;ssl=1\" \/><br \/>\n <img data-recalc-dims=\"1\" decoding=\"async\" class=\"detail-desc-decorate-image\" src=\"https:\/\/i0.wp.com\/ae01.alicdn.com\/kf\/S8cc2d2bf2fa8495586f53d9da212ed03h.jpg?w=1200&#038;ssl=1\" \/><br \/>\n <img data-recalc-dims=\"1\" decoding=\"async\" class=\"detail-desc-decorate-image\" src=\"https:\/\/i0.wp.com\/ae01.alicdn.com\/kf\/Sc348b78c07734b00a90db132b6ac9cc4F.jpg?w=1200&#038;ssl=1\" \/><br \/>\n <img data-recalc-dims=\"1\" decoding=\"async\" class=\"detail-desc-decorate-image\" src=\"https:\/\/i0.wp.com\/ae01.alicdn.com\/kf\/S910375972c79453aa567975391f36130w.jpg?w=1200&#038;ssl=1\" \/>\n<\/div>\n<div>\n <img data-recalc-dims=\"1\" decoding=\"async\" class=\"detail-desc-decorate-image\" src=\"https:\/\/i0.wp.com\/ae01.alicdn.com\/kf\/Sd032a7844aa6465e9addd61087a51d50w.jpg?w=1200&#038;ssl=1\" \/><br \/>\n <img data-recalc-dims=\"1\" decoding=\"async\" class=\"detail-desc-decorate-image\" src=\"https:\/\/i0.wp.com\/ae01.alicdn.com\/kf\/Sf33b136dd9fc4027850fe6dc7834db43w.jpg?w=1200&#038;ssl=1\" \/><br \/>\n <img data-recalc-dims=\"1\" decoding=\"async\" class=\"detail-desc-decorate-image\" src=\"https:\/\/i0.wp.com\/ae01.alicdn.com\/kf\/S76a7072706bb416a859ea127930d8c64d.jpg?w=1200&#038;ssl=1\" \/><br \/>\n <img data-recalc-dims=\"1\" decoding=\"async\" class=\"detail-desc-decorate-image\" src=\"https:\/\/i0.wp.com\/ae01.alicdn.com\/kf\/S5939830db39d4040b4e562b01be901dbq.jpg?w=1200&#038;ssl=1\" \/><br \/>\n <img data-recalc-dims=\"1\" decoding=\"async\" class=\"detail-desc-decorate-image\" src=\"https:\/\/i0.wp.com\/ae01.alicdn.com\/kf\/S410b15e49323433591f56102f89ceede3.jpg?w=1200&#038;ssl=1\" \/><br \/>\n <img data-recalc-dims=\"1\" decoding=\"async\" class=\"detail-desc-decorate-image\" src=\"https:\/\/i0.wp.com\/ae01.alicdn.com\/kf\/Sfe016e1724ff46848d75034fbf1241fcs.jpg?w=1200&#038;ssl=1\" \/><br \/>\n <img data-recalc-dims=\"1\" decoding=\"async\" class=\"detail-desc-decorate-image\" src=\"https:\/\/i0.wp.com\/ae01.alicdn.com\/kf\/S95bf92c7ce554069a2457e05f31fdbc4z.jpg?w=1200&#038;ssl=1\" \/><br \/>\n <img data-recalc-dims=\"1\" decoding=\"async\" class=\"detail-desc-decorate-image\" src=\"https:\/\/i0.wp.com\/ae01.alicdn.com\/kf\/Sd22bb298961146b6a11a1e88c06e3807Q.jpg?w=1200&#038;ssl=1\" \/><br \/>\n <img data-recalc-dims=\"1\" decoding=\"async\" class=\"detail-desc-decorate-image\" src=\"https:\/\/i0.wp.com\/ae01.alicdn.com\/kf\/S96b0d95aba5640e5bf16d2b0ad620d3cp.jpg?w=1200&#038;ssl=1\" \/><br \/>\n <img data-recalc-dims=\"1\" decoding=\"async\" class=\"detail-desc-decorate-image\" src=\"https:\/\/i0.wp.com\/ae01.alicdn.com\/kf\/S098b6e65ee594aa58584a66f88f74431m.jpg?w=1200&#038;ssl=1\" \/>\n<\/div>\n<div>\n <img data-recalc-dims=\"1\" decoding=\"async\" class=\"detail-desc-decorate-image\" src=\"https:\/\/i0.wp.com\/ae01.alicdn.com\/kf\/S7e56166bff23468dadd88d2de5221c81A.jpg?w=1200&#038;ssl=1\" \/><br \/>\n <img data-recalc-dims=\"1\" decoding=\"async\" class=\"detail-desc-decorate-image\" src=\"https:\/\/i0.wp.com\/ae01.alicdn.com\/kf\/Sa949d343afb443c8b285bd309bbdf93dR.jpg?w=1200&#038;ssl=1\" \/>\n<\/div>\n<div>\n <br \/> \n<\/div>\n<p id=\"tl_12\">Precautions:<\/p>\n<p id=\"tl_13\">1. Please do not use it during charging, as it may cause damage to the motor;<\/p>\n<p id=\"tl_14\">2. Please do not use water to clean the machine;<\/p>\n<p id=\"tl_15\">3. Please use the correct charging cable according to the instructions for charging;<\/p>\n<p><\/div>\n<\/div>\n<div class=\"detailmodule_html\">\n<div class=\"detail-desc-decorate-richtext\">\n<div>\n<p style=\"font-family:OpenSans;font-size:20px;font-weight:900;line-height:28px;white-space:pre-wrap;margin-bottom:12px\" class=\"detail-desc-decorate-title\"><span style=\"font-size:16px;font-family:arial, helvetica, sans-serif\">Introduction<\/span><\/p>\n<\/div>\n<div>\n<p style=\"font-size:13px\"><span style=\"font-size:16px;font-family:arial, helvetica, sans-serif\">[Product Name]: Handheld Vehicle Vacuum Cleaner<\/p>\n<p>[Product functions]:mainly cleaning cars, vacuuming, blowing dust, blowing balloons and so on<\/span><\/p>\n<\/div>\n<div>\n<p style=\"font-family:OpenSans;font-size:20px;font-weight:900;line-height:28px;white-space:pre-wrap;margin-bottom:12px\" class=\"detail-desc-decorate-title\"><span style=\"font-size:16px;font-family:arial, helvetica, sans-serif\">Version introduction<\/span><\/p>\n<\/div>\n<div>\n<p style=\"font-size:16px\"><span style=\"font-size:16px;font-family:arial, helvetica, sans-serif\"><strong>\u3010Updated version\u3011<\/strong><\/span><\/p>\n<p style=\"font-size:13px\"><span style=\"font-size:16px;font-family:arial, helvetica, sans-serif\">[Product material]: ABS<\/span><br \/><span style=\"font-size:16px;font-family:arial, helvetica, sans-serif\">[Motor]: New upgrated Brushless motor<br \/>[Vacuum degree]: 18000PA<\/span><span style=\"font-size:16px;font-family:arial, helvetica, sans-serif\"><br \/>[Rated speed]: 35500rpm<br \/>[Capacity of lithium battery]: 2 * 2000mAh<br \/>[Charging mode]: Type-C charging line<br \/>[Noise]: \u2264 52dB<br \/>[Operating temperature]: &#8211; 20 \u2103~+50 \u2103<br \/>[Package list]:<br \/>vacuum cleaner X1<br \/>Accessories X 6<br \/>Charging line X1<br \/>User manualX1<br \/>[weight]:600g<\/span><\/p>\n<div>\n  &nbsp;\n <\/div>\n<\/div>\n<div>\n<p style=\"font-size:16px\"><span style=\"font-size:16px;font-family:arial, helvetica, sans-serif\"><strong>\ufffd\ufffd Basic versions\u3011<\/strong><\/span><\/p>\n<p style=\"font-size:13px\"><span style=\"font-size:16px;font-family:arial, helvetica, sans-serif\">[Product material]: ABS<\/span><br \/><span style=\"font-size:16px;font-family:arial, helvetica, sans-serif\">[Motor]: Ordinary motor<br \/>[Vacuum degree]: 8000PA<\/span><span style=\"font-size:16px;font-family:arial, helvetica, sans-serif\"><br \/>[Rated speed]: 15500rpm<br \/>[Capacity of lithium battery]: 2 * 2000mAh<br \/>[Charging mode]: Type-C charging line<br \/>[Noise]: \u2264 52dB<br \/>[Operating temperature]: &#8211; 20 \u2103~+50 \u2103<br \/>[Package list]:<br \/>vacuum cleaner X1<br \/>Accessories X 6<br \/>Charging line X1<br \/>User manualX1<br \/>[weight]:550g<\/span><\/p>\n<\/div>\n<div>\n <img data-recalc-dims=\"1\" decoding=\"async\" class=\"detail-desc-decorate-image\" src=\"https:\/\/i0.wp.com\/ae01.alicdn.com\/kf\/S4a81cc0a52c9441db397409ad981d633L.jpg?w=1200&#038;ssl=1\" \/><br \/>\n <img data-recalc-dims=\"1\" decoding=\"async\" class=\"detail-desc-decorate-image\" src=\"https:\/\/i0.wp.com\/ae01.alicdn.com\/kf\/S3fb06fdeb93f4a55a375c42f046b36cf1.jpg?w=1200&#038;ssl=1\" \/><br \/>\n <img data-recalc-dims=\"1\" decoding=\"async\" class=\"detail-desc-decorate-image\" src=\"https:\/\/i0.wp.com\/ae01.alicdn.com\/kf\/S5ae8e54db9464cddaee2edf68012978a2.jpg?w=1200&#038;ssl=1\" \/><br \/>\n <img data-recalc-dims=\"1\" decoding=\"async\" class=\"detail-desc-decorate-image\" src=\"https:\/\/i0.wp.com\/ae01.alicdn.com\/kf\/S77111363a0f2418986c6d9db6cbc3188e.jpg?w=1200&#038;ssl=1\" \/><br \/>\n <img data-recalc-dims=\"1\" decoding=\"async\" class=\"detail-desc-decorate-image\" src=\"https:\/\/i0.wp.com\/ae01.alicdn.com\/kf\/S8bf085939d4541699ff30425faba83da7.jpg?w=1200&#038;ssl=1\" \/><br \/>\n <img data-recalc-dims=\"1\" decoding=\"async\" class=\"detail-desc-decorate-image\" src=\"https:\/\/i0.wp.com\/ae01.alicdn.com\/kf\/S9d3b7ca5008b4d6f983fb7bd66845955R.jpg?w=1200&#038;ssl=1\" \/><br \/>\n <img data-recalc-dims=\"1\" decoding=\"async\" class=\"detail-desc-decorate-image\" src=\"https:\/\/i0.wp.com\/ae01.alicdn.com\/kf\/S706658dbcfbd4872ab135d5eb7110d67d.jpg?w=1200&#038;ssl=1\" \/><br \/>\n <img data-recalc-dims=\"1\" decoding=\"async\" class=\"detail-desc-decorate-image\" src=\"https:\/\/i0.wp.com\/ae01.alicdn.com\/kf\/S52e0de88af354fc7bc64bb9a8b976addB.jpg?w=1200&#038;ssl=1\" \/><br \/>\n <img data-recalc-dims=\"1\" decoding=\"async\" class=\"detail-desc-decorate-image\" src=\"https:\/\/i0.wp.com\/ae01.alicdn.com\/kf\/S36312973f5204f7cad95635875ec5d72X.jpg?w=1200&#038;ssl=1\" \/><br \/>\n <img data-recalc-dims=\"1\" decoding=\"async\" class=\"detail-desc-decorate-image\" src=\"https:\/\/i0.wp.com\/ae01.alicdn.com\/kf\/Sfa319c58c9c641d5ac01bf3a95dc93214.jpg?w=1200&#038;ssl=1\" \/>\n<\/div>\n<div>\n <img data-recalc-dims=\"1\" decoding=\"async\" class=\"detail-desc-decorate-image\" src=\"https:\/\/i0.wp.com\/ae01.alicdn.com\/kf\/Sdd3fe6f620ff41d4b5e00949e54c2cfct.jpg?w=1200&#038;ssl=1\" \/><br \/>\n <img data-recalc-dims=\"1\" decoding=\"async\" class=\"detail-desc-decorate-image\" src=\"https:\/\/i0.wp.com\/ae01.alicdn.com\/kf\/S14f113c0ad1f48f78f752866148066b8u.jpg?w=1200&#038;ssl=1\" \/><br \/>\n <img data-recalc-dims=\"1\" decoding=\"async\" class=\"detail-desc-decorate-image\" src=\"https:\/\/i0.wp.com\/ae01.alicdn.com\/kf\/S5e8bce0420d64365b972a2dc4ce26d49l.jpg?w=1200&#038;ssl=1\" \/><br \/>\n <img data-recalc-dims=\"1\" decoding=\"async\" class=\"detail-desc-decorate-image\" src=\"https:\/\/i0.wp.com\/ae01.alicdn.com\/kf\/Scec58beb7e2347dcb0cd0eb6d49a132c3.jpg?w=1200&#038;ssl=1\" \/><br \/>\n <img data-recalc-dims=\"1\" decoding=\"async\" class=\"detail-desc-decorate-image\" src=\"https:\/\/i0.wp.com\/ae01.alicdn.com\/kf\/S53175945b035465bb41e53eac6283d51g.jpg?w=1200&#038;ssl=1\" \/><br \/>\n <img data-recalc-dims=\"1\" decoding=\"async\" class=\"detail-desc-decorate-image\" src=\"https:\/\/i0.wp.com\/ae01.alicdn.com\/kf\/Sd1e2607eaea64f958dc013531a347329t.jpg?w=1200&#038;ssl=1\" \/><br \/>\n <img data-recalc-dims=\"1\" decoding=\"async\" class=\"detail-desc-decorate-image\" src=\"https:\/\/i0.wp.com\/ae01.alicdn.com\/kf\/Sed32ac9c3688488fabb4c15dd1d580b22.jpg?w=1200&#038;ssl=1\" \/><br \/>\n <img data-recalc-dims=\"1\" decoding=\"async\" class=\"detail-desc-decorate-image\" src=\"https:\/\/i0.wp.com\/ae01.alicdn.com\/kf\/S8cc2d2bf2fa8495586f53d9da212ed03h.jpg?w=1200&#038;ssl=1\" \/><br \/>\n <img data-recalc-dims=\"1\" decoding=\"async\" class=\"detail-desc-decorate-image\" src=\"https:\/\/i0.wp.com\/ae01.alicdn.com\/kf\/Sc348b78c07734b00a90db132b6ac9cc4F.jpg?w=1200&#038;ssl=1\" \/><br \/>\n <img data-recalc-dims=\"1\" decoding=\"async\" class=\"detail-desc-decorate-image\" src=\"https:\/\/i0.wp.com\/ae01.alicdn.com\/kf\/S910375972c79453aa567975391f36130w.jpg?w=1200&#038;ssl=1\" \/>\n<\/div>\n<div>\n <img data-recalc-dims=\"1\" decoding=\"async\" class=\"detail-desc-decorate-image\" src=\"https:\/\/i0.wp.com\/ae01.alicdn.com\/kf\/Sd032a7844aa6465e9addd61087a51d50w.jpg?w=1200&#038;ssl=1\" \/><br \/>\n <img data-recalc-dims=\"1\" decoding=\"async\" class=\"detail-desc-decorate-image\" src=\"https:\/\/i0.wp.com\/ae01.alicdn.com\/kf\/Sf33b136dd9fc4027850fe6dc7834db43w.jpg?w=1200&#038;ssl=1\" \/><br \/>\n <img data-recalc-dims=\"1\" decoding=\"async\" class=\"detail-desc-decorate-image\" src=\"https:\/\/i0.wp.com\/ae01.alicdn.com\/kf\/S76a7072706bb416a859ea127930d8c64d.jpg?w=1200&#038;ssl=1\" \/><br \/>\n <img data-recalc-dims=\"1\" decoding=\"async\" class=\"detail-desc-decorate-image\" src=\"https:\/\/i0.wp.com\/ae01.alicdn.com\/kf\/S5939830db39d4040b4e562b01be901dbq.jpg?w=1200&#038;ssl=1\" \/><br \/>\n <img data-recalc-dims=\"1\" decoding=\"async\" class=\"detail-desc-decorate-image\" src=\"https:\/\/i0.wp.com\/ae01.alicdn.com\/kf\/S410b15e49323433591f56102f89ceede3.jpg?w=1200&#038;ssl=1\" \/><br \/>\n <img data-recalc-dims=\"1\" decoding=\"async\" class=\"detail-desc-decorate-image\" src=\"https:\/\/i0.wp.com\/ae01.alicdn.com\/kf\/Sfe016e1724ff46848d75034fbf1241fcs.jpg?w=1200&#038;ssl=1\" \/><br \/>\n <img data-recalc-dims=\"1\" decoding=\"async\" class=\"detail-desc-decorate-image\" src=\"https:\/\/i0.wp.com\/ae01.alicdn.com\/kf\/S95bf92c7ce554069a2457e05f31fdbc4z.jpg?w=1200&#038;ssl=1\" \/><br \/>\n <img data-recalc-dims=\"1\" decoding=\"async\" class=\"detail-desc-decorate-image\" src=\"https:\/\/i0.wp.com\/ae01.alicdn.com\/kf\/Sd22bb298961146b6a11a1e88c06e3807Q.jpg?w=1200&#038;ssl=1\" \/><br \/>\n <img data-recalc-dims=\"1\" decoding=\"async\" class=\"detail-desc-decorate-image\" src=\"https:\/\/i0.wp.com\/ae01.alicdn.com\/kf\/S96b0d95aba5640e5bf16d2b0ad620d3cp.jpg?w=1200&#038;ssl=1\" \/><br \/>\n <img data-recalc-dims=\"1\" decoding=\"async\" class=\"detail-desc-decorate-image\" src=\"https:\/\/i0.wp.com\/ae01.alicdn.com\/kf\/S098b6e65ee594aa58584a66f88f74431m.jpg?w=1200&#038;ssl=1\" \/>\n<\/div>\n<div>\n <img data-recalc-dims=\"1\" decoding=\"async\" class=\"detail-desc-decorate-image\" src=\"https:\/\/i0.wp.com\/ae01.alicdn.com\/kf\/S7e56166bff23468dadd88d2de5221c81A.jpg?w=1200&#038;ssl=1\" \/><br \/>\n <img data-recalc-dims=\"1\" decoding=\"async\" class=\"detail-desc-decorate-image\" src=\"https:\/\/i0.wp.com\/ae01.alicdn.com\/kf\/Sa949d343afb443c8b285bd309bbdf93dR.jpg?w=1200&#038;ssl=1\" \/>\n<\/div>\n<div>\n \n<\/div>\n<\/div>\n<\/div>\n<div class=\"detailmodule_html\">\n<div class=\"detail-desc-decorate-richtext\">\n<p>Precautions:<\/p>\n<p>1. Please do not use it during charging, as it may cause damage to the motor;<\/p>\n<p>2. Please do not use water to clean the machine;<\/p>\n<p>3. Please use the correct charging cable according to the instructions for charging;<\/p>\n<\/div>\n<\/div>\n","protected":false},"excerpt":{"rendered":"<p>Introduction [Product Name]: Handheld Vehicle Vacuum Cleaner [Product functions]:mainly cleaning cars, vacuuming, blowing dust, blowing balloons and so on Version introduction \u3010Updated version\u3011 [Product material]: ABS[Motor]: New upgrated Brushless motor[Vacuum degree]: 18000PA[Rated speed]: 35500rpm[Capacity of lithium battery]: 2 * 2000mAh[Charging mode]: Type-C charging line[Noise]: \u2264 52dB[Operating temperature]: &#8211; 20 \u2103~+50 \u2103[Package list]:vacuum cleaner X1Accessories X&hellip;&nbsp;<\/p>\n","protected":false},"featured_media":36801,"template":"","meta":{"neve_meta_sidebar":"","neve_meta_container":"","neve_meta_enable_content_width":"","neve_meta_content_width":0,"neve_meta_title_alignment":"","neve_meta_author_avatar":"","neve_post_elements_order":"","neve_meta_disable_header":"","neve_meta_disable_footer":"","neve_meta_disable_title":""},"product_brand":[],"product_cat":[153,20,17],"product_tag":[],"class_list":{"0":"post-36807","1":"product","2":"type-product","3":"status-publish","4":"has-post-thumbnail","6":"product_cat-aparelhos-eletricos-para-carro","7":"product_cat-eletronicos-automotivos","8":"product_cat-pecas-e-acessorios-automotivos","10":"first","11":"instock","12":"shipping-taxable","13":"purchasable","14":"product-type-variable","15":"has-default-attributes"},"jetpack_sharing_enabled":true,"_links":{"self":[{"href":"https:\/\/listman.shop\/autoparts-br\/wp-json\/wp\/v2\/product\/36807","targetHints":{"allow":["GET"]}}],"collection":[{"href":"https:\/\/listman.shop\/autoparts-br\/wp-json\/wp\/v2\/product"}],"about":[{"href":"https:\/\/listman.shop\/autoparts-br\/wp-json\/wp\/v2\/types\/product"}],"wp:featuredmedia":[{"embeddable":true,"href":"https:\/\/listman.shop\/autoparts-br\/wp-json\/wp\/v2\/media\/36801"}],"wp:attachment":[{"href":"https:\/\/listman.shop\/autoparts-br\/wp-json\/wp\/v2\/media?parent=36807"}],"wp:term":[{"taxonomy":"product_brand","embeddable":true,"href":"https:\/\/listman.shop\/autoparts-br\/wp-json\/wp\/v2\/product_brand?post=36807"},{"taxonomy":"product_cat","embeddable":true,"href":"https:\/\/listman.shop\/autoparts-br\/wp-json\/wp\/v2\/product_cat?post=36807"},{"taxonomy":"product_tag","embeddable":true,"href":"https:\/\/listman.shop\/autoparts-br\/wp-json\/wp\/v2\/product_tag?post=36807"}],"curies":[{"name":"wp","href":"https:\/\/api.w.org\/{rel}","templated":true}]}}