{"id":36843,"date":"2025-03-23T00:52:20","date_gmt":"2025-03-22T15:52:20","guid":{"rendered":"https:\/\/listman.shop\/autoparts-br\/product\/1005006445300285\/"},"modified":"2026-04-14T12:21:25","modified_gmt":"2026-04-14T03:21:25","slug":"1005006445300285","status":"publish","type":"product","link":"https:\/\/listman.shop\/autoparts-br\/product\/1005006445300285\/","title":{"rendered":"10.36 Polegada tela carro\/rv\/\u00f4nibus\/caminh\u00e3o sistema de monitor ahd 1080p ve\u00edculo c\u00e2mera 4 canais vis\u00e3o noturna invertendo gravador estacionamento"},"content":{"rendered":"<div class=\"detailmodule_html\">\n<div class=\"detail-desc-decorate-richtext\">\n<div class=\"detailmodule_html\">\n<div class=\"detail-desc-decorate-richtext\">\n<div id=\"tl_1\">\n   <span style=\"font-size:18px\">Descri&ccedil;&atilde;o:<\/span><br \/>\n   <br \/>12-36v para caminh&atilde;o motorhome trailer &ocirc;nibus van caravana trailer cavalo flutuante, etc. <\/p>\n<p>Alarme de voz de detec&ccedil;&atilde;o de ponto cego inteligente BSD<br \/>\n   <br \/>\ufffd\ufffdO monitor possui um chip de controle principal inteligente com IA de alto poder de computa&ccedil;&atilde;o integrado e uma placa-m&atilde;e fotossens&iacute;vel AHD de alta defini&ccedil;&atilde;o com ampla faixa din&acirc;mica, que pode monitorar e identificar o risco de revers&atilde;o nas informa&ccedil;&otilde;es de objetos em movimento na imagem de sa&iacute;da, melhorando significativamente a seguran&ccedil;a ao dirigir. <\/p>\n<p>\ufffd\ufffd4x C&acirc;meras de R&eacute; 4PIN 360&deg; de Alta Resist&ecirc;ncia 1080P Frontal\/Lateral\/Traseira com Vis&atilde;o Noturna IR LED, IP68 &agrave; Prova d&#8217;&Aacute;gua e Antichoque<br \/>\n   <br \/>3x Cabos de Extens&atilde;o de 5M + 1x Cabo de 15M com 4 PINOS &#8211; Fio com Blindagem Dupla &#8211; Sem interfer&ecirc;ncia para Sinal de V&iacute;deo e &Aacute;udio &#8211; Garante uma imagem est&aacute;vel<br \/>\n   <br \/>Principais Caracter&iacute;sticas: <\/p>\n<p>\ufffd\ufffdDVR 1080P integrado para grava&ccedil;&atilde;o de v&iacute;deo<br \/>\n   <br \/>Este monitor suporta no m&aacute;ximo 4 conex&otilde;es de c&acirc;meras para monitoramento frontal\/lateral\/traseiro de 360 \u200b\u200bgraus <\/p>\n<p>\ufffd\ufffdDetec&ccedil;&atilde;o de pedestres integrada e fun&ccedil;&atilde;o inteligente de IA anti-roubo de &oacute;leo<br \/>\n   <br \/>Essas 4 c&acirc;meras 1080P est&atilde;o detectando e capturando objetos em movimento e pedestres, e o alarme alertar&aacute; alto para avisar o motorista e o pedestre para ficarem longe do carro.Garante a seguran&ccedil;a do ve&iacute;culo e dos pedestres. <\/p>\n<p>\ufffd\ufffd10 modos de exibi&ccedil;&atilde;o<br \/>\n   <br \/>Voc&ecirc; pode escolher os modos de exibi&ccedil;&atilde;o em tela dividida 4\/3\/2\/tela inteira para atender aos seus diferentes &acirc;ngulos de vis&atilde;o. <\/p>\n<p>\ufffd\ufffdPorta USB integrada e reprodu&ccedil;&atilde;o de &aacute;udio e v&iacute;deo MP5<br \/>\n   <br \/>Mp5 Video Music torna a condu&ccedil;&atilde;o longe de ser chata. <\/p>\n<p>\ufffd\ufffdAjuste de Linhas de Corte<br \/>\n   <br \/>Voc&ecirc; pode ajustar a altura\/largura\/comprimento das linhas de grade de estacionamento. A diretriz pode ser ativada\/desativada na tela.\n  <\/div>\n<p style=\"text-align:left;margin:0px;margin-bottom:0px;margin-top:0px;margin-left:0px;margin-right:0px\" align=\"left\"><img data-recalc-dims=\"1\" decoding=\"async\" src=\"https:\/\/i0.wp.com\/ae01.alicdn.com\/kf\/Sc16621118b714968b333c4df97104093C.jpg?w=1200&#038;ssl=1\" \/><img data-recalc-dims=\"1\" decoding=\"async\" src=\"https:\/\/i0.wp.com\/ae01.alicdn.com\/kf\/Sb173fd3a0c3a49cd829a68dbb5df43cd9.jpg?w=1200&#038;ssl=1\" \/><img data-recalc-dims=\"1\" decoding=\"async\" src=\"https:\/\/i0.wp.com\/ae01.alicdn.com\/kf\/S1e528574aa4f42738b87bf7d6a08e110Y.jpg?w=1200&#038;ssl=1\" \/><img data-recalc-dims=\"1\" decoding=\"async\" src=\"https:\/\/i0.wp.com\/ae01.alicdn.com\/kf\/S2f6069f6a45249279ac07e722c2e12b0S.jpg?w=1200&#038;ssl=1\" \/><img data-recalc-dims=\"1\" decoding=\"async\" src=\"https:\/\/i0.wp.com\/ae01.alicdn.com\/kf\/S20c7e97086624e4daf209a3ab2454f72M.jpg?w=1200&#038;ssl=1\" \/><img data-recalc-dims=\"1\" decoding=\"async\" src=\"https:\/\/i0.wp.com\/ae01.alicdn.com\/kf\/Sa83c5d722845477d9cebfc2ed16783dda.jpg?w=1200&#038;ssl=1\" \/><img data-recalc-dims=\"1\" decoding=\"async\" src=\"https:\/\/i0.wp.com\/ae01.alicdn.com\/kf\/S13ba2cafa0804cabac071f0e460466c1J.jpg?w=1200&#038;ssl=1\" \/><img data-recalc-dims=\"1\" decoding=\"async\" src=\"https:\/\/i0.wp.com\/ae01.alicdn.com\/kf\/Sa2427c0c4d10480b90be71aa242a91beY.jpg?w=1200&#038;ssl=1\" \/><img data-recalc-dims=\"1\" decoding=\"async\" src=\"https:\/\/i0.wp.com\/ae01.alicdn.com\/kf\/Saa8ac0ea33f64bdc9fe5034473135606g.jpg?w=1200&#038;ssl=1\" \/><img data-recalc-dims=\"1\" decoding=\"async\" src=\"https:\/\/i0.wp.com\/ae01.alicdn.com\/kf\/S9224c2d14d36429bac89a27835c9a9e2P.jpg?w=1200&#038;ssl=1\" \/><img data-recalc-dims=\"1\" decoding=\"async\" src=\"https:\/\/i0.wp.com\/ae01.alicdn.com\/kf\/S4ee7cf50831b43eca33af84417b865ccG.jpg?w=1200&#038;ssl=1\" \/><img data-recalc-dims=\"1\" decoding=\"async\" src=\"https:\/\/i0.wp.com\/ae01.alicdn.com\/kf\/Sf69824f3d89a41e5a29755226c18fbd9h.jpg?w=1200&#038;ssl=1\" \/><\/p>\n<div>\n   \n  <\/div>\n<\/p><\/div>\n<\/div>\n<p><\/div>\n<\/div>\n","protected":false},"excerpt":{"rendered":"<p>Descri&ccedil;&atilde;o: 12-36v para caminh&atilde;o motorhome trailer &ocirc;nibus van caravana trailer cavalo flutuante, etc. Alarme de voz de detec&ccedil;&atilde;o de ponto cego inteligente BSD \ufffd\ufffdO monitor possui um chip de controle principal inteligente com IA de alto poder de computa&ccedil;&atilde;o integrado e uma placa-m&atilde;e fotossens&iacute;vel AHD de alta defini&ccedil;&atilde;o com ampla faixa din&acirc;mica, que pode monitorar&hellip;&nbsp;<\/p>\n","protected":false},"featured_media":36837,"template":"","meta":{"neve_meta_sidebar":"","neve_meta_container":"","neve_meta_enable_content_width":"","neve_meta_content_width":0,"neve_meta_title_alignment":"","neve_meta_author_avatar":"","neve_post_elements_order":"","neve_meta_disable_header":"","neve_meta_disable_footer":"","neve_meta_disable_title":""},"product_brand":[],"product_cat":[40,20,17],"product_tag":[],"class_list":{"0":"post-36843","1":"product","2":"type-product","3":"status-publish","4":"has-post-thumbnail","6":"product_cat-dvr-para-carro","7":"product_cat-eletronicos-automotivos","8":"product_cat-pecas-e-acessorios-automotivos","10":"first","11":"instock","12":"shipping-taxable","13":"purchasable","14":"product-type-variable","15":"has-default-attributes"},"jetpack_sharing_enabled":true,"_links":{"self":[{"href":"https:\/\/listman.shop\/autoparts-br\/wp-json\/wp\/v2\/product\/36843","targetHints":{"allow":["GET"]}}],"collection":[{"href":"https:\/\/listman.shop\/autoparts-br\/wp-json\/wp\/v2\/product"}],"about":[{"href":"https:\/\/listman.shop\/autoparts-br\/wp-json\/wp\/v2\/types\/product"}],"wp:featuredmedia":[{"embeddable":true,"href":"https:\/\/listman.shop\/autoparts-br\/wp-json\/wp\/v2\/media\/36837"}],"wp:attachment":[{"href":"https:\/\/listman.shop\/autoparts-br\/wp-json\/wp\/v2\/media?parent=36843"}],"wp:term":[{"taxonomy":"product_brand","embeddable":true,"href":"https:\/\/listman.shop\/autoparts-br\/wp-json\/wp\/v2\/product_brand?post=36843"},{"taxonomy":"product_cat","embeddable":true,"href":"https:\/\/listman.shop\/autoparts-br\/wp-json\/wp\/v2\/product_cat?post=36843"},{"taxonomy":"product_tag","embeddable":true,"href":"https:\/\/listman.shop\/autoparts-br\/wp-json\/wp\/v2\/product_tag?post=36843"}],"curies":[{"name":"wp","href":"https:\/\/api.w.org\/{rel}","templated":true}]}}