{"id":36940,"date":"2025-03-23T00:54:48","date_gmt":"2025-03-22T15:54:48","guid":{"rendered":"https:\/\/listman.shop\/autoparts-br\/product\/1005006524619033\/"},"modified":"2026-04-14T11:30:09","modified_gmt":"2026-04-14T02:30:09","slug":"1005006524619033","status":"publish","type":"product","link":"https:\/\/listman.shop\/autoparts-br\/product\/1005006524619033\/","title":{"rendered":"C\u00e2mera traseira HICAMRUI para Seat Leon MK3 5F FR LE 2013-2019 2020 C\u00e2mera de trajet\u00f3ria din\u00e2mica Canbus Plug and Play sem codifica\u00e7\u00e3o"},"content":{"rendered":"<div class=\"detailmodule_html\">\n<div class=\"detail-desc-decorate-richtext\">\n<p><\/p>\n<p>Sobre este item<\/p>\n<p>-Esta \u00e9 uma c\u00e2mera perfeitamente compat\u00edvel com o protocolo de comunica\u00e7\u00e3o do Seat Canbus e usa Canbus<\/p>\n<p>comandos para alcan\u00e7ar trajet\u00f3rias din\u00e2micas quando o volante \u00e9 girado.<\/p>\n<p>-Imperme\u00e1vel, \u00e0 prova de poeira, antiemba\u00e7ante, \u00e0 prova de choque, feito de pl\u00e1stico, diretamente substitu\u00edvel, plug and play simples,<\/p>\n<p>-Melhor ajudar seu estacionamento, com exibi\u00e7\u00e3o precisa da linha de escala de dist\u00e2ncia, de modo a estacionar e reverter corretamente.No<\/p>\n<p>tela, voc\u00ea pode ver atr\u00e1s carros, obst\u00e1culos ou crian\u00e7as, ajudando voc\u00ea a estacionar seu carro com rapidez e precis\u00e3o.<\/p>\n<p>-Refleja imagens reais e em tempo real, mantenha cores originais e adote design \u00f3ptico avan\u00e7ado e excelente imagem<\/p>\n<p>tecnologia de processamento para mostrar contraste e clareza extremos.<\/p>\n<p>-Resist\u00eancia \u00e0 corros\u00e3o, resist\u00eancia ao desgaste e sem deforma\u00e7\u00e3o.Instala\u00e7\u00e3o simples e durabilidade.Fa\u00e7a seu carro parecer<\/p>\n<p>mais requintado.<\/p>\n<p>C\u00e2mera de trajet\u00f3ria din\u00e2mica Canbus compat\u00edvel com c\u00e2mera de backup de estacionamento Seat Leon 2013-2020.<\/p>\n<p><span><strong>Nota: Certifique-se de que a c\u00e2mera seja testada antes da instala\u00e7\u00e3o.<\/strong><\/span><\/p>\n<p><img data-recalc-dims=\"1\" decoding=\"async\" src=\"https:\/\/i0.wp.com\/ae01.alicdn.com\/kf\/S06f95729625248f5a21381dd376a630fr.jpg?w=1200&#038;ssl=1\"><\/p>\n<p><img data-recalc-dims=\"1\" decoding=\"async\" src=\"https:\/\/i0.wp.com\/ae01.alicdn.com\/kf\/S2690b42216ae4b2590080fdd8989314cH.jpg?w=1200&#038;ssl=1\"><img data-recalc-dims=\"1\" decoding=\"async\" src=\"https:\/\/i0.wp.com\/ae01.alicdn.com\/kf\/S40a6f59a562a4089a67b9b0e975aa8d3W.jpg?w=1200&#038;ssl=1\"><img data-recalc-dims=\"1\" decoding=\"async\" src=\"https:\/\/i0.wp.com\/ae01.alicdn.com\/kf\/S7502c81c0c634b9faca0f3fff6d8a241L.jpg?w=1200&#038;ssl=1\"><img data-recalc-dims=\"1\" decoding=\"async\" src=\"https:\/\/i0.wp.com\/ae01.alicdn.com\/kf\/Se5ec51277b624e00baebf249c386bdcdo.jpg?w=1200&#038;ssl=1\"><img data-recalc-dims=\"1\" decoding=\"async\" src=\"https:\/\/i0.wp.com\/ae01.alicdn.com\/kf\/S91e2074f5e6d4b89a1d138b0d602c555M.jpg?w=1200&#038;ssl=1\"><img data-recalc-dims=\"1\" decoding=\"async\" src=\"https:\/\/i0.wp.com\/ae01.alicdn.com\/kf\/S3a8d74e356ce4b95a6614f5c3c610e3ad.jpg?w=1200&#038;ssl=1\"><img data-recalc-dims=\"1\" decoding=\"async\" src=\"https:\/\/i0.wp.com\/ae01.alicdn.com\/kf\/S4ca85a0e56814e7883f703685eb2e7e8f.jpg?w=1200&#038;ssl=1\"><\/p>\n<\/div>\n<\/div>\n","protected":false},"excerpt":{"rendered":"<p>Sobre este item -Esta \u00e9 uma c\u00e2mera perfeitamente compat\u00edvel com o protocolo de comunica\u00e7\u00e3o do Seat Canbus e usa Canbus comandos para alcan\u00e7ar trajet\u00f3rias din\u00e2micas quando o volante \u00e9 girado. -Imperme\u00e1vel, \u00e0 prova de poeira, antiemba\u00e7ante, \u00e0 prova de choque, feito de pl\u00e1stico, diretamente substitu\u00edvel, plug and play simples, -Melhor ajudar seu estacionamento, com exibi\u00e7\u00e3o&hellip;&nbsp;<\/p>\n","protected":false},"featured_media":36934,"template":"","meta":{"neve_meta_sidebar":"","neve_meta_container":"","neve_meta_enable_content_width":"","neve_meta_content_width":0,"neve_meta_title_alignment":"","neve_meta_author_avatar":"","neve_post_elements_order":"","neve_meta_disable_header":"","neve_meta_disable_footer":"","neve_meta_disable_title":""},"product_brand":[],"product_cat":[40,20,17],"product_tag":[],"class_list":{"0":"post-36940","1":"product","2":"type-product","3":"status-publish","4":"has-post-thumbnail","6":"product_cat-dvr-para-carro","7":"product_cat-eletronicos-automotivos","8":"product_cat-pecas-e-acessorios-automotivos","10":"first","11":"instock","12":"shipping-taxable","13":"purchasable","14":"product-type-variable","15":"has-default-attributes"},"jetpack_sharing_enabled":true,"_links":{"self":[{"href":"https:\/\/listman.shop\/autoparts-br\/wp-json\/wp\/v2\/product\/36940","targetHints":{"allow":["GET"]}}],"collection":[{"href":"https:\/\/listman.shop\/autoparts-br\/wp-json\/wp\/v2\/product"}],"about":[{"href":"https:\/\/listman.shop\/autoparts-br\/wp-json\/wp\/v2\/types\/product"}],"wp:featuredmedia":[{"embeddable":true,"href":"https:\/\/listman.shop\/autoparts-br\/wp-json\/wp\/v2\/media\/36934"}],"wp:attachment":[{"href":"https:\/\/listman.shop\/autoparts-br\/wp-json\/wp\/v2\/media?parent=36940"}],"wp:term":[{"taxonomy":"product_brand","embeddable":true,"href":"https:\/\/listman.shop\/autoparts-br\/wp-json\/wp\/v2\/product_brand?post=36940"},{"taxonomy":"product_cat","embeddable":true,"href":"https:\/\/listman.shop\/autoparts-br\/wp-json\/wp\/v2\/product_cat?post=36940"},{"taxonomy":"product_tag","embeddable":true,"href":"https:\/\/listman.shop\/autoparts-br\/wp-json\/wp\/v2\/product_tag?post=36940"}],"curies":[{"name":"wp","href":"https:\/\/api.w.org\/{rel}","templated":true}]}}