{"id":36962,"date":"2025-03-23T00:55:25","date_gmt":"2025-03-22T15:55:25","guid":{"rendered":"https:\/\/listman.shop\/autoparts-br\/product\/1005006568926879\/"},"modified":"2026-04-14T11:18:09","modified_gmt":"2026-04-14T02:18:09","slug":"1005006568926879","status":"publish","type":"product","link":"https:\/\/listman.shop\/autoparts-br\/product\/1005006568926879\/","title":{"rendered":"Android auto adaptador sem fio mais novo mini corpo inteligente ai caixa carro oem com fio android auto para sem fio usb dongle para toyota volvo"},"content":{"rendered":"<div class=\"detailmodule_html\">\n<div class=\"detail-desc-decorate-richtext\">\n<div class=\"detailmodule_dynamic\"><\/div>\n<div class=\"detailmodule_html\">\n<div class=\"detail-desc-decorate-richtext\">\n<p style=\", Roboto, Arial, Helvetica, sans-serif, SimSun;font-size:16px;font-weight:bold;letter-spacing:normal;line-height:inherit;text-align:left;white-space:normal;margin:0px;margin-bottom:0px;margin-top:0px;margin-left:0px;margin-right:0px;padding:0px;padding-bottom:0px;padding-top:0px;padding-left:0px;padding-right:0px;display:block;width:944px\" align=\"left\"><span style=\"font-size:22px;font-family:arial, helvetica, sans-serif\">Nota: 1.BMW n\u00e3o \u00e9 compat\u00edvel<\/span><\/p>\n<p style=\", Roboto, Arial, Helvetica, sans-serif, SimSun;font-size:16px;font-weight:bold;letter-spacing:normal;line-height:inherit;text-align:left;white-space:normal;margin:0px;margin-bottom:0px;margin-top:0px;margin-left:0px;margin-right:0px;padding:0px;padding-bottom:0px;padding-top:0px;padding-left:0px;padding-right:0px;display:block;width:944px\" align=\"left\"><span style=\"font-size:22px;font-family:arial, helvetica, sans-serif\">2.Pode n\u00e3o haver resposta ap\u00f3s a conex\u00e3o autom\u00e1tica do Android, o que \u00e9 normal.Basta conect\u00e1-lo diretamente ao Bluetooth do seu celular.<\/span><\/p>\n<p style=\", Roboto, Arial, Helvetica, sans-serif, SimSun;font-size:16px;font-weight:bold;letter-spacing:normal;line-height:inherit;text-align:left;white-space:normal;margin:0px;margin-bottom:0px;margin-top:0px;margin-left:0px;margin-right:0px;padding:0px;padding-bottom:0px;padding-top:0px;padding-left:0px;padding-right:0px;display:block;width:944px\" align=\"left\"><span style=\"font-size:22px;font-family:arial, helvetica, sans-serif\">3.Este produto deve ser usado com um telefone celular<\/span><\/p>\n<p><\/p>\n<p style=\", Roboto, Arial, Helvetica, sans-serif, SimSun;font-size:16px;font-weight:bold;letter-spacing:normal;line-height:inherit;text-align:left;white-space:normal;margin:0px;margin-bottom:0px;margin-top:0px;margin-left:0px;margin-right:0px;padding:0px;padding-bottom:0px;padding-top:0px;padding-left:0px;padding-right:0px;display:block;width:944px\" align=\"left\"><span style=\"font-size:22px;font-family:arial, helvetica, sans-serif\">Para Android Auto sem fio<\/span><\/p>\n<p style=\", Roboto, Arial, Helvetica, sans-serif, SimSun;font-size:13px;font-weight:400;letter-spacing:normal;line-height:inherit;text-align:left;white-space:normal;margin:0px;margin-bottom:0px;margin-top:0px;margin-left:0px;margin-right:0px;padding:0px;padding-bottom:0px;padding-top:0px;padding-left:0px;padding-right:0px;display:block;width:944px\" align=\"left\"><span style=\"font-size:18px;font-family:arial, helvetica, sans-serif\">A caixa Android Auto AI serve para converter o Android Auto com fio OEM original em Android Auto sem fio.<\/span><\/p>\n<p><\/p>\n<p><span style=\"font-size:22px;font-family:arial, helvetica, sans-serif\"><strong>Caracter\u00edsticas:<\/strong><\/span><\/p>\n<p style=\", Roboto, Arial, Helvetica, sans-serif, SimSun;font-size:13px;font-weight:400;letter-spacing:normal;line-height:inherit;text-align:left;white-space:normal;margin:0px;margin-bottom:0px;margin-top:0px;margin-left:0px;margin-right:0px;padding:0px;padding-bottom:0px;padding-top:0px;padding-left:0px;padding-right:0px;display:block;width:944px\" align=\"left\"><span style=\"font-size:18px;font-family:arial, helvetica, sans-serif\">Suporte para telefone com sistema Android com fun\u00e7\u00e3o Android Auto.<br \/>Este adaptador permite que voc\u00ea use Android Auto sem fio no som do carro OEM.<br \/>Mais importante ainda, a instala\u00e7\u00e3o \u00e9 muito f\u00e1cil, plug and play USB em 3 segundos.<br \/><\/span><\/p>\n<p style=\", Roboto, Arial, Helvetica, sans-serif, SimSun;font-size:13px;font-weight:400;letter-spacing:normal;line-height:inherit;text-align:left;white-space:normal;margin:0px;margin-bottom:0px;margin-top:0px;margin-left:0px;margin-right:0px;padding:0px;padding-bottom:0px;padding-top:0px;padding-left:0px;padding-right:0px;display:block;width:944px\" align=\"left\"><span style=\"font-size:18px;font-family:arial, helvetica, sans-serif\">1.Adaptador autom\u00e1tico Android com fio para sem fio, diga adeus ao cabo.<br \/>1 instala\u00e7\u00e3o plug &amp; play USB sem remover o r\u00e1dio OEM;<br \/>2 Instala\u00e7\u00e3o em 3 segundos, t\u00e3o f\u00e1cil;<br \/>3 Compat\u00edvel com mais de 600 modelos de carros;<br \/>M\u00f3dulo WiFi de 4 5 GHz para melhor desempenho sem fio.<br \/>2.Conex\u00e3o autom\u00e1tica ao Android Auto ao configurar um telefone Android.<br \/>3.Controle semelhante ao Android auto original.<br \/>4. M\u00f3dulo WiFi 5Ghz certificado para uma experi\u00eancia sem fio mais r\u00e1pida e melhor.<\/span><\/p>\n<p style=\", Roboto, Arial, Helvetica, sans-serif, SimSun;font-size:13px;font-weight:400;letter-spacing:normal;line-height:inherit;text-align:left;white-space:normal;margin:0px;margin-bottom:0px;margin-top:0px;margin-left:0px;margin-right:0px;padding:0px;padding-bottom:0px;padding-top:0px;padding-left:0px;padding-right:0px;display:block;width:944px\" align=\"left\"><img data-recalc-dims=\"1\" decoding=\"async\" src=\"https:\/\/i0.wp.com\/ae01.alicdn.com\/kf\/S1c83baeacccb4f4eb950246471d976e42.jpg?w=1200&#038;ssl=1\"><img data-recalc-dims=\"1\" decoding=\"async\" src=\"https:\/\/i0.wp.com\/ae01.alicdn.com\/kf\/Scc9db6b346fc4263b8d8951d81faa1dct.jpg?w=1200&#038;ssl=1\"><img data-recalc-dims=\"1\" decoding=\"async\" src=\"https:\/\/i0.wp.com\/ae01.alicdn.com\/kf\/S0b8f76ec8f53489680a1d6009515b40de.jpg?w=1200&#038;ssl=1\"><img data-recalc-dims=\"1\" decoding=\"async\" src=\"https:\/\/i0.wp.com\/ae01.alicdn.com\/kf\/S884d8da4a2bc41a09d0f668d55925f1bu.jpg?w=1200&#038;ssl=1\"><img data-recalc-dims=\"1\" decoding=\"async\" src=\"https:\/\/i0.wp.com\/ae01.alicdn.com\/kf\/S5ee83301295a43f3874bfb7c83a898c4D.jpg?w=1200&#038;ssl=1\"><img data-recalc-dims=\"1\" decoding=\"async\" src=\"https:\/\/i0.wp.com\/ae01.alicdn.com\/kf\/S153ead41a4e349eb99d0db535def6252F.jpg?w=1200&#038;ssl=1\"><img data-recalc-dims=\"1\" decoding=\"async\" src=\"https:\/\/i0.wp.com\/ae01.alicdn.com\/kf\/S50b41f4c125b4246b5229283d66f5ae20.jpg?w=1200&#038;ssl=1\"><img data-recalc-dims=\"1\" decoding=\"async\" src=\"https:\/\/i0.wp.com\/ae01.alicdn.com\/kf\/Sb11c62c46e8141e6b08cc77994df71207.jpg?w=1200&#038;ssl=1\"><img data-recalc-dims=\"1\" decoding=\"async\" src=\"https:\/\/i0.wp.com\/ae01.alicdn.com\/kf\/S1f0e0fb892f04e3595d141f81d5063dcX.jpg?w=1200&#038;ssl=1\"><img data-recalc-dims=\"1\" decoding=\"async\" src=\"https:\/\/i0.wp.com\/ae01.alicdn.com\/kf\/Sb4f4815471f14e53a2fb46ee3c55723cn.jpg?w=1200&#038;ssl=1\"><img data-recalc-dims=\"1\" decoding=\"async\" src=\"https:\/\/i0.wp.com\/ae01.alicdn.com\/kf\/Sd6b9dc960c1a4546b275ce52f5e964196.png?w=1200&#038;ssl=1\"><\/p>\n<\/div>\n<\/div>\n<p><\/p>\n<\/div>\n<\/div>\n","protected":false},"excerpt":{"rendered":"<p>Nota: 1.BMW n\u00e3o \u00e9 compat\u00edvel 2.Pode n\u00e3o haver resposta ap\u00f3s a conex\u00e3o autom\u00e1tica do Android, o que \u00e9 normal.Basta conect\u00e1-lo diretamente ao Bluetooth do seu celular. 3.Este produto deve ser usado com um telefone celular Para Android Auto sem fio A caixa Android Auto AI serve para converter o Android Auto com fio OEM original&hellip;&nbsp;<\/p>\n","protected":false},"featured_media":36956,"template":"","meta":{"neve_meta_sidebar":"","neve_meta_container":"","neve_meta_enable_content_width":"","neve_meta_content_width":0,"neve_meta_title_alignment":"","neve_meta_author_avatar":"","neve_post_elements_order":"","neve_meta_disable_header":"","neve_meta_disable_footer":"","neve_meta_disable_title":""},"product_brand":[],"product_cat":[126,20,17],"product_tag":[],"class_list":{"0":"post-36962","1":"product","2":"type-product","3":"status-publish","4":"has-post-thumbnail","6":"product_cat-car-ai-box","7":"product_cat-eletronicos-automotivos","8":"product_cat-pecas-e-acessorios-automotivos","10":"first","11":"instock","12":"shipping-taxable","13":"purchasable","14":"product-type-variable","15":"has-default-attributes"},"jetpack_sharing_enabled":true,"_links":{"self":[{"href":"https:\/\/listman.shop\/autoparts-br\/wp-json\/wp\/v2\/product\/36962","targetHints":{"allow":["GET"]}}],"collection":[{"href":"https:\/\/listman.shop\/autoparts-br\/wp-json\/wp\/v2\/product"}],"about":[{"href":"https:\/\/listman.shop\/autoparts-br\/wp-json\/wp\/v2\/types\/product"}],"wp:featuredmedia":[{"embeddable":true,"href":"https:\/\/listman.shop\/autoparts-br\/wp-json\/wp\/v2\/media\/36956"}],"wp:attachment":[{"href":"https:\/\/listman.shop\/autoparts-br\/wp-json\/wp\/v2\/media?parent=36962"}],"wp:term":[{"taxonomy":"product_brand","embeddable":true,"href":"https:\/\/listman.shop\/autoparts-br\/wp-json\/wp\/v2\/product_brand?post=36962"},{"taxonomy":"product_cat","embeddable":true,"href":"https:\/\/listman.shop\/autoparts-br\/wp-json\/wp\/v2\/product_cat?post=36962"},{"taxonomy":"product_tag","embeddable":true,"href":"https:\/\/listman.shop\/autoparts-br\/wp-json\/wp\/v2\/product_tag?post=36962"}],"curies":[{"name":"wp","href":"https:\/\/api.w.org\/{rel}","templated":true}]}}