{"id":36975,"date":"2025-03-23T00:55:40","date_gmt":"2025-03-22T15:55:40","guid":{"rendered":"https:\/\/listman.shop\/autoparts-br\/product\/1005006594595465\/"},"modified":"2026-04-14T12:20:49","modified_gmt":"2026-04-14T03:20:49","slug":"1005006594595465","status":"publish","type":"product","link":"https:\/\/listman.shop\/autoparts-br\/product\/1005006594595465\/","title":{"rendered":"R\u00e1dio android 15 para dodge calibre jeep compass 1 mk patriot 2006 &#8211; 2010 reprodutor multim\u00eddia unidade principal est\u00e9reo navega\u00e7\u00e3o gps hdr"},"content":{"rendered":"<div class=\"detailmodule_text\">\n<p>Caro senhor,<\/p>\n<\/div>\n<div class=\"detailmodule_text\">\n<p style=\"font-family:OpenSans;font-size:14px;font-weight:300;line-height:20px;white-space:pre-wrap;margin-bottom:12px\" class=\"detail-desc-decorate-content\">Temos o prazer de nos apresentar como uma empresa com mais de dez anos de experi\u00eancia na ind\u00fastria. Estamos orgulhosos de fornecer excelente servi\u00e7o e qualidade de primeira classe, suportados por nossa grande f\u00e1brica ultra moderna. Voc\u00ea pode confiar em n\u00f3s para atender eficientemente todas as suas necessidades de fabrica\u00e7\u00e3o.<\/p>\n<\/div>\n<div class=\"detailmodule_text\">\n<p style=\"font-family:OpenSans;font-size:14px;font-weight:300;line-height:20px;white-space:pre-wrap;margin-bottom:12px\" class=\"detail-desc-decorate-content\">Nosso compromisso com a satisfa\u00e7\u00e3o do cliente \u00e9 incompar\u00e1vel. \u00c9 por isso que oferecemos uma garantia completa de 2 anos para todos os produtos. Acreditamos na durabilidade e confiabilidade de nossos produtos e apoiamos seu desempenho. Ao trabalhar conosco, voc\u00ea pode ter certeza de que quaisquer problemas que possam surgir durante o per\u00edodo de garantia ser\u00e3o rapidamente resolvidos.<\/p>\n<\/div>\n<div class=\"detailmodule_text\">\n<p style=\"font-family:OpenSans;font-size:14px;font-weight:300;line-height:20px;white-space:pre-wrap;margin-bottom:12px\" class=\"detail-desc-decorate-content\">Para agradecer por nos escolher, temos o prazer de oferecer cupons de desconto exclusivos para nossos estimados clientes. Estes cupons podem ajud\u00e1-lo a economizar mais em nossos pre\u00e7os j\u00e1 competitivos<\/p>\n<\/div>\n<div class=\"detailmodule_image\"><img data-recalc-dims=\"1\" decoding=\"async\" class=\"detail-desc-decorate-image\" src=\"https:\/\/i0.wp.com\/ae01.alicdn.com\/kf\/S2e9a4625c68a409386889baad3bb2fdcH.jpg?w=1200&#038;ssl=1\" \/><img data-recalc-dims=\"1\" decoding=\"async\" style=\"margin-bottom:10px\" class=\"detail-desc-decorate-image\" src=\"https:\/\/i0.wp.com\/ae01.alicdn.com\/kf\/Sb5aa6028142b438f976f30c093250018J.jpg?w=1200&#038;ssl=1\" \/><a href=\"https:\/\/es.aliexpress.com\/item\/1005006465816740.html?gatewayAdapt=glo2esp\" target=\"_self\" class=\"\"><img data-recalc-dims=\"1\" decoding=\"async\" class=\"detail-desc-decorate-image\" src=\"https:\/\/i0.wp.com\/ae01.alicdn.com\/kf\/S15d70c2e126c471aa4f7cade115fab68s.jpg?w=1200&#038;ssl=1\" \/><\/a><img data-recalc-dims=\"1\" decoding=\"async\" class=\"detail-desc-decorate-image\" src=\"https:\/\/i0.wp.com\/ae01.alicdn.com\/kf\/Sbf5f428b41af4f9bb9476c00fc5cd8ddn.jpg?w=1200&#038;ssl=1\" \/><img data-recalc-dims=\"1\" decoding=\"async\" class=\"detail-desc-decorate-image\" src=\"https:\/\/i0.wp.com\/ae01.alicdn.com\/kf\/Sd330ebdc9719417aaee24eb3f10beee8d.jpg?w=1200&#038;ssl=1\" \/><img data-recalc-dims=\"1\" decoding=\"async\" class=\"detail-desc-decorate-image\" src=\"https:\/\/i0.wp.com\/ae01.alicdn.com\/kf\/S0f934b027c1f484fa527c966f33dc4712.jpg?w=1200&#038;ssl=1\" \/><a href=\"https:\/\/es.aliexpress.com\/item\/1005006467625007.html?gatewayAdapt=glo2esp\" target=\"_self\" class=\"\"><img data-recalc-dims=\"1\" decoding=\"async\" class=\"detail-desc-decorate-image\" src=\"https:\/\/i0.wp.com\/ae01.alicdn.com\/kf\/S9e67ddb0b55e4ff3a8fa8ed3241fb311C.jpg?w=1200&#038;ssl=1\" \/><\/a><img data-recalc-dims=\"1\" decoding=\"async\" class=\"detail-desc-decorate-image\" src=\"https:\/\/i0.wp.com\/ae01.alicdn.com\/kf\/Sfd87dcac9c6a4988b09dc25a09bf5ccfx.jpg?w=1200&#038;ssl=1\" \/><img data-recalc-dims=\"1\" decoding=\"async\" class=\"detail-desc-decorate-image\" src=\"https:\/\/i0.wp.com\/ae01.alicdn.com\/kf\/S57fb75648af849debf23eb4db1b5bb592.jpg?w=1200&#038;ssl=1\" \/><img data-recalc-dims=\"1\" decoding=\"async\" class=\"detail-desc-decorate-image\" src=\"https:\/\/i0.wp.com\/ae01.alicdn.com\/kf\/Se97bb2bb79c242e7812bb40d27e7a7edP.jpg?w=1200&#038;ssl=1\" \/><\/div>\n<div class=\"detailmodule_image\"><a href=\"https:\/\/es.aliexpress.com\/item\/1005006478007853.html?gatewayAdapt=glo2esp\" target=\"_self\" class=\"\"><img data-recalc-dims=\"1\" decoding=\"async\" class=\"detail-desc-decorate-image\" src=\"https:\/\/i0.wp.com\/ae01.alicdn.com\/kf\/Sbdf7a0fba5ae4e43bd270ea4e7dd1fc2A.jpg?w=1200&#038;ssl=1\" \/><\/a><img data-recalc-dims=\"1\" decoding=\"async\" class=\"detail-desc-decorate-image\" src=\"https:\/\/i0.wp.com\/ae01.alicdn.com\/kf\/S6e2be17b172844cfa0b7b1f60bc92788l.jpg?w=1200&#038;ssl=1\" \/><img data-recalc-dims=\"1\" decoding=\"async\" class=\"detail-desc-decorate-image\" src=\"https:\/\/i0.wp.com\/ae01.alicdn.com\/kf\/Se9b0da882dfd4a8da4667c4904879ce5y.jpg?w=1200&#038;ssl=1\" \/><a href=\"https:\/\/ko.aliexpress.com\/item\/1005006465816740.html?gatewayAdapt=glo2kor\" target=\"_self\" class=\"\"><img data-recalc-dims=\"1\" decoding=\"async\" class=\"detail-desc-decorate-image\" src=\"https:\/\/i0.wp.com\/ae01.alicdn.com\/kf\/S39880667096b4e618d14238b57f617e8f.jpg?w=1200&#038;ssl=1\" \/><\/a><img data-recalc-dims=\"1\" decoding=\"async\" class=\"detail-desc-decorate-image\" src=\"https:\/\/i0.wp.com\/ae01.alicdn.com\/kf\/S2d34ffbbfdaa47f7b9a931ac535428a3q.jpg?w=1200&#038;ssl=1\" \/><img data-recalc-dims=\"1\" decoding=\"async\" class=\"detail-desc-decorate-image\" src=\"https:\/\/i0.wp.com\/ae01.alicdn.com\/kf\/S6a1f12b8b6b54fe887afdc965538cbcd1.jpg?w=1200&#038;ssl=1\" \/><img data-recalc-dims=\"1\" decoding=\"async\" class=\"detail-desc-decorate-image\" src=\"https:\/\/i0.wp.com\/ae01.alicdn.com\/kf\/S70bf8011c2d849839bbc19de9aa403d78.jpg?w=1200&#038;ssl=1\" \/><img data-recalc-dims=\"1\" decoding=\"async\" class=\"detail-desc-decorate-image\" src=\"https:\/\/i0.wp.com\/ae01.alicdn.com\/kf\/S5bbf521f79984911beb9bf45616844739.jpg?w=1200&#038;ssl=1\" \/><img data-recalc-dims=\"1\" decoding=\"async\" class=\"detail-desc-decorate-image\" src=\"https:\/\/i0.wp.com\/ae01.alicdn.com\/kf\/S6a7742778a814f798813fbd64813111fN.jpg?w=1200&#038;ssl=1\" \/><\/div>\n<div class=\"detailmodule_text\">\n<p>Simplify your car radio installation process with our plug-and-play wires and EMO frames, available throughout our store. For added assurance, we recommend sending us a photo of your original car radio after placing an order. This will enable us to provide you with customized recommendations, ensuring a foolproof installation experience.<\/p>\n<\/div>\n<div class=\"detailmodule_image\"><img data-recalc-dims=\"1\" decoding=\"async\" class=\"detail-desc-decorate-image\" src=\"https:\/\/i0.wp.com\/ae01.alicdn.com\/kf\/Sb13be8a78e074c06979eb82f5518fa24N.jpg?w=1200&#038;ssl=1\" \/><img data-recalc-dims=\"1\" decoding=\"async\" class=\"detail-desc-decorate-image\" src=\"https:\/\/i0.wp.com\/ae01.alicdn.com\/kf\/S0488e353479e49c886c9c3e07db1a555a.jpg?w=1200&#038;ssl=1\" \/><img data-recalc-dims=\"1\" decoding=\"async\" class=\"detail-desc-decorate-image\" src=\"https:\/\/i0.wp.com\/ae01.alicdn.com\/kf\/S34179b149a0a40398dfd20cf23ddf72ai.jpg?w=1200&#038;ssl=1\" \/><img data-recalc-dims=\"1\" decoding=\"async\" class=\"detail-desc-decorate-image\" src=\"https:\/\/i0.wp.com\/ae01.alicdn.com\/kf\/S666704588ccf40199ae77cc155e2186el.jpg?w=1200&#038;ssl=1\" \/><img data-recalc-dims=\"1\" decoding=\"async\" class=\"detail-desc-decorate-image\" src=\"https:\/\/i0.wp.com\/ae01.alicdn.com\/kf\/S9a1a6daa3bce44f892e9ca89ded70939Q.jpg?w=1200&#038;ssl=1\" \/><img data-recalc-dims=\"1\" decoding=\"async\" class=\"detail-desc-decorate-image\" src=\"https:\/\/i0.wp.com\/ae01.alicdn.com\/kf\/Sd6933f28f56d42089d8b9565f478cce3l.jpg?w=1200&#038;ssl=1\" \/><img data-recalc-dims=\"1\" decoding=\"async\" class=\"detail-desc-decorate-image\" src=\"https:\/\/i0.wp.com\/ae01.alicdn.com\/kf\/S2d5e56f47eaa402f8801e3964d183d1bp.jpg?w=1200&#038;ssl=1\" \/><img data-recalc-dims=\"1\" decoding=\"async\" class=\"detail-desc-decorate-image\" src=\"https:\/\/i0.wp.com\/ae01.alicdn.com\/kf\/S1191f214ddde43988a332f3f14784938x.jpg?w=1200&#038;ssl=1\" \/><img data-recalc-dims=\"1\" decoding=\"async\" class=\"detail-desc-decorate-image\" src=\"https:\/\/i0.wp.com\/ae01.alicdn.com\/kf\/Sa3d68b2e08eb41968f196831af87ec3cp.jpg?w=1200&#038;ssl=1\" \/><\/div>\n<p><\/p>\n","protected":false},"excerpt":{"rendered":"<p>Caro senhor, Temos o prazer de nos apresentar como uma empresa com mais de dez anos de experi\u00eancia na ind\u00fastria. Estamos orgulhosos de fornecer excelente servi\u00e7o e qualidade de primeira classe, suportados por nossa grande f\u00e1brica ultra moderna. Voc\u00ea pode confiar em n\u00f3s para atender eficientemente todas as suas necessidades de fabrica\u00e7\u00e3o. Nosso compromisso com&hellip;&nbsp;<\/p>\n","protected":false},"featured_media":36969,"template":"","meta":{"neve_meta_sidebar":"","neve_meta_container":"","neve_meta_enable_content_width":"","neve_meta_content_width":0,"neve_meta_title_alignment":"","neve_meta_author_avatar":"","neve_post_elements_order":"","neve_meta_disable_header":"","neve_meta_disable_footer":"","neve_meta_disable_title":""},"product_brand":[],"product_cat":[20,17,85],"product_tag":[],"class_list":{"0":"post-36975","1":"product","2":"type-product","3":"status-publish","4":"has-post-thumbnail","6":"product_cat-eletronicos-automotivos","7":"product_cat-pecas-e-acessorios-automotivos","8":"product_cat-sistema-inteligente-para-carros","10":"first","11":"instock","12":"shipping-taxable","13":"purchasable","14":"product-type-variable","15":"has-default-attributes"},"jetpack_sharing_enabled":true,"_links":{"self":[{"href":"https:\/\/listman.shop\/autoparts-br\/wp-json\/wp\/v2\/product\/36975","targetHints":{"allow":["GET"]}}],"collection":[{"href":"https:\/\/listman.shop\/autoparts-br\/wp-json\/wp\/v2\/product"}],"about":[{"href":"https:\/\/listman.shop\/autoparts-br\/wp-json\/wp\/v2\/types\/product"}],"wp:featuredmedia":[{"embeddable":true,"href":"https:\/\/listman.shop\/autoparts-br\/wp-json\/wp\/v2\/media\/36969"}],"wp:attachment":[{"href":"https:\/\/listman.shop\/autoparts-br\/wp-json\/wp\/v2\/media?parent=36975"}],"wp:term":[{"taxonomy":"product_brand","embeddable":true,"href":"https:\/\/listman.shop\/autoparts-br\/wp-json\/wp\/v2\/product_brand?post=36975"},{"taxonomy":"product_cat","embeddable":true,"href":"https:\/\/listman.shop\/autoparts-br\/wp-json\/wp\/v2\/product_cat?post=36975"},{"taxonomy":"product_tag","embeddable":true,"href":"https:\/\/listman.shop\/autoparts-br\/wp-json\/wp\/v2\/product_tag?post=36975"}],"curies":[{"name":"wp","href":"https:\/\/api.w.org\/{rel}","templated":true}]}}