{"id":37038,"date":"2025-03-23T00:57:20","date_gmt":"2025-03-22T15:57:20","guid":{"rendered":"https:\/\/listman.shop\/autoparts-br\/product\/1005006624173041\/"},"modified":"2026-04-14T11:34:04","modified_gmt":"2026-04-14T02:34:04","slug":"1005006624173041","status":"publish","type":"product","link":"https:\/\/listman.shop\/autoparts-br\/product\/1005006624173041\/","title":{"rendered":"C\u00e2mera de vis\u00e3o traseira para carro, para estacionamento de caminh\u00f5es, monitor hd, trailer, 9-36v, c\u00e2mera led \u00e0 prova d&#8217;\u00e1gua com tela de 7 polegadas, f\u00e1cil instala\u00e7\u00e3o"},"content":{"rendered":"<div class=\"detailmodule_html\">\n<div class=\"detail-desc-decorate-richtext\">\n<div class=\"detailmodule_html\">\n<div class=\"detail-desc-decorate-richtext\">\n<div>\n<div>\n<div>&nbsp;<\/div>\n<p><img data-recalc-dims=\"1\" decoding=\"async\" title=\"aeProduct.getSubject()\" src=\"https:\/\/i0.wp.com\/ae01.alicdn.com\/kf\/S523f3049fd1948ee9f412d35560e5d56I.jpg?w=1200&#038;ssl=1\"><\/p>\n<div>&nbsp;<\/div>\n<div id=\"description\" style=\"margin:0px;margin-bottom:0px;margin-top:0px;margin-left:0px;margin-right:0px;padding:0px;padding-bottom:0px;padding-top:0px;padding-left:0px;padding-right:0px\">\n<div style=\"margin:0px;margin-bottom:0px;margin-top:0px;margin-left:0px;margin-right:0px;padding:0px;padding-bottom:0px;padding-top:0px;padding-left:0px;padding-right:0px\">\n<div style=\"font-size:14px;margin:0px;margin-bottom:0px;margin-top:0px;margin-left:0px;margin-right:0px;padding:0px;padding-bottom:0px;padding-top:0px;padding-left:0px;padding-right:0px\">\n<div style=\"margin:0px;margin-bottom:0px;margin-top:0px;margin-left:0px;margin-right:0px;padding:0px;padding-bottom:0px;padding-top:0px;padding-left:0px;padding-right:0px\">Descri\u00e7\u00e3o da fun\u00e7\u00e3o: Este \u00e9 um monitor LCD multifuncional para c\u00e2mera retrovisor VCD\/DVD\/GPS\/carro. Com design delicado, desempenho est\u00e1vel, imagem n\u00edtida e excelente efeito de cor.O monitor LCD do carro de 7 polegadas de alta qualidade de 9V-36V ajuda a prevenir acidentes ao dirigir ao contr\u00e1rio, evitando crian\u00e7as, tr\u00e1fego, pedestres, brinquedos e animais de estima\u00e7\u00e3o enquanto saem da entrada de autom\u00f3veis ou espa\u00e7o de estacionamento.<\/div>\n<div style=\"margin:0px;margin-bottom:0px;margin-top:0px;margin-left:0px;margin-right:0px;padding:0px;padding-bottom:0px;padding-top:0px;padding-left:0px;padding-right:0px\">MONITOR LCD TFT\/LED DE 7 POLEGADAS: Com tela grande de 7 polegadas para mostrar a imagem da c\u00e2mera, que fornece melhores efeitos visuais do que o monitor de 4,3 polegadas\/3,5 polegadas.<\/div>\n<div style=\"margin:0px;margin-bottom:0px;margin-top:0px;margin-left:0px;margin-right:0px;padding:0px;padding-bottom:0px;padding-top:0px;padding-left:0px;padding-right:0px\">Ampla compatibilidade: Funcionando perfeitamente com DVD de carro, VCD, GPS, c\u00e2mera, STB, receptor de sat\u00e9lite e outros equipamentos de v\u00eddeo.<\/div>\n<div style=\"margin:0px;margin-bottom:0px;margin-top:0px;margin-left:0px;margin-right:0px;padding:0px;padding-bottom:0px;padding-top:0px;padding-left:0px;padding-right:0px\">Prioridade de vis\u00e3o traseira de estacionamento: O monitor ser\u00e1 iniciado automaticamente e exibir\u00e1 de forma s\u00edncrona o v\u00eddeo da c\u00e2mera retrovisor quando voc\u00ea estiver fazendo backup do carro; e ele se fechar\u00e1 ap\u00f3s o retorno.A tela ser\u00e1 cortada para a c\u00e2mera retrovisor automaticamente enquanto voc\u00ea estiver fazendo backup do carro e mudar\u00e1 de volta para a cena original ap\u00f3s o backup.<\/p>\n<p>Suporte automotivo ajust\u00e1vel: A tela pode ser ajust\u00e1vel girando o suporte para visualizar diferentes \u00e2ngulos.Para f\u00e1cil instala\u00e7\u00e3o e independente<br \/>Tamanho da tela: 7 polegadas<br \/>Propor\u00e7\u00e3o de aspecto: 16:9<br \/>Lumin\u00e2ncia: 250cd\/m<br \/>Resolu\u00e7\u00e3o: 1024*600*RGB<br \/>\u00c1udio e v\u00eddeo: entradas de v\u00eddeo de 2 maneiras<br \/>Sistema: PAL e NTSC automaticamente<br \/>Tens\u00e3o: 9V ~ 36V<br \/>Menu OSD: Menu de exibi\u00e7\u00e3o, Brilho, cor, contraste ajust\u00e1vel<br \/>Modo: Voc\u00ea precisa mudar av1 e av2 para assisti-los<br \/>Material: ABS<br \/>cor: preto<\/p>\n<p>Conte\u00fado do pacote:<br \/>Tela LCD TFT digital de 1*7 polegadas<br \/>1 * placa de montagem<br \/>1 * controle remoto<br \/>1 * chicote AV<br \/>1 * manual em ingl\u00eas<\/p>\n<p>Nota: Disparo leve e displays diferentes podem fazer com que a cor do item na imagem seja um pouco diferente da coisa real. O erro de medi\u00e7\u00e3o permitido \u00e9 de +\/- 1-3cm.<br \/><img data-recalc-dims=\"1\" decoding=\"async\" src=\"https:\/\/i0.wp.com\/ae01.alicdn.com\/kf\/Sda62495b5d5146418a19e803129273cbj.jpg?w=1200&#038;ssl=1\"><img data-recalc-dims=\"1\" decoding=\"async\" src=\"https:\/\/i0.wp.com\/ae01.alicdn.com\/kf\/S97fce9323f3247569f7ab97bb77fc9c21.jpg?w=1200&#038;ssl=1\"><img data-recalc-dims=\"1\" decoding=\"async\" src=\"https:\/\/i0.wp.com\/ae01.alicdn.com\/kf\/Sd6790f6e259742bc86092bebe7dc65bev.jpg?w=1200&#038;ssl=1\"><img data-recalc-dims=\"1\" decoding=\"async\" src=\"https:\/\/i0.wp.com\/ae01.alicdn.com\/kf\/S47584c18f8244a8e87a553f80e567625P.jpg?w=1200&#038;ssl=1\"><img data-recalc-dims=\"1\" decoding=\"async\" src=\"https:\/\/i0.wp.com\/ae01.alicdn.com\/kf\/Sfd95281b2f5346918e7b33041009a46aj.jpg?w=1200&#038;ssl=1\"><img data-recalc-dims=\"1\" decoding=\"async\" src=\"https:\/\/i0.wp.com\/ae01.alicdn.com\/kf\/S04136f304f924d96bdff65545a2877de4.jpg?w=1200&#038;ssl=1\"><img data-recalc-dims=\"1\" decoding=\"async\" src=\"https:\/\/i0.wp.com\/ae01.alicdn.com\/kf\/Sd8268778485b4113813215e54c497a8f4.jpg?w=1200&#038;ssl=1\"><img data-recalc-dims=\"1\" decoding=\"async\" src=\"https:\/\/i0.wp.com\/ae01.alicdn.com\/kf\/S28e93ece928d449db1b7f2b8f52880f6M.jpg?w=1200&#038;ssl=1\"><img data-recalc-dims=\"1\" decoding=\"async\" src=\"https:\/\/i0.wp.com\/ae01.alicdn.com\/kf\/S281feee132c4451ebb2aa40f0fe5ecb4F.jpg?w=1200&#038;ssl=1\"><img data-recalc-dims=\"1\" decoding=\"async\" src=\"https:\/\/i0.wp.com\/ae01.alicdn.com\/kf\/Sd2fcebfc0b3b475587630b1cafab6185A.jpg?w=1200&#038;ssl=1\"><img data-recalc-dims=\"1\" decoding=\"async\" src=\"https:\/\/i0.wp.com\/ae01.alicdn.com\/kf\/S308edea9554541d4bca0379ba85aec5b7.jpg?w=1200&#038;ssl=1\"><\/div>\n<\/div>\n<\/div>\n<\/div>\n<\/div>\n<\/div>\n<div><\/div>\n<\/div>\n<\/div>\n<p><\/p>\n<\/div>\n<\/div>\n","protected":false},"excerpt":{"rendered":"<p>&nbsp; &nbsp; Descri\u00e7\u00e3o da fun\u00e7\u00e3o: Este \u00e9 um monitor LCD multifuncional para c\u00e2mera retrovisor VCD\/DVD\/GPS\/carro. Com design delicado, desempenho est\u00e1vel, imagem n\u00edtida e excelente efeito de cor.O monitor LCD do carro de 7 polegadas de alta qualidade de 9V-36V ajuda a prevenir acidentes ao dirigir ao contr\u00e1rio, evitando crian\u00e7as, tr\u00e1fego, pedestres, brinquedos e animais de&hellip;&nbsp;<\/p>\n","protected":false},"featured_media":37032,"template":"","meta":{"neve_meta_sidebar":"","neve_meta_container":"","neve_meta_enable_content_width":"","neve_meta_content_width":0,"neve_meta_title_alignment":"","neve_meta_author_avatar":"","neve_post_elements_order":"","neve_meta_disable_header":"","neve_meta_disable_footer":"","neve_meta_disable_title":""},"product_brand":[],"product_cat":[40,20,17],"product_tag":[],"class_list":{"0":"post-37038","1":"product","2":"type-product","3":"status-publish","4":"has-post-thumbnail","6":"product_cat-dvr-para-carro","7":"product_cat-eletronicos-automotivos","8":"product_cat-pecas-e-acessorios-automotivos","10":"first","11":"instock","12":"shipping-taxable","13":"purchasable","14":"product-type-variable","15":"has-default-attributes"},"jetpack_sharing_enabled":true,"_links":{"self":[{"href":"https:\/\/listman.shop\/autoparts-br\/wp-json\/wp\/v2\/product\/37038","targetHints":{"allow":["GET"]}}],"collection":[{"href":"https:\/\/listman.shop\/autoparts-br\/wp-json\/wp\/v2\/product"}],"about":[{"href":"https:\/\/listman.shop\/autoparts-br\/wp-json\/wp\/v2\/types\/product"}],"wp:featuredmedia":[{"embeddable":true,"href":"https:\/\/listman.shop\/autoparts-br\/wp-json\/wp\/v2\/media\/37032"}],"wp:attachment":[{"href":"https:\/\/listman.shop\/autoparts-br\/wp-json\/wp\/v2\/media?parent=37038"}],"wp:term":[{"taxonomy":"product_brand","embeddable":true,"href":"https:\/\/listman.shop\/autoparts-br\/wp-json\/wp\/v2\/product_brand?post=37038"},{"taxonomy":"product_cat","embeddable":true,"href":"https:\/\/listman.shop\/autoparts-br\/wp-json\/wp\/v2\/product_cat?post=37038"},{"taxonomy":"product_tag","embeddable":true,"href":"https:\/\/listman.shop\/autoparts-br\/wp-json\/wp\/v2\/product_tag?post=37038"}],"curies":[{"name":"wp","href":"https:\/\/api.w.org\/{rel}","templated":true}]}}