{"id":37154,"date":"2025-03-23T01:00:24","date_gmt":"2025-03-22T16:00:24","guid":{"rendered":"https:\/\/listman.shop\/autoparts-br\/product\/1005006803616923\/"},"modified":"2026-04-14T12:19:40","modified_gmt":"2026-04-14T03:19:40","slug":"1005006803616923","status":"publish","type":"product","link":"https:\/\/listman.shop\/autoparts-br\/product\/1005006803616923\/","title":{"rendered":"R\u00e1dio de Carro Android 15 com Navega\u00e7\u00e3o e Player Multim\u00eddia para Toyota Corolla 2006-2013, Carplay Auto Stereo"},"content":{"rendered":"<div class=\"detailmodule_html\">\n<div class=\"detail-desc-decorate-richtext\">\n<div class=\"detailmodule_image\"><a href=\"https:\/\/www.aliexpress.com\/item\/1005006738410987.html\" target=\"_self\" class=\"\"><img data-recalc-dims=\"1\" decoding=\"async\" class=\"detail-desc-decorate-image\" src=\"https:\/\/i0.wp.com\/ae01.alicdn.com\/kf\/S0eba1f8992854a0d890d6ff97fc8702eW.jpg?w=1200&#038;ssl=1\" \/><\/a><\/div>\n<div class=\"detailmodule_image\"><\/div>\n<div class=\"detailmodule_image\">Por que escolher NAVI-S?<\/div>\n<div class=\"detailmodule_image\">1.NAVIRS \u00e9 uma marca l\u00edder do AliExpress, com 15 anos de produ\u00e7\u00e3o profissional e experi\u00eancia em vendas.Vendemos principalmente produtos multim\u00eddia para v\u00e1rios tipos de carros, como Audi, BMW e Mercedes Benz, que s\u00e3o muito bem recebidos pelos clientes.Nosso objetivo \u00e9 fornecer aos clientes os melhores produtos e servi\u00e7os, ao mesmo tempo que fornece atualiza\u00e7\u00f5es gratuitas de firmware<\/div>\n<div class=\"detailmodule_image\">2.Todos os produtos foram aprovados em rigorosos testes de qualidade antes do envio, certifique-se de alta qualidade.<\/div>\n<div class=\"detailmodule_image\">3. envio dentro de 24 horas do armaz\u00e9m local (ES, PL, RU, EUA, CN), ES e PL podem ser enviados para toda a regi\u00e3o europeia<\/div>\n<div class=\"detailmodule_image\">4.Se o produto apresentar algum problema dentro de 15 dias, forneceremos devolu\u00e7\u00e3o e reembolso gratuitos ou substituiremos a nova m\u00e1quina diretamente para voc\u00ea, mas entre em contato conosco primeiro para se comunicar, n\u00e3o abra disputa<\/div>\n<div class=\"detailmodule_image\">5. O imposto de IVA n\u00e3o inclui, ou seja, a possibilidade do comprador, para o comprador que da Uni\u00e3o Europeia, o valor do pedido abaixo de 150 euros precisa pagar o IVA no aliexpress, o valor do pedido acima de 150 euros da China deve pagar impostos quando o pacote chegar ao custo local<\/div>\n<div class=\"detailmodule_image\"><\/div>\n<div class=\"detailmodule_image\"><img data-recalc-dims=\"1\" decoding=\"async\" src=\"https:\/\/i0.wp.com\/ae01.alicdn.com\/kf\/Sdaebc6e510e14eff80e9f9ca8a46d38fa.jpg?w=1200&#038;ssl=1\" \/><\/div>\n<div><img data-recalc-dims=\"1\" decoding=\"async\" style=\"width:1000px\"  src=\"https:\/\/i0.wp.com\/ae01.alicdn.com\/kf\/Sc82d3fa327214f24aa64cb46f7de3ad1V.jpg?w=1200&#038;ssl=1\" \/><\/div>\n<div>\u00a0<\/div>\n<div><img data-recalc-dims=\"1\" decoding=\"async\" src=\"https:\/\/i0.wp.com\/ae01.alicdn.com\/kf\/S18cdc607035a4576ac0aff2c4e16ac47O.jpg?w=1200&#038;ssl=1\" \/><img data-recalc-dims=\"1\" decoding=\"async\" src=\"https:\/\/i0.wp.com\/ae01.alicdn.com\/kf\/S0b634b01fbc44215a02e6c55a94277fdb.jpg?w=1200&#038;ssl=1\" \/><img data-recalc-dims=\"1\" decoding=\"async\" src=\"https:\/\/i0.wp.com\/ae01.alicdn.com\/kf\/S0454e7b6c3ec433f9a540b1a1ca321b11.jpg?w=1200&#038;ssl=1\" \/><img data-recalc-dims=\"1\" decoding=\"async\" src=\"https:\/\/i0.wp.com\/ae01.alicdn.com\/kf\/S8f7f81e00fe1491b90bf0dd40b085482m.jpg?w=1200&#038;ssl=1\" \/><img data-recalc-dims=\"1\" decoding=\"async\" src=\"https:\/\/i0.wp.com\/ae01.alicdn.com\/kf\/S0eeec4c6fe9f4929bc79e85ab7853865W.jpg?w=1200&#038;ssl=1\" \/><img data-recalc-dims=\"1\" decoding=\"async\" src=\"https:\/\/i0.wp.com\/ae01.alicdn.com\/kf\/Sca01b647fd634a0ebb0d25e41a37afc6J.jpg?w=1200&#038;ssl=1\" \/><img data-recalc-dims=\"1\" decoding=\"async\" src=\"https:\/\/i0.wp.com\/ae01.alicdn.com\/kf\/S6daf243a0c1b487892d45afd8e3ee8fb6.jpg?w=1200&#038;ssl=1\" \/><img data-recalc-dims=\"1\" decoding=\"async\" src=\"https:\/\/i0.wp.com\/ae01.alicdn.com\/kf\/S8fa5cdc797e54d0b8186b85ca96751cbv.jpg?w=1200&#038;ssl=1\" \/><img data-recalc-dims=\"1\" decoding=\"async\" src=\"https:\/\/i0.wp.com\/ae01.alicdn.com\/kf\/Sfbde86a78ccf47f99baa9ad10a0b56d2J.jpg?w=1200&#038;ssl=1\" \/><img data-recalc-dims=\"1\" decoding=\"async\" src=\"https:\/\/i0.wp.com\/ae01.alicdn.com\/kf\/Sffe47fef856248b8b3dd5223adadde65C.jpg?w=1200&#038;ssl=1\" \/><img data-recalc-dims=\"1\" decoding=\"async\" src=\"https:\/\/i0.wp.com\/ae01.alicdn.com\/kf\/S6a065f065b984d29869afd10b10d6afc9.jpg?w=1200&#038;ssl=1\" \/><img data-recalc-dims=\"1\" decoding=\"async\" src=\"https:\/\/i0.wp.com\/ae01.alicdn.com\/kf\/Sed810de69f6041f89d426e37c15727c1U.jpg?w=1200&#038;ssl=1\" \/><img data-recalc-dims=\"1\" decoding=\"async\" src=\"https:\/\/i0.wp.com\/ae01.alicdn.com\/kf\/Sce70721421814ff3ae87f3bbddb1fcf3o.jpg?w=1200&#038;ssl=1\" \/><img data-recalc-dims=\"1\" decoding=\"async\" src=\"https:\/\/i0.wp.com\/ae01.alicdn.com\/kf\/S939158deb35e46f5828a7d01fbe225d2K.jpg?w=1200&#038;ssl=1\" \/><img data-recalc-dims=\"1\" decoding=\"async\" src=\"https:\/\/i0.wp.com\/ae01.alicdn.com\/kf\/S24ca9b8a8fc1456db294d033d836e363r.jpg?w=1200&#038;ssl=1\" \/><img data-recalc-dims=\"1\" decoding=\"async\" src=\"https:\/\/i0.wp.com\/ae01.alicdn.com\/kf\/S1a82181f61fd4ab8ad12650d65c60d4dG.jpg?w=1200&#038;ssl=1\" \/><img data-recalc-dims=\"1\" decoding=\"async\" src=\"https:\/\/i0.wp.com\/ae01.alicdn.com\/kf\/S2da54e678b0142ccb934b5e8e240d139y.jpg?w=1200&#038;ssl=1\" \/><img data-recalc-dims=\"1\" decoding=\"async\" src=\"https:\/\/i0.wp.com\/ae01.alicdn.com\/kf\/Sd20df707804d4c2f89790baf5ffdb9e9j.jpg?w=1200&#038;ssl=1\" \/><img data-recalc-dims=\"1\" decoding=\"async\" src=\"https:\/\/i0.wp.com\/ae01.alicdn.com\/kf\/S0dc710c636724f75b0b3163eaae5b427c.jpg?w=1200&#038;ssl=1\" \/><img data-recalc-dims=\"1\" decoding=\"async\" src=\"https:\/\/i0.wp.com\/ae01.alicdn.com\/kf\/S7d923e6fa3bf432f99c05b4334febf8dF.jpg?w=1200&#038;ssl=1\" \/><img data-recalc-dims=\"1\" decoding=\"async\" src=\"https:\/\/i0.wp.com\/ae01.alicdn.com\/kf\/Sccab1067ad6b4532b1b50f39ccf7e04cl.jpg?w=1200&#038;ssl=1\" \/><img data-recalc-dims=\"1\" decoding=\"async\" src=\"https:\/\/i0.wp.com\/ae01.alicdn.com\/kf\/S40113acc7152421785bc641e67f6f4a3Z.jpg?w=1200&#038;ssl=1\" \/><img data-recalc-dims=\"1\" decoding=\"async\" src=\"https:\/\/i0.wp.com\/ae01.alicdn.com\/kf\/Sd14bf2c0f4574067afb9fd143c247dbbM.jpg?w=1200&#038;ssl=1\" \/><img data-recalc-dims=\"1\" decoding=\"async\" src=\"https:\/\/i0.wp.com\/ae01.alicdn.com\/kf\/S4bf48f42752b4304974caa7f1a6f0c26X.jpg?w=1200&#038;ssl=1\" \/><\/div>\n<p><\/p>\n<\/div>\n<\/div>\n<p><\/p>\n","protected":false},"excerpt":{"rendered":"<p>Por que escolher NAVI-S? 1.NAVIRS \u00e9 uma marca l\u00edder do AliExpress, com 15 anos de produ\u00e7\u00e3o profissional e experi\u00eancia em vendas.Vendemos principalmente produtos multim\u00eddia para v\u00e1rios tipos de carros, como Audi, BMW e Mercedes Benz, que s\u00e3o muito bem recebidos pelos clientes.Nosso objetivo \u00e9 fornecer aos clientes os melhores produtos e servi\u00e7os, ao mesmo tempo&hellip;&nbsp;<\/p>\n","protected":false},"featured_media":37148,"template":"","meta":{"neve_meta_sidebar":"","neve_meta_container":"","neve_meta_enable_content_width":"","neve_meta_content_width":0,"neve_meta_title_alignment":"","neve_meta_author_avatar":"","neve_post_elements_order":"","neve_meta_disable_header":"","neve_meta_disable_footer":"","neve_meta_disable_title":""},"product_brand":[],"product_cat":[20,17,85],"product_tag":[],"class_list":{"0":"post-37154","1":"product","2":"type-product","3":"status-publish","4":"has-post-thumbnail","6":"product_cat-eletronicos-automotivos","7":"product_cat-pecas-e-acessorios-automotivos","8":"product_cat-sistema-inteligente-para-carros","10":"first","11":"instock","12":"shipping-taxable","13":"purchasable","14":"product-type-variable","15":"has-default-attributes"},"jetpack_sharing_enabled":true,"_links":{"self":[{"href":"https:\/\/listman.shop\/autoparts-br\/wp-json\/wp\/v2\/product\/37154","targetHints":{"allow":["GET"]}}],"collection":[{"href":"https:\/\/listman.shop\/autoparts-br\/wp-json\/wp\/v2\/product"}],"about":[{"href":"https:\/\/listman.shop\/autoparts-br\/wp-json\/wp\/v2\/types\/product"}],"wp:featuredmedia":[{"embeddable":true,"href":"https:\/\/listman.shop\/autoparts-br\/wp-json\/wp\/v2\/media\/37148"}],"wp:attachment":[{"href":"https:\/\/listman.shop\/autoparts-br\/wp-json\/wp\/v2\/media?parent=37154"}],"wp:term":[{"taxonomy":"product_brand","embeddable":true,"href":"https:\/\/listman.shop\/autoparts-br\/wp-json\/wp\/v2\/product_brand?post=37154"},{"taxonomy":"product_cat","embeddable":true,"href":"https:\/\/listman.shop\/autoparts-br\/wp-json\/wp\/v2\/product_cat?post=37154"},{"taxonomy":"product_tag","embeddable":true,"href":"https:\/\/listman.shop\/autoparts-br\/wp-json\/wp\/v2\/product_tag?post=37154"}],"curies":[{"name":"wp","href":"https:\/\/api.w.org\/{rel}","templated":true}]}}