{"id":37242,"date":"2025-03-23T01:02:36","date_gmt":"2025-03-22T16:02:36","guid":{"rendered":"https:\/\/listman.shop\/autoparts-br\/product\/1005006983981455\/"},"modified":"2026-04-14T12:10:16","modified_gmt":"2026-04-14T03:10:16","slug":"1005006983981455","status":"publish","type":"product","link":"https:\/\/listman.shop\/autoparts-br\/product\/1005006983981455\/","title":{"rendered":"77ghz mil\u00edmetro rcta aoa onda radar mudan\u00e7a pista mais segura bsm assistente de monitoramento de ponto cego bsd sistema de detec\u00e7\u00e3o de ponto cego bsa"},"content":{"rendered":"<div class=\"detailmodule_html\">\n<div class=\"detail-desc-decorate-richtext\">\n<p><img data-recalc-dims=\"1\" decoding=\"async\" src=\"https:\/\/i0.wp.com\/ae01.alicdn.com\/kf\/Sf70c1630fa814a4380e7da4d92dffa5d7.jpg?w=1200&#038;ssl=1\" \/><img data-recalc-dims=\"1\" decoding=\"async\" src=\"https:\/\/i0.wp.com\/ae01.alicdn.com\/kf\/S824a0636d35a4d9c8ae780d7e48e7d706.jpg?w=1200&#038;ssl=1\" \/><img data-recalc-dims=\"1\" decoding=\"async\" src=\"https:\/\/i0.wp.com\/ae01.alicdn.com\/kf\/Sffd29257234f4953854071468f052c7dM.jpg?w=1200&#038;ssl=1\" \/><img data-recalc-dims=\"1\" decoding=\"async\" src=\"https:\/\/i0.wp.com\/ae01.alicdn.com\/kf\/S26011262435b405e80d26e7ca1f995feR.jpg?w=1200&#038;ssl=1\" \/><img data-recalc-dims=\"1\" decoding=\"async\" src=\"https:\/\/i0.wp.com\/ae01.alicdn.com\/kf\/S86757482691e4a079878890aed983fe9J.jpg?w=1200&#038;ssl=1\" \/><img data-recalc-dims=\"1\" decoding=\"async\" src=\"https:\/\/i0.wp.com\/ae01.alicdn.com\/kf\/S34b0965755e649e7bb789b0f3ca2bde1A.jpg?w=1200&#038;ssl=1\" \/><img data-recalc-dims=\"1\" decoding=\"async\" src=\"https:\/\/i0.wp.com\/ae01.alicdn.com\/kf\/Sdd23c705e47c45c1a9cbaaf941dc771fq.jpg?w=1200&#038;ssl=1\" \/><img data-recalc-dims=\"1\" decoding=\"async\" src=\"https:\/\/i0.wp.com\/ae01.alicdn.com\/kf\/S0fd9b747ab9d40b2822f98ec5faa6a4cK.jpg?w=1200&#038;ssl=1\" \/><img data-recalc-dims=\"1\" decoding=\"async\" src=\"https:\/\/i0.wp.com\/ae01.alicdn.com\/kf\/S01ca328e7a1a409aaf8b16f86148cc2eP.jpg?w=1200&#038;ssl=1\" \/><img data-recalc-dims=\"1\" decoding=\"async\" src=\"https:\/\/i0.wp.com\/ae01.alicdn.com\/kf\/Sa7fa2efc59c949f28895f6a7859fe51e7.jpg?w=1200&#038;ssl=1\" \/><img data-recalc-dims=\"1\" decoding=\"async\" src=\"https:\/\/i0.wp.com\/ae01.alicdn.com\/kf\/S05197d32621f43ccae361a6961efd97eB.jpg?w=1200&#038;ssl=1\" \/><img data-recalc-dims=\"1\" decoding=\"async\" src=\"https:\/\/i0.wp.com\/ae01.alicdn.com\/kf\/S25c0123c7b1241a99399db72b47c2eb8t.jpg?w=1200&#038;ssl=1\" \/><img data-recalc-dims=\"1\" decoding=\"async\" src=\"https:\/\/i0.wp.com\/ae01.alicdn.com\/kf\/S6a43ed2ebd82494483eccff9f0182962p.jpg?w=1200&#038;ssl=1\" \/><\/p>\n<\/div>\n<\/div>\n","protected":false},"excerpt":{"rendered":"","protected":false},"featured_media":37237,"template":"","meta":{"neve_meta_sidebar":"","neve_meta_container":"","neve_meta_enable_content_width":"","neve_meta_content_width":0,"neve_meta_title_alignment":"","neve_meta_author_avatar":"","neve_post_elements_order":"","neve_meta_disable_header":"","neve_meta_disable_footer":"","neve_meta_disable_title":""},"product_brand":[],"product_cat":[20,17,50],"product_tag":[],"class_list":{"0":"post-37242","1":"product","2":"type-product","3":"status-publish","4":"has-post-thumbnail","6":"product_cat-eletronicos-automotivos","7":"product_cat-pecas-e-acessorios-automotivos","8":"product_cat-sistemas-de-alarme-e-seguranca","10":"first","11":"instock","12":"shipping-taxable","13":"purchasable","14":"product-type-variable","15":"has-default-attributes"},"jetpack_sharing_enabled":true,"_links":{"self":[{"href":"https:\/\/listman.shop\/autoparts-br\/wp-json\/wp\/v2\/product\/37242","targetHints":{"allow":["GET"]}}],"collection":[{"href":"https:\/\/listman.shop\/autoparts-br\/wp-json\/wp\/v2\/product"}],"about":[{"href":"https:\/\/listman.shop\/autoparts-br\/wp-json\/wp\/v2\/types\/product"}],"wp:featuredmedia":[{"embeddable":true,"href":"https:\/\/listman.shop\/autoparts-br\/wp-json\/wp\/v2\/media\/37237"}],"wp:attachment":[{"href":"https:\/\/listman.shop\/autoparts-br\/wp-json\/wp\/v2\/media?parent=37242"}],"wp:term":[{"taxonomy":"product_brand","embeddable":true,"href":"https:\/\/listman.shop\/autoparts-br\/wp-json\/wp\/v2\/product_brand?post=37242"},{"taxonomy":"product_cat","embeddable":true,"href":"https:\/\/listman.shop\/autoparts-br\/wp-json\/wp\/v2\/product_cat?post=37242"},{"taxonomy":"product_tag","embeddable":true,"href":"https:\/\/listman.shop\/autoparts-br\/wp-json\/wp\/v2\/product_tag?post=37242"}],"curies":[{"name":"wp","href":"https:\/\/api.w.org\/{rel}","templated":true}]}}