{"id":37473,"date":"2025-03-23T01:14:42","date_gmt":"2025-03-22T16:14:42","guid":{"rendered":"https:\/\/listman.shop\/autoparts-br\/product\/1005007254717978\/"},"modified":"2026-04-14T11:47:06","modified_gmt":"2026-04-14T02:47:06","slug":"1005007254717978","status":"publish","type":"product","link":"https:\/\/listman.shop\/autoparts-br\/product\/1005007254717978\/","title":{"rendered":"Alarme solar de press\u00e3o de pneu de carro tpms, display digital colorido, 4 sensores externos, \u00e0 prova d&#8217;\u00e1gua, aviso de temperatura de press\u00e3o dos pneus"},"content":{"rendered":"<div class=\"detailmodule_html\">\n<div class=\"detail-desc-decorate-richtext\"> <span style=\"font-size:20px\"><span style=\"font-family:arial, helvetica, sans-serif\"><strong id=\"tl_1\">Features:<\/strong><\/span><\/span> <br \/> <span style=\"font-size:20px\"><span style=\"font-family:arial, helvetica, sans-serif\" id=\"tl_2\">Brand new and high quality<\/span><\/span> <span style=\"font-size:20px;font-family:arial, helvetica, sans-serif\">;<\/span> <br \/> <span style=\"font-size:20px\"><span style=\"font-family:arial, helvetica, sans-serif\" id=\"tl_3\">USB and Solar power charging;<br \/>High and low pressure, leak alarm;<br \/>LCD display screen, Simple user interface<\/span><\/span> <span style=\"font-size:20px;font-family:arial, helvetica, sans-serif\">;<\/span> <br \/> <span style=\"font-size:20px\"><span style=\"font-family:arial, helvetica, sans-serif\" id=\"tl_4\">Real-time monitoring tire pressure and temperature;<\/span><\/span> <br \/> <span style=\"font-size:20px;font-family:arial, helvetica, sans-serif\" id=\"tl_5\">Battery life:24 months<\/span> <br \/> <span style=\"font-size:20px;font-family:arial, helvetica, sans-serif\" id=\"tl_6\">Waterproof grade:IPX7<\/span> <br \/> <span style=\"font-size:20px\"><span style=\"font-family:arial, helvetica, sans-serif\" id=\"tl_7\">The tire position of any swap function(no need to remove the sensor in the tire)<\/span><\/span> <\/p>\n<p> <span style=\"font-size:20px\"><span style=\"font-family:arial, helvetica, sans-serif\"><strong id=\"tl_8\">Sensor Specification:<\/strong><\/span><\/span> <br \/> <span style=\"font-size:20px\"><span style=\"font-family:arial, helvetica, sans-serif\" id=\"tl_9\">Please install in by Professional car center<br \/>More stable and accurate<br \/>Operating frequency: 433.92Mhz&plusmn;0.1MHZ<br \/>Working Temperature: -40\u2103~\ufe6285\u2103<br \/>Operating Voltage: 2.0-3.6V<br \/>Working current: static\u22641uA, working current\u226415mA<\/span><\/span> <\/p>\n<p> <span style=\"font-size:20px\"><span style=\"font-family:arial, helvetica, sans-serif\"><strong id=\"tl_10\">External Sensor (Optional):<\/strong><\/span><\/span> <br \/> <span style=\"font-size:20px\"><span style=\"font-family:arial, helvetica, sans-serif\" id=\"tl_11\">Easy to install, convenient to replace<br \/>Dust-Proof \/ Water-Proof \/ Anti-theft<br \/>Operating Voltage: 5V<br \/>Working current: static\u226450uA, working current\u226415mA<br \/>Monitioring range: temperature: -40\u2103~\ufe6285\u2103, pressure: 0bar~3.5bar<br \/>Accuracy: temperature: &plusmn;2\u2103, pressure: &plusmn;0.1bar<\/span><\/span> <\/p>\n<p> <span style=\"font-size:20px\"><span style=\"font-family:arial, helvetica, sans-serif\"><strong id=\"tl_12\">Package Included:<\/strong><\/span><\/span> <br \/> <span style=\"font-size:20px\"><span style=\"font-family:arial, helvetica, sans-serif\" id=\"tl_13\">1 x Solar Charging Tyre Pressure Monitoring System<br \/>4 x External sensors<br \/>1 x USB cable<br \/>1 set x Accessories (tool)<\/span><\/span> <br \/> <img data-recalc-dims=\"1\" decoding=\"async\" src=\"https:\/\/i0.wp.com\/ae01.alicdn.com\/kf\/Sb1c8e5b65f114ed08a73e219259d2a37m.jpg?w=1200&#038;ssl=1\" \/> <br \/> <img data-recalc-dims=\"1\" decoding=\"async\" src=\"https:\/\/i0.wp.com\/ae01.alicdn.com\/kf\/Sa209265512324d369a609b7858bf0cefD.jpg?w=1200&#038;ssl=1\" \/> <br \/> <img data-recalc-dims=\"1\" decoding=\"async\" src=\"https:\/\/i0.wp.com\/ae01.alicdn.com\/kf\/S9ebf4684de7943b192e451d98246d8b8b.jpg?w=1200&#038;ssl=1\" \/> <br \/> <img data-recalc-dims=\"1\" decoding=\"async\" src=\"https:\/\/i0.wp.com\/ae01.alicdn.com\/kf\/S14dce105e3aa45db8c64156e913fbad4V.jpg?w=1200&#038;ssl=1\" \/> <br \/> <img data-recalc-dims=\"1\" decoding=\"async\" src=\"https:\/\/i0.wp.com\/ae01.alicdn.com\/kf\/Seadce16b6c1648c08f65ec199c5fa305R.jpg?w=1200&#038;ssl=1\" \/> <br \/> <img data-recalc-dims=\"1\" decoding=\"async\" src=\"https:\/\/i0.wp.com\/ae01.alicdn.com\/kf\/S6e4f2d79d130416284441f3512743813O.jpg?w=1200&#038;ssl=1\" \/> <br \/> <img data-recalc-dims=\"1\" decoding=\"async\" src=\"https:\/\/i0.wp.com\/ae01.alicdn.com\/kf\/Sd579b4555cd54aa9a902235035a8f690E.jpg?w=1200&#038;ssl=1\" \/> <br \/> <img data-recalc-dims=\"1\" decoding=\"async\" src=\"https:\/\/i0.wp.com\/ae01.alicdn.com\/kf\/Sb98579beaf804dd7b79880d1c1522c9bs.jpg?w=1200&#038;ssl=1\" \/> <br \/> <img data-recalc-dims=\"1\" decoding=\"async\" src=\"https:\/\/i0.wp.com\/ae01.alicdn.com\/kf\/Seab1a4d736834377aec291240f53d7c2y.jpg?w=1200&#038;ssl=1\" \/> <br \/> <img data-recalc-dims=\"1\" decoding=\"async\" src=\"https:\/\/i0.wp.com\/ae01.alicdn.com\/kf\/S04eca6eb3a3d409ca541b735f2dbdfb6h.jpg?w=1200&#038;ssl=1\" \/> <br \/> <img data-recalc-dims=\"1\" decoding=\"async\" src=\"https:\/\/i0.wp.com\/ae01.alicdn.com\/kf\/Sd8773f04747d483ea48eb9ee0952e4ceK.jpg?w=1200&#038;ssl=1\" \/> <br \/> <img data-recalc-dims=\"1\" decoding=\"async\" src=\"https:\/\/i0.wp.com\/ae01.alicdn.com\/kf\/S4c014759734449f69d410a19ba3c22c7k.jpg?w=1200&#038;ssl=1\" \/> <br \/> <img data-recalc-dims=\"1\" decoding=\"async\" src=\"https:\/\/i0.wp.com\/ae01.alicdn.com\/kf\/S3f42870cd5a443fa91fb44a659ea96bbh.jpg?w=1200&#038;ssl=1\" \/> <br \/> <img data-recalc-dims=\"1\" decoding=\"async\" src=\"https:\/\/i0.wp.com\/ae01.alicdn.com\/kf\/S00cedc4073d94869b304269e79f4f530i.jpg?w=1200&#038;ssl=1\" \/> <\/div>\n<\/div>\n","protected":false},"excerpt":{"rendered":"<p>Features: Brand new and high quality ; USB and Solar power charging;High and low pressure, leak alarm;LCD display screen, Simple user interface ; Real-time monitoring tire pressure and temperature; Battery life:24 months Waterproof grade:IPX7 The tire position of any swap function(no need to remove the sensor in the tire) Sensor Specification: Please install in by&hellip;&nbsp;<\/p>\n","protected":false},"featured_media":37467,"template":"","meta":{"neve_meta_sidebar":"","neve_meta_container":"","neve_meta_enable_content_width":"","neve_meta_content_width":0,"neve_meta_title_alignment":"","neve_meta_author_avatar":"","neve_post_elements_order":"","neve_meta_disable_header":"","neve_meta_disable_footer":"","neve_meta_disable_title":""},"product_brand":[],"product_cat":[20,17,50],"product_tag":[],"class_list":{"0":"post-37473","1":"product","2":"type-product","3":"status-publish","4":"has-post-thumbnail","6":"product_cat-eletronicos-automotivos","7":"product_cat-pecas-e-acessorios-automotivos","8":"product_cat-sistemas-de-alarme-e-seguranca","10":"first","11":"instock","12":"shipping-taxable","13":"purchasable","14":"product-type-variable","15":"has-default-attributes"},"jetpack_sharing_enabled":true,"_links":{"self":[{"href":"https:\/\/listman.shop\/autoparts-br\/wp-json\/wp\/v2\/product\/37473","targetHints":{"allow":["GET"]}}],"collection":[{"href":"https:\/\/listman.shop\/autoparts-br\/wp-json\/wp\/v2\/product"}],"about":[{"href":"https:\/\/listman.shop\/autoparts-br\/wp-json\/wp\/v2\/types\/product"}],"wp:featuredmedia":[{"embeddable":true,"href":"https:\/\/listman.shop\/autoparts-br\/wp-json\/wp\/v2\/media\/37467"}],"wp:attachment":[{"href":"https:\/\/listman.shop\/autoparts-br\/wp-json\/wp\/v2\/media?parent=37473"}],"wp:term":[{"taxonomy":"product_brand","embeddable":true,"href":"https:\/\/listman.shop\/autoparts-br\/wp-json\/wp\/v2\/product_brand?post=37473"},{"taxonomy":"product_cat","embeddable":true,"href":"https:\/\/listman.shop\/autoparts-br\/wp-json\/wp\/v2\/product_cat?post=37473"},{"taxonomy":"product_tag","embeddable":true,"href":"https:\/\/listman.shop\/autoparts-br\/wp-json\/wp\/v2\/product_tag?post=37473"}],"curies":[{"name":"wp","href":"https:\/\/api.w.org\/{rel}","templated":true}]}}