{"id":37482,"date":"2025-03-23T01:15:01","date_gmt":"2025-03-22T16:15:01","guid":{"rendered":"https:\/\/listman.shop\/autoparts-br\/product\/1005007267862866\/"},"modified":"2026-04-14T12:24:07","modified_gmt":"2026-04-14T03:24:07","slug":"1005007267862866","status":"publish","type":"product","link":"https:\/\/listman.shop\/autoparts-br\/product\/1005007267862866\/","title":{"rendered":"Est\u00e9reo de carro carplay sem fio port\u00e1til universal, tela sens\u00edvel ao toque hd de 10.26 &#8220;para carro com carplay e android auto com link de espelho"},"content":{"rendered":"<div class=\"detailmodule_html\">\n<div class=\"detail-desc-decorate-richtext\">\n<p>\u3010Funcionalidade abrangente\u3011 Este sistema CarPlay multifuncional integra grava\u00e7\u00e3o de v\u00eddeo do carro, assist\u00eancia de revers\u00e3o e compatibilidade CarPlay e Android Auto.Ele oferece uma variedade de recursos projetados para entretenimento, navega\u00e7\u00e3o, grava\u00e7\u00e3o de v\u00eddeo e seguran\u00e7a.Com controle de voz e opera\u00e7\u00e3o com viva-voz, voc\u00ea pode manter seu foc2us na estrada e evitar multas ou ingressos, melhorando sua experi\u00eancia geral de dire\u00e7\u00e3o.<\/p>\n<p><\/p>\n<p style=\", Roboto, Arial, Helvetica, sans-serif, SimSun;font-size:14px;font-weight:400;letter-spacing:normal;line-height:inherit;text-align:start;white-space:normal;margin:0px;margin-bottom:0px;margin-top:0px;margin-left:0px;margin-right:0px;padding:0px;padding-bottom:0px;padding-top:0px;padding-left:0px;padding-right:0px\" align=\"start\">\u3010F\u00e1cil instala\u00e7\u00e3o\u3011 A tela CarPlay port\u00e1til vem com suportes autoadesivos para posicionamento seguro do painel, que podem ser facilmente removidos quando n\u00e3o estiverem em uso.Suportando um alcance de 9-32V, \u00e9 adequado para carros, vans, reboques, campistas, caminh\u00f5es e caravanas.<\/p>\n<p style=\", Roboto, Arial, Helvetica, sans-serif, SimSun;font-size:14px;font-weight:400;letter-spacing:normal;line-height:inherit;text-align:start;white-space:normal;margin:0px;margin-bottom:0px;margin-top:0px;margin-left:0px;margin-right:0px;padding:0px;padding-bottom:0px;padding-top:0px;padding-left:0px;padding-right:0px\" align=\"start\"><\/p>\n<p style=\", Roboto, Arial, Helvetica, sans-serif, SimSun;font-size:14px;font-weight:400;letter-spacing:normal;line-height:inherit;text-align:start;white-space:normal;margin:0px;margin-bottom:0px;margin-top:0px;margin-left:0px;margin-right:0px;padding:0px;padding-bottom:0px;padding-top:0px;padding-left:0px;padding-right:0px\" align=\"start\">\u3010Compatibilidade universal\u3011 Nossa tela CarPlay \u00e9 compat\u00edvel com todos os ve\u00edculos.Com este dispositivo, voc\u00ea pode desfrutar de recursos como YouTube, podcasts, mensagens, Google Maps, navega\u00e7\u00e3o, Spotify, Apple Music e chamadas Bluetooth, tornando-o o dispositivo viva-voz definitivo.Ele se encaixa perfeitamente em carros, SUVs, caminh\u00f5es, trailers, vans e \u00f4nibus, trabalhando harmoniosamente com o sistema de r\u00e1dio existente do seu carro.<\/p>\n<p><\/p>\n<p style=\", Roboto, Arial, Helvetica, sans-serif, SimSun;font-size:14px;font-weight:400;letter-spacing:normal;line-height:inherit;text-align:start;white-space:normal;margin:0px;margin-bottom:0px;margin-top:0px;margin-left:0px;margin-right:0px;padding:0px;padding-bottom:0px;padding-top:0px;padding-left:0px;padding-right:0px\" align=\"start\"><\/p>\n<p style=\", Roboto, Arial, Helvetica, sans-serif, SimSun;font-size:14px;font-weight:400;letter-spacing:normal;line-height:inherit;text-align:start;white-space:normal;margin:0px;margin-bottom:0px;margin-top:0px;margin-left:0px;margin-right:0px;padding:0px;padding-bottom:0px;padding-top:0px;padding-left:0px;padding-right:0px\" align=\"start\">\u3010Sistema de c\u00e2mera dupla\u3011Equipado com c\u00e2meras duplas frontal e traseira (opcional), oferece imagens n\u00edtidas, permitindo capturar detalhes cruciais como placas em caso de incidente.Um cart\u00e3o TF de 64 GB est\u00e1 inclu\u00eddo para alguns modelos armazenarem v\u00eddeos de ambas as c\u00e2meras, salvaguardando seus direitos e interesses.<\/p>\n<p style=\", Roboto, Arial, Helvetica, sans-serif, SimSun;font-size:14px;font-weight:400;letter-spacing:normal;line-height:inherit;text-align:start;white-space:normal;margin:0px;margin-bottom:0px;margin-top:0px;margin-left:0px;margin-right:0px;padding:0px;padding-bottom:0px;padding-top:0px;padding-left:0px;padding-right:0px\" align=\"start\"><\/p>\n<p style=\", Roboto, Arial, Helvetica, sans-serif, SimSun;font-size:14px;font-weight:400;letter-spacing:normal;line-height:inherit;text-align:start;white-space:normal;margin:0px;margin-bottom:0px;margin-top:0px;margin-left:0px;margin-right:0px;padding:0px;padding-bottom:0px;padding-top:0px;padding-left:0px;padding-right:0px\" align=\"start\">\u3010Seguran\u00e7a de revers\u00e3o aprimorada\u3011A c\u00e2mera de backup do sistema CarPlay possui um \u00e2ngulo ultra grande de 170 graus, cobrindo aproximadamente 6 pistas de estrada.Esta vis\u00e3o extensa torna o estacionamento e a r\u00e9 muito mais seguros e f\u00e1ceis, proporcionando uma vis\u00e3o clara do que est\u00e1 ao seu redor.<\/p>\n<p style=\", Roboto, Arial, Helvetica, sans-serif, SimSun;font-size:14px;font-weight:400;letter-spacing:normal;line-height:inherit;text-align:start;white-space:normal;margin:0px;margin-bottom:0px;margin-top:0px;margin-left:0px;margin-right:0px;padding:0px;padding-bottom:0px;padding-top:0px;padding-left:0px;padding-right:0px\" align=\"start\"><\/p>\n<p style=\", Roboto, Arial, Helvetica, sans-serif, SimSun;font-size:14px;font-weight:400;letter-spacing:normal;line-height:inherit;text-align:start;white-space:normal;margin:0px;margin-bottom:0px;margin-top:0px;margin-left:0px;margin-right:0px;padding:0px;padding-bottom:0px;padding-top:0px;padding-left:0px;padding-right:0px\" align=\"start\">\u3010Tela Full HD 1080P de 10,26 polegadas\u3011 Nosso produto possui uma grande tela de toque Full HD 1080P de 10,26 polegadas.Com sensibilidade aprimorada, uma exibi\u00e7\u00e3o mais n\u00edtida e cores vibrantes, esta tela atualizada melhora significativamente a experi\u00eancia do usu\u00e1rio.<\/p>\n<p style=\", Roboto, Arial, Helvetica, sans-serif, SimSun;font-size:14px;font-weight:400;letter-spacing:normal;line-height:inherit;text-align:start;white-space:normal;margin:0px;margin-bottom:0px;margin-top:0px;margin-left:0px;margin-right:0px;padding:0px;padding-bottom:0px;padding-top:0px;padding-left:0px;padding-right:0px\" align=\"start\"><\/p>\n<p style=\", Roboto, Arial, Helvetica, sans-serif, SimSun;font-size:14px;font-weight:400;letter-spacing:normal;line-height:inherit;text-align:start;white-space:normal;margin:0px;margin-bottom:0px;margin-top:0px;margin-left:0px;margin-right:0px;padding:0px;padding-bottom:0px;padding-top:0px;padding-left:0px;padding-right:0px\" align=\"start\">\u3010Op\u00e7\u00f5es de transmiss\u00e3o AUX \/ FM\u3011 A tela CarPlay port\u00e1til inclui alto-falantes integrados. Para um som aprimorado, voc\u00ea pode transmitir \u00e1udio para os alto-falantes do seu carro usando sincroniza\u00e7\u00e3o de frequ\u00eancia FM ou o cabo AUX inclu\u00eddo conectado ao conector de entrada AUX do seu carro.<\/p>\n<p><\/p>\n<p><\/p>\n<p><img data-recalc-dims=\"1\" decoding=\"async\" src=\"https:\/\/i0.wp.com\/ae01.alicdn.com\/kf\/S87fa1b9ea7b24c68ad7e861fb53d03c0O.jpg?w=1200&#038;ssl=1\"><img data-recalc-dims=\"1\" decoding=\"async\" src=\"https:\/\/i0.wp.com\/ae01.alicdn.com\/kf\/Se6ebb9ad34724d50b463afe24dcec90bd.jpg?w=1200&#038;ssl=1\"><img data-recalc-dims=\"1\" decoding=\"async\" src=\"https:\/\/i0.wp.com\/ae01.alicdn.com\/kf\/Sa9266a04a6c140f98c01a52b5d76cd45u.jpg?w=1200&#038;ssl=1\"><img data-recalc-dims=\"1\" decoding=\"async\" src=\"https:\/\/i0.wp.com\/ae01.alicdn.com\/kf\/S78224f83407c4f6fa85c6b27e2a76242h.jpg?w=1200&#038;ssl=1\"><img data-recalc-dims=\"1\" decoding=\"async\" src=\"https:\/\/i0.wp.com\/ae01.alicdn.com\/kf\/S834de70e0aba42c1bc31f3ceb1709e7c8.jpg?w=1200&#038;ssl=1\"><img data-recalc-dims=\"1\" decoding=\"async\" src=\"https:\/\/i0.wp.com\/ae01.alicdn.com\/kf\/Sf8f9e96bb32545a596349c7841fd22d6k.jpg?w=1200&#038;ssl=1\"><img data-recalc-dims=\"1\" decoding=\"async\" src=\"https:\/\/i0.wp.com\/ae01.alicdn.com\/kf\/S9288341d7e524b969ac0667b514817011.jpg?w=1200&#038;ssl=1\"><img data-recalc-dims=\"1\" decoding=\"async\" src=\"https:\/\/i0.wp.com\/ae01.alicdn.com\/kf\/S1a77d2260b514c148519f31b638b9828A.jpg?w=1200&#038;ssl=1\"><\/p>\n<p><img data-recalc-dims=\"1\" decoding=\"async\" src=\"https:\/\/i0.wp.com\/ae01.alicdn.com\/kf\/S784e5b5aff97467da2fa15bc60e507b5H.jpg?w=1200&#038;ssl=1\"><\/p>\n<p><\/p>\n<\/div>\n<\/div>\n","protected":false},"excerpt":{"rendered":"<p>\u3010Funcionalidade abrangente\u3011 Este sistema CarPlay multifuncional integra grava\u00e7\u00e3o de v\u00eddeo do carro, assist\u00eancia de revers\u00e3o e compatibilidade CarPlay e Android Auto.Ele oferece uma variedade de recursos projetados para entretenimento, navega\u00e7\u00e3o, grava\u00e7\u00e3o de v\u00eddeo e seguran\u00e7a.Com controle de voz e opera\u00e7\u00e3o com viva-voz, voc\u00ea pode manter seu foc2us na estrada e evitar multas ou ingressos, melhorando&hellip;&nbsp;<\/p>\n","protected":false},"featured_media":37476,"template":"","meta":{"neve_meta_sidebar":"","neve_meta_container":"","neve_meta_enable_content_width":"","neve_meta_content_width":0,"neve_meta_title_alignment":"","neve_meta_author_avatar":"","neve_post_elements_order":"","neve_meta_disable_header":"","neve_meta_disable_footer":"","neve_meta_disable_title":""},"product_brand":[],"product_cat":[20,17,85],"product_tag":[],"class_list":{"0":"post-37482","1":"product","2":"type-product","3":"status-publish","4":"has-post-thumbnail","6":"product_cat-eletronicos-automotivos","7":"product_cat-pecas-e-acessorios-automotivos","8":"product_cat-sistema-inteligente-para-carros","10":"first","11":"instock","12":"shipping-taxable","13":"purchasable","14":"product-type-variable","15":"has-default-attributes"},"jetpack_sharing_enabled":true,"_links":{"self":[{"href":"https:\/\/listman.shop\/autoparts-br\/wp-json\/wp\/v2\/product\/37482","targetHints":{"allow":["GET"]}}],"collection":[{"href":"https:\/\/listman.shop\/autoparts-br\/wp-json\/wp\/v2\/product"}],"about":[{"href":"https:\/\/listman.shop\/autoparts-br\/wp-json\/wp\/v2\/types\/product"}],"wp:featuredmedia":[{"embeddable":true,"href":"https:\/\/listman.shop\/autoparts-br\/wp-json\/wp\/v2\/media\/37476"}],"wp:attachment":[{"href":"https:\/\/listman.shop\/autoparts-br\/wp-json\/wp\/v2\/media?parent=37482"}],"wp:term":[{"taxonomy":"product_brand","embeddable":true,"href":"https:\/\/listman.shop\/autoparts-br\/wp-json\/wp\/v2\/product_brand?post=37482"},{"taxonomy":"product_cat","embeddable":true,"href":"https:\/\/listman.shop\/autoparts-br\/wp-json\/wp\/v2\/product_cat?post=37482"},{"taxonomy":"product_tag","embeddable":true,"href":"https:\/\/listman.shop\/autoparts-br\/wp-json\/wp\/v2\/product_tag?post=37482"}],"curies":[{"name":"wp","href":"https:\/\/api.w.org\/{rel}","templated":true}]}}