{"id":37512,"date":"2025-03-23T01:16:01","date_gmt":"2025-03-22T16:16:01","guid":{"rendered":"https:\/\/listman.shop\/autoparts-br\/product\/1005007289712705\/"},"modified":"2026-04-14T11:53:15","modified_gmt":"2026-04-14T02:53:15","slug":"1005007289712705","status":"publish","type":"product","link":"https:\/\/listman.shop\/autoparts-br\/product\/1005007289712705\/","title":{"rendered":"Interface de c\u00e2mera reversa para audi q2 sq2 a3 2012-2019 adaptador de c\u00e2mera traseira de atualiza\u00e7\u00e3o de tela original"},"content":{"rendered":"<div class=\"detailmodule_html\">\n<div class=\"detail-desc-decorate-richtext\">\n<div class=\"detailmodule_text\">\n<p style=\"font-family:OpenSans;font-size:20px;font-weight:900;line-height:28px;white-space:pre-wrap;margin-bottom:12px\" class=\"detail-desc-decorate-title\">Interface de c&acirc;mera reversa para audi q2 sq2 a3 8v tela original atualiza&ccedil;&atilde;o adaptador de c&acirc;mera traseira dianteira<\/p>\n<\/div>\n<div class=\"detailmodule_text\">\n<p style=\"font-family:OpenSans;font-size:20px;font-weight:900;line-height:28px;white-space:pre-wrap;margin-bottom:12px\" class=\"detail-desc-decorate-title\">Adequado para instala&ccedil;&atilde;o de modelos:<\/p>\n<p style=\"font-family:OpenSans;font-size:14px;font-weight:300;line-height:20px;white-space:pre-wrap;margin-bottom:12px\" class=\"detail-desc-decorate-content\">1, tela OEM Audi A3 8V 5,8 polegadas \/ 6,3 polegadas \/ 7 polegadas 2012-2019<br \/>2, tela OEM Audi Q2 SQ2 7 polegadas \/ 8 polegadas 2016-2022<\/p>\n<\/div>\n<div class=\"detailmodule_text\">\n<p style=\"font-family:OpenSans;font-size:20px;font-weight:900;line-height:28px;white-space:pre-wrap;margin-bottom:12px\" class=\"detail-desc-decorate-title\">Idioma: ingl&ecirc;s<\/p>\n<\/div>\n<div class=\"detailmodule_text\">\n<p style=\"font-family:OpenSans;font-size:20px;font-weight:900;line-height:28px;white-space:pre-wrap;margin-bottom:12px\" class=\"detail-desc-decorate-title\">Detalhes r&aacute;pidos:<\/p>\n<p style=\"font-family:OpenSans;font-size:14px;font-weight:300;line-height:20px;white-space:pre-wrap;margin-bottom:12px\" class=\"detail-desc-decorate-content\">Local de origem: China<br \/>N&uacute;mero do modelo: AD-8811<br \/>Garantia: 12 meses<br \/>Recurso: atualiza&ccedil;&atilde;o da tela original do carro<br \/>c&acirc;mera traseira: opcional<br \/>c&acirc;mera frontal: opcional<br \/>Sensores de radar: exibi&ccedil;&atilde;o<br \/>Sa&iacute;da de v&iacute;deo: LVDS<br \/>Tipo: interface de c&acirc;mera<\/p>\n<\/div>\n<div class=\"detailmodule_text\">\n<p style=\"font-family:OpenSans;font-size:20px;font-weight:900;line-height:28px;white-space:pre-wrap;margin-bottom:12px\" class=\"detail-desc-decorate-title\">Caracter&iacute;stica:<\/p>\n<p style=\"font-family:OpenSans;font-size:14px;font-weight:300;line-height:20px;white-space:pre-wrap;margin-bottom:12px\" class=\"detail-desc-decorate-content\">1.Diretrizes de estacionamento din&acirc;micas com imagem de detec&ccedil;&atilde;o de radar original<br \/>2.Integra&ccedil;&atilde;o perfeita com equipamentos originais<br \/>3.Entrada de c&acirc;mera reversa com comuta&ccedil;&atilde;o autom&aacute;tica de engrenagem R<br \/>4.Pode adicionar c&acirc;mera frontal<br \/>5.Instala&ccedil;&atilde;o Plug &amp; Play, sem necessidade de programa&ccedil;&atilde;o<br \/>6.N&atilde;o danifique o chicote el&eacute;trico original do ve&iacute;culo<\/p>\n<\/div>\n<div class=\"detailmodule_text\">\n<p style=\"font-family:OpenSans;font-size:20px;font-weight:900;line-height:28px;white-space:pre-wrap;margin-bottom:12px\" class=\"detail-desc-decorate-title\">Embalagem e entrega<\/p>\n<p style=\"font-family:OpenSans;font-size:14px;font-weight:300;line-height:20px;white-space:pre-wrap;margin-bottom:12px\" class=\"detail-desc-decorate-content\">Unidades de venda:Item &uacute;nico<br \/>Tamanho do pacote &uacute;nico: 25X20X7 cm<br \/>Peso bruto &uacute;nico: 0,7 kg<\/p>\n<\/div>\n<div class=\"detailmodule_image\">\n <img data-recalc-dims=\"1\" decoding=\"async\" class=\"detail-desc-decorate-image\" src=\"https:\/\/i0.wp.com\/ae01.alicdn.com\/kf\/Sc525cb664b62431393bc578e9c4968ad3.jpg?w=1200&#038;ssl=1\" \/><br \/>\n <img data-recalc-dims=\"1\" decoding=\"async\" class=\"detail-desc-decorate-image\" src=\"https:\/\/i0.wp.com\/ae01.alicdn.com\/kf\/S7c900e59564a4219bb890aea30e65a58Y.jpg?w=1200&#038;ssl=1\" \/><br \/>\n <img data-recalc-dims=\"1\" decoding=\"async\" class=\"detail-desc-decorate-image\" src=\"https:\/\/i0.wp.com\/ae01.alicdn.com\/kf\/S63a123c2c85544678d136522d4137f59M.jpg?w=1200&#038;ssl=1\" \/><br \/>\n <img data-recalc-dims=\"1\" decoding=\"async\" class=\"detail-desc-decorate-image\" src=\"https:\/\/i0.wp.com\/ae01.alicdn.com\/kf\/S1c1817fa7826406695608ac11509a544W.jpg?w=1200&#038;ssl=1\" \/><br \/>\n <img data-recalc-dims=\"1\" decoding=\"async\" class=\"detail-desc-decorate-image\" src=\"https:\/\/i0.wp.com\/ae01.alicdn.com\/kf\/Sc96dfeedaa084dc4a431582986f6b2a85.jpg?w=1200&#038;ssl=1\" \/><br \/>\n <img data-recalc-dims=\"1\" decoding=\"async\" class=\"detail-desc-decorate-image\" src=\"https:\/\/i0.wp.com\/ae01.alicdn.com\/kf\/S5a0166615adb459b849ff32e7547c6f7D.jpg?w=1200&#038;ssl=1\" \/><br \/>\n <img data-recalc-dims=\"1\" decoding=\"async\" class=\"detail-desc-decorate-image\" src=\"https:\/\/i0.wp.com\/ae01.alicdn.com\/kf\/H0a7a79fb3551473a8fbc03ad081ffce0m.jpg?w=1200&#038;ssl=1\" \/>\n<\/div>\n<p><\/p>\n<\/div>\n<\/div>\n","protected":false},"excerpt":{"rendered":"<p>Interface de c&acirc;mera reversa para audi q2 sq2 a3 8v tela original atualiza&ccedil;&atilde;o adaptador de c&acirc;mera traseira dianteira Adequado para instala&ccedil;&atilde;o de modelos: 1, tela OEM Audi A3 8V 5,8 polegadas \/ 6,3 polegadas \/ 7 polegadas 2012-20192, tela OEM Audi Q2 SQ2 7 polegadas \/ 8 polegadas 2016-2022 Idioma: ingl&ecirc;s Detalhes r&aacute;pidos: Local de&hellip;&nbsp;<\/p>\n","protected":false},"featured_media":37506,"template":"","meta":{"neve_meta_sidebar":"","neve_meta_container":"","neve_meta_enable_content_width":"","neve_meta_content_width":0,"neve_meta_title_alignment":"","neve_meta_author_avatar":"","neve_post_elements_order":"","neve_meta_disable_header":"","neve_meta_disable_footer":"","neve_meta_disable_title":""},"product_brand":[],"product_cat":[40,20,17],"product_tag":[],"class_list":{"0":"post-37512","1":"product","2":"type-product","3":"status-publish","4":"has-post-thumbnail","6":"product_cat-dvr-para-carro","7":"product_cat-eletronicos-automotivos","8":"product_cat-pecas-e-acessorios-automotivos","10":"first","11":"instock","12":"shipping-taxable","13":"purchasable","14":"product-type-variable","15":"has-default-attributes"},"jetpack_sharing_enabled":true,"_links":{"self":[{"href":"https:\/\/listman.shop\/autoparts-br\/wp-json\/wp\/v2\/product\/37512","targetHints":{"allow":["GET"]}}],"collection":[{"href":"https:\/\/listman.shop\/autoparts-br\/wp-json\/wp\/v2\/product"}],"about":[{"href":"https:\/\/listman.shop\/autoparts-br\/wp-json\/wp\/v2\/types\/product"}],"wp:featuredmedia":[{"embeddable":true,"href":"https:\/\/listman.shop\/autoparts-br\/wp-json\/wp\/v2\/media\/37506"}],"wp:attachment":[{"href":"https:\/\/listman.shop\/autoparts-br\/wp-json\/wp\/v2\/media?parent=37512"}],"wp:term":[{"taxonomy":"product_brand","embeddable":true,"href":"https:\/\/listman.shop\/autoparts-br\/wp-json\/wp\/v2\/product_brand?post=37512"},{"taxonomy":"product_cat","embeddable":true,"href":"https:\/\/listman.shop\/autoparts-br\/wp-json\/wp\/v2\/product_cat?post=37512"},{"taxonomy":"product_tag","embeddable":true,"href":"https:\/\/listman.shop\/autoparts-br\/wp-json\/wp\/v2\/product_tag?post=37512"}],"curies":[{"name":"wp","href":"https:\/\/api.w.org\/{rel}","templated":true}]}}