{"id":37580,"date":"2025-03-23T01:17:43","date_gmt":"2025-03-22T16:17:43","guid":{"rendered":"https:\/\/listman.shop\/autoparts-br\/product\/1005007372261361\/"},"modified":"2026-04-07T19:35:27","modified_gmt":"2026-04-07T10:35:27","slug":"1005007372261361","status":"publish","type":"product","link":"https:\/\/listman.shop\/autoparts-br\/product\/1005007372261361\/","title":{"rendered":"R\u00e1dio do carro de 9.7 polegadas android 15 para ford kuga 2 escape 3 2012 &#8211; 2019 4g let sem fio carplay est\u00e9reo multim\u00eddia player gps bt dsp"},"content":{"rendered":"<div class=\"detailmodule_html\">\n<div class=\"detail-desc-decorate-richtext\">\n<div class=\"detailmodule_text\">\n<p style=\"font-family:OpenSans;font-size:14px;font-weight:300;line-height:20px;white-space:pre-wrap;margin-bottom:12px\" class=\"detail-desc-decorate-content\" id=\"tl_1\">\n  A satisfa&ccedil;&atilde;o do cliente &eacute; o nosso princ&iacute;pio do servi&ccedil;o. &Eacute; por isso que oferecemos uma garantia abrangente de 2 anos para todos os produtos. Acreditamos na durabilidade e confiabilidade de nossos produtos, e apoiamos seu desempenho. Ao cooperar conosco, voc&ecirc; pode ter certeza de que quaisquer problemas que possam surgir durante o per&iacute;odo de garantia ser&atilde;o prontamente resolvidos. <br \/>Para agradecer por nos escolher, preparamos mais cupons de desconto para voc&ecirc;, para que voc&ecirc; possa comprar seus produtos a um pre&ccedil;o menor. Clique no link abaixo para reivindicar imediatamente o cupom e aproveitar os benef&iacute;cios de trabalhar conosco!<\/p>\n<\/div>\n<div class=\"detailmodule_image\">\n <a href=\"https:\/\/vi.aliexpress.com\/store\/1103815349?spm=a2g0o.detail.0.0.500dkMN5kMN5ho\" target=\"_self\" class=\"\"><img data-recalc-dims=\"1\" decoding=\"async\" class=\"detail-desc-decorate-image\" src=\"https:\/\/i0.wp.com\/ae01.alicdn.com\/kf\/Sf93a977ed7954975ad80a3a4bd87036aO.jpg?w=1200&#038;ssl=1\" \/><\/a><br \/>\n <img data-recalc-dims=\"1\" decoding=\"async\" class=\"detail-desc-decorate-image\" src=\"https:\/\/i0.wp.com\/ae01.alicdn.com\/kf\/S903493c3954e4c1eae8fa944824bffb0z.jpg?w=1200&#038;ssl=1\" \/><br \/>\n <img data-recalc-dims=\"1\" decoding=\"async\" class=\"detail-desc-decorate-image\" src=\"https:\/\/i0.wp.com\/ae01.alicdn.com\/kf\/S47cce3c0c3ab4a049d52a62e3be5e4e0l.jpg?w=1200&#038;ssl=1\" \/><br \/>\n <img data-recalc-dims=\"1\" decoding=\"async\" class=\"detail-desc-decorate-image\" src=\"https:\/\/i0.wp.com\/ae01.alicdn.com\/kf\/Sa0f55c51ae4a41cfb6f76fa21db0efa5P.jpg?w=1200&#038;ssl=1\" \/>\n<\/div>\n<div class=\"detailmodule_image\">\n <img data-recalc-dims=\"1\" decoding=\"async\" class=\"detail-desc-decorate-image\" src=\"https:\/\/i0.wp.com\/ae01.alicdn.com\/kf\/Sefae6bdf81904845a1b2a013b79c801eS.jpg?w=1200&#038;ssl=1\" \/><br \/>\n <img data-recalc-dims=\"1\" decoding=\"async\" class=\"detail-desc-decorate-image\" src=\"https:\/\/i0.wp.com\/ae01.alicdn.com\/kf\/S4db27ae27f7d440183718c013484231dF.jpg?w=1200&#038;ssl=1\" \/><br \/>\n <img data-recalc-dims=\"1\" decoding=\"async\" class=\"detail-desc-decorate-image\" src=\"https:\/\/i0.wp.com\/ae01.alicdn.com\/kf\/Sd98ac537ca6d49d2931a9ce447e3fb25d.jpg?w=1200&#038;ssl=1\" \/><br \/>\n <img data-recalc-dims=\"1\" decoding=\"async\" class=\"detail-desc-decorate-image\" src=\"https:\/\/i0.wp.com\/ae01.alicdn.com\/kf\/S3d5b2c9922084260acb456755073dcf4S.jpg?w=1200&#038;ssl=1\" \/><br \/>\n <img data-recalc-dims=\"1\" decoding=\"async\" class=\"detail-desc-decorate-image\" src=\"https:\/\/i0.wp.com\/ae01.alicdn.com\/kf\/S221cd4e0216d4f94a69e81e9bf7d5f02u.jpg?w=1200&#038;ssl=1\" \/><br \/>\n <img data-recalc-dims=\"1\" decoding=\"async\" class=\"detail-desc-decorate-image\" src=\"https:\/\/i0.wp.com\/ae01.alicdn.com\/kf\/S11125ef7d9bc48179259bec0238fd17eW.jpg?w=1200&#038;ssl=1\" \/><br \/>\n <img data-recalc-dims=\"1\" decoding=\"async\" class=\"detail-desc-decorate-image\" src=\"https:\/\/i0.wp.com\/ae01.alicdn.com\/kf\/S472f9d65ab2a44fc860a21ffe38db45a1.jpg?w=1200&#038;ssl=1\" \/><br \/>\n <img data-recalc-dims=\"1\" decoding=\"async\" class=\"detail-desc-decorate-image\" src=\"https:\/\/i0.wp.com\/ae01.alicdn.com\/kf\/Sf30f51cf94ec40b5afd815d305af6ff5C.jpg?w=1200&#038;ssl=1\" \/><br \/>\n <a href=\"https:\/\/www.aliexpress.com\/item\/1005007084872404.html\" target=\"_self\" class=\"\"><img data-recalc-dims=\"1\" decoding=\"async\" class=\"detail-desc-decorate-image\" src=\"https:\/\/i0.wp.com\/ae01.alicdn.com\/kf\/Se8c606bd878946bf973204651717652cZ.jpg?w=1200&#038;ssl=1\" \/><\/a><br \/>\n <a href=\"https:\/\/www.aliexpress.com\/item\/1005007082918311.html\" target=\"_self\" class=\"\"><img data-recalc-dims=\"1\" decoding=\"async\" class=\"detail-desc-decorate-image\" src=\"https:\/\/i0.wp.com\/ae01.alicdn.com\/kf\/S1e7f8a12243545dd8de6199ba4b16a55q.jpg?w=1200&#038;ssl=1\" \/><\/a>\n<\/div>\n<div class=\"detailmodule_image\">\n <a href=\"https:\/\/www.aliexpress.com\/item\/1005007084017862.html\" target=\"_self\" class=\"\"><img data-recalc-dims=\"1\" decoding=\"async\" class=\"detail-desc-decorate-image\" src=\"https:\/\/i0.wp.com\/ae01.alicdn.com\/kf\/Sca676a3097f740e5aa438cd97561799ce.jpg?w=1200&#038;ssl=1\" \/><\/a><br \/>\n <img data-recalc-dims=\"1\" decoding=\"async\" class=\"detail-desc-decorate-image\" src=\"https:\/\/i0.wp.com\/ae01.alicdn.com\/kf\/S18b7473ca2dd4f88ac9b3dd8859443e4B.jpg?w=1200&#038;ssl=1\" \/><br \/>\n <img data-recalc-dims=\"1\" decoding=\"async\" class=\"detail-desc-decorate-image\" src=\"https:\/\/i0.wp.com\/ae01.alicdn.com\/kf\/S2cf35ac0e57a434996d9db68d3984f6eL.jpg?w=1200&#038;ssl=1\" \/><br \/>\n <img data-recalc-dims=\"1\" decoding=\"async\" class=\"detail-desc-decorate-image\" src=\"https:\/\/i0.wp.com\/ae01.alicdn.com\/kf\/S4d5e8116a10345398cf8134ea0790a71g.jpg?w=1200&#038;ssl=1\" \/><br \/>\n <img data-recalc-dims=\"1\" decoding=\"async\" class=\"detail-desc-decorate-image\" src=\"https:\/\/i0.wp.com\/ae01.alicdn.com\/kf\/S4320dd360c9e45b3806a9fad1628bcd5H.jpg?w=1200&#038;ssl=1\" \/><br \/>\n <img data-recalc-dims=\"1\" decoding=\"async\" class=\"detail-desc-decorate-image\" src=\"https:\/\/i0.wp.com\/ae01.alicdn.com\/kf\/Sd0a2d779804d45fab72a8240730fac5fH.jpg?w=1200&#038;ssl=1\" \/><br \/>\n <img data-recalc-dims=\"1\" decoding=\"async\" class=\"detail-desc-decorate-image\" src=\"https:\/\/i0.wp.com\/ae01.alicdn.com\/kf\/Scf5dc58642d0467da73537a5a9077a09P.jpg?w=1200&#038;ssl=1\" \/><br \/>\n <img data-recalc-dims=\"1\" decoding=\"async\" class=\"detail-desc-decorate-image\" src=\"https:\/\/i0.wp.com\/ae01.alicdn.com\/kf\/Sef621754066c4330b6ed197f091b9471d.jpg?w=1200&#038;ssl=1\" \/><br \/>\n <img data-recalc-dims=\"1\" decoding=\"async\" class=\"detail-desc-decorate-image\" src=\"https:\/\/i0.wp.com\/ae01.alicdn.com\/kf\/Sfc65780983224e2eb95d897594f64ca1z.jpg?w=1200&#038;ssl=1\" \/><br \/>\n <img data-recalc-dims=\"1\" decoding=\"async\" class=\"detail-desc-decorate-image\" src=\"https:\/\/i0.wp.com\/ae01.alicdn.com\/kf\/S62992e8985a44aeda810cf0c2e0e6dbdQ.jpg?w=1200&#038;ssl=1\" \/>\n<\/div>\n<div class=\"detailmodule_image\">\n <img data-recalc-dims=\"1\" decoding=\"async\" class=\"detail-desc-decorate-image\" src=\"https:\/\/i0.wp.com\/ae01.alicdn.com\/kf\/Sd39a242ecd844f5282de4a5f456bed21e.jpg?w=1200&#038;ssl=1\" \/><br \/>\n <img data-recalc-dims=\"1\" decoding=\"async\" class=\"detail-desc-decorate-image\" src=\"https:\/\/i0.wp.com\/ae01.alicdn.com\/kf\/Sfbaf327e33214699a1c6da4a334655d1w.jpg?w=1200&#038;ssl=1\" \/><br \/>\n <img data-recalc-dims=\"1\" decoding=\"async\" class=\"detail-desc-decorate-image\" src=\"https:\/\/i0.wp.com\/ae01.alicdn.com\/kf\/S397b43f6d20b4c6d971b6463258835dah.jpg?w=1200&#038;ssl=1\" \/>\n<\/div>\n<p><\/p>\n<\/div>\n<\/div>\n","protected":false},"excerpt":{"rendered":"<p>A satisfa&ccedil;&atilde;o do cliente &eacute; o nosso princ&iacute;pio do servi&ccedil;o. &Eacute; por isso que oferecemos uma garantia abrangente de 2 anos para todos os produtos. Acreditamos na durabilidade e confiabilidade de nossos produtos, e apoiamos seu desempenho. Ao cooperar conosco, voc&ecirc; pode ter certeza de que quaisquer problemas que possam surgir durante o per&iacute;odo de&hellip;&nbsp;<\/p>\n","protected":false},"featured_media":37574,"template":"","meta":{"neve_meta_sidebar":"","neve_meta_container":"","neve_meta_enable_content_width":"","neve_meta_content_width":0,"neve_meta_title_alignment":"","neve_meta_author_avatar":"","neve_post_elements_order":"","neve_meta_disable_header":"","neve_meta_disable_footer":"","neve_meta_disable_title":""},"product_brand":[],"product_cat":[20,17,85],"product_tag":[],"class_list":{"0":"post-37580","1":"product","2":"type-product","3":"status-publish","4":"has-post-thumbnail","6":"product_cat-eletronicos-automotivos","7":"product_cat-pecas-e-acessorios-automotivos","8":"product_cat-sistema-inteligente-para-carros","10":"first","11":"instock","12":"shipping-taxable","13":"purchasable","14":"product-type-variable","15":"has-default-attributes"},"jetpack_sharing_enabled":true,"_links":{"self":[{"href":"https:\/\/listman.shop\/autoparts-br\/wp-json\/wp\/v2\/product\/37580","targetHints":{"allow":["GET"]}}],"collection":[{"href":"https:\/\/listman.shop\/autoparts-br\/wp-json\/wp\/v2\/product"}],"about":[{"href":"https:\/\/listman.shop\/autoparts-br\/wp-json\/wp\/v2\/types\/product"}],"wp:featuredmedia":[{"embeddable":true,"href":"https:\/\/listman.shop\/autoparts-br\/wp-json\/wp\/v2\/media\/37574"}],"wp:attachment":[{"href":"https:\/\/listman.shop\/autoparts-br\/wp-json\/wp\/v2\/media?parent=37580"}],"wp:term":[{"taxonomy":"product_brand","embeddable":true,"href":"https:\/\/listman.shop\/autoparts-br\/wp-json\/wp\/v2\/product_brand?post=37580"},{"taxonomy":"product_cat","embeddable":true,"href":"https:\/\/listman.shop\/autoparts-br\/wp-json\/wp\/v2\/product_cat?post=37580"},{"taxonomy":"product_tag","embeddable":true,"href":"https:\/\/listman.shop\/autoparts-br\/wp-json\/wp\/v2\/product_tag?post=37580"}],"curies":[{"name":"wp","href":"https:\/\/api.w.org\/{rel}","templated":true}]}}