{"id":37603,"date":"2025-03-23T01:18:24","date_gmt":"2025-03-22T16:18:24","guid":{"rendered":"https:\/\/listman.shop\/autoparts-br\/product\/1005007378490612\/"},"modified":"2026-04-14T12:05:42","modified_gmt":"2026-04-14T03:05:42","slug":"1005007378490612","status":"publish","type":"product","link":"https:\/\/listman.shop\/autoparts-br\/product\/1005007378490612\/","title":{"rendered":"Android 15 wifi + 4g 360 c\u00e2mera carplay auto para iveco di\u00e1rio 2013 2014 2015 2016 2017- 2021 r\u00e1dio do carro reprodutor multim\u00eddia gps est\u00e9reo"},"content":{"rendered":"<div class=\"detailmodule_html\">\n<div class=\"detail-desc-decorate-richtext\">\n<h2 id=\"tl_1\">Bem-vindo &agrave; loja principal da Junda Navi<\/h2>\n<p id=\"tl_2\">&gt;&gt;&gt; Todos os produtos foram aprovados em rigorosos testes de qualidade antes do envio, certifique-se de alta qualidade. <br \/>&gt;&gt;&gt; V&aacute;rias configura&ccedil;&otilde;es incluem presentes de c&acirc;mera, que ser&atilde;o inclu&iacute;dos na embalagem, escolha o kit que voc&ecirc; gosta <br \/>&gt;&gt;&gt; Se tivermos novo software, iremos atualiz&aacute;-lo a qualquer momento para lhe proporcionar uma experi&ecirc;ncia melhor.<\/p>\n<p id=\"tl_3\">Lista de pacotes de r&aacute;dio: <br \/>1 * anfitri&atilde;o de r&aacute;dio do carro <br \/>1 * quadro <br \/>1 * kit de cabo de alimenta&ccedil;&atilde;o (plug and play) <br \/>Inclui acess&oacute;rios: USB * 2, RCA, GPS, cabo de entrada da c&acirc;mera, cabo 4G (apenas modelo 4G)<\/p>\n<div>\n <img data-recalc-dims=\"1\" decoding=\"async\"   src=\"https:\/\/i0.wp.com\/ae01.alicdn.com\/kf\/Sd54b85f5a17c49be9e63b4deb0c5320c0.png?w=750&#038;ssl=1\" \/>\n<\/div>\n<p><a href=\"https:\/\/vi.aliexpress.com\/item\/3256805657126477.html?gatewayAdapt=glo2vnm4itemAdapt\" target=\"_self\" class=\"\"><img data-recalc-dims=\"1\" decoding=\"async\" style=\"margin-left:auto;margin-right:auto;display:block;width:940px\"  src=\"https:\/\/i0.wp.com\/ae01.alicdn.com\/kf\/S2b4d8d550b2f4731839d68024554a1e6I.jpg?w=1200&#038;ssl=1\" \/><\/a><img data-recalc-dims=\"1\" decoding=\"async\" style=\"margin-left:auto;margin-right:auto;display:block;width:940px\"  src=\"https:\/\/i0.wp.com\/ae01.alicdn.com\/kf\/S9297abd2793f496ab413ce1eb5f11536B.jpg?w=1200&#038;ssl=1\" \/><img data-recalc-dims=\"1\" decoding=\"async\" style=\"margin-left:auto;margin-right:auto;display:block;width:940px\"  src=\"https:\/\/i0.wp.com\/ae01.alicdn.com\/kf\/Sc2c6aafe3e02473ab7eda1bb582ce1505.jpg?w=1200&#038;ssl=1\" \/><img data-recalc-dims=\"1\" decoding=\"async\" style=\"margin-left:auto;margin-right:auto;display:block;width:940px\"  src=\"https:\/\/i0.wp.com\/ae01.alicdn.com\/kf\/S91438f859d064333b10bc04d6c47f239b.jpg?w=1200&#038;ssl=1\" \/><img data-recalc-dims=\"1\" decoding=\"async\" style=\"margin-left:auto;margin-right:auto;display:block;width:940px\"  src=\"https:\/\/i0.wp.com\/ae01.alicdn.com\/kf\/Sde64cd23b64b4f88b5b6e64f1300d6cfO.jpg?w=1200&#038;ssl=1\" \/><img data-recalc-dims=\"1\" decoding=\"async\" style=\"margin-left:auto;margin-right:auto;display:block;width:940px\"  src=\"https:\/\/i0.wp.com\/ae01.alicdn.com\/kf\/S241ed83a1e4947fbb1f17942a51e3e48p.jpg?w=1200&#038;ssl=1\" \/><img data-recalc-dims=\"1\" decoding=\"async\" style=\"margin-left:auto;margin-right:auto;display:block;width:940px\"  src=\"https:\/\/i0.wp.com\/ae01.alicdn.com\/kf\/Sb9c77206eaad44ab895e7a075253b013w.jpg?w=1200&#038;ssl=1\" \/><img data-recalc-dims=\"1\" decoding=\"async\" style=\"margin-left:auto;margin-right:auto;display:block;width:940px\"  src=\"https:\/\/i0.wp.com\/ae01.alicdn.com\/kf\/S94241250aded460e8467a5aad52c3f55x.jpg?w=1200&#038;ssl=1\" \/><img data-recalc-dims=\"1\" decoding=\"async\" style=\"margin-left:auto;margin-right:auto;display:block;width:940px\"  src=\"https:\/\/i0.wp.com\/ae01.alicdn.com\/kf\/S4b6539b1a8c74f5bb0b658236c3c335bz.jpg?w=1200&#038;ssl=1\" \/><img data-recalc-dims=\"1\" decoding=\"async\" style=\"margin-left:auto;margin-right:auto;display:block;width:940px\"  src=\"https:\/\/i0.wp.com\/ae01.alicdn.com\/kf\/S195c9571351a4a7ab815c328674aedd0L.jpg?w=1200&#038;ssl=1\" \/><img data-recalc-dims=\"1\" decoding=\"async\" style=\"margin-left:auto;margin-right:auto;display:block;width:940px\"  src=\"https:\/\/i0.wp.com\/ae01.alicdn.com\/kf\/Sb1bdb5f8e46d4ba5ae6b420cb1029cd4G.jpg?w=1200&#038;ssl=1\" \/><img data-recalc-dims=\"1\" decoding=\"async\" style=\"margin-left:auto;margin-right:auto;display:block;width:940px\"  src=\"https:\/\/i0.wp.com\/ae01.alicdn.com\/kf\/Sbc579004837d435caab64066a943024aY.jpg?w=1200&#038;ssl=1\" \/><img data-recalc-dims=\"1\" decoding=\"async\" style=\"margin-left:auto;margin-right:auto;display:block;width:940px\"  src=\"https:\/\/i0.wp.com\/ae01.alicdn.com\/kf\/S203079e6590b4f5d8a4ffc7f0e0c85b7z.jpg?w=1200&#038;ssl=1\" \/><img data-recalc-dims=\"1\" decoding=\"async\" style=\"margin-left:auto;margin-right:auto;display:block;width:940px\"  src=\"https:\/\/i0.wp.com\/ae01.alicdn.com\/kf\/Sf19098ff8c984276a8aa6a06b6c1866fS.jpg?w=1200&#038;ssl=1\" \/><img data-recalc-dims=\"1\" decoding=\"async\" style=\"margin-left:auto;margin-right:auto;display:block;width:940px\"  src=\"https:\/\/i0.wp.com\/ae01.alicdn.com\/kf\/S151488eacc734ab094ccb96589c7e9eca.jpg?w=1200&#038;ssl=1\" \/><img data-recalc-dims=\"1\" decoding=\"async\" style=\"margin-left:auto;margin-right:auto;display:block;width:940px\"  src=\"https:\/\/i0.wp.com\/ae01.alicdn.com\/kf\/Sd8deecf1e99f433f8381bf3725feac06R.jpg?w=1200&#038;ssl=1\" \/><img data-recalc-dims=\"1\" decoding=\"async\" style=\"margin-left:auto;margin-right:auto;display:block;width:940px\"  src=\"https:\/\/i0.wp.com\/ae01.alicdn.com\/kf\/S21980d70f78a48b181c32c5329ca0741f.jpg?w=1200&#038;ssl=1\" \/><img data-recalc-dims=\"1\" decoding=\"async\" style=\"margin-left:auto;margin-right:auto;display:block;width:940px\"  src=\"https:\/\/i0.wp.com\/ae01.alicdn.com\/kf\/S18f575fa69b544f297020f96813c7ec1c.jpg?w=1200&#038;ssl=1\" \/><img data-recalc-dims=\"1\" decoding=\"async\" style=\"margin-left:auto;margin-right:auto;display:block;width:940px\"  src=\"https:\/\/i0.wp.com\/ae01.alicdn.com\/kf\/S184731be8c7640d9b38df70bfa02aa5e5.jpg?w=1200&#038;ssl=1\" \/><img data-recalc-dims=\"1\" decoding=\"async\" style=\"margin-left:auto;margin-right:auto;display:block;width:940px\"  src=\"https:\/\/i0.wp.com\/ae01.alicdn.com\/kf\/S9c0cb51384654246b88e2ae3d2da99207.jpg?w=1200&#038;ssl=1\" \/><a href=\"https:\/\/vi.aliexpress.com\/item\/3256805657390372.html?gatewayAdapt=glo2vnm4itemAdapt\" target=\"_self\" class=\"\"><img data-recalc-dims=\"1\" decoding=\"async\" style=\"margin-left:auto;margin-right:auto;display:block;width:940px\"  src=\"https:\/\/i0.wp.com\/ae01.alicdn.com\/kf\/S420e19f5f86e40969407230477687240v.jpg?w=1200&#038;ssl=1\" \/><img data-recalc-dims=\"1\" decoding=\"async\" style=\"margin-left:auto;margin-right:auto;display:block;width:940px\"  src=\"https:\/\/i0.wp.com\/ae01.alicdn.com\/kf\/S1b52b128b2594a84bc346967a04118cc0.jpg?w=1200&#038;ssl=1\" \/><\/a><img data-recalc-dims=\"1\" decoding=\"async\" style=\"margin-left:auto;margin-right:auto;display:block;width:940px\"  src=\"https:\/\/i0.wp.com\/ae01.alicdn.com\/kf\/S49c25e192b594e22a2163e234f6d40d12.jpg?w=1200&#038;ssl=1\" \/><a href=\"https:\/\/vi.aliexpress.com\/item\/3256805657390372.html?gatewayAdapt=glo2vnm4itemAdapt\" target=\"_self\" class=\"\"><img data-recalc-dims=\"1\" decoding=\"async\" style=\"margin-left:auto;margin-right:auto;display:block;width:940px\"  src=\"https:\/\/i0.wp.com\/ae01.alicdn.com\/kf\/Sc93498e2f1d74d60a55020e88184d716v.jpg?w=1200&#038;ssl=1\" \/><\/a><a href=\"https:\/\/vi.aliexpress.com\/item\/3256805657223598.html?gatewayAdapt=glo2vnm4itemAdapt\" target=\"_self\" class=\"\"><img data-recalc-dims=\"1\" decoding=\"async\" style=\"margin-left:auto;margin-right:auto;display:block;width:940px\"  src=\"https:\/\/i0.wp.com\/ae01.alicdn.com\/kf\/S30f2abb2746643cdb99df4a9a76b92b4g.jpg?w=1200&#038;ssl=1\" \/><img data-recalc-dims=\"1\" decoding=\"async\" style=\"margin-left:auto;margin-right:auto;display:block;width:940px\"  src=\"https:\/\/i0.wp.com\/ae01.alicdn.com\/kf\/S6e4eb02fed08437aa440b81ea5ba870ar.jpg?w=1200&#038;ssl=1\" \/><\/a><a href=\"https:\/\/vi.aliexpress.com\/item\/3256805657236740.html?gatewayAdapt=glo2vnm4itemAdapt\" target=\"_self\" class=\"\"><img data-recalc-dims=\"1\" decoding=\"async\" style=\"margin-left:auto;margin-right:auto;display:block;width:940px\"  src=\"https:\/\/i0.wp.com\/ae01.alicdn.com\/kf\/S9bbca728b4ee4a0caa187246d0aca8069.jpg?w=1200&#038;ssl=1\" \/><img data-recalc-dims=\"1\" decoding=\"async\" style=\"margin-left:auto;margin-right:auto;display:block;width:940px\"  src=\"https:\/\/i0.wp.com\/ae01.alicdn.com\/kf\/S8d360e77595746a697468e26f8435eec2.jpg?w=1200&#038;ssl=1\" \/><img data-recalc-dims=\"1\" decoding=\"async\" style=\"margin-left:auto;margin-right:auto;display:block;width:940px\"  src=\"https:\/\/i0.wp.com\/ae01.alicdn.com\/kf\/S267d1b4d9ae14367b725fd9dee28c458q.jpg?w=1200&#038;ssl=1\" \/><\/a><img data-recalc-dims=\"1\" decoding=\"async\" style=\"margin-left:auto;margin-right:auto;display:block;width:940px\"  src=\"https:\/\/i0.wp.com\/ae01.alicdn.com\/kf\/S67bc3c996dc0435784192ff05cba82a3C.jpg?w=1200&#038;ssl=1\" \/><img data-recalc-dims=\"1\" decoding=\"async\" style=\"margin-left:auto;margin-right:auto;display:block;width:940px\"  src=\"https:\/\/i0.wp.com\/ae01.alicdn.com\/kf\/Sd94b0bc2feec4cfb9298f5fc89b3cbe4k.jpg?w=1200&#038;ssl=1\" \/><img data-recalc-dims=\"1\" decoding=\"async\" style=\"margin-left:auto;margin-right:auto;display:block;width:940px\"  src=\"https:\/\/i0.wp.com\/ae01.alicdn.com\/kf\/S447f14d89295495f857752d90799ac56v.jpg?w=1200&#038;ssl=1\" \/><img data-recalc-dims=\"1\" decoding=\"async\" style=\"margin-left:auto;margin-right:auto;display:block;width:940px\"  src=\"https:\/\/i0.wp.com\/ae01.alicdn.com\/kf\/Se68b7b2152eb47ff9f235212abda6c79h.jpg?w=1200&#038;ssl=1\" \/><\/p>\n<div>\n<\/div><\/div>\n<\/div>\n","protected":false},"excerpt":{"rendered":"<p>Bem-vindo &agrave; loja principal da Junda Navi &gt;&gt;&gt; Todos os produtos foram aprovados em rigorosos testes de qualidade antes do envio, certifique-se de alta qualidade. &gt;&gt;&gt; V&aacute;rias configura&ccedil;&otilde;es incluem presentes de c&acirc;mera, que ser&atilde;o inclu&iacute;dos na embalagem, escolha o kit que voc&ecirc; gosta &gt;&gt;&gt; Se tivermos novo software, iremos atualiz&aacute;-lo a qualquer momento para lhe&hellip;&nbsp;<\/p>\n","protected":false},"featured_media":37597,"template":"","meta":{"neve_meta_sidebar":"","neve_meta_container":"","neve_meta_enable_content_width":"","neve_meta_content_width":0,"neve_meta_title_alignment":"","neve_meta_author_avatar":"","neve_post_elements_order":"","neve_meta_disable_header":"","neve_meta_disable_footer":"","neve_meta_disable_title":""},"product_brand":[],"product_cat":[20,17,85],"product_tag":[],"class_list":{"0":"post-37603","1":"product","2":"type-product","3":"status-publish","4":"has-post-thumbnail","6":"product_cat-eletronicos-automotivos","7":"product_cat-pecas-e-acessorios-automotivos","8":"product_cat-sistema-inteligente-para-carros","10":"first","11":"instock","12":"shipping-taxable","13":"purchasable","14":"product-type-variable","15":"has-default-attributes"},"jetpack_sharing_enabled":true,"_links":{"self":[{"href":"https:\/\/listman.shop\/autoparts-br\/wp-json\/wp\/v2\/product\/37603","targetHints":{"allow":["GET"]}}],"collection":[{"href":"https:\/\/listman.shop\/autoparts-br\/wp-json\/wp\/v2\/product"}],"about":[{"href":"https:\/\/listman.shop\/autoparts-br\/wp-json\/wp\/v2\/types\/product"}],"wp:featuredmedia":[{"embeddable":true,"href":"https:\/\/listman.shop\/autoparts-br\/wp-json\/wp\/v2\/media\/37597"}],"wp:attachment":[{"href":"https:\/\/listman.shop\/autoparts-br\/wp-json\/wp\/v2\/media?parent=37603"}],"wp:term":[{"taxonomy":"product_brand","embeddable":true,"href":"https:\/\/listman.shop\/autoparts-br\/wp-json\/wp\/v2\/product_brand?post=37603"},{"taxonomy":"product_cat","embeddable":true,"href":"https:\/\/listman.shop\/autoparts-br\/wp-json\/wp\/v2\/product_cat?post=37603"},{"taxonomy":"product_tag","embeddable":true,"href":"https:\/\/listman.shop\/autoparts-br\/wp-json\/wp\/v2\/product_tag?post=37603"}],"curies":[{"name":"wp","href":"https:\/\/api.w.org\/{rel}","templated":true}]}}