{"id":37792,"date":"2025-03-23T01:23:58","date_gmt":"2025-03-22T16:23:58","guid":{"rendered":"https:\/\/listman.shop\/autoparts-br\/product\/1005007520443819\/"},"modified":"2026-04-14T11:49:29","modified_gmt":"2026-04-14T02:49:29","slug":"1005007520443819","status":"publish","type":"product","link":"https:\/\/listman.shop\/autoparts-br\/product\/1005007520443819\/","title":{"rendered":"Android 14 r\u00e1dio autom\u00e1tico para toyota rav4 rav 4 2003 2004 2005 dsp carplay navega\u00e7\u00e3o gps multim\u00eddia player de v\u00eddeo est\u00e9reo 2din dvd"},"content":{"rendered":"<div class=\"detailmodule_html\">\n<div class=\"detail-desc-decorate-richtext\">\n<p id=\"tl_1\">1.TIEYEZ &eacute; uma marca l&iacute;der do AliExpress, com 15 anos de produ&ccedil;&atilde;o profissional e experi&ecirc;ncia em vendas.Vendemos principalmente produtos multim&iacute;dia para v&aacute;rios tipos de carros, como Audi, BMW e Mercedes Benz, que s&atilde;o muito bem recebidos pelos clientes.Nosso objetivo &eacute; fornecer aos clientes os melhores produtos e servi&ccedil;os, ao mesmo tempo que fornece atualiza&ccedil;&otilde;es gratuitas de firmware<\/p>\n<p id=\"tl_2\">2.Todos os produtos foram aprovados em rigorosos testes de qualidade antes do envio, certifique-se de alta qualidade.<\/p>\n<p id=\"tl_3\">3. envio dentro de 24 horas do armaz&eacute;m local (ES, PL, RU, EUA, CN), ES e PL podem ser enviados para toda a regi&atilde;o europeia<\/p>\n<p id=\"tl_4\">4.Se o produto apresentar algum problema dentro de 15 dias, forneceremos devolu&ccedil;&atilde;o e reembolso gratuitos ou substituiremos a nova m&aacute;quina diretamente para voc&ecirc;, mas entre em contato conosco primeiro para se comunicar, n&atilde;o abra disputa<\/p>\n<div>\n <br \/> \n<\/div>\n<p id=\"tl_5\">5. O imposto de IVA n&atilde;o inclui, ou seja, a possibilidade do comprador, para o comprador que da Uni&atilde;o Europeia, o valor do pedido abaixo de 150 euros precisa pagar o IVA no aliexpress, o valor do pedido acima de 150 euros da China deve pagar impostos quando o pacote chegar personalizado local<\/p>\n<p><a href=\"https:\/\/www.aliexpress.com\/item\/3256807334272577.html?gatewayAdapt=4itemAdapt\" target=\"_self\" class=\"\"><img data-recalc-dims=\"1\" decoding=\"async\" style=\"margin-left:auto;margin-right:auto;display:block;width:940px\"  src=\"https:\/\/i0.wp.com\/ae01.alicdn.com\/kf\/Sbbdba6640d7e42c18480030758663947J.jpg?w=1200&#038;ssl=1\" \/><\/a><\/p>\n<p><img data-recalc-dims=\"1\" decoding=\"async\" style=\"margin-left:auto;margin-right:auto;display:block;width:940px\"  src=\"https:\/\/i0.wp.com\/ae01.alicdn.com\/kf\/S0e6ca58b68e3436494fa89b5dcab1ef0T.jpg?w=1200&#038;ssl=1\" \/><\/p>\n<p><img data-recalc-dims=\"1\" decoding=\"async\" style=\"margin-left:auto;margin-right:auto;display:block;width:940px\"  src=\"https:\/\/i0.wp.com\/ae01.alicdn.com\/kf\/S567f48d96cb2449aa7a7dda02016a28bc.jpg?w=1200&#038;ssl=1\" \/><\/p>\n<p><img data-recalc-dims=\"1\" decoding=\"async\" style=\"margin-left:auto;margin-right:auto;display:block;width:940px\"  src=\"https:\/\/i0.wp.com\/ae01.alicdn.com\/kf\/S0ab1e1c7e2b042678fc46ebc014f7196h.jpg?w=1200&#038;ssl=1\" \/><\/p>\n<p><img data-recalc-dims=\"1\" decoding=\"async\" style=\"margin-left:auto;margin-right:auto;display:block;width:940px\"  src=\"https:\/\/i0.wp.com\/ae01.alicdn.com\/kf\/S8469ca3857ba45f78e2380c5778fb96cc.jpg?w=1200&#038;ssl=1\" \/><\/p>\n<p><img data-recalc-dims=\"1\" decoding=\"async\" style=\"margin-left:auto;margin-right:auto;display:block;width:940px\"  src=\"https:\/\/i0.wp.com\/ae01.alicdn.com\/kf\/Sb852c25bfc744d03ad919e1773b96f687.jpg?w=1200&#038;ssl=1\" \/><\/p>\n<p><img data-recalc-dims=\"1\" decoding=\"async\" style=\"margin-left:auto;margin-right:auto;display:block;width:940px\"  src=\"https:\/\/i0.wp.com\/ae01.alicdn.com\/kf\/S44a62a56b9d944b3be71e6fdb772ca67H.jpg?w=1200&#038;ssl=1\" \/><\/p>\n<p><img data-recalc-dims=\"1\" decoding=\"async\" style=\"margin-left:auto;margin-right:auto;display:block;width:940px\"  src=\"https:\/\/i0.wp.com\/ae01.alicdn.com\/kf\/S68957a1cc6f14be89cb01ca172fb3469v.jpg?w=1200&#038;ssl=1\" \/><\/p>\n<p><img data-recalc-dims=\"1\" decoding=\"async\" style=\"margin-left:auto;margin-right:auto;display:block;width:940px\"  src=\"https:\/\/i0.wp.com\/ae01.alicdn.com\/kf\/Sdb6b1316add34cfa886577e5df20517df.jpg?w=1200&#038;ssl=1\" \/><\/p>\n<p><img data-recalc-dims=\"1\" decoding=\"async\" style=\"margin-left:auto;margin-right:auto;display:block;width:940px\"  src=\"https:\/\/i0.wp.com\/ae01.alicdn.com\/kf\/Scf2f1910122448d5bdab8405d3a3f1c54.jpg?w=1200&#038;ssl=1\" \/><\/p>\n<p><img data-recalc-dims=\"1\" decoding=\"async\" style=\"margin-left:auto;margin-right:auto;display:block;width:940px\"  src=\"https:\/\/i0.wp.com\/ae01.alicdn.com\/kf\/S9315923e08eb48979491a5b7420bd123p.jpg?w=1200&#038;ssl=1\" \/><\/p>\n<p><img data-recalc-dims=\"1\" decoding=\"async\" style=\"margin-left:auto;margin-right:auto;display:block;width:940px\"  src=\"https:\/\/i0.wp.com\/ae01.alicdn.com\/kf\/Sd13bfb47ae754ccb872659f6d06b927el.jpg?w=1200&#038;ssl=1\" \/><\/p>\n<p><img data-recalc-dims=\"1\" decoding=\"async\" style=\"margin-left:auto;margin-right:auto;display:block;width:940px\"  src=\"https:\/\/i0.wp.com\/ae01.alicdn.com\/kf\/S6250807e15f84a9eb190bcf62e0bbf79v.jpg?w=1200&#038;ssl=1\" \/><\/p>\n<p><img data-recalc-dims=\"1\" decoding=\"async\" style=\"margin-left:auto;margin-right:auto;display:block;width:940px\"  src=\"https:\/\/i0.wp.com\/ae01.alicdn.com\/kf\/Sb6235674f12a46e49172c08fa5492d03k.jpg?w=1200&#038;ssl=1\" \/><\/p>\n<p><img data-recalc-dims=\"1\" decoding=\"async\" style=\"margin-left:auto;margin-right:auto;display:block;width:940px\"  src=\"https:\/\/i0.wp.com\/ae01.alicdn.com\/kf\/S5df9ae1c48a6466b8792528847c4e633w.jpg?w=1200&#038;ssl=1\" \/><\/p>\n<p><img data-recalc-dims=\"1\" decoding=\"async\" style=\"margin-left:auto;margin-right:auto;display:block;width:940px\"  src=\"https:\/\/i0.wp.com\/ae01.alicdn.com\/kf\/S30300d4b8edb4a85b932cf2d400def32N.jpg?w=1200&#038;ssl=1\" \/><\/p>\n<p><img data-recalc-dims=\"1\" decoding=\"async\" style=\"margin-left:auto;margin-right:auto;display:block;width:940px\"  src=\"https:\/\/i0.wp.com\/ae01.alicdn.com\/kf\/S5f1489bfb2b8413daa528457273b237bN.jpg?w=1200&#038;ssl=1\" \/><\/p>\n<p><img data-recalc-dims=\"1\" decoding=\"async\" style=\"margin-left:auto;margin-right:auto;display:block;width:940px\"  src=\"https:\/\/i0.wp.com\/ae01.alicdn.com\/kf\/S50e013c04b994c458fa8ae6e766bc0b1I.jpg?w=1200&#038;ssl=1\" \/><\/p>\n<p><img data-recalc-dims=\"1\" decoding=\"async\" style=\"margin-left:auto;margin-right:auto;display:block;width:940px\"  src=\"https:\/\/i0.wp.com\/ae01.alicdn.com\/kf\/Sa6f598e8a5c043629e0266b592d0c533e.jpg?w=1200&#038;ssl=1\" \/><\/p>\n<p><img data-recalc-dims=\"1\" decoding=\"async\" style=\"margin-left:auto;margin-right:auto;display:block;width:940px\"  src=\"https:\/\/i0.wp.com\/ae01.alicdn.com\/kf\/S7844e64cf269427d95daa028a858683fx.jpg?w=1200&#038;ssl=1\" \/><\/p>\n<p><img data-recalc-dims=\"1\" decoding=\"async\" style=\"margin-left:auto;margin-right:auto;display:block;width:940px\"  src=\"https:\/\/i0.wp.com\/ae01.alicdn.com\/kf\/Sc29e97831db3488ab0b19d5e97c299c3O.jpg?w=1200&#038;ssl=1\" \/><\/p>\n<p><img data-recalc-dims=\"1\" decoding=\"async\" style=\"margin-left:auto;margin-right:auto;display:block;width:940px\"  src=\"https:\/\/i0.wp.com\/ae01.alicdn.com\/kf\/S3a5102c3a55e42869b1615d63d43a0f1t.jpg?w=1200&#038;ssl=1\" \/><\/p>\n<p><img data-recalc-dims=\"1\" decoding=\"async\" style=\"margin-left:auto;margin-right:auto;display:block;width:940px\"  src=\"https:\/\/i0.wp.com\/ae01.alicdn.com\/kf\/S3dac1c4e89a84023a6a230d64edbb011C.jpg?w=1200&#038;ssl=1\" \/><\/p>\n<p><\/p>\n<\/div>\n<\/div>\n","protected":false},"excerpt":{"rendered":"<p>1.TIEYEZ &eacute; uma marca l&iacute;der do AliExpress, com 15 anos de produ&ccedil;&atilde;o profissional e experi&ecirc;ncia em vendas.Vendemos principalmente produtos multim&iacute;dia para v&aacute;rios tipos de carros, como Audi, BMW e Mercedes Benz, que s&atilde;o muito bem recebidos pelos clientes.Nosso objetivo &eacute; fornecer aos clientes os melhores produtos e servi&ccedil;os, ao mesmo tempo que fornece atualiza&ccedil;&otilde;es gratuitas&hellip;&nbsp;<\/p>\n","protected":false},"featured_media":37786,"template":"","meta":{"neve_meta_sidebar":"","neve_meta_container":"","neve_meta_enable_content_width":"","neve_meta_content_width":0,"neve_meta_title_alignment":"","neve_meta_author_avatar":"","neve_post_elements_order":"","neve_meta_disable_header":"","neve_meta_disable_footer":"","neve_meta_disable_title":""},"product_brand":[],"product_cat":[20,17,85],"product_tag":[],"class_list":{"0":"post-37792","1":"product","2":"type-product","3":"status-publish","4":"has-post-thumbnail","6":"product_cat-eletronicos-automotivos","7":"product_cat-pecas-e-acessorios-automotivos","8":"product_cat-sistema-inteligente-para-carros","10":"first","11":"instock","12":"shipping-taxable","13":"purchasable","14":"product-type-variable","15":"has-default-attributes"},"jetpack_sharing_enabled":true,"_links":{"self":[{"href":"https:\/\/listman.shop\/autoparts-br\/wp-json\/wp\/v2\/product\/37792","targetHints":{"allow":["GET"]}}],"collection":[{"href":"https:\/\/listman.shop\/autoparts-br\/wp-json\/wp\/v2\/product"}],"about":[{"href":"https:\/\/listman.shop\/autoparts-br\/wp-json\/wp\/v2\/types\/product"}],"wp:featuredmedia":[{"embeddable":true,"href":"https:\/\/listman.shop\/autoparts-br\/wp-json\/wp\/v2\/media\/37786"}],"wp:attachment":[{"href":"https:\/\/listman.shop\/autoparts-br\/wp-json\/wp\/v2\/media?parent=37792"}],"wp:term":[{"taxonomy":"product_brand","embeddable":true,"href":"https:\/\/listman.shop\/autoparts-br\/wp-json\/wp\/v2\/product_brand?post=37792"},{"taxonomy":"product_cat","embeddable":true,"href":"https:\/\/listman.shop\/autoparts-br\/wp-json\/wp\/v2\/product_cat?post=37792"},{"taxonomy":"product_tag","embeddable":true,"href":"https:\/\/listman.shop\/autoparts-br\/wp-json\/wp\/v2\/product_tag?post=37792"}],"curies":[{"name":"wp","href":"https:\/\/api.w.org\/{rel}","templated":true}]}}