{"id":37861,"date":"2025-03-23T01:26:28","date_gmt":"2025-03-22T16:26:28","guid":{"rendered":"https:\/\/listman.shop\/autoparts-br\/product\/1005007640680050\/"},"modified":"2026-04-14T11:37:38","modified_gmt":"2026-04-14T02:37:38","slug":"1005007640680050","status":"publish","type":"product","link":"https:\/\/listman.shop\/autoparts-br\/product\/1005007640680050\/","title":{"rendered":"Android 15 para toyota fortuner hilux revo vigo 2005-2014 2k qled android r\u00e1dio do carro reprodutor de v\u00eddeo multim\u00eddia gps est\u00e9reo carplay 4g"},"content":{"rendered":"<div class=\"detailmodule_html\">\n<div class=\"detail-desc-decorate-richtext\">\n<div class=\"detailmodule_image\">\n <img data-recalc-dims=\"1\" decoding=\"async\" style=\"margin-bottom:10px\" class=\"detail-desc-decorate-image\" src=\"https:\/\/i0.wp.com\/ae01.alicdn.com\/kf\/S8e07b59ee38a4465a24da9b383a28803O.jpg?w=1200&#038;ssl=1\" \/><br \/>\n <img data-recalc-dims=\"1\" decoding=\"async\" style=\"margin-bottom:10px\" class=\"detail-desc-decorate-image\" src=\"https:\/\/i0.wp.com\/ae01.alicdn.com\/kf\/S3f83ad0478bf432eabd05ed921861bff1.jpg?w=1200&#038;ssl=1\" \/><br \/>\n <img data-recalc-dims=\"1\" decoding=\"async\" style=\"margin-bottom:10px\" class=\"detail-desc-decorate-image\" src=\"https:\/\/i0.wp.com\/ae01.alicdn.com\/kf\/Sf1e717abfdb147e1bf7cdca006eb6a96E.jpg?w=1200&#038;ssl=1\" \/><br \/>\n <img data-recalc-dims=\"1\" decoding=\"async\" style=\"margin-bottom:10px\" class=\"detail-desc-decorate-image\" src=\"https:\/\/i0.wp.com\/ae01.alicdn.com\/kf\/S93150cc8c4f84b189c41af031b00ec1c4.jpg?w=1200&#038;ssl=1\" \/><br \/>\n <img data-recalc-dims=\"1\" decoding=\"async\" style=\"margin-bottom:10px\" class=\"detail-desc-decorate-image\" src=\"https:\/\/i0.wp.com\/ae01.alicdn.com\/kf\/Sf838fe523d264044b6460b6f848c6d1bQ.jpg?w=1200&#038;ssl=1\" \/>\n<\/div>\n<div class=\"detailmodule_image\">\n <img data-recalc-dims=\"1\" decoding=\"async\" class=\"detail-desc-decorate-image\" src=\"https:\/\/i0.wp.com\/ae01.alicdn.com\/kf\/S7426553fa43f44bf85dc2c7e5ca7e33ah.jpg?w=1200&#038;ssl=1\" \/>\n<\/div>\n<div class=\"detailmodule_image\">\n <a href=\"https:\/\/www.aliexpress.com\/item\/1005004208555580.html?spm=a2g0o.detail.1000023.1.4318AVt0AVt01B\" target=\"_self\" class=\"\"><img data-recalc-dims=\"1\" decoding=\"async\" class=\"detail-desc-decorate-image\" src=\"https:\/\/i0.wp.com\/ae01.alicdn.com\/kf\/Scf9da28806c2460d848414803059443aX.jpg?w=1200&#038;ssl=1\" \/><\/a>\n<\/div>\n<div class=\"detailmodule_image\">\n <img data-recalc-dims=\"1\" decoding=\"async\" class=\"detail-desc-decorate-image\" src=\"https:\/\/i0.wp.com\/ae01.alicdn.com\/kf\/Sb91997a1124f4c7484588ad435aafcaey.jpg?w=1200&#038;ssl=1\" \/>\n<\/div>\n<div class=\"detailmodule_image\">\n <img data-recalc-dims=\"1\" decoding=\"async\" class=\"detail-desc-decorate-image\" src=\"https:\/\/i0.wp.com\/ae01.alicdn.com\/kf\/Sff4dea6c4fd44158be63556b51b72543v.jpg?w=1200&#038;ssl=1\" \/>\n<\/div>\n<div class=\"detailmodule_image\">\n <img data-recalc-dims=\"1\" decoding=\"async\" class=\"detail-desc-decorate-image\" src=\"https:\/\/i0.wp.com\/ae01.alicdn.com\/kf\/Sc4412ef805e54410b2f46f91208023dbN.jpg?w=1200&#038;ssl=1\" \/>\n<\/div>\n<div class=\"detailmodule_image\">\n <img data-recalc-dims=\"1\" decoding=\"async\" class=\"detail-desc-decorate-image\" src=\"https:\/\/i0.wp.com\/ae01.alicdn.com\/kf\/S4e50c74af3ec4b7090bdbcb03c0caac2W.jpg?w=1200&#038;ssl=1\" \/>\n<\/div>\n<div class=\"detailmodule_image\">\n <img data-recalc-dims=\"1\" decoding=\"async\" class=\"detail-desc-decorate-image\" src=\"https:\/\/i0.wp.com\/ae01.alicdn.com\/kf\/Sf190582ac4bd427691f2be4a48ee84d7A.jpg?w=1200&#038;ssl=1\" \/>\n<\/div>\n<div class=\"detailmodule_image\">\n <img data-recalc-dims=\"1\" decoding=\"async\" class=\"detail-desc-decorate-image\" src=\"https:\/\/i0.wp.com\/ae01.alicdn.com\/kf\/Scb939a1ef62c4e8598e7051a36f713deo.jpg?w=1200&#038;ssl=1\" \/>\n<\/div>\n<div class=\"detailmodule_image\">\n <img data-recalc-dims=\"1\" decoding=\"async\" class=\"detail-desc-decorate-image\" src=\"https:\/\/i0.wp.com\/ae01.alicdn.com\/kf\/See28eb19d2104ffca90e17dd6a92af82C.jpg?w=1200&#038;ssl=1\" \/>\n<\/div>\n<div class=\"detailmodule_image\">\n <img data-recalc-dims=\"1\" decoding=\"async\" class=\"detail-desc-decorate-image\" src=\"https:\/\/i0.wp.com\/ae01.alicdn.com\/kf\/S97338222391c4deeae1e859ee1f9fc71s.jpg?w=1200&#038;ssl=1\" \/>\n<\/div>\n<div class=\"detailmodule_image\">\n <img data-recalc-dims=\"1\" decoding=\"async\" class=\"detail-desc-decorate-image\" src=\"https:\/\/i0.wp.com\/ae01.alicdn.com\/kf\/S438267ab95c14834a1c5d58cdc4dd876L.jpg?w=1200&#038;ssl=1\" \/>\n<\/div>\n<div class=\"detailmodule_image\">\n <img data-recalc-dims=\"1\" decoding=\"async\" class=\"detail-desc-decorate-image\" src=\"https:\/\/i0.wp.com\/ae01.alicdn.com\/kf\/Sf72b972b02ec4009bf20d45390cbfdbft.jpg?w=1200&#038;ssl=1\" \/>\n<\/div>\n<div class=\"detailmodule_image\">\n <img data-recalc-dims=\"1\" decoding=\"async\" class=\"detail-desc-decorate-image\" src=\"https:\/\/i0.wp.com\/ae01.alicdn.com\/kf\/S2121608d233a4ed0ae03776281f5800eQ.jpg?w=1200&#038;ssl=1\" \/>\n<\/div>\n<div class=\"detailmodule_image\">\n <img data-recalc-dims=\"1\" decoding=\"async\" class=\"detail-desc-decorate-image\" src=\"https:\/\/i0.wp.com\/ae01.alicdn.com\/kf\/Sf540c115a22a444c8789dc39f18740d9e.jpg?w=1200&#038;ssl=1\" \/>\n<\/div>\n<div class=\"detailmodule_image\">\n <img data-recalc-dims=\"1\" decoding=\"async\" class=\"detail-desc-decorate-image\" src=\"https:\/\/i0.wp.com\/ae01.alicdn.com\/kf\/Sb96f56878df64646ac353e6796bf0cf4F.jpg?w=1200&#038;ssl=1\" \/>\n<\/div>\n<div class=\"detailmodule_image\">\n <img data-recalc-dims=\"1\" decoding=\"async\" class=\"detail-desc-decorate-image\" src=\"https:\/\/i0.wp.com\/ae01.alicdn.com\/kf\/S17d01c35ad654d69bb634ef5debb675b2.jpg?w=1200&#038;ssl=1\" \/>\n<\/div>\n<div class=\"detailmodule_image\">\n <img data-recalc-dims=\"1\" decoding=\"async\" class=\"detail-desc-decorate-image\" src=\"https:\/\/i0.wp.com\/ae01.alicdn.com\/kf\/S435eabb87d694a7680604a1f92f19706i.jpg?w=1200&#038;ssl=1\" \/>\n<\/div>\n<div class=\"detailmodule_image\">\n <img data-recalc-dims=\"1\" decoding=\"async\" class=\"detail-desc-decorate-image\" src=\"https:\/\/i0.wp.com\/ae01.alicdn.com\/kf\/S1d7f37ce2375453988d8ebc7d37d0525G.jpg?w=1200&#038;ssl=1\" \/>\n<\/div>\n<div class=\"detailmodule_image\">\n <a href=\"https:\/\/www.aliexpress.com\/item\/3256805634506760.html?gatewayAdapt=4itemAdapt\" target=\"_self\" class=\"\"><img data-recalc-dims=\"1\" decoding=\"async\" class=\"detail-desc-decorate-image\" src=\"https:\/\/i0.wp.com\/ae01.alicdn.com\/kf\/Sc692e3357efa46ecbb8f83786d6ad5cbS.jpg?w=1200&#038;ssl=1\" \/><\/a>\n<\/div>\n<div class=\"detailmodule_image\">\n <a href=\"https:\/\/www.aliexpress.com\/item\/3256805634413591.html?gatewayAdapt=4itemAdapt\" target=\"_self\" class=\"\"><img data-recalc-dims=\"1\" decoding=\"async\" class=\"detail-desc-decorate-image\" src=\"https:\/\/i0.wp.com\/ae01.alicdn.com\/kf\/S1c7dd1b88432412bb8bd5002eda6d50aK.jpg?w=1200&#038;ssl=1\" \/><\/a>\n<\/div>\n<div class=\"detailmodule_image\">\n <a href=\"https:\/\/www.aliexpress.com\/item\/3256805634413591.html?gatewayAdapt=4itemAdapt\" target=\"_self\" class=\"\"><img data-recalc-dims=\"1\" decoding=\"async\" class=\"detail-desc-decorate-image\" src=\"https:\/\/i0.wp.com\/ae01.alicdn.com\/kf\/S594fab75c9474782a62448b93431bad8J.jpg?w=1200&#038;ssl=1\" \/><\/a>\n<\/div>\n<div class=\"detailmodule_image\">\n <a href=\"https:\/\/www.aliexpress.com\/item\/3256805634378255.html?gatewayAdapt=4itemAdapt\" target=\"_self\" class=\"\"><img data-recalc-dims=\"1\" decoding=\"async\" class=\"detail-desc-decorate-image\" src=\"https:\/\/i0.wp.com\/ae01.alicdn.com\/kf\/S88dd534ed0d5416fb58093f9139912fdF.jpg?w=1200&#038;ssl=1\" \/><\/a>\n<\/div>\n<div class=\"detailmodule_image\">\n <a href=\"https:\/\/vi.aliexpress.com\/item\/3256805657390372.html?gatewayAdapt=glo2vnm4itemAdapt\" target=\"_self\" class=\"\"><img data-recalc-dims=\"1\" decoding=\"async\" class=\"detail-desc-decorate-image\" src=\"https:\/\/i0.wp.com\/ae01.alicdn.com\/kf\/Sc864ed8596944d339606e246ec1c6dddR.jpg?w=1200&#038;ssl=1\" \/><\/a>\n<\/div>\n<div class=\"detailmodule_image\">\n <a href=\"https:\/\/www.aliexpress.com\/item\/3256805634552050.html?gatewayAdapt=4itemAdapt\" target=\"_self\" class=\"\"><img data-recalc-dims=\"1\" decoding=\"async\" class=\"detail-desc-decorate-image\" src=\"https:\/\/i0.wp.com\/ae01.alicdn.com\/kf\/Sff2615bbf3b740e18a3b138d7261e6b6H.jpg?w=1200&#038;ssl=1\" \/><\/a>\n<\/div>\n<div class=\"detailmodule_image\">\n <a href=\"https:\/\/www.aliexpress.com\/item\/3256805634552050.html?gatewayAdapt=4itemAdapt\" target=\"_self\" class=\"\"><img data-recalc-dims=\"1\" decoding=\"async\" class=\"detail-desc-decorate-image\" src=\"https:\/\/i0.wp.com\/ae01.alicdn.com\/kf\/S432d792e4e794e9298aa58fcc8c50276k.jpg?w=1200&#038;ssl=1\" \/><\/a>\n<\/div>\n<div class=\"detailmodule_image\">\n <a href=\"https:\/\/www.aliexpress.com\/item\/3256805633932192.html?gatewayAdapt=4itemAdapt\" target=\"_self\" class=\"\"><img data-recalc-dims=\"1\" decoding=\"async\" class=\"detail-desc-decorate-image\" src=\"https:\/\/i0.wp.com\/ae01.alicdn.com\/kf\/S591f648267e941949b336ff1b83493f0P.jpg?w=1200&#038;ssl=1\" \/><\/a>\n<\/div>\n<div class=\"detailmodule_image\">\n <a href=\"https:\/\/www.aliexpress.com\/item\/3256805633932192.html?gatewayAdapt=4itemAdapt\" target=\"_self\" class=\"\"><img data-recalc-dims=\"1\" decoding=\"async\" class=\"detail-desc-decorate-image\" src=\"https:\/\/i0.wp.com\/ae01.alicdn.com\/kf\/S0964350f03974f199da455b956310b54Y.jpg?w=1200&#038;ssl=1\" \/><\/a>\n<\/div>\n<div class=\"detailmodule_image\">\n <a href=\"https:\/\/www.aliexpress.com\/item\/3256805633932192.html?gatewayAdapt=4itemAdapt\" target=\"_self\" class=\"\"><img data-recalc-dims=\"1\" decoding=\"async\" class=\"detail-desc-decorate-image\" src=\"https:\/\/i0.wp.com\/ae01.alicdn.com\/kf\/Sb2191449fe8e46c9bba7972fe7682a44P.jpg?w=1200&#038;ssl=1\" \/><\/a>\n<\/div>\n<p><\/div>\n<\/div>\n","protected":false},"excerpt":{"rendered":"","protected":false},"featured_media":37855,"template":"","meta":{"neve_meta_sidebar":"","neve_meta_container":"","neve_meta_enable_content_width":"","neve_meta_content_width":0,"neve_meta_title_alignment":"","neve_meta_author_avatar":"","neve_post_elements_order":"","neve_meta_disable_header":"","neve_meta_disable_footer":"","neve_meta_disable_title":""},"product_brand":[],"product_cat":[20,17,85],"product_tag":[],"class_list":{"0":"post-37861","1":"product","2":"type-product","3":"status-publish","4":"has-post-thumbnail","6":"product_cat-eletronicos-automotivos","7":"product_cat-pecas-e-acessorios-automotivos","8":"product_cat-sistema-inteligente-para-carros","10":"first","11":"instock","12":"shipping-taxable","13":"purchasable","14":"product-type-variable","15":"has-default-attributes"},"jetpack_sharing_enabled":true,"_links":{"self":[{"href":"https:\/\/listman.shop\/autoparts-br\/wp-json\/wp\/v2\/product\/37861","targetHints":{"allow":["GET"]}}],"collection":[{"href":"https:\/\/listman.shop\/autoparts-br\/wp-json\/wp\/v2\/product"}],"about":[{"href":"https:\/\/listman.shop\/autoparts-br\/wp-json\/wp\/v2\/types\/product"}],"wp:featuredmedia":[{"embeddable":true,"href":"https:\/\/listman.shop\/autoparts-br\/wp-json\/wp\/v2\/media\/37855"}],"wp:attachment":[{"href":"https:\/\/listman.shop\/autoparts-br\/wp-json\/wp\/v2\/media?parent=37861"}],"wp:term":[{"taxonomy":"product_brand","embeddable":true,"href":"https:\/\/listman.shop\/autoparts-br\/wp-json\/wp\/v2\/product_brand?post=37861"},{"taxonomy":"product_cat","embeddable":true,"href":"https:\/\/listman.shop\/autoparts-br\/wp-json\/wp\/v2\/product_cat?post=37861"},{"taxonomy":"product_tag","embeddable":true,"href":"https:\/\/listman.shop\/autoparts-br\/wp-json\/wp\/v2\/product_tag?post=37861"}],"curies":[{"name":"wp","href":"https:\/\/api.w.org\/{rel}","templated":true}]}}