{"id":37900,"date":"2025-03-23T01:27:28","date_gmt":"2025-03-22T16:27:28","guid":{"rendered":"https:\/\/listman.shop\/autoparts-br\/product\/1005007644364567\/"},"modified":"2026-04-14T12:07:17","modified_gmt":"2026-04-14T03:07:17","slug":"1005007644364567","status":"publish","type":"product","link":"https:\/\/listman.shop\/autoparts-br\/product\/1005007644364567\/","title":{"rendered":"Mini aspirador de p\u00f3 para carro CENRR 998000 PA sem fio poderoso limpador de carro sem fio port\u00e1til aspirador de p\u00f3 m\u00e1quina de limpeza"},"content":{"rendered":"<div class=\"detailmodule_html\">\n<div class=\"detail-desc-decorate-richtext\">\n<div class=\"detailmodule_html\">\n<div class=\"detail-desc-decorate-richtext\">\n<p style=\", Roboto, Arial, Helvetica, sans-serif, SimSun;font-size:14px;font-weight:400;letter-spacing:normal;line-height:inherit;text-align:left;white-space:normal;margin:0px;margin-bottom:0px;margin-top:0px;margin-left:0px;margin-right:0px;padding:0px;padding-bottom:0px;padding-top:0px;padding-left:0px;padding-right:0px\" align=\"left\"><span class=\"slate-node-text\"><span><strong><span style=\"font-size:20px\">Introdu\u00e7\u00e3o<\/span><\/strong><\/span><\/span><span class=\"slate-node-text\"><span><br \/>[Nome do produto]: aspirador de p\u00f3 multifuncional para ve\u00edculos<br \/>[Fun\u00e7\u00f5es do produto]: principalmente limpeza de carros, aspira\u00e7\u00e3o, sopro de poeira e assim por diante<\/span><\/span><\/p>\n<p style=\", Roboto, Arial, Helvetica, sans-serif, SimSun;font-size:14px;font-weight:400;letter-spacing:normal;line-height:inherit;text-align:left;white-space:normal;margin:0px;margin-bottom:0px;margin-top:0px;margin-left:0px;margin-right:0px;padding:0px;padding-bottom:0px;padding-top:0px;padding-left:0px;padding-right:0px\" align=\"left\"><span class=\"slate-node-text\"><span>[Lista de pacotes]:<\/span><\/span><\/p>\n<p style=\", Roboto, Arial, Helvetica, sans-serif, SimSun;font-size:14px;font-weight:400;letter-spacing:normal;line-height:inherit;text-align:left;white-space:normal;margin:0px;margin-bottom:0px;margin-top:0px;margin-left:0px;margin-right:0px;padding:0px;padding-bottom:0px;padding-top:0px;padding-left:0px;padding-right:0px\" align=\"left\"><span class=\"slate-node-text\"><span>aspirador X1<\/span><\/span><\/p>\n<p style=\", Roboto, Arial, Helvetica, sans-serif, SimSun;font-size:14px;font-weight:400;letter-spacing:normal;line-height:inherit;text-align:left;white-space:normal;margin:0px;margin-bottom:0px;margin-top:0px;margin-left:0px;margin-right:0px;padding:0px;padding-bottom:0px;padding-top:0px;padding-left:0px;padding-right:0px\" align=\"left\"><span class=\"slate-node-text\"><span>Acess\u00f3rios X 9<\/span><\/span><\/p>\n<p style=\", Roboto, Arial, Helvetica, sans-serif, SimSun;font-size:14px;font-weight:400;letter-spacing:normal;line-height:inherit;text-align:left;white-space:normal;margin:0px;margin-bottom:0px;margin-top:0px;margin-left:0px;margin-right:0px;padding:0px;padding-bottom:0px;padding-top:0px;padding-left:0px;padding-right:0px\" align=\"left\"><span class=\"slate-node-text\"><span>Linha de carregamento USB-C X 1<\/span><\/span><\/p>\n<p style=\", Roboto, Arial, Helvetica, sans-serif, SimSun;font-size:14px;font-weight:400;letter-spacing:normal;line-height:inherit;text-align:left;white-space:normal;margin:0px;margin-bottom:0px;margin-top:0px;margin-left:0px;margin-right:0px;padding:0px;padding-bottom:0px;padding-top:0px;padding-left:0px;padding-right:0px\" align=\"left\"><span class=\"slate-node-text\"><span>Manual do usu\u00e1rio X 1<\/span><\/span><\/p>\n<p style=\", Roboto, Arial, Helvetica, sans-serif, SimSun;font-size:14px;font-weight:400;letter-spacing:normal;line-height:inherit;text-align:left;white-space:normal;margin:0px;margin-bottom:0px;margin-top:0px;margin-left:0px;margin-right:0px;padding:0px;padding-bottom:0px;padding-top:0px;padding-left:0px;padding-right:0px\" align=\"left\"><span class=\"slate-node-text\"><span>[peso]:<br \/>720g para Ultra<br \/>740g para Ultra 2hepa<br \/>850g para Ultra 4hepa<br \/>880g para Ultra 5hepa S<\/span><\/span><\/p>\n<div>&nbsp;<\/div>\n<p style=\"text-align:left\" align=\"left\"><span class=\"slate-node-text\"><span><span style=\"font-size:20px\"><strong>Introdu\u00e7\u00e3o \u00e0 vers\u00e3o<\/strong><\/span><\/span><\/span><\/p>\n<p style=\"text-align:left\" align=\"left\"><span class=\"slate-node-text\"><span><span style=\"font-size:18px\"><strong>\u3010Vers\u00e3o m\u00e1xima\u3011<\/strong><\/span><\/span><\/span><\/p>\n<p style=\"text-align:left\" align=\"left\"><span class=\"slate-node-text\"><span>[Material do produto]: ABS<\/span><\/span><\/p>\n<p style=\"text-align:left\" align=\"left\"><span class=\"slate-node-text\"><span><strong><span>[Motor]: Novo motor sem escova atualizado<\/span><\/strong><\/span><\/span><\/p>\n<p style=\"text-align:left\" align=\"left\"><span class=\"slate-node-text\"><span><strong><span>[Cor]: preto\/prata<\/span><\/strong><\/span><\/span><\/p>\n<p style=\"text-align:left\" align=\"left\"><span class=\"slate-node-text\"><span><strong><span>[Grau de v\u00e1cuo]:998000PA<\/span><\/strong><\/span><\/span><\/p>\n<p style=\"text-align:left\" align=\"left\"><span class=\"slate-node-text\"><span>[Velocidade nominal]: 35500 rpm<\/span><\/span><\/p>\n<p style=\"text-align:left\" align=\"left\"><span class=\"slate-node-text\"><span>[Capacidade da bateria de l\u00edtio]: 3*2000mAh<\/span><\/span><\/p>\n<p style=\"text-align:left\" align=\"left\"><span class=\"slate-node-text\"><span>[Modo de carregamento]: linha de carregamento tipo C<\/span><\/span><\/p>\n<p style=\"text-align:left\" align=\"left\"><span class=\"slate-node-text\"><span>[Ru\u00eddo]: \u2264 32dB<\/span><\/span><\/p>\n<p style=\"text-align:left\" align=\"left\"><span class=\"slate-node-text\"><span>[Temperatura de opera\u00e7\u00e3o]: &#8211; 20 \u2103 ~+50 \u2103<\/span><\/span><\/p>\n<p style=\"text-align:left\" align=\"left\"><img data-recalc-dims=\"1\" decoding=\"async\" src=\"https:\/\/i0.wp.com\/ae01.alicdn.com\/kf\/S20133add587c4a4cadbe2a22ee0a7f48d.png?w=1200&#038;ssl=1\"><span class=\"slate-node-text\"><span><br \/><\/span><\/span><\/p>\n<\/div>\n<\/div>\n<p><img data-recalc-dims=\"1\" decoding=\"async\" src=\"https:\/\/i0.wp.com\/ae01.alicdn.com\/kf\/S5dc1d0db90ca477a892a9ce394c0cd4cq.jpg?w=1200&#038;ssl=1\"><img data-recalc-dims=\"1\" decoding=\"async\" src=\"https:\/\/i0.wp.com\/ae01.alicdn.com\/kf\/Sb640328077a54fb6ae31a312d17f530fX.jpg?w=1200&#038;ssl=1\"><img data-recalc-dims=\"1\" decoding=\"async\" src=\"https:\/\/i0.wp.com\/ae01.alicdn.com\/kf\/S53ac03496b8c43c48a7ab5c644a81cc5H.jpg?w=1200&#038;ssl=1\"><img data-recalc-dims=\"1\" decoding=\"async\" src=\"https:\/\/i0.wp.com\/ae01.alicdn.com\/kf\/S99fc7d03c20c4dcab389afdc28739900j.jpg?w=1200&#038;ssl=1\"><img data-recalc-dims=\"1\" decoding=\"async\" src=\"https:\/\/i0.wp.com\/ae01.alicdn.com\/kf\/S6aacb113490e461ca1f3229b3ca6d50as.jpg?w=1200&#038;ssl=1\"><img data-recalc-dims=\"1\" decoding=\"async\" src=\"https:\/\/i0.wp.com\/ae01.alicdn.com\/kf\/Sf7ce2ddc0aa04ffcac2a2935769ac2f23.jpg?w=1200&#038;ssl=1\"><img data-recalc-dims=\"1\" decoding=\"async\" src=\"https:\/\/i0.wp.com\/ae01.alicdn.com\/kf\/S21d50a6210534f3d9f31aa87ed8eb918A.jpg?w=1200&#038;ssl=1\"><img data-recalc-dims=\"1\" decoding=\"async\" src=\"https:\/\/i0.wp.com\/ae01.alicdn.com\/kf\/Sd1385a0599034276a12b47d7ead5e7d70.jpg?w=1200&#038;ssl=1\"><img data-recalc-dims=\"1\" decoding=\"async\" src=\"https:\/\/i0.wp.com\/ae01.alicdn.com\/kf\/S4da7d29fc133484a93838faaf3207546O.jpg?w=1200&#038;ssl=1\"><img data-recalc-dims=\"1\" decoding=\"async\" src=\"https:\/\/i0.wp.com\/ae01.alicdn.com\/kf\/S558f2c447857443587a36b1e84635d7bZ.png?w=1200&#038;ssl=1\"><img data-recalc-dims=\"1\" decoding=\"async\" src=\"https:\/\/i0.wp.com\/ae01.alicdn.com\/kf\/S54995af5d5a146ee9e05b21f9444107dQ.jpg?w=1200&#038;ssl=1\"><img data-recalc-dims=\"1\" decoding=\"async\" src=\"https:\/\/i0.wp.com\/ae01.alicdn.com\/kf\/S3127345eb0d24310b06a49509b9e2a58U.jpg?w=1200&#038;ssl=1\"><img data-recalc-dims=\"1\" decoding=\"async\" src=\"https:\/\/i0.wp.com\/ae01.alicdn.com\/kf\/Sd24b8724d11a4a5cbb8ecad9bb50cba4Z.jpg?w=1200&#038;ssl=1\"><img data-recalc-dims=\"1\" decoding=\"async\" src=\"https:\/\/i0.wp.com\/ae01.alicdn.com\/kf\/S8cf580df7d60499f9e9f9ed92ccdbe74l.jpg?w=1200&#038;ssl=1\"><img data-recalc-dims=\"1\" decoding=\"async\" src=\"https:\/\/i0.wp.com\/ae01.alicdn.com\/kf\/S4d6f27f8db7744fb94c5adf6b8d7ce165.png?w=1200&#038;ssl=1\"><img data-recalc-dims=\"1\" decoding=\"async\" src=\"https:\/\/i0.wp.com\/ae01.alicdn.com\/kf\/Sa237b71723d2433f8c7ff7cc97137f6d6.jpg?w=1200&#038;ssl=1\"><\/p>\n<\/div>\n<\/div>\n","protected":false},"excerpt":{"rendered":"<p>Introdu\u00e7\u00e3o[Nome do produto]: aspirador de p\u00f3 multifuncional para ve\u00edculos[Fun\u00e7\u00f5es do produto]: principalmente limpeza de carros, aspira\u00e7\u00e3o, sopro de poeira e assim por diante [Lista de pacotes]: aspirador X1 Acess\u00f3rios X 9 Linha de carregamento USB-C X 1 Manual do usu\u00e1rio X 1 [peso]:720g para Ultra740g para Ultra 2hepa850g para Ultra 4hepa880g para Ultra 5hepa S&hellip;&nbsp;<\/p>\n","protected":false},"featured_media":37894,"template":"","meta":{"neve_meta_sidebar":"","neve_meta_container":"","neve_meta_enable_content_width":"","neve_meta_content_width":0,"neve_meta_title_alignment":"","neve_meta_author_avatar":"","neve_post_elements_order":"","neve_meta_disable_header":"","neve_meta_disable_footer":"","neve_meta_disable_title":""},"product_brand":[],"product_cat":[153,20,17],"product_tag":[],"class_list":{"0":"post-37900","1":"product","2":"type-product","3":"status-publish","4":"has-post-thumbnail","6":"product_cat-aparelhos-eletricos-para-carro","7":"product_cat-eletronicos-automotivos","8":"product_cat-pecas-e-acessorios-automotivos","10":"first","11":"instock","12":"shipping-taxable","13":"purchasable","14":"product-type-variable","15":"has-default-attributes"},"jetpack_sharing_enabled":true,"_links":{"self":[{"href":"https:\/\/listman.shop\/autoparts-br\/wp-json\/wp\/v2\/product\/37900","targetHints":{"allow":["GET"]}}],"collection":[{"href":"https:\/\/listman.shop\/autoparts-br\/wp-json\/wp\/v2\/product"}],"about":[{"href":"https:\/\/listman.shop\/autoparts-br\/wp-json\/wp\/v2\/types\/product"}],"wp:featuredmedia":[{"embeddable":true,"href":"https:\/\/listman.shop\/autoparts-br\/wp-json\/wp\/v2\/media\/37894"}],"wp:attachment":[{"href":"https:\/\/listman.shop\/autoparts-br\/wp-json\/wp\/v2\/media?parent=37900"}],"wp:term":[{"taxonomy":"product_brand","embeddable":true,"href":"https:\/\/listman.shop\/autoparts-br\/wp-json\/wp\/v2\/product_brand?post=37900"},{"taxonomy":"product_cat","embeddable":true,"href":"https:\/\/listman.shop\/autoparts-br\/wp-json\/wp\/v2\/product_cat?post=37900"},{"taxonomy":"product_tag","embeddable":true,"href":"https:\/\/listman.shop\/autoparts-br\/wp-json\/wp\/v2\/product_tag?post=37900"}],"curies":[{"name":"wp","href":"https:\/\/api.w.org\/{rel}","templated":true}]}}