{"id":37921,"date":"2025-03-23T01:27:55","date_gmt":"2025-03-22T16:27:55","guid":{"rendered":"https:\/\/listman.shop\/autoparts-br\/product\/1005007655656509\/"},"modified":"2026-04-14T12:28:10","modified_gmt":"2026-04-14T03:28:10","slug":"1005007655656509","status":"publish","type":"product","link":"https:\/\/listman.shop\/autoparts-br\/product\/1005007655656509\/","title":{"rendered":"SZUK NOVO Dobr\u00e1vel Carro Aspirador Port\u00e1til Port\u00e1til Mini Aspirador M\u00e1quina De Limpeza De Suc\u00e7\u00e3o Forte Carro Limpador Sem Fio  aspirador de carro port\u00e1til potente  aspirador de po p\u00f3 para carro"},"content":{"rendered":"<div class=\"detailmodule_html\">\n<div class=\"detail-desc-decorate-richtext\">\n<div class=\"detailmodule_html\">\n<div class=\"detail-desc-decorate-richtext\">\n<div>\n   <span style=\"font-size:20px;font-family:arial, helvetica, sans-serif\"><strong id=\"tl_1\">Descri&ccedil;&atilde;o do produto<\/strong><\/span>\n  <\/div>\n<p><span style=\"font-size:18px;font-family:arial, helvetica, sans-serif\" id=\"tl_2\">1.1 Este produto &eacute; um dispositivo port&aacute;til sem fio com tens&atilde;o nominal de 11,1V.<\/span><\/p>\n<p><span style=\"font-size:18px;font-family:arial, helvetica, sans-serif\" id=\"tl_3\">1.2 O produto tem tr&ecirc;s fun&ccedil;&otilde;es de aspira&ccedil;&atilde;o, sopro\/inflamento e exaust&atilde;o.<\/span><\/p>\n<p><span style=\"font-size:18px;font-family:arial, helvetica, sans-serif\" id=\"tl_4\">1.3 O filtro adota HEPA e &eacute; lav&aacute;vel.<\/span><\/p>\n<p><span style=\"font-size:18px;font-family:arial, helvetica, sans-serif\" id=\"tl_5\">1.4 O motor &eacute; um motor sem escova de alta velocidade de 11,1 V.<\/span><\/p>\n<p><span style=\"font-size:18px;font-family:arial, helvetica, sans-serif\" id=\"tl_6\">1.5 L&acirc;minas de turbina totalmente fechadas.<\/span><\/p>\n<p><span style=\"font-size:16px;font-family:arial, helvetica, sans-serif\"><br \/><\/span><\/p>\n<p><span style=\"font-size:20px;font-family:arial, helvetica, sans-serif\"><strong id=\"tl_7\">Especifica&ccedil;&otilde;es dos principais componentes<\/strong><\/span><span style=\"font-size:20px;font-family:arial, helvetica, sans-serif\" id=\"tl_8\">(consulte a BOM, papel de especifica&ccedil;&atilde;o de engenharia relevante e precau&ccedil;&otilde;es de inspe&ccedil;&atilde;o e montagem de pe&ccedil;as para obter detalhes)<\/span><\/p>\n<p><span style=\"font-size:18px;font-family:arial, helvetica, sans-serif\" id=\"tl_9\">2.1 p&aacute;s do ventilador Aspas do ventilador de turbina totalmente fechadas<\/span><\/p>\n<p><span style=\"font-size:18px;font-family:arial, helvetica, sans-serif\" id=\"tl_10\">2.2 Material da carca&ccedil;a ABS<\/span><\/p>\n<p><span style=\"font-size:18px;font-family:arial, helvetica, sans-serif\" id=\"tl_11\">2.3 Tamanho do produto 19,5X6.8X19.5 (comprimento x largura x altura cm)<\/span><\/p>\n<p><span style=\"font-size:18px;font-family:arial, helvetica, sans-serif\" id=\"tl_12\">2.4 Bateria 18650*3*2000mAh 11,1V<\/span><\/p>\n<p><span style=\"font-size:18px;font-family:arial, helvetica, sans-serif\" id=\"tl_13\">2.5 Acess&oacute;rios Escova, tubo plano, bico grande, cabo de carregamento USB, (tr&ecirc;s acess&oacute;rios infl&aacute;veis), haste longa, escova de haste longa (opcional: HEPA, copo de poeira de tampa aberta simples, bolsa)<\/span><\/p>\n<p><span style=\"font-size:18px;font-family:arial, helvetica, sans-serif\" id=\"tl_14\">2,6 Peso 410g (metal puro)<\/span><\/p>\n<p><span style=\"font-size:18px;font-family:arial, helvetica, sans-serif\" id=\"tl_15\">2.7 Tamanho do motor 45 motor sem escova 100.000 rpm<\/span><\/p>\n<p><span style=\"font-size:18px;font-family:arial, helvetica, sans-serif\" id=\"tl_16\">2.8 Interruptor de tr&ecirc;s marchas alta, m&eacute;dia e baixa (pressione por 3 segundos para ligar)<\/span><\/p>\n<p><span style=\"font-size:18px;font-family:arial, helvetica, sans-serif\" id=\"tl_17\">2.9 Cabo de carregamento tipo c 5V 1,5A<\/span><\/p>\n<div>\n   \n  <\/div>\n<p><span style=\"font-size:20px;font-family:arial, helvetica, sans-serif\"><strong id=\"tl_18\">Par&acirc;metros e desempenho do produto<\/strong><\/span><\/p>\n<p><span style=\"font-size:18px;font-family:arial, helvetica, sans-serif\" id=\"tl_19\">3.1 Tens&atilde;o nominal: DC11.1V<\/span><\/p>\n<p><span style=\"font-size:18px;font-family:arial, helvetica, sans-serif\" id=\"tl_20\">3.2 Pot&ecirc;ncia nominal: 100W<\/span><\/p>\n<p><span style=\"font-size:18px;font-family:arial, helvetica, sans-serif\" id=\"tl_21\">3.3 Capacidade do copo de p&oacute; 0,16L<\/span><\/p>\n<p><span style=\"font-size:18px;font-family:arial, helvetica, sans-serif\" id=\"tl_22\">3.3 Ru&iacute;do: valor de ru&iacute;do de dist&acirc;ncia de 1m cerca de 80dB<\/span><\/p>\n<p><span style=\"font-size:18px;font-family:arial, helvetica, sans-serif\" id=\"tl_23\">3.4 For&ccedil;a de suc&ccedil;&atilde;o Alta 15KPa M&eacute;dia 1200KPa Baixa 6KPa<\/span><\/p>\n<p><span style=\"font-size:18px;font-family:arial, helvetica, sans-serif\" id=\"tl_24\">3.5 Volume de sopro m&aacute;ximo 680L\/min<\/span><\/p>\n<p><span style=\"font-size:18px;font-family:arial, helvetica, sans-serif\" id=\"tl_25\">3.6 Volume de suc&ccedil;&atilde;o 680L\/min m&aacute;ximo<\/span><\/p>\n<p><span style=\"font-size:18px;font-family:arial, helvetica, sans-serif\" id=\"tl_26\">3.7 Press&atilde;o de infla&ccedil;&atilde;o 15KPa Alta<\/span><\/p>\n<p><span style=\"font-size:18px;font-family:arial, helvetica, sans-serif\" id=\"tl_27\">3.8 Press&atilde;o de exaust&atilde;o 15KPa Alta<\/span><\/p>\n<p><span style=\"font-size:18px;font-family:arial, helvetica, sans-serif\" id=\"tl_28\">3,9 Tempo de carregamento 4-5 horas<\/span><\/p>\n<p><span style=\"font-size:18px;font-family:arial, helvetica, sans-serif\" id=\"tl_29\">4.0 Tempo de uso Aspira&ccedil;&atilde;o baixa 30 minutos, m&eacute;dia 18 minutos, alta 12 minutos<\/span><\/p>\n<p><span style=\"font-size:18px;font-family:arial, helvetica, sans-serif\" id=\"tl_30\">4.1 Descri&ccedil;&atilde;o da pe&ccedil;a de exibi&ccedil;&atilde;o Exibi&ccedil;&atilde;o de carregamento inferior: luz indicadora de carregamento, vermelha, verde. Posi&ccedil;&atilde;o do interruptor: verde, vermelho, laranja.<\/span><\/p>\n<div>\n   \n  <\/div>\n<p><img data-recalc-dims=\"1\" decoding=\"async\" src=\"https:\/\/i0.wp.com\/ae01.alicdn.com\/kf\/S6d13b698bec545869dc9ff4240d0737aZ.jpg?w=1200&#038;ssl=1\" \/><img data-recalc-dims=\"1\" decoding=\"async\" src=\"https:\/\/i0.wp.com\/ae01.alicdn.com\/kf\/S6b812efc769e451d91ec74957811f76fJ.jpg?w=1200&#038;ssl=1\" \/><img data-recalc-dims=\"1\" decoding=\"async\" src=\"https:\/\/i0.wp.com\/ae01.alicdn.com\/kf\/S93854729266949558b0c3afef9beb2a3f.jpg?w=1200&#038;ssl=1\" \/><img data-recalc-dims=\"1\" decoding=\"async\" src=\"https:\/\/i0.wp.com\/ae01.alicdn.com\/kf\/Sb0ad89fc46f7411f9b8039d6ffcd4389z.jpg?w=1200&#038;ssl=1\" \/><img data-recalc-dims=\"1\" decoding=\"async\" src=\"https:\/\/i0.wp.com\/ae01.alicdn.com\/kf\/S4f96e6930ab84df3bbee1f1b56dad4d2x.jpg?w=1200&#038;ssl=1\" \/><img data-recalc-dims=\"1\" decoding=\"async\" src=\"https:\/\/i0.wp.com\/ae01.alicdn.com\/kf\/S901fd482a1314691a1eb213eedea987ck.jpg?w=1200&#038;ssl=1\" \/><img data-recalc-dims=\"1\" decoding=\"async\" src=\"https:\/\/i0.wp.com\/ae01.alicdn.com\/kf\/S116dad2055344aa1b4c2f374820c5ec6i.jpg?w=1200&#038;ssl=1\" \/><img data-recalc-dims=\"1\" decoding=\"async\" src=\"https:\/\/i0.wp.com\/ae01.alicdn.com\/kf\/S73905ee4ba2f4a0d984e9f090bed0fc8U.jpg?w=1200&#038;ssl=1\" \/><\/p>\n<p><img data-recalc-dims=\"1\" decoding=\"async\" src=\"https:\/\/i0.wp.com\/ae01.alicdn.com\/kf\/S6de888b71e8041f5ac07af489a3d9ed7x.jpg?w=1200&#038;ssl=1\" \/><img data-recalc-dims=\"1\" decoding=\"async\" src=\"https:\/\/i0.wp.com\/ae01.alicdn.com\/kf\/S975d78177a174080aabb03e2135f4bab8.jpg?w=1200&#038;ssl=1\" \/><img data-recalc-dims=\"1\" decoding=\"async\" src=\"https:\/\/i0.wp.com\/ae01.alicdn.com\/kf\/Sfe2c72ae44974cfc8dd6a109a60a4222U.jpg?w=1200&#038;ssl=1\" \/><img data-recalc-dims=\"1\" decoding=\"async\" src=\"https:\/\/i0.wp.com\/ae01.alicdn.com\/kf\/Sded4d89d18d041b5bb54a075479f31f0l.jpg?w=1200&#038;ssl=1\" \/><img data-recalc-dims=\"1\" decoding=\"async\" src=\"https:\/\/i0.wp.com\/ae01.alicdn.com\/kf\/Se65e4e9a9ed04855ad7df941680486b84.jpg?w=1200&#038;ssl=1\" \/><img data-recalc-dims=\"1\" decoding=\"async\" src=\"https:\/\/i0.wp.com\/ae01.alicdn.com\/kf\/S5e13e9cdcbb44f9f8950d56244f19e97M.jpg?w=1200&#038;ssl=1\" \/><img data-recalc-dims=\"1\" decoding=\"async\" src=\"https:\/\/i0.wp.com\/ae01.alicdn.com\/kf\/Sbcb1100e2cac43de899aea1e311c9ea1U.jpg?w=1200&#038;ssl=1\" \/><img data-recalc-dims=\"1\" decoding=\"async\" src=\"https:\/\/i0.wp.com\/ae01.alicdn.com\/kf\/S972010d09eff4ec29e1d62717e140206P.jpg?w=1200&#038;ssl=1\" \/><img data-recalc-dims=\"1\" decoding=\"async\" src=\"https:\/\/i0.wp.com\/ae01.alicdn.com\/kf\/Sc1ab09dcf85941d79e640de8260831bew.jpg?w=1200&#038;ssl=1\" \/><img data-recalc-dims=\"1\" decoding=\"async\" src=\"https:\/\/i0.wp.com\/ae01.alicdn.com\/kf\/S8b1fd97fcd8a4443b5a6b23d38ddec3eX.jpg?w=1200&#038;ssl=1\" \/><img data-recalc-dims=\"1\" decoding=\"async\" src=\"https:\/\/i0.wp.com\/ae01.alicdn.com\/kf\/S56c8dfa5f7cd45648efe97c55b981924P.jpg?w=1200&#038;ssl=1\" \/><img data-recalc-dims=\"1\" decoding=\"async\" src=\"https:\/\/i0.wp.com\/ae01.alicdn.com\/kf\/S1ca2977be2344691835ba7e2c7579835X.jpg?w=1200&#038;ssl=1\" \/><img data-recalc-dims=\"1\" decoding=\"async\" src=\"https:\/\/i0.wp.com\/ae01.alicdn.com\/kf\/Sdf07060f1f72436ab1c2789eb6a64174M.jpg?w=1200&#038;ssl=1\" \/><img data-recalc-dims=\"1\" decoding=\"async\" src=\"https:\/\/i0.wp.com\/ae01.alicdn.com\/kf\/Seba3ab19539f4d4a85924cd43b90889aA.jpg?w=1200&#038;ssl=1\" \/><img data-recalc-dims=\"1\" decoding=\"async\" src=\"https:\/\/i0.wp.com\/ae01.alicdn.com\/kf\/Sece06547fd22473c9a890b8cc975758bQ.jpg?w=1200&#038;ssl=1\" \/><img data-recalc-dims=\"1\" decoding=\"async\" src=\"https:\/\/i0.wp.com\/ae01.alicdn.com\/kf\/Sc2029713265547ce8120f2a0dffdf67dm.jpg?w=1200&#038;ssl=1\" \/><img data-recalc-dims=\"1\" decoding=\"async\" src=\"https:\/\/i0.wp.com\/ae01.alicdn.com\/kf\/S6fa8a53344594e5788c6dee61e377f32j.jpg?w=1200&#038;ssl=1\" \/><img data-recalc-dims=\"1\" decoding=\"async\" src=\"https:\/\/i0.wp.com\/ae01.alicdn.com\/kf\/S308acb9461624c05b6ef1ffc016a302cU.jpg?w=1200&#038;ssl=1\" \/><img data-recalc-dims=\"1\" decoding=\"async\" src=\"https:\/\/i0.wp.com\/ae01.alicdn.com\/kf\/S4bc6d7cc0fdf4a0ba581fe6ffc8ed55f0.jpg?w=1200&#038;ssl=1\" \/><img data-recalc-dims=\"1\" decoding=\"async\" src=\"https:\/\/i0.wp.com\/ae01.alicdn.com\/kf\/S45c783e63cd44846a48a86b7c4b39e76h.jpg?w=1200&#038;ssl=1\" \/><img data-recalc-dims=\"1\" decoding=\"async\" src=\"https:\/\/i0.wp.com\/ae01.alicdn.com\/kf\/S2c7a0fc9a40a41d1938fca05c652ed2fC.jpg?w=1200&#038;ssl=1\" \/><img data-recalc-dims=\"1\" decoding=\"async\" src=\"https:\/\/i0.wp.com\/ae01.alicdn.com\/kf\/S526a31621d42458990c7a6f882349715e.jpg?w=1200&#038;ssl=1\" \/><img data-recalc-dims=\"1\" decoding=\"async\" src=\"https:\/\/i0.wp.com\/ae01.alicdn.com\/kf\/S7c8097bef8fd426ab596a7f36cde153bg.jpg?w=1200&#038;ssl=1\" \/><img data-recalc-dims=\"1\" decoding=\"async\" src=\"https:\/\/i0.wp.com\/ae01.alicdn.com\/kf\/S8b1ae35fc26d4711ba8d9037d204e30ee.jpg?w=1200&#038;ssl=1\" \/><img data-recalc-dims=\"1\" decoding=\"async\" src=\"https:\/\/i0.wp.com\/ae01.alicdn.com\/kf\/S1e18474bf0e84cfb8eaa11ced4cef25fg.jpg?w=1200&#038;ssl=1\" \/><img data-recalc-dims=\"1\" decoding=\"async\" src=\"https:\/\/i0.wp.com\/ae01.alicdn.com\/kf\/Sec36b39e65de4d6b88700b541662fa977.jpg?w=1200&#038;ssl=1\" \/><img data-recalc-dims=\"1\" decoding=\"async\" src=\"https:\/\/i0.wp.com\/ae01.alicdn.com\/kf\/S1b5b2566d3a4421fbbef07a6ac4950f42.jpg?w=1200&#038;ssl=1\" \/><img data-recalc-dims=\"1\" decoding=\"async\" src=\"https:\/\/i0.wp.com\/ae01.alicdn.com\/kf\/S9f56a089152042e289f6696db2b2cbc6T.jpg?w=1200&#038;ssl=1\" \/><img data-recalc-dims=\"1\" decoding=\"async\" src=\"https:\/\/i0.wp.com\/ae01.alicdn.com\/kf\/S9cbc6044c19749719f329be33c219cd1P.jpg?w=1200&#038;ssl=1\" \/><img data-recalc-dims=\"1\" decoding=\"async\" src=\"https:\/\/i0.wp.com\/ae01.alicdn.com\/kf\/Sde31aeb0d2aa4e2fa0a58db621e66859w.jpg?w=1200&#038;ssl=1\" \/><img data-recalc-dims=\"1\" decoding=\"async\" src=\"https:\/\/i0.wp.com\/ae01.alicdn.com\/kf\/S383a91bb2e48490e939662971570b4e5L.jpg?w=1200&#038;ssl=1\" \/><img data-recalc-dims=\"1\" decoding=\"async\" src=\"https:\/\/i0.wp.com\/ae01.alicdn.com\/kf\/Sedc337abeb9146949e73d3ddca98c954j.jpg?w=1200&#038;ssl=1\" \/><img data-recalc-dims=\"1\" decoding=\"async\" src=\"https:\/\/i0.wp.com\/ae01.alicdn.com\/kf\/S49685c4ff50e425595c550bcbe0e74a4W.jpg?w=1200&#038;ssl=1\" \/><img data-recalc-dims=\"1\" decoding=\"async\" src=\"https:\/\/i0.wp.com\/ae01.alicdn.com\/kf\/Sce1c80c7d1474bca9749f633d131fef3g.jpg?w=1200&#038;ssl=1\" \/><img data-recalc-dims=\"1\" decoding=\"async\" src=\"https:\/\/i0.wp.com\/ae01.alicdn.com\/kf\/S40980316670940bb8ad9c116d614c42cG.jpg?w=1200&#038;ssl=1\" \/><img data-recalc-dims=\"1\" decoding=\"async\" src=\"https:\/\/i0.wp.com\/ae01.alicdn.com\/kf\/Sb8e04913ebd7423c868d11d027e7e43dq.jpg?w=1200&#038;ssl=1\" \/><img data-recalc-dims=\"1\" decoding=\"async\" src=\"https:\/\/i0.wp.com\/ae01.alicdn.com\/kf\/S98aaa24b45fe4fb8917872ce8daaab6aX.jpg?w=1200&#038;ssl=1\" \/><img data-recalc-dims=\"1\" decoding=\"async\" src=\"https:\/\/i0.wp.com\/ae01.alicdn.com\/kf\/S132dceb0ea9e4787a705161762ff09bcd.jpg?w=1200&#038;ssl=1\" \/><img data-recalc-dims=\"1\" decoding=\"async\" src=\"https:\/\/i0.wp.com\/ae01.alicdn.com\/kf\/S4dac2d4830bd4ab2940439757c061feag.jpg?w=1200&#038;ssl=1\" \/><\/p>\n<p><\/p>\n<\/p><\/div>\n<\/div>\n<p><\/p>\n<\/div>\n<\/div>\n","protected":false},"excerpt":{"rendered":"<p>Descri&ccedil;&atilde;o do produto 1.1 Este produto &eacute; um dispositivo port&aacute;til sem fio com tens&atilde;o nominal de 11,1V. 1.2 O produto tem tr&ecirc;s fun&ccedil;&otilde;es de aspira&ccedil;&atilde;o, sopro\/inflamento e exaust&atilde;o. 1.3 O filtro adota HEPA e &eacute; lav&aacute;vel. 1.4 O motor &eacute; um motor sem escova de alta velocidade de 11,1 V. 1.5 L&acirc;minas de turbina totalmente&hellip;&nbsp;<\/p>\n","protected":false},"featured_media":37915,"template":"","meta":{"neve_meta_sidebar":"","neve_meta_container":"","neve_meta_enable_content_width":"","neve_meta_content_width":0,"neve_meta_title_alignment":"","neve_meta_author_avatar":"","neve_post_elements_order":"","neve_meta_disable_header":"","neve_meta_disable_footer":"","neve_meta_disable_title":""},"product_brand":[],"product_cat":[153,20,17],"product_tag":[],"class_list":{"0":"post-37921","1":"product","2":"type-product","3":"status-publish","4":"has-post-thumbnail","6":"product_cat-aparelhos-eletricos-para-carro","7":"product_cat-eletronicos-automotivos","8":"product_cat-pecas-e-acessorios-automotivos","10":"first","11":"instock","12":"shipping-taxable","13":"purchasable","14":"product-type-variable","15":"has-default-attributes"},"jetpack_sharing_enabled":true,"_links":{"self":[{"href":"https:\/\/listman.shop\/autoparts-br\/wp-json\/wp\/v2\/product\/37921","targetHints":{"allow":["GET"]}}],"collection":[{"href":"https:\/\/listman.shop\/autoparts-br\/wp-json\/wp\/v2\/product"}],"about":[{"href":"https:\/\/listman.shop\/autoparts-br\/wp-json\/wp\/v2\/types\/product"}],"wp:featuredmedia":[{"embeddable":true,"href":"https:\/\/listman.shop\/autoparts-br\/wp-json\/wp\/v2\/media\/37915"}],"wp:attachment":[{"href":"https:\/\/listman.shop\/autoparts-br\/wp-json\/wp\/v2\/media?parent=37921"}],"wp:term":[{"taxonomy":"product_brand","embeddable":true,"href":"https:\/\/listman.shop\/autoparts-br\/wp-json\/wp\/v2\/product_brand?post=37921"},{"taxonomy":"product_cat","embeddable":true,"href":"https:\/\/listman.shop\/autoparts-br\/wp-json\/wp\/v2\/product_cat?post=37921"},{"taxonomy":"product_tag","embeddable":true,"href":"https:\/\/listman.shop\/autoparts-br\/wp-json\/wp\/v2\/product_tag?post=37921"}],"curies":[{"name":"wp","href":"https:\/\/api.w.org\/{rel}","templated":true}]}}