{"id":37966,"date":"2025-03-23T01:29:27","date_gmt":"2025-03-22T16:29:27","guid":{"rendered":"https:\/\/listman.shop\/autoparts-br\/product\/1005007727621533\/"},"modified":"2026-04-14T12:31:06","modified_gmt":"2026-04-14T03:31:06","slug":"1005007727621533","status":"publish","type":"product","link":"https:\/\/listman.shop\/autoparts-br\/product\/1005007727621533\/","title":{"rendered":"Carro head up display g4s hud digital gps veloc\u00edmetro mph alarme de excesso de velocidade multifuncional veloc\u00edmetro b\u00fassola hd display led"},"content":{"rendered":"<div class=\"detailmodule_html\">\n<div class=\"detail-desc-decorate-richtext\"><\/p>\n<div class=\"detailmodule_image\">\n <img data-recalc-dims=\"1\" decoding=\"async\" class=\"detail-desc-decorate-image\" src=\"https:\/\/i0.wp.com\/ae01.alicdn.com\/kf\/Sb3394af34a054a05bd94107c0be240bc0.jpg?w=1200&#038;ssl=1\" \/>\n<\/div>\n<\/p>\n<div class=\"detailmodule_media\">\n<div class=\"video-container-5000458500370\">\n<div class=\"detail-video\" id=\"5000458500370\" data-previewurl=\"https:\/\/ae01.alicdn.com\/kf\/S5f48a977f78b499392afec70b5d6a2655.jpg\"><\/div>\n<\/p><\/div>\n<\/div>\n<div class=\"detailmodule_text\">\n<p style=\"font-size:16px;font-weight:bold;text-align:left;display:block;width:100%\" align=\"left\"><span style=\"font-size:20px\"><u id=\"tl_1\">Para HUD Drive: O melhor display head-up para qualquer carro<\/u><\/span><\/p>\n<p style=\"font-size:13px;text-align:left;display:block;width:100%\" align=\"left\" id=\"tl_2\">1: Exibi&ccedil;&atilde;o head-up para o deslocamento di&aacute;rio para permanecer focado e conectado enquanto dirige <br \/>2: Instalado no painel de uma s&oacute; vez, os cabos s&atilde;o ocultos e a apar&ecirc;ncia &eacute; a mesma do carro original. A m&aacute;quina n&atilde;o danifica o carro e &eacute; usada com seguran&ccedil;a. <\/p>\n<p>(Para todos os modelos, a conex&atilde;o &eacute; uma interface USB.5v) <\/p>\n<p>O carro original n&atilde;o est&aacute; danificado, o smart come&ccedil;a a parar com o carro; <br \/>Para trabalhos HUD: Receba os dados do carro e exiba-os na m&aacute;quina.<\/p>\n<p> \n<\/div>\n<div class=\"detailmodule_text\">\n<p style=\"font-family:OpenSans;font-size:20px;font-weight:900;line-height:28px;white-space:pre-wrap;margin-bottom:12px\" class=\"detail-desc-decorate-title\"><span style=\"font-size:20px\"><u id=\"tl_3\">Lembrete:<\/u><\/span><\/p>\n<p style=\"font-family:OpenSans;font-size:14px;font-weight:300;line-height:20px;white-space:pre-wrap;margin-bottom:12px\" class=\"detail-desc-decorate-content\" id=\"tl_4\">O produto n&atilde;o acende nem exibe quando a tens&atilde;o de conex&atilde;o da m&aacute;quina estiver abaixo de 5V, e a m&aacute;quina queimar&aacute; se estiver acima de 5V.<\/p>\n<\/div>\n<div class=\"detailmodule_text\">\n<p style=\"font-size:16px;font-weight:bold;text-align:left;display:block;width:100%\" align=\"left\"><span style=\"font-size:20px\"><u id=\"tl_5\">Fun&ccedil;&atilde;o G4S:<\/u><\/span><\/p>\n<p style=\"font-size:13px;text-align:left;display:block;width:100%\" align=\"left\" id=\"tl_6\">1: Velocidade do ve&iacute;culo <br \/>2: Tempo <br \/>Chame a pol&iacute;cia: <br \/>1: Alarme de excesso de velocidade <br \/>2: Lembrete de fadiga ao dirigir<\/p>\n<p> \n<\/div>\n<div class=\"detailmodule_text\">\n<p style=\"font-size:16px;font-weight:bold;text-align:left;display:block;width:100%\" align=\"left\"><span style=\"font-size:20px\"><u id=\"tl_7\">Pacote inclu&iacute;do:<\/u><\/span><\/p>\n<p style=\"font-size:13px;text-align:left;display:block;width:100%\" align=\"left\" id=\"tl_8\">1 x exibi&ccedil;&atilde;o de cabe&ccedil;a para cima<\/p>\n<\/div>\n<div class=\"detailmodule_image\">\n <img data-recalc-dims=\"1\" decoding=\"async\" class=\"detail-desc-decorate-image\" src=\"https:\/\/i0.wp.com\/ae01.alicdn.com\/kf\/S445d280c9754450e958139700bad4609Y.jpg?w=1200&#038;ssl=1\" \/>\n<\/div>\n<div class=\"detailmodule_image\">\n <img data-recalc-dims=\"1\" decoding=\"async\" class=\"detail-desc-decorate-image\" src=\"https:\/\/i0.wp.com\/ae01.alicdn.com\/kf\/S2f96e916bfe44487a2000588a7aaf8e8Y.jpg?w=1200&#038;ssl=1\" \/><br \/>\n <img data-recalc-dims=\"1\" decoding=\"async\" class=\"detail-desc-decorate-image\" src=\"https:\/\/i0.wp.com\/ae01.alicdn.com\/kf\/S3ed25f6b10a24c5aaf458126af41f21f7.jpg?w=1200&#038;ssl=1\" \/><br \/>\n <img data-recalc-dims=\"1\" decoding=\"async\" class=\"detail-desc-decorate-image\" src=\"https:\/\/i0.wp.com\/ae01.alicdn.com\/kf\/S3a429be5deff4d74bd153be0b0b53284K.jpg?w=1200&#038;ssl=1\" \/><br \/>\n <img data-recalc-dims=\"1\" decoding=\"async\" class=\"detail-desc-decorate-image\" src=\"https:\/\/i0.wp.com\/ae01.alicdn.com\/kf\/Sa1f44d3d90444edaa6d4191cb84e7cacX.jpg?w=1200&#038;ssl=1\" \/><br \/>\n <img data-recalc-dims=\"1\" decoding=\"async\" class=\"detail-desc-decorate-image\" src=\"https:\/\/i0.wp.com\/ae01.alicdn.com\/kf\/Sb65848544dee4d19ad0154eadc1c2e9eP.jpg?w=1200&#038;ssl=1\" \/><br \/>\n <img data-recalc-dims=\"1\" decoding=\"async\" class=\"detail-desc-decorate-image\" src=\"https:\/\/i0.wp.com\/ae01.alicdn.com\/kf\/S2529ba01264447e2891836cc1c804faeR.jpg?w=1200&#038;ssl=1\" \/><br \/>\n <img data-recalc-dims=\"1\" decoding=\"async\" class=\"detail-desc-decorate-image\" src=\"https:\/\/i0.wp.com\/ae01.alicdn.com\/kf\/S2b79f1ee57ac4c6cbdfdab260b41aea1W.jpg?w=1200&#038;ssl=1\" \/><br \/>\n <img data-recalc-dims=\"1\" decoding=\"async\" class=\"detail-desc-decorate-image\" src=\"https:\/\/i0.wp.com\/ae01.alicdn.com\/kf\/S33b35a10d962442db3c3a8a1a25189f6m.jpg?w=1200&#038;ssl=1\" \/><br \/>\n <img data-recalc-dims=\"1\" decoding=\"async\" class=\"detail-desc-decorate-image\" src=\"https:\/\/i0.wp.com\/ae01.alicdn.com\/kf\/S05c4626ca69944b2b5bd35883e50c04cL.jpg?w=1200&#038;ssl=1\" \/><br \/>\n <img data-recalc-dims=\"1\" decoding=\"async\" class=\"detail-desc-decorate-image\" src=\"https:\/\/i0.wp.com\/ae01.alicdn.com\/kf\/S34a16d59d2f346c887d80e33d6291036a.jpg?w=1200&#038;ssl=1\" \/><br \/>\n <img data-recalc-dims=\"1\" decoding=\"async\" class=\"detail-desc-decorate-image\" src=\"https:\/\/i0.wp.com\/ae01.alicdn.com\/kf\/Sb438ffa774e34bfd97933dd73be2b044b.jpg?w=1200&#038;ssl=1\" \/><br \/>\n <img data-recalc-dims=\"1\" decoding=\"async\" class=\"detail-desc-decorate-image\" src=\"https:\/\/i0.wp.com\/ae01.alicdn.com\/kf\/S0c56d2445fde4424bd54c78692f660f3R.jpg?w=1200&#038;ssl=1\" \/><br \/>\n <img data-recalc-dims=\"1\" decoding=\"async\" class=\"detail-desc-decorate-image\" src=\"https:\/\/i0.wp.com\/ae01.alicdn.com\/kf\/S06f9bfa8de71401aa62c935a6e3c896bh.jpg?w=1200&#038;ssl=1\" \/><br \/>\n <img data-recalc-dims=\"1\" decoding=\"async\" class=\"detail-desc-decorate-image\" src=\"https:\/\/i0.wp.com\/ae01.alicdn.com\/kf\/Sde7d083bd1c6462c84610a3cf1cbcbf9X.jpg?w=1200&#038;ssl=1\" \/><br \/>\n <img data-recalc-dims=\"1\" decoding=\"async\" class=\"detail-desc-decorate-image\" src=\"https:\/\/i0.wp.com\/ae01.alicdn.com\/kf\/Sb1dc6acf912741e0aad1de062deed63c2.jpg?w=1200&#038;ssl=1\" \/><br \/>\n <img data-recalc-dims=\"1\" decoding=\"async\" class=\"detail-desc-decorate-image\" src=\"https:\/\/i0.wp.com\/ae01.alicdn.com\/kf\/Sb72fa5c9237f4bbbba7ed26c42208d0dy.jpg?w=1200&#038;ssl=1\" \/><br \/>\n <img data-recalc-dims=\"1\" decoding=\"async\" class=\"detail-desc-decorate-image\" src=\"https:\/\/i0.wp.com\/ae01.alicdn.com\/kf\/S228eb965d27e4bb0a59ff7bdf7ead164Y.jpg?w=1200&#038;ssl=1\" \/><br \/>\n <img data-recalc-dims=\"1\" decoding=\"async\" class=\"detail-desc-decorate-image\" src=\"https:\/\/i0.wp.com\/ae01.alicdn.com\/kf\/S15e5ddcfea3345f5a15aa788bbe55b20X.jpg?w=1200&#038;ssl=1\" \/><br \/>\n <img data-recalc-dims=\"1\" decoding=\"async\" class=\"detail-desc-decorate-image\" src=\"https:\/\/i0.wp.com\/ae01.alicdn.com\/kf\/S89b64539900544b5a0275897a83db6dfn.jpg?w=1200&#038;ssl=1\" \/><br \/>\n <img data-recalc-dims=\"1\" decoding=\"async\" class=\"detail-desc-decorate-image\" src=\"https:\/\/i0.wp.com\/ae01.alicdn.com\/kf\/S901e18a609184397b2e01f73e4254adaQ.jpg?w=1200&#038;ssl=1\" \/><br \/>\n <img data-recalc-dims=\"1\" decoding=\"async\" class=\"detail-desc-decorate-image\" src=\"https:\/\/i0.wp.com\/ae01.alicdn.com\/kf\/S0cd0ff83d462453f92843844ac47fa974.jpg?w=1200&#038;ssl=1\" \/>\n<\/div>\n<div class=\"detailmodule_image\">\n <img data-recalc-dims=\"1\" decoding=\"async\" class=\"detail-desc-decorate-image\" src=\"https:\/\/i0.wp.com\/ae01.alicdn.com\/kf\/S5320ebf46d004cd1874b4377c52fab09u.jpg?w=1200&#038;ssl=1\" \/>\n<\/div>\n<p><\/div>\n<\/div>\n","protected":false},"excerpt":{"rendered":"<p>Para HUD Drive: O melhor display head-up para qualquer carro 1: Exibi&ccedil;&atilde;o head-up para o deslocamento di&aacute;rio para permanecer focado e conectado enquanto dirige 2: Instalado no painel de uma s&oacute; vez, os cabos s&atilde;o ocultos e a apar&ecirc;ncia &eacute; a mesma do carro original. A m&aacute;quina n&atilde;o danifica o carro e &eacute; usada com&hellip;&nbsp;<\/p>\n","protected":false},"featured_media":37960,"template":"","meta":{"neve_meta_sidebar":"","neve_meta_container":"","neve_meta_enable_content_width":"","neve_meta_content_width":0,"neve_meta_title_alignment":"","neve_meta_author_avatar":"","neve_post_elements_order":"","neve_meta_disable_header":"","neve_meta_disable_footer":"","neve_meta_disable_title":""},"product_brand":[],"product_cat":[20,71,17],"product_tag":[],"class_list":{"0":"post-37966","1":"product","2":"type-product","3":"status-publish","4":"has-post-thumbnail","6":"product_cat-eletronicos-automotivos","7":"product_cat-eletronicos-e-acessorios-para-carro","8":"product_cat-pecas-e-acessorios-automotivos","10":"first","11":"instock","12":"shipping-taxable","13":"purchasable","14":"product-type-variable"},"jetpack_sharing_enabled":true,"_links":{"self":[{"href":"https:\/\/listman.shop\/autoparts-br\/wp-json\/wp\/v2\/product\/37966","targetHints":{"allow":["GET"]}}],"collection":[{"href":"https:\/\/listman.shop\/autoparts-br\/wp-json\/wp\/v2\/product"}],"about":[{"href":"https:\/\/listman.shop\/autoparts-br\/wp-json\/wp\/v2\/types\/product"}],"wp:featuredmedia":[{"embeddable":true,"href":"https:\/\/listman.shop\/autoparts-br\/wp-json\/wp\/v2\/media\/37960"}],"wp:attachment":[{"href":"https:\/\/listman.shop\/autoparts-br\/wp-json\/wp\/v2\/media?parent=37966"}],"wp:term":[{"taxonomy":"product_brand","embeddable":true,"href":"https:\/\/listman.shop\/autoparts-br\/wp-json\/wp\/v2\/product_brand?post=37966"},{"taxonomy":"product_cat","embeddable":true,"href":"https:\/\/listman.shop\/autoparts-br\/wp-json\/wp\/v2\/product_cat?post=37966"},{"taxonomy":"product_tag","embeddable":true,"href":"https:\/\/listman.shop\/autoparts-br\/wp-json\/wp\/v2\/product_tag?post=37966"}],"curies":[{"name":"wp","href":"https:\/\/api.w.org\/{rel}","templated":true}]}}