{"id":38004,"date":"2025-03-23T01:30:28","date_gmt":"2025-03-22T16:30:28","guid":{"rendered":"https:\/\/listman.shop\/autoparts-br\/product\/1005007797938972\/"},"modified":"2026-04-14T12:01:06","modified_gmt":"2026-04-14T03:01:06","slug":"1005007797938972","status":"publish","type":"product","link":"https:\/\/listman.shop\/autoparts-br\/product\/1005007797938972\/","title":{"rendered":"Rastreador de carro port\u00e1til rastreador de ve\u00edculo com gps anti-roubo magn\u00e9tico crian\u00e7as rastreador gps em tempo real detector de rastreador de carro para monitor"},"content":{"rendered":"<div class=\"detailmodule_html\">\n<div class=\"detail-desc-decorate-richtext\">\n<div class=\"detailmodule_html\">\n<div class=\"detail-desc-decorate-richtext\">\n  <span style=\"font-size:16px\" id=\"tl_1\">Pontos de bala:<\/span><br \/>\n  <br \/>\n  <span style=\"font-size:16px\" id=\"tl_2\">1.Rastreamento Eficiente: Fa&ccedil;a a transi&ccedil;&atilde;o perfeita da cidade movimentada para trilhas tranquilas com nosso rastreador GPS para carro, apresentando posicionamento em tempo real em segundos, mesmo nos ambientes mais desafiadores, gra&ccedil;as &agrave; nossa tecnologia de posicionamento rec&eacute;m-atualizada, r&aacute;pida e precisa.<\/span><br \/>\n  <br \/>\n  <span style=\"font-size:16px\" id=\"tl_3\">2.Design port&aacute;til: Este rastreador GPS de 10g pode ser transportado perto da carroceria ou montado no ve&iacute;culo, oferecendo monitoramento sem esfor&ccedil;o sem causar qualquer inconveniente.<\/span><br \/>\n  <br \/>\n  <span style=\"font-size:16px\" id=\"tl_4\">3.Acess&oacute;rio sem esfor&ccedil;o: Nosso rastreador GPS para carro possui um &iacute;m&atilde; embutido superforte, facilitando a instala&ccedil;&atilde;o sem ferramentas.Sua fixa&ccedil;&atilde;o magn&eacute;tica garante que n&atilde;o caia de superf&iacute;cies met&aacute;licas em qualquer ambiente din&acirc;mico, mantendo seu ve&iacute;culo seguro e protegido.<\/span><br \/>\n  <br \/>\n  <span style=\"font-size:16px\" id=\"tl_5\">4.Monitoramento conveniente: acompanhe seu amante com facilidade, este rastreador GPS para carro permite que voc&ecirc; monitore convenientemente seus paradeiros em tempo real, acess&iacute;vel a qualquer hora e em qualquer lugar atrav&eacute;s de um aplicativo de telefone m&oacute;vel.Completo com furo para cord&atilde;o, garante seguran&ccedil;a para idosos e crian&ccedil;as.<\/span><br \/>\n  <br \/>\n  <span style=\"font-size:16px\" id=\"tl_6\">5. Notifica&ccedil;&atilde;o instant&acirc;nea: Equipado com uma cerca eletr&ocirc;nica inteligente, nosso rastreador GPS para carro alerta voc&ecirc; instantaneamente se o seu ve&iacute;culo entra ou sai de uma &aacute;rea segura virtual predefinida, garantindo que sua propriedade privada seja monitorada de forma eficaz.<\/span><br \/>\n  <br \/>\n  <span style=\"font-size:16px\" id=\"tl_7\">Garanta a seguran&ccedil;a dos seus ve&iacute;culos ou amante com nosso rastreador GPS.De ruas movimentadas da cidade a trilhas rurais remotas, este rastreador ajuda voc&ecirc; a controlar sua localiza&ccedil;&atilde;o a qualquer hora e em qualquer lugar.Com seu design de ajuste seguro, n&atilde;o causar&aacute; nenhum inconveniente nem cair&aacute;.Al&eacute;m disso, aproveite a conveni&ecirc;ncia da fun&ccedil;&atilde;o de ligar e desligar remotamente.Tenha tranquilidade com nosso rastreador GPS seguro.<\/span><\/p>\n<p>  <span style=\"font-size:16px\" id=\"tl_8\">Especifica&ccedil;&atilde;o:<\/span><br \/>\n  <br \/>\n  <span style=\"font-size:16px\" id=\"tl_9\">Nome: Rastreador GPS do carro<\/span><br \/>\n  <br \/>\n  <span style=\"font-size:16px\" id=\"tl_10\">Material: ABS<\/span><br \/>\n  <br \/>\n  <span style=\"font-size:16px\" id=\"tl_11\">Cor: Preto<\/span><br \/>\n  <br \/>\n  <span style=\"font-size:16px\" id=\"tl_12\">Tens&atilde;o de funcionamento: 3,3 V-4,2 V CC<\/span><br \/>\n  <br \/>\n  <span style=\"font-size:16px\" id=\"tl_13\">Tens&atilde;o de carregamento: 5V CC<\/span><br \/>\n  <br \/>\n  <span style=\"font-size:16px\" id=\"tl_14\">Tamanho do produto: veja a p&aacute;gina de detalhes<\/span><br \/>\n  <br \/>\n  <span style=\"font-size:16px\" id=\"tl_15\">Modelos aplic&aacute;veis: Todos<\/span><br \/>\n  <br \/>\n  <span style=\"font-size:16px\" id=\"tl_16\">Cen&aacute;rios de aplica&ccedil;&atilde;o: Carros privados, motocicletas, animais de estima&ccedil;&atilde;o, carteiras, etc.<\/span><br \/>\n  <br \/>\n  <span style=\"font-size:16px\" id=\"tl_17\">Caracter&iacute;sticas do produto:<\/span><br \/>\n  <br \/>\n  <span style=\"font-size:16px\" id=\"tl_18\">1.O posicionamento recentemente atualizado, melhor, mais r&aacute;pido e mais preciso, pode atingir o posicionamento em segundos para diferentes ambientes;<\/span><br \/>\n  <br \/>\n  <span style=\"font-size:16px\" id=\"tl_19\">2.A m&aacute;quina principal pesa apenas 10g e &eacute; incrivelmente pequena e leve, quase escondida entre as pontas dos dedos;<\/span><br \/>\n  <br \/>\n  <span style=\"font-size:16px\" id=\"tl_20\">3.&Iacute;m&atilde; super forte integrado para adsor&ccedil;&atilde;o e instala&ccedil;&atilde;o direta, forte adsor&ccedil;&atilde;o magn&eacute;tica e posicionamento flex&iacute;vel, adequado para v&aacute;rios cen&aacute;rios;<\/span><br \/>\n  <br \/>\n  <span style=\"font-size:16px\" id=\"tl_21\">4.O dispositivo cont&eacute;m um orif&iacute;cio para cord&atilde;o, que &eacute; conveniente para idosos e crian&ccedil;as carregarem.O aplicativo pode verificar a localiza&ccedil;&atilde;o de idosos e crian&ccedil;as a qualquer momento para confirmar a seguran&ccedil;a;<\/span><br \/>\n  <br \/>\n  <span style=\"font-size:16px\" id=\"tl_22\">5.Configure uma cerca eletr&ocirc;nica e soe imediatamente ao entrar ou sair da cerca para proteger sua propriedade privada;<\/span><br \/>\n  <br \/>\n  <span style=\"font-size:16px\" id=\"tl_23\">6.Modo inteligente de economia de energia, espera ultralonga;<\/span><br \/>\n  <br \/>\n  <span style=\"font-size:16px\" id=\"tl_24\">7.Liga e desliga a energia remota com uma tecla do APP para celular, ligue e desligue sempre que precisar.<\/span><\/p>\n<p>  <span style=\"font-size:16px\" id=\"tl_25\">Lista de embalagem:<\/span><br \/>\n  <br \/>\n  <span style=\"font-size:16px\" id=\"tl_26\">1 * rastreador gps de carro<\/span><\/p>\n<p>  <span style=\"font-size:16px\" id=\"tl_27\">Notas:<\/span><br \/>\n  <br \/>\n  <span style=\"font-size:16px\" id=\"tl_28\">1.Devido aos diferentes monitores e efeitos de luz, a cor real do item pode ser ligeiramente diferente da cor mostrada nas fotos.<\/span><br \/>\n  <br \/>\n  <span style=\"font-size:16px\" id=\"tl_29\">2. Por favor, perdoe um ligeiro desvio de medi&ccedil;&atilde;o devido &agrave; medi&ccedil;&atilde;o manual.<\/span><br \/>\n  <img data-recalc-dims=\"1\" decoding=\"async\" src=\"https:\/\/i0.wp.com\/ae01.alicdn.com\/kf\/S3ee8b11b18514927872e64b5b6bb567eQ.jpg?w=1200&#038;ssl=1\" \/><br \/>\n  <img data-recalc-dims=\"1\" decoding=\"async\" src=\"https:\/\/i0.wp.com\/ae01.alicdn.com\/kf\/Sd880b523fa1544c3b6a55756823e910f4.jpg?w=1200&#038;ssl=1\" \/><br \/>\n  <img data-recalc-dims=\"1\" decoding=\"async\" src=\"https:\/\/i0.wp.com\/ae01.alicdn.com\/kf\/S23f8ee38d05146f1a2ebe9e12f7fc898a.jpg?w=1200&#038;ssl=1\" \/><br \/>\n  <img data-recalc-dims=\"1\" decoding=\"async\" src=\"https:\/\/i0.wp.com\/ae01.alicdn.com\/kf\/Sf27f28b5931a47b388dcee75dfdddf07S.jpg?w=1200&#038;ssl=1\" \/><br \/>\n  <img data-recalc-dims=\"1\" decoding=\"async\" src=\"https:\/\/i0.wp.com\/ae01.alicdn.com\/kf\/S75833fcb1c1a4bd49d6b643f7271d7a48.jpg?w=1200&#038;ssl=1\" \/><br \/>\n  <img data-recalc-dims=\"1\" decoding=\"async\" src=\"https:\/\/i0.wp.com\/ae01.alicdn.com\/kf\/Sdb7e12be6a4e4a069abb5598a522452bR.jpg?w=1200&#038;ssl=1\" \/><br \/>\n  <img data-recalc-dims=\"1\" decoding=\"async\" src=\"https:\/\/i0.wp.com\/ae01.alicdn.com\/kf\/S3d4919a5033f43aa838fd8a4dacf6557x.jpg?w=1200&#038;ssl=1\" \/><br \/>\n  <img data-recalc-dims=\"1\" decoding=\"async\" src=\"https:\/\/i0.wp.com\/ae01.alicdn.com\/kf\/S10d794268b284917af6054c4f6243f40n.jpg?w=1200&#038;ssl=1\" \/><br \/>\n  <img data-recalc-dims=\"1\" decoding=\"async\" src=\"https:\/\/i0.wp.com\/ae01.alicdn.com\/kf\/S17f77ceae7e347a3b458fc840491d6f7C.jpg?w=1200&#038;ssl=1\" \/><br \/>\n  <img data-recalc-dims=\"1\" decoding=\"async\" src=\"https:\/\/i0.wp.com\/ae01.alicdn.com\/kf\/Sa976faadf3e84627b36e5f7f64207519O.jpg?w=1200&#038;ssl=1\" \/><br \/>\n  <img data-recalc-dims=\"1\" decoding=\"async\" src=\"https:\/\/i0.wp.com\/ae01.alicdn.com\/kf\/Sb8c2824f35b74da0a0a29fde16618dadL.jpg?w=1200&#038;ssl=1\" \/><br \/>\n  <img data-recalc-dims=\"1\" decoding=\"async\" src=\"https:\/\/i0.wp.com\/ae01.alicdn.com\/kf\/S748760cacb154aeca3c7cfc435b33dc1v.jpg?w=1200&#038;ssl=1\" \/><br \/>\n  <img data-recalc-dims=\"1\" decoding=\"async\" src=\"https:\/\/i0.wp.com\/ae01.alicdn.com\/kf\/Sdb25bd18b6ac4e468232631bb9b24ae42.jpg?w=1200&#038;ssl=1\" \/><br \/>\n  <img data-recalc-dims=\"1\" decoding=\"async\" src=\"https:\/\/i0.wp.com\/ae01.alicdn.com\/kf\/S3b66c986562843b0ad4301477c69f198L.jpg?w=1200&#038;ssl=1\" \/><br \/>\n  <img data-recalc-dims=\"1\" decoding=\"async\" src=\"https:\/\/i0.wp.com\/ae01.alicdn.com\/kf\/S1e5a3bf860a44fe1a7497ee32ce2931cE.jpg?w=1200&#038;ssl=1\" \/>\n <\/div>\n<\/div>\n<p><\/div>\n<\/div>\n","protected":false},"excerpt":{"rendered":"<p>Pontos de bala: 1.Rastreamento Eficiente: Fa&ccedil;a a transi&ccedil;&atilde;o perfeita da cidade movimentada para trilhas tranquilas com nosso rastreador GPS para carro, apresentando posicionamento em tempo real em segundos, mesmo nos ambientes mais desafiadores, gra&ccedil;as &agrave; nossa tecnologia de posicionamento rec&eacute;m-atualizada, r&aacute;pida e precisa. 2.Design port&aacute;til: Este rastreador GPS de 10g pode ser transportado perto da&hellip;&nbsp;<\/p>\n","protected":false},"featured_media":37998,"template":"","meta":{"neve_meta_sidebar":"","neve_meta_container":"","neve_meta_enable_content_width":"","neve_meta_content_width":0,"neve_meta_title_alignment":"","neve_meta_author_avatar":"","neve_post_elements_order":"","neve_meta_disable_header":"","neve_meta_disable_footer":"","neve_meta_disable_title":""},"product_brand":[],"product_cat":[20,59,17],"product_tag":[],"class_list":{"0":"post-38004","1":"product","2":"type-product","3":"status-publish","4":"has-post-thumbnail","6":"product_cat-eletronicos-automotivos","7":"product_cat-gps-e-acessorios","8":"product_cat-pecas-e-acessorios-automotivos","10":"first","11":"instock","12":"shipping-taxable","13":"purchasable","14":"product-type-variable","15":"has-default-attributes"},"jetpack_sharing_enabled":true,"_links":{"self":[{"href":"https:\/\/listman.shop\/autoparts-br\/wp-json\/wp\/v2\/product\/38004","targetHints":{"allow":["GET"]}}],"collection":[{"href":"https:\/\/listman.shop\/autoparts-br\/wp-json\/wp\/v2\/product"}],"about":[{"href":"https:\/\/listman.shop\/autoparts-br\/wp-json\/wp\/v2\/types\/product"}],"wp:featuredmedia":[{"embeddable":true,"href":"https:\/\/listman.shop\/autoparts-br\/wp-json\/wp\/v2\/media\/37998"}],"wp:attachment":[{"href":"https:\/\/listman.shop\/autoparts-br\/wp-json\/wp\/v2\/media?parent=38004"}],"wp:term":[{"taxonomy":"product_brand","embeddable":true,"href":"https:\/\/listman.shop\/autoparts-br\/wp-json\/wp\/v2\/product_brand?post=38004"},{"taxonomy":"product_cat","embeddable":true,"href":"https:\/\/listman.shop\/autoparts-br\/wp-json\/wp\/v2\/product_cat?post=38004"},{"taxonomy":"product_tag","embeddable":true,"href":"https:\/\/listman.shop\/autoparts-br\/wp-json\/wp\/v2\/product_tag?post=38004"}],"curies":[{"name":"wp","href":"https:\/\/api.w.org\/{rel}","templated":true}]}}