{"id":38013,"date":"2025-03-23T01:30:45","date_gmt":"2025-03-22T16:30:45","guid":{"rendered":"https:\/\/listman.shop\/autoparts-br\/product\/1005007799011130\/"},"modified":"2026-04-14T12:18:16","modified_gmt":"2026-04-14T03:18:16","slug":"1005007799011130","status":"publish","type":"product","link":"https:\/\/listman.shop\/autoparts-br\/product\/1005007799011130\/","title":{"rendered":"Kit de sensor de estacionamento de v\u00eddeo para carro, assist\u00eancia de radar de backup reverso, monitor autom\u00e1tico, display digital, sistema de c\u00e2mera monitor"},"content":{"rendered":"<div class=\"detailmodule_html\">\n<div class=\"detail-desc-decorate-richtext\">\n<p><span style=\"font-size:15pt\"><strong>1; Tela de exibi\u00e7\u00e3o de link &#8211; a tela conectada ao sistema Android precisa definir a imagem reversa, configurada para o modo NTSC\/PAL; outros monitores comuns s\u00e3o compat\u00edveis<\/strong><\/span><\/p>\n<p style=\", Roboto, Arial, Helvetica, sans-serif, SimSun;font-size:14px;font-weight:400;letter-spacing:normal;line-height:inherit;text-align:start;white-space:normal;margin:0px;margin-bottom:0px;margin-top:0px;margin-left:0px;margin-right:0px;padding:0px;padding-bottom:0px;padding-top:0px;padding-left:0px;padding-right:0px\" align=\"start\"><span style=\"font-size:15pt\"><strong>2; Link para c\u00e2mera; apenas a c\u00e2mera CVBS pode ser conectada.N\u00e3o \u00e9 poss\u00edvel conectar \u00e0 c\u00e2mera AHD 720P\/ADH 1080P<\/strong><\/span><\/p>\n<p style=\", Roboto, Arial, Helvetica, sans-serif, SimSun;font-size:14px;font-weight:400;letter-spacing:normal;line-height:inherit;text-align:start;white-space:normal;margin:0px;margin-bottom:0px;margin-top:0px;margin-left:0px;margin-right:0px;padding:0px;padding-bottom:0px;padding-top:0px;padding-left:0px;padding-right:0px\" align=\"start\"><strong><span style=\"background-color:white;color:black;font-size:15pt\">Caracter\u00edsticas:<\/span><\/strong><\/p>\n<p style=\", Roboto, Arial, Helvetica, sans-serif, SimSun;font-size:14px;font-weight:400;letter-spacing:normal;line-height:inherit;text-align:start;white-space:normal;margin:0px;margin-bottom:0px;margin-top:0px;margin-left:0px;margin-right:0px;padding:0px;padding-bottom:0px;padding-top:0px;padding-left:0px;padding-right:0px\" align=\"start\"><span style=\"background-color:white;font-size:18px;font-family:arial, helvetica, sans-serif\"><span style=\"color:black;font-size:18px;font-family:arial, helvetica, sans-serif\"><span style=\"font-size:18px;font-family:arial, helvetica, sans-serif\"><span style=\"background-color:white;color:black;font-size:18px;font-family:arial, helvetica, sans-serif\">1) Usando sensor de imagem de preenchimento digital de CPU dupla projetado para design de desenvolvimento de vis\u00e3o traseira automotiva, usando preenchimento digital e tecnologia de software, imagem n\u00edtida e dist\u00e2ncia no monitor.<br \/>2) Faixa de aplica\u00e7\u00e3o de temperatura de -30 a +60, a f\u00e1brica ap\u00f3s o teste de imers\u00e3o em \u00e1gua de alta press\u00e3o e 12 horas no teste de envelhecimento el\u00e9trico, design \u00e0 prova d&#8217;\u00e1gua multicamadas, lavagem e imers\u00e3o verdadeiramente em alta press\u00e3o.<br \/>3) Os sensores instalados no para-choque traseiro do carro e inclu\u00edam uma furadeira.Detecte pequenos objetos e barras.<br \/>4) Cabo de v\u00eddeo de 6m conectado a qualquer tela TFT-LCD, conex\u00e3o do cabo de alimenta\u00e7\u00e3o do carro Fonte de alimenta\u00e7\u00e3o reversa, r\u00e9, o sistema de estacionamento de monitoramento come\u00e7a a funcionar automaticamente, voc\u00ea pode ver claramente o carro recuar a dist\u00e2ncia e a imagem.<br \/>5) <\/span><\/span><\/span><\/span><span style=\"background-color:white;font-size:18px;font-family:arial, helvetica, sans-serif\"><span style=\"font-size:18px;font-family:arial, helvetica, sans-serif\">Dicas: este link n\u00e3o inclui monitor TFT e c\u00e2mera de vis\u00e3o traseira; n\u00e3o suporta c\u00e2mera AHD.<\/span><\/span><\/p>\n<p style=\", Roboto, Arial, Helvetica, sans-serif, SimSun;font-size:14px;font-weight:400;letter-spacing:normal;line-height:inherit;text-align:start;white-space:normal;margin:0px;margin-bottom:0px;margin-top:0px;margin-left:0px;margin-right:0px;padding:0px;padding-bottom:0px;padding-top:0px;padding-left:0px;padding-right:0px\" align=\"start\"><strong><span style=\"background-color:white;color:black;font-size:15pt\">Especifica\u00e7\u00f5es:<\/span><\/strong><\/p>\n<ol style=\"margin-top:0cm\">\n<li style=\"color:black\" class=\"MsoNormal\">\n<p><span style=\"background-color:white\">Tens\u00e3o nominal: CC 12V<\/span><span><br \/><\/span><span><span style=\"background-color:white\">2.Faixa de tens\u00e3o operacional: 9 ~ 16V<\/span><\/span><span><br \/><\/span><span><span style=\"background-color:white\">3.Corrente nominal: 20 ~ 200mA<\/span><\/span><span><br \/><\/span><span><span style=\"background-color:white\">4.Dist\u00e2ncia de detec\u00e7\u00e3o: 0,3 &#8211; 2m<\/span><\/span><span><br \/><\/span><span><span style=\"background-color:white\">5.Frequ\u00eancia ultrass\u00f4nica: 40KHz<\/span><\/span><span><br \/><\/span><span><span style=\"background-color:white\">6.Alarme sonoro intensificador<\/span><\/span><\/p>\n<\/li>\n<li style=\"color:black\" class=\"MsoNormal\">\n<p><span>NOTA:Este link n\u00e3o inclui monitor de carro e c\u00e2mera de vis\u00e3o traseira.<\/span><\/p>\n<\/li>\n<li style=\"color:black\" class=\"MsoNormal\">\n<p><span>Se conectar apenas o sensor de estacionamento ao DVD player ou monitor, voc\u00ea ouvir apenas o som do BIBI de aviso.Portanto, se voc\u00ea n\u00e3o tiver c\u00e2mera de vis\u00e3o traseira, sugerimos que voc\u00ea compre um sensor de estacionamento e uma c\u00e2mera de vis\u00e3o traseira conosco<\/span><\/p>\n<\/li>\n<\/ol>\n<p style=\", Roboto, Arial, Helvetica, sans-serif, SimSun;font-size:14px;font-weight:400;letter-spacing:normal;line-height:inherit;text-align:start;white-space:normal;margin:0px;margin-bottom:0px;margin-top:0px;margin-left:0px;margin-right:0px;padding:0px;padding-bottom:0px;padding-top:0px;padding-left:0px;padding-right:0px\" align=\"start\"><img data-recalc-dims=\"1\" decoding=\"async\" src=\"https:\/\/i0.wp.com\/ae01.alicdn.com\/kf\/S59f53b6b8fd74b72a9b5649c66c23e500.jpg?w=1200&#038;ssl=1\"><img data-recalc-dims=\"1\" decoding=\"async\" src=\"https:\/\/i0.wp.com\/ae01.alicdn.com\/kf\/S3269c57f75bb4aa3b943acf88b1cb1f8R.jpg?w=1200&#038;ssl=1\"><img data-recalc-dims=\"1\" decoding=\"async\" src=\"https:\/\/i0.wp.com\/ae01.alicdn.com\/kf\/Seae75f9701da4603b5d4a481f05401c2d.jpg?w=1200&#038;ssl=1\"><img data-recalc-dims=\"1\" decoding=\"async\" src=\"https:\/\/i0.wp.com\/ae01.alicdn.com\/kf\/S525025ed2c1345b58b02a03d382d17700.jpg?w=1200&#038;ssl=1\"><img data-recalc-dims=\"1\" decoding=\"async\" src=\"https:\/\/i0.wp.com\/ae01.alicdn.com\/kf\/S9b5466f3fdb842d7855b1206839edb143.jpg?w=1200&#038;ssl=1\"><img data-recalc-dims=\"1\" decoding=\"async\" src=\"https:\/\/i0.wp.com\/ae01.alicdn.com\/kf\/S79b1545861b6412cb0b2c3fbc0b57b89x.jpg?w=1200&#038;ssl=1\"><img data-recalc-dims=\"1\" decoding=\"async\" src=\"https:\/\/i0.wp.com\/ae01.alicdn.com\/kf\/S2ce50666a23e4dc29b06ce0a36edc6e7N.jpg?w=1200&#038;ssl=1\"><img data-recalc-dims=\"1\" decoding=\"async\" src=\"https:\/\/i0.wp.com\/ae01.alicdn.com\/kf\/Sb6ff4600d78d4be4b4d24ddc48ae7d1dw.jpg?w=1200&#038;ssl=1\"><img data-recalc-dims=\"1\" decoding=\"async\" src=\"https:\/\/i0.wp.com\/ae01.alicdn.com\/kf\/S9c9ab670595648f69396328aa4e7b7b7n.jpg?w=1200&#038;ssl=1\"><strong><span style=\"background-color:white;color:black;font-size:15pt\">Pacote inclu\u00eddo:<\/span><\/strong><\/p>\n<p style=\"margin-left:36pt\" class=\"MsoNormal\"><span style=\"background-color:white;color:black\">Caixa de controle x 1<\/span><span style=\"color:black\"><br \/><\/span><span style=\"color:black\"><span style=\"background-color:white\">Cabo de alimenta\u00e7\u00e3o x 1<\/span><\/span><span style=\"color:black\"><br \/><\/span><span style=\"color:black\"><span style=\"background-color:white\">Conecte o cabo x 1<\/span><\/span><span style=\"color:black\"><br \/><\/span><span style=\"color:black\"><span style=\"background-color:white\">Alto-falante x 1<\/span><\/span><span style=\"color:black\"><br \/><\/span><span style=\"color:black\"><span style=\"background-color:white\">Sensores de estacionamento x 4<\/span><\/span><span style=\"color:black\"><br \/><\/span><span style=\"color:black\"><span style=\"background-color:white\">Cola est\u00e1vel 3M x 2<\/span><\/span><span style=\"color:black\"><br \/><\/span><span style=\"color:black\"><span style=\"background-color:white\">Broca de 22 mm (para orif\u00edcio dos sensores) x 1<\/span><\/span><span style=\"color:black\"><br \/><\/span><span style=\"color:black\"><span style=\"background-color:white\">Manual e caixa x 1<\/span><\/span><img data-recalc-dims=\"1\" decoding=\"async\" src=\"https:\/\/i0.wp.com\/ae01.alicdn.com\/kf\/S892529776de04316875e59b4f178ba7dK.jpg?w=1200&#038;ssl=1\"><img data-recalc-dims=\"1\" decoding=\"async\" src=\"https:\/\/i0.wp.com\/ae01.alicdn.com\/kf\/Sfe388d3249ec4bb1a8ba4b19d7c6fab1u.jpg?w=1200&#038;ssl=1\"><img data-recalc-dims=\"1\" decoding=\"async\" src=\"https:\/\/i0.wp.com\/ae01.alicdn.com\/kf\/Sccae745053b048e9a4e0eda0e8efba9aE.jpg?w=1200&#038;ssl=1\"><\/p>\n<\/div>\n<\/div>\n","protected":false},"excerpt":{"rendered":"<p>1; Tela de exibi\u00e7\u00e3o de link &#8211; a tela conectada ao sistema Android precisa definir a imagem reversa, configurada para o modo NTSC\/PAL; outros monitores comuns s\u00e3o compat\u00edveis 2; Link para c\u00e2mera; apenas a c\u00e2mera CVBS pode ser conectada.N\u00e3o \u00e9 poss\u00edvel conectar \u00e0 c\u00e2mera AHD 720P\/ADH 1080P Caracter\u00edsticas: 1) Usando sensor de imagem de preenchimento&hellip;&nbsp;<\/p>\n","protected":false},"featured_media":38007,"template":"","meta":{"neve_meta_sidebar":"","neve_meta_container":"","neve_meta_enable_content_width":"","neve_meta_content_width":0,"neve_meta_title_alignment":"","neve_meta_author_avatar":"","neve_post_elements_order":"","neve_meta_disable_header":"","neve_meta_disable_footer":"","neve_meta_disable_title":""},"product_brand":[],"product_cat":[20,17,50],"product_tag":[],"class_list":{"0":"post-38013","1":"product","2":"type-product","3":"status-publish","4":"has-post-thumbnail","6":"product_cat-eletronicos-automotivos","7":"product_cat-pecas-e-acessorios-automotivos","8":"product_cat-sistemas-de-alarme-e-seguranca","10":"first","11":"instock","12":"shipping-taxable","13":"purchasable","14":"product-type-variable","15":"has-default-attributes"},"jetpack_sharing_enabled":true,"_links":{"self":[{"href":"https:\/\/listman.shop\/autoparts-br\/wp-json\/wp\/v2\/product\/38013","targetHints":{"allow":["GET"]}}],"collection":[{"href":"https:\/\/listman.shop\/autoparts-br\/wp-json\/wp\/v2\/product"}],"about":[{"href":"https:\/\/listman.shop\/autoparts-br\/wp-json\/wp\/v2\/types\/product"}],"wp:featuredmedia":[{"embeddable":true,"href":"https:\/\/listman.shop\/autoparts-br\/wp-json\/wp\/v2\/media\/38007"}],"wp:attachment":[{"href":"https:\/\/listman.shop\/autoparts-br\/wp-json\/wp\/v2\/media?parent=38013"}],"wp:term":[{"taxonomy":"product_brand","embeddable":true,"href":"https:\/\/listman.shop\/autoparts-br\/wp-json\/wp\/v2\/product_brand?post=38013"},{"taxonomy":"product_cat","embeddable":true,"href":"https:\/\/listman.shop\/autoparts-br\/wp-json\/wp\/v2\/product_cat?post=38013"},{"taxonomy":"product_tag","embeddable":true,"href":"https:\/\/listman.shop\/autoparts-br\/wp-json\/wp\/v2\/product_tag?post=38013"}],"curies":[{"name":"wp","href":"https:\/\/api.w.org\/{rel}","templated":true}]}}