{"id":38038,"date":"2025-03-23T01:31:22","date_gmt":"2025-03-22T16:31:22","guid":{"rendered":"https:\/\/listman.shop\/autoparts-br\/product\/1005007812648195\/"},"modified":"2026-04-14T11:14:05","modified_gmt":"2026-04-14T02:14:05","slug":"1005007812648195","status":"publish","type":"product","link":"https:\/\/listman.shop\/autoparts-br\/product\/1005007812648195\/","title":{"rendered":"Para buick 2009-2012 regal 2013-2015 encore 2011-2015 gl8 2009-2012 lacrosse carro android quadro chicote de cabos decodificador rz canbus cd"},"content":{"rendered":"<div class=\"detailmodule_html\">\n<div class=\"detail-desc-decorate-richtext\">\n<div class=\"detailmodule_html\">\n<div class=\"detail-desc-decorate-richtext\">\n<p style=\"text-align:center;color:#434649;font-size:20px;font-weight:bold\">Para BUICK 2009-2012 Regal 2013-2015 Encore 2011-2015 GL8 2009-2012 LaCrosse Car Android quadro cabo chicote decodificador RZ canbus CD<\/p>\n<p><img data-recalc-dims=\"1\" loading=\"lazy\" decoding=\"async\" height=\"1000\" src=\"https:\/\/i0.wp.com\/ae01.alicdn.com\/kf\/S05ec33491d094386a9890d3edbd5e59bN.jpg?resize=750%2C1000&#038;ssl=1\" style=\"width: 100%;height: auto;vertical-align: middle\" width=\"750\"><\/p>\n<p style=\"text-align:left;color:#434649;font-size:16px;font-weight:bold\">Sele\u00e7\u00e3o de modelo <\/p>\n<p style=\"text-align:center;color:#ff0000;font-size:20px;font-weight:bold\">Para BUICK 2009-2012 Regal 2013-2015 Encore 2011-2015 GL8 2009-2012 LaCrosse<br \/>Canbus RZ<\/p>\n<p><img data-recalc-dims=\"1\" loading=\"lazy\" decoding=\"async\" height=\"800\" src=\"https:\/\/i0.wp.com\/ae01.alicdn.com\/kf\/S450c342a87434816bf2108bb68407675W.jpg?resize=800%2C800&#038;ssl=1\" style=\"width: 100%;height: auto;vertical-align: middle\" width=\"800\"><\/p>\n<p style=\"text-align:left;color:#434649;font-size:16px;font-weight:bold\">notas:<\/p>\n<p style=\"text-align:left;color:#434649;font-size:13px\">Devido aos diferentes monitores e efeitos de luz, a cor real do produto pode ser ligeiramente diferente da cor mostrada nas fotos.Obrigado!Por favor, permita um desvio de medi\u00e7\u00e3o de 1-2 cm devido \u00e0 medi\u00e7\u00e3o manual.<\/p>\n<p style=\"text-align:left;color:#434649;font-size:13px\">A interface do cabo do carro \u00e9 diferente, escolha o material correto do cabo, voc\u00ea pode desmontar a interface original do CD do carro para confirmar<\/p>\n<p style=\"text-align:center;color:#434649;font-size:16px;font-weight:bold\">Por favor, d\u00ea-nos uma boa avalia\u00e7\u00e3o. Obrigado, meu amigo.<\/p>\n<p><img data-recalc-dims=\"1\" loading=\"lazy\" decoding=\"async\" height=\"1180\" src=\"https:\/\/i0.wp.com\/ae01.alicdn.com\/kf\/S8aaa0def7f084e1f86b421c1886c3549x.jpg?resize=900%2C1180&#038;ssl=1\" style=\"width: 100%;height: auto;vertical-align: middle\" width=\"900\"><\/div>\n<\/div>\n<\/div>\n<\/div>\n","protected":false},"excerpt":{"rendered":"<p>Para BUICK 2009-2012 Regal 2013-2015 Encore 2011-2015 GL8 2009-2012 LaCrosse Car Android quadro cabo chicote decodificador RZ canbus CD Sele\u00e7\u00e3o de modelo Para BUICK 2009-2012 Regal 2013-2015 Encore 2011-2015 GL8 2009-2012 LaCrosseCanbus RZ notas: Devido aos diferentes monitores e efeitos de luz, a cor real do produto pode ser ligeiramente diferente da cor mostrada nas&hellip;&nbsp;<\/p>\n","protected":false},"featured_media":38037,"template":"","meta":{"neve_meta_sidebar":"","neve_meta_container":"","neve_meta_enable_content_width":"","neve_meta_content_width":0,"neve_meta_title_alignment":"","neve_meta_author_avatar":"","neve_post_elements_order":"","neve_meta_disable_header":"","neve_meta_disable_footer":"","neve_meta_disable_title":""},"product_brand":[],"product_cat":[20,17,85],"product_tag":[],"class_list":{"0":"post-38038","1":"product","2":"type-product","3":"status-publish","4":"has-post-thumbnail","6":"product_cat-eletronicos-automotivos","7":"product_cat-pecas-e-acessorios-automotivos","8":"product_cat-sistema-inteligente-para-carros","10":"first","11":"instock","12":"shipping-taxable","13":"purchasable","14":"product-type-variable","15":"has-default-attributes"},"jetpack_sharing_enabled":true,"_links":{"self":[{"href":"https:\/\/listman.shop\/autoparts-br\/wp-json\/wp\/v2\/product\/38038","targetHints":{"allow":["GET"]}}],"collection":[{"href":"https:\/\/listman.shop\/autoparts-br\/wp-json\/wp\/v2\/product"}],"about":[{"href":"https:\/\/listman.shop\/autoparts-br\/wp-json\/wp\/v2\/types\/product"}],"wp:featuredmedia":[{"embeddable":true,"href":"https:\/\/listman.shop\/autoparts-br\/wp-json\/wp\/v2\/media\/38037"}],"wp:attachment":[{"href":"https:\/\/listman.shop\/autoparts-br\/wp-json\/wp\/v2\/media?parent=38038"}],"wp:term":[{"taxonomy":"product_brand","embeddable":true,"href":"https:\/\/listman.shop\/autoparts-br\/wp-json\/wp\/v2\/product_brand?post=38038"},{"taxonomy":"product_cat","embeddable":true,"href":"https:\/\/listman.shop\/autoparts-br\/wp-json\/wp\/v2\/product_cat?post=38038"},{"taxonomy":"product_tag","embeddable":true,"href":"https:\/\/listman.shop\/autoparts-br\/wp-json\/wp\/v2\/product_tag?post=38038"}],"curies":[{"name":"wp","href":"https:\/\/api.w.org\/{rel}","templated":true}]}}