{"id":38047,"date":"2025-03-23T01:31:33","date_gmt":"2025-03-22T16:31:33","guid":{"rendered":"https:\/\/listman.shop\/autoparts-br\/product\/1005007905519598\/"},"modified":"2026-04-14T11:29:05","modified_gmt":"2026-04-14T02:29:05","slug":"1005007905519598","status":"publish","type":"product","link":"https:\/\/listman.shop\/autoparts-br\/product\/1005007905519598\/","title":{"rendered":"YITRUM DB5T-19G490-AC Para Ford Explorer 2011 2012 2013 2014 2015 C\u00e2mera de r\u00e9 de estacionamento de backup traseira EB5Z19G490A DB5Z19G490A"},"content":{"rendered":"<div class=\"detailmodule_html\">\n<div class=\"detail-desc-decorate-richtext\">\n<p>Caracter\u00edsticas:<\/p>\n<p>1. Combina\u00e7\u00e3o perfeita com seu carro<\/p>\n<p>2.100% novo e de alta qualidade<\/p>\n<p>3. testes rigorosos de controle de qualidade de f\u00e1brica, garantia de alta qualidade.<\/p>\n<p>4. Excelente desempenho, \u00e0 prova d&#8217;\u00e1gua e anticorros\u00e3o.<\/p>\n<p>5. f\u00e1cil de instalar, longa vida \u00fatil, n\u00e3o \u00e9 f\u00e1cil de danificar.<\/p>\n<p><\/p>\n<p><\/p>\n<p>Item: c\u00e2meras de backup de vis\u00e3o traseira<\/p>\n<p>Condi\u00e7\u00e3o: novo<\/p>\n<p>Material: pl\u00e1stico<\/p>\n<p>OEM: DB5T-19G490-AC<\/p>\n<p>N\u00famero de troca:EB5Z-19G490-A DB5Z-19G490-A<\/p>\n<p>Aviso: verifique o n\u00famero da pe\u00e7a do seu item.<\/p>\n<p>as informa\u00e7\u00f5es correspondentes s\u00e3o apenas para refer\u00eancia.<\/p>\n<p><\/p>\n<p>Aplica\u00e7\u00e3o:<\/p>\n<p>Para Ford Explorer 2011-2015<\/p>\n<p><img data-recalc-dims=\"1\" decoding=\"async\" src=\"https:\/\/i0.wp.com\/ae01.alicdn.com\/kf\/S15206c756a2e43acb00bc4bad4357c4cC.png?w=1200&#038;ssl=1\"><img data-recalc-dims=\"1\" decoding=\"async\" src=\"https:\/\/i0.wp.com\/ae01.alicdn.com\/kf\/Se665d7bd7dd04cc38d8a9c6ec7a5a0692.png?w=1200&#038;ssl=1\"><img data-recalc-dims=\"1\" decoding=\"async\" src=\"https:\/\/i0.wp.com\/ae01.alicdn.com\/kf\/S64ceae2d96d84fbd91568c5d0512defbY.png?w=1200&#038;ssl=1\"><img data-recalc-dims=\"1\" decoding=\"async\" src=\"https:\/\/i0.wp.com\/ae01.alicdn.com\/kf\/Scc5faa6c6a0a433794826ad1fa86e1d57.png?w=1200&#038;ssl=1\"><\/p>\n<p><img data-recalc-dims=\"1\" decoding=\"async\" src=\"https:\/\/i0.wp.com\/ae01.alicdn.com\/kf\/S6b6aed15f2fb42bbb46ba696876985d4l.jpg?w=1200&#038;ssl=1\"><img data-recalc-dims=\"1\" decoding=\"async\" src=\"https:\/\/i0.wp.com\/ae01.alicdn.com\/kf\/S306b406d2aed424f8f935126b6e441d4W.jpg?w=1200&#038;ssl=1\"><img data-recalc-dims=\"1\" decoding=\"async\" src=\"https:\/\/i0.wp.com\/ae01.alicdn.com\/kf\/S16c5fbda652b47bd9e33499b5615ee22w.jpg?w=1200&#038;ssl=1\"><img data-recalc-dims=\"1\" decoding=\"async\" src=\"https:\/\/i0.wp.com\/ae01.alicdn.com\/kf\/S2dae7f106d5f4eb98cd9c6716c0a082bO.jpg?w=1200&#038;ssl=1\"><img data-recalc-dims=\"1\" decoding=\"async\" src=\"https:\/\/i0.wp.com\/ae01.alicdn.com\/kf\/Sb0cf278144d4470c90f4b07dc5c08086t.jpg?w=1200&#038;ssl=1\"><\/p>\n<\/div>\n<\/div>\n","protected":false},"excerpt":{"rendered":"<p>Caracter\u00edsticas: 1. Combina\u00e7\u00e3o perfeita com seu carro 2.100% novo e de alta qualidade 3. testes rigorosos de controle de qualidade de f\u00e1brica, garantia de alta qualidade. 4. Excelente desempenho, \u00e0 prova d&#8217;\u00e1gua e anticorros\u00e3o. 5. f\u00e1cil de instalar, longa vida \u00fatil, n\u00e3o \u00e9 f\u00e1cil de danificar. Item: c\u00e2meras de backup de vis\u00e3o traseira Condi\u00e7\u00e3o: novo&hellip;&nbsp;<\/p>\n","protected":false},"featured_media":38041,"template":"","meta":{"neve_meta_sidebar":"","neve_meta_container":"","neve_meta_enable_content_width":"","neve_meta_content_width":0,"neve_meta_title_alignment":"","neve_meta_author_avatar":"","neve_post_elements_order":"","neve_meta_disable_header":"","neve_meta_disable_footer":"","neve_meta_disable_title":""},"product_brand":[],"product_cat":[40,20,17],"product_tag":[],"class_list":{"0":"post-38047","1":"product","2":"type-product","3":"status-publish","4":"has-post-thumbnail","6":"product_cat-dvr-para-carro","7":"product_cat-eletronicos-automotivos","8":"product_cat-pecas-e-acessorios-automotivos","10":"first","11":"instock","12":"shipping-taxable","13":"purchasable","14":"product-type-variable","15":"has-default-attributes"},"jetpack_sharing_enabled":true,"_links":{"self":[{"href":"https:\/\/listman.shop\/autoparts-br\/wp-json\/wp\/v2\/product\/38047","targetHints":{"allow":["GET"]}}],"collection":[{"href":"https:\/\/listman.shop\/autoparts-br\/wp-json\/wp\/v2\/product"}],"about":[{"href":"https:\/\/listman.shop\/autoparts-br\/wp-json\/wp\/v2\/types\/product"}],"wp:featuredmedia":[{"embeddable":true,"href":"https:\/\/listman.shop\/autoparts-br\/wp-json\/wp\/v2\/media\/38041"}],"wp:attachment":[{"href":"https:\/\/listman.shop\/autoparts-br\/wp-json\/wp\/v2\/media?parent=38047"}],"wp:term":[{"taxonomy":"product_brand","embeddable":true,"href":"https:\/\/listman.shop\/autoparts-br\/wp-json\/wp\/v2\/product_brand?post=38047"},{"taxonomy":"product_cat","embeddable":true,"href":"https:\/\/listman.shop\/autoparts-br\/wp-json\/wp\/v2\/product_cat?post=38047"},{"taxonomy":"product_tag","embeddable":true,"href":"https:\/\/listman.shop\/autoparts-br\/wp-json\/wp\/v2\/product_tag?post=38047"}],"curies":[{"name":"wp","href":"https:\/\/api.w.org\/{rel}","templated":true}]}}