{"id":38110,"date":"2025-03-23T01:33:45","date_gmt":"2025-03-22T16:33:45","guid":{"rendered":"https:\/\/listman.shop\/autoparts-br\/product\/1005007997136851\/"},"modified":"2026-04-14T12:02:13","modified_gmt":"2026-04-14T03:02:13","slug":"1005007997136851","status":"publish","type":"product","link":"https:\/\/listman.shop\/autoparts-br\/product\/1005007997136851\/","title":{"rendered":"12v 24v carga r\u00e1pida tomada usb 3.0 tomada 12v automotiva carro carregador usb carga r\u00e1pida qc3.0 adaptador de tomada de carro para barco rv"},"content":{"rendered":"<div class=\"detailmodule_html\">\n<div class=\"detail-desc-decorate-richtext\"><\/p>\n<p>O design exclusivo do USB tamb\u00e9m pode atender \u00e0s necessidades de uma variedade de equipamentos eletr\u00f4nicos.<\/p>\n<p>Feito de materiais \u00e0 prova de fogo, resistente a altas temperaturas e resistente \u00e0 corros\u00e3o, dur\u00e1vel e robusto, n\u00e3o \u00e9 f\u00e1cil de distorcer<\/p>\n<p>Com indicador LED branco, torna a carga mais r\u00e1pida e segura.<\/p>\n<p>Fio de baixa resist\u00eancia, for\u00e7a de condu\u00e7\u00e3o de corrente el\u00e9trica forte, segura e est\u00e1vel e carregando suavemente.<\/p>\n<p>Especifica\u00e7\u00e3o:<\/p>\n<p>Tipo: tomada usb para carro diy<\/p>\n<p>Material: PC<\/p>\n<p>Cor do item: preto<\/p>\n<p>Cor do LED: branco<\/p>\n<p>Cor USB: Laranja\/Preto<\/p>\n<p>Tens\u00e3o operacional: 12-24V<\/p>\n<p>Sa\u00edda USBDC: 5V 3.1A\/9V 2A\/12V\/1,5AEspecifica\u00e7\u00e3o:<\/p>\n<p><\/p>\n<p>Tens\u00e3o de entrada: DC 12V-24V;<\/p>\n<p><\/p>\n<p>Pot\u00eancia total: \u226454W;<\/p>\n<p><\/p>\n<p>Sa\u00edda USB-A: 3,6-6,5 V = 3 A, 6,5-9 V = 2 A, 9-12 V = 1,5 A (18 W m\u00e1x.)<\/p>\n<p><\/p>\n<p>Sa\u00edda USB-C: 5V=3A, 9V=2A-3A, 12V=1.5-2.5A, 15V(20V)=1A-1.5A;<\/p>\n<p><\/p>\n<p>Feito de materiais \u00e0 prova de fogo, resistente a altas temperaturas e resistente \u00e0 corros\u00e3o, dur\u00e1vel e robusto, n\u00e3o \u00e9 f\u00e1cil de distorcer<\/p>\n<p>Com indicador LED branco, torna a carga mais r\u00e1pida e segura.<\/p>\n<p>Fio de baixa resist\u00eancia, for\u00e7a de condu\u00e7\u00e3o de corrente el\u00e9trica forte, segura e est\u00e1vel e carregando suavemente.<\/p>\n<p>Especifica\u00e7\u00e3o:<\/p>\n<p>Tipo: tomada usb para carro diy<\/p>\n<p>Material: PC<\/p>\n<p>Cor do item: preto<\/p>\n<p>Cor do LED: branco<\/p>\n<p>Cor USB: Laranja\/Preto<\/p>\n<p>Tens\u00e3o operacional: 12-24V<\/p>\n<p>Sa\u00edda USBDC: 5V 3.1A\/9V 2A\/12V\/1,5AEspecifica\u00e7\u00e3o:<\/p>\n<p><\/p>\n<p>Tens\u00e3o de entrada: DC 12V-24V;<\/p>\n<p><\/p>\n<p>Pot\u00eancia total: \u226454W;<\/p>\n<p><\/p>\n<p>Sa\u00edda USB-A: 3,6-6,5 V = 3 A, 6,5-9 V = 2 A, 9-12 V = 1,5 A (18 W m\u00e1x.)<\/p>\n<p><\/p>\n<p>Sa\u00edda USB-C: 5V=3A, 9V=2A-3A, 12V=1.5-2.5A, 15V(20V)=1A-1.5A;<\/p>\n<p><\/p>\n<p>Sobre a pot\u00eancia de sa\u00edda USB C:<\/p>\n<p>Para carros de 12V, a pot\u00eancia de carregamento pode chegar a 18W.Caracter\u00edstica:<\/p>\n<p><\/p>\n<p>PD Tipo C 3.0 (20W) e Carga R\u00e1pida 3.0 (18W)<\/p>\n<p>duas ou tr\u00eas portas de carregamento.<\/p>\n<p><span style=\"font-size:24px\">Adequado para a maioria dos ve\u00edculos de 12V-24V, como barcos, ATVs, RVs, caminh\u00f5es, etc.<\/span><\/p>\n<p><span style=\"font-size:24px\">Nota:Este \u00e9 um carregador USB de \u00f3tima qualidade, uma faixa muito confi\u00e1vel de tomadas\/sa\u00eddas de 12v.<\/span><\/p>\n<p><span style=\"font-size:24px\">Funciona muito bem como um carregador USB duplo DC 12V substituto ou extra em carros, autocaravanas, motos e trailers.<\/span><\/p>\n<p><\/p>\n<p><img data-recalc-dims=\"1\" decoding=\"async\" src=\"https:\/\/i0.wp.com\/ae01.alicdn.com\/kf\/Se9a0f94ab32e405e9ce3c3469f8fcd10S.jpg?w=1200&#038;ssl=1\"><img data-recalc-dims=\"1\" decoding=\"async\" src=\"https:\/\/i0.wp.com\/ae01.alicdn.com\/kf\/S268f8f81a3d54506a64e6389c4ac99529.jpg?w=1200&#038;ssl=1\"><img data-recalc-dims=\"1\" decoding=\"async\" src=\"https:\/\/i0.wp.com\/ae01.alicdn.com\/kf\/S2564d1bcd128425eb240dc3ae289adf7R.jpg?w=1200&#038;ssl=1\"><img data-recalc-dims=\"1\" decoding=\"async\" src=\"https:\/\/i0.wp.com\/ae01.alicdn.com\/kf\/S9ffe23571c474692adb1c10e8dd01e40k.jpg?w=1200&#038;ssl=1\"><img data-recalc-dims=\"1\" decoding=\"async\" src=\"https:\/\/i0.wp.com\/ae01.alicdn.com\/kf\/S489bb6e5f05a48618e2fe032f2f980565.jpg?w=1200&#038;ssl=1\"><img data-recalc-dims=\"1\" decoding=\"async\" src=\"https:\/\/i0.wp.com\/ae01.alicdn.com\/kf\/S7a04c1c62c10400b804e202759895469n.jpg?w=1200&#038;ssl=1\"><img data-recalc-dims=\"1\" decoding=\"async\" src=\"https:\/\/i0.wp.com\/ae01.alicdn.com\/kf\/S19d8ce41e8974c5dbdc94c602cde5d69j.jpg?w=1200&#038;ssl=1\"><\/p>\n<p><\/p>\n<p><img data-recalc-dims=\"1\" decoding=\"async\" src=\"https:\/\/i0.wp.com\/ae01.alicdn.com\/kf\/S282a70301db846b69ed117df6e6eb9c3a.jpg?w=1200&#038;ssl=1\"><\/p>\n<p><img data-recalc-dims=\"1\" decoding=\"async\" src=\"https:\/\/i0.wp.com\/ae01.alicdn.com\/kf\/Sdb6ada84ad5a4f7da98d53dde9078e1d9.jpg?w=1200&#038;ssl=1\"><img data-recalc-dims=\"1\" decoding=\"async\" src=\"https:\/\/i0.wp.com\/ae01.alicdn.com\/kf\/S38c343d590ca469499476c729b180d80N.jpg?w=1200&#038;ssl=1\"><img data-recalc-dims=\"1\" decoding=\"async\" src=\"https:\/\/i0.wp.com\/ae01.alicdn.com\/kf\/S08864fe336a64050b99968a482e13345Q.jpg?w=1200&#038;ssl=1\"><\/p>\n<p><img data-recalc-dims=\"1\" decoding=\"async\" src=\"https:\/\/i0.wp.com\/ae01.alicdn.com\/kf\/Sc78151b767e043ea89dec89bde70e847K.jpg?w=1200&#038;ssl=1\"><img data-recalc-dims=\"1\" decoding=\"async\" src=\"https:\/\/i0.wp.com\/ae01.alicdn.com\/kf\/Sa3d42ca8719343b5a98ced196f391290O.jpg?w=1200&#038;ssl=1\"><img data-recalc-dims=\"1\" decoding=\"async\" src=\"https:\/\/i0.wp.com\/ae01.alicdn.com\/kf\/Scba5c73a4e82474d9db63b0507c767b1c.jpg?w=1200&#038;ssl=1\"><\/p>\n<p><\/p>\n<p><img data-recalc-dims=\"1\" decoding=\"async\" src=\"https:\/\/i0.wp.com\/ae01.alicdn.com\/kf\/Sf0c1b4ab7e0741019cbfcbb046af33f1j.jpg?w=1200&#038;ssl=1\"><img data-recalc-dims=\"1\" decoding=\"async\" src=\"https:\/\/i0.wp.com\/ae01.alicdn.com\/kf\/S3c3fc35e9833482eb9495b17660d79c7v.jpg?w=1200&#038;ssl=1\"><\/p>\n<p><\/div>\n<\/div>\n","protected":false},"excerpt":{"rendered":"<p>O design exclusivo do USB tamb\u00e9m pode atender \u00e0s necessidades de uma variedade de equipamentos eletr\u00f4nicos. Feito de materiais \u00e0 prova de fogo, resistente a altas temperaturas e resistente \u00e0 corros\u00e3o, dur\u00e1vel e robusto, n\u00e3o \u00e9 f\u00e1cil de distorcer Com indicador LED branco, torna a carga mais r\u00e1pida e segura. Fio de baixa resist\u00eancia, for\u00e7a&hellip;&nbsp;<\/p>\n","protected":false},"featured_media":38104,"template":"","meta":{"neve_meta_sidebar":"","neve_meta_container":"","neve_meta_enable_content_width":"","neve_meta_content_width":0,"neve_meta_title_alignment":"","neve_meta_author_avatar":"","neve_post_elements_order":"","neve_meta_disable_header":"","neve_meta_disable_footer":"","neve_meta_disable_title":""},"product_brand":[],"product_cat":[20,71,17],"product_tag":[],"class_list":{"0":"post-38110","1":"product","2":"type-product","3":"status-publish","4":"has-post-thumbnail","6":"product_cat-eletronicos-automotivos","7":"product_cat-eletronicos-e-acessorios-para-carro","8":"product_cat-pecas-e-acessorios-automotivos","10":"first","11":"instock","12":"shipping-taxable","13":"purchasable","14":"product-type-variable","15":"has-default-attributes"},"jetpack_sharing_enabled":true,"_links":{"self":[{"href":"https:\/\/listman.shop\/autoparts-br\/wp-json\/wp\/v2\/product\/38110","targetHints":{"allow":["GET"]}}],"collection":[{"href":"https:\/\/listman.shop\/autoparts-br\/wp-json\/wp\/v2\/product"}],"about":[{"href":"https:\/\/listman.shop\/autoparts-br\/wp-json\/wp\/v2\/types\/product"}],"wp:featuredmedia":[{"embeddable":true,"href":"https:\/\/listman.shop\/autoparts-br\/wp-json\/wp\/v2\/media\/38104"}],"wp:attachment":[{"href":"https:\/\/listman.shop\/autoparts-br\/wp-json\/wp\/v2\/media?parent=38110"}],"wp:term":[{"taxonomy":"product_brand","embeddable":true,"href":"https:\/\/listman.shop\/autoparts-br\/wp-json\/wp\/v2\/product_brand?post=38110"},{"taxonomy":"product_cat","embeddable":true,"href":"https:\/\/listman.shop\/autoparts-br\/wp-json\/wp\/v2\/product_cat?post=38110"},{"taxonomy":"product_tag","embeddable":true,"href":"https:\/\/listman.shop\/autoparts-br\/wp-json\/wp\/v2\/product_tag?post=38110"}],"curies":[{"name":"wp","href":"https:\/\/api.w.org\/{rel}","templated":true}]}}