{"id":38135,"date":"2025-03-23T01:34:22","date_gmt":"2025-03-22T16:34:22","guid":{"rendered":"https:\/\/listman.shop\/autoparts-br\/product\/1005008034251836\/"},"modified":"2026-04-14T11:35:06","modified_gmt":"2026-04-14T02:35:06","slug":"1005008034251836","status":"publish","type":"product","link":"https:\/\/listman.shop\/autoparts-br\/product\/1005008034251836\/","title":{"rendered":"Grandnavi carro dab + caixa receptor de sinal digital dab + receptor antena interface usb port\u00e1til para android r\u00e1dio do carro est\u00e9reo"},"content":{"rendered":"<div class=\"detailmodule_html\">\n<div class=\"detail-desc-decorate-richtext\">\n<div class=\"detailmodule_image\">\n <a href=\"https:\/\/www.aliexpress.com\/item\/3256806602020822.html\" target=\"_self\" class=\"\"><img data-recalc-dims=\"1\" decoding=\"async\" style=\"margin-bottom:10px\" class=\"detail-desc-decorate-image\" src=\"https:\/\/i0.wp.com\/ae01.alicdn.com\/kf\/S56bbf78a05e84126af11749e30b55c7er.jpg?w=1200&#038;ssl=1\" \/><\/a>\n<\/div>\n<div class=\"detailmodule_text-image\">\n<p style=\"font-family:OpenSans;font-size:20px;font-weight:900;line-height:28px;white-space:pre-wrap;margin-bottom:12px\" class=\"detail-desc-decorate-title\">M&oacute;dulo DAB universal para r&aacute;dio de carro Android<\/p>\n<p style=\"font-size:16px;font-weight:bold\">Por favor, confirme se seu pa&iacute;s\/&aacute;rea tem um bom sinal DAB+ antes da compra para evitar devolu&ccedil;&atilde;o.<\/p>\n<\/div>\n<div class=\"detailmodule_text-image\">\n<p style=\"font-family:OpenSans;font-size:20px;font-weight:900;line-height:28px;white-space:pre-wrap;margin-bottom:12px\" class=\"detail-desc-decorate-title\">Caracter&iacute;sticas:<\/p>\n<p style=\"font-family:OpenSans;font-size:14px;font-weight:300;line-height:20px;white-space:pre-wrap;margin-bottom:12px\" class=\"detail-desc-decorate-content\">1. Caixa receptora de transmiss&atilde;o de &aacute;udio digital DAB +, se voc&ecirc; tiver Android 5.1 ou superior est&eacute;reo\/autoradio para carro, normalmente esta caixa DAB + pode funcionar com ela, ent&atilde;o voc&ecirc; pode desfrutar da qualidade de &aacute;udio superior do DAB + em seu carro!<\/p>\n<p>2.A pr&oacute;pria antena inclu&iacute;da &eacute; avan&ccedil;ada com fun&ccedil;&atilde;o amplificada, alta sensibilidade, use a porta MCX para conectar;<\/p>\n<p>3.Plug and play, alimenta&ccedil;&atilde;o de porta USB para DAB + Box e antena de conex&atilde;o;<\/p>\n<p>4.Recep&ccedil;&atilde;o est&aacute;vel e alta rela&ccedil;&atilde;o de ru&iacute;do de sinal, sa&iacute;da est&eacute;reo, qualidade de classe.<\/p>\n<div>\n  <img data-recalc-dims=\"1\" decoding=\"async\" class=\"detail-desc-decorate-image\" src=\"https:\/\/i0.wp.com\/ae01.alicdn.com\/kf\/S868dc04853344eecaa97847e659fcd4e6.jpg?w=1200&#038;ssl=1\" \/><br \/>\n  <img data-recalc-dims=\"1\" decoding=\"async\" class=\"detail-desc-decorate-image\" src=\"https:\/\/i0.wp.com\/ae01.alicdn.com\/kf\/S43bfef815d944a70ae3de0576fcc1b79U.jpg?w=1200&#038;ssl=1\" \/>\n <\/div>\n<\/div>\n<div class=\"detailmodule_text-image\">\n<p style=\"font-family:OpenSans;font-size:20px;font-weight:900;line-height:28px;white-space:pre-wrap;margin-bottom:12px\" class=\"detail-desc-decorate-title\">Instale o APK DAB+ em sua unidade principal de r&aacute;dio Android Ca<\/p>\n<p style=\"font-size:13px;font-weight:bold\">Existem dois APKS para sua escolha!<br \/>1,DAB(https:\/\/http:\/\/www.yonghx.com\/APK\uff09<br \/>2,DAB-Z(https:\/\/apkpure.com\/dab-z-player-for-dab-usb-adapters\/com.zoulou.dab\uff09<\/p>\n<div>\n  <img data-recalc-dims=\"1\" decoding=\"async\" style=\"margin-bottom:10px\" class=\"detail-desc-decorate-image\" src=\"https:\/\/i0.wp.com\/ae01.alicdn.com\/kf\/Saedb5d580b81435696bbd868c858dde4w.jpg?w=1200&#038;ssl=1\" \/>\n <\/div>\n<\/div>\n<div class=\"detailmodule_text-image\">\n<p style=\"font-family:OpenSans;font-size:20px;font-weight:900;line-height:28px;white-space:pre-wrap;margin-bottom:12px\" class=\"detail-desc-decorate-title\">Instala&ccedil;&atilde;o<\/p>\n<div>\n  <img data-recalc-dims=\"1\" decoding=\"async\" class=\"detail-desc-decorate-image\" src=\"https:\/\/i0.wp.com\/ae01.alicdn.com\/kf\/Sa6ebdeefd5f54316a7e599c7818c2ee2S.jpg?w=1200&#038;ssl=1\" \/><br \/>\n  <img data-recalc-dims=\"1\" decoding=\"async\" class=\"detail-desc-decorate-image\" src=\"https:\/\/i0.wp.com\/ae01.alicdn.com\/kf\/Saed14893f11d41b2b643394b4bcf38ce3.jpg?w=1200&#038;ssl=1\" \/><br \/>\n  <img data-recalc-dims=\"1\" decoding=\"async\" class=\"detail-desc-decorate-image\" src=\"https:\/\/i0.wp.com\/ae01.alicdn.com\/kf\/S5b2529d20ff04305b7c0959d91bb736cM.jpg?w=1200&#038;ssl=1\" \/>\n <\/div>\n<\/div>\n<div class=\"detailmodule_text-image\">\n<p style=\"font-family:OpenSans;font-size:20px;font-weight:900;line-height:28px;white-space:pre-wrap;margin-bottom:12px\" class=\"detail-desc-decorate-title\">Tamanho e lista<\/p>\n<div>\n  <img data-recalc-dims=\"1\" decoding=\"async\" style=\"margin-bottom:10px\" class=\"detail-desc-decorate-image\" src=\"https:\/\/i0.wp.com\/ae01.alicdn.com\/kf\/S3df2531cdd5b4997af4b658731fe0591L.jpg?w=1200&#038;ssl=1\" \/>\n <\/div>\n<\/div>\n<div class=\"detailmodule_image\">\n <img data-recalc-dims=\"1\" decoding=\"async\" class=\"detail-desc-decorate-image\" src=\"https:\/\/i0.wp.com\/ae01.alicdn.com\/kf\/S8afbedc99fea4447b6e0facf4863bf33v.jpg?w=1200&#038;ssl=1\" \/>\n<\/div>\n<p><\/p>\n<\/div>\n<\/div>\n","protected":false},"excerpt":{"rendered":"<p>M&oacute;dulo DAB universal para r&aacute;dio de carro Android Por favor, confirme se seu pa&iacute;s\/&aacute;rea tem um bom sinal DAB+ antes da compra para evitar devolu&ccedil;&atilde;o. Caracter&iacute;sticas: 1. Caixa receptora de transmiss&atilde;o de &aacute;udio digital DAB +, se voc&ecirc; tiver Android 5.1 ou superior est&eacute;reo\/autoradio para carro, normalmente esta caixa DAB + pode funcionar com ela,&hellip;&nbsp;<\/p>\n","protected":false},"featured_media":38129,"template":"","meta":{"neve_meta_sidebar":"","neve_meta_container":"","neve_meta_enable_content_width":"","neve_meta_content_width":0,"neve_meta_title_alignment":"","neve_meta_author_avatar":"","neve_post_elements_order":"","neve_meta_disable_header":"","neve_meta_disable_footer":"","neve_meta_disable_title":""},"product_brand":[],"product_cat":[20,59,17],"product_tag":[],"class_list":{"0":"post-38135","1":"product","2":"type-product","3":"status-publish","4":"has-post-thumbnail","6":"product_cat-eletronicos-automotivos","7":"product_cat-gps-e-acessorios","8":"product_cat-pecas-e-acessorios-automotivos","10":"first","11":"instock","12":"shipping-taxable","13":"purchasable","14":"product-type-variable","15":"has-default-attributes"},"jetpack_sharing_enabled":true,"_links":{"self":[{"href":"https:\/\/listman.shop\/autoparts-br\/wp-json\/wp\/v2\/product\/38135","targetHints":{"allow":["GET"]}}],"collection":[{"href":"https:\/\/listman.shop\/autoparts-br\/wp-json\/wp\/v2\/product"}],"about":[{"href":"https:\/\/listman.shop\/autoparts-br\/wp-json\/wp\/v2\/types\/product"}],"wp:featuredmedia":[{"embeddable":true,"href":"https:\/\/listman.shop\/autoparts-br\/wp-json\/wp\/v2\/media\/38129"}],"wp:attachment":[{"href":"https:\/\/listman.shop\/autoparts-br\/wp-json\/wp\/v2\/media?parent=38135"}],"wp:term":[{"taxonomy":"product_brand","embeddable":true,"href":"https:\/\/listman.shop\/autoparts-br\/wp-json\/wp\/v2\/product_brand?post=38135"},{"taxonomy":"product_cat","embeddable":true,"href":"https:\/\/listman.shop\/autoparts-br\/wp-json\/wp\/v2\/product_cat?post=38135"},{"taxonomy":"product_tag","embeddable":true,"href":"https:\/\/listman.shop\/autoparts-br\/wp-json\/wp\/v2\/product_tag?post=38135"}],"curies":[{"name":"wp","href":"https:\/\/api.w.org\/{rel}","templated":true}]}}