{"id":38233,"date":"2025-03-23T01:36:58","date_gmt":"2025-03-22T16:36:58","guid":{"rendered":"https:\/\/listman.shop\/autoparts-br\/product\/1005008126941139\/"},"modified":"2026-04-14T11:06:30","modified_gmt":"2026-04-14T02:06:30","slug":"1005008126941139","status":"publish","type":"product","link":"https:\/\/listman.shop\/autoparts-br\/product\/1005008126941139\/","title":{"rendered":"Android 14 player de v\u00eddeo para vw crafter man tge 2017 2018 2019 2020 r\u00e1dio do carro navega\u00e7\u00e3o multim\u00eddia sem fio carplay tela qled"},"content":{"rendered":"<div class=\"detailmodule_html\">\n<div class=\"detail-desc-decorate-richtext\">\n<div class=\"detailmodule_html\">\n<div class=\"detail-desc-decorate-richtext\">\n<div class=\"detailmodule_text\">\n<p id=\"tl_1\">Bem-vindo &agrave; loja OPUYYM<\/p>\n<\/p><\/div>\n<div class=\"detailmodule_text\">\n<p id=\"tl_2\">&gt;&gt;&gt; Todos os produtos foram aprovados em rigorosos testes de qualidade antes do envio, certifique-se de alta qualidade.<\/p>\n<\/p><\/div>\n<div class=\"detailmodule_text\">\n<p id=\"tl_3\">&gt;&gt;&gt; V&aacute;rias configura&ccedil;&otilde;es incluem presentes de c&acirc;mera, que ser&atilde;o inclu&iacute;dos na embalagem, escolha o kit que voc&ecirc; gosta<\/p>\n<\/p><\/div>\n<div class=\"detailmodule_text\">\n<p id=\"tl_4\">&gt;&gt;&gt; Se tivermos novo software, iremos atualiz&aacute;-lo a qualquer momento para lhe proporcionar uma experi&ecirc;ncia melhor.<\/p>\n<\/p><\/div>\n<div class=\"detailmodule_text\">\n<p id=\"tl_5\">Lista de pacotes de r&aacute;dio:<\/p>\n<\/p><\/div>\n<div class=\"detailmodule_text\">\n<p id=\"tl_6\">1 * anfitri&atilde;o de r&aacute;dio do carro<\/p>\n<\/p><\/div>\n<div class=\"detailmodule_text\">\n<p id=\"tl_7\">1 * quadro<\/p>\n<\/p><\/div>\n<div class=\"detailmodule_text\">\n<p id=\"tl_8\">1 * kit de cabo de alimenta&ccedil;&atilde;o (plug and play)<\/p>\n<\/p><\/div>\n<div class=\"detailmodule_text\">\n<p id=\"tl_9\">Inclui acess&oacute;rios: USB * 2, RCA, GPS, cabo de entrada da c&acirc;mera, cabo 4G (apenas modelo 4G)<\/p>\n<\/p><\/div>\n<div class=\"detailmodule_image\">\n   <a href=\"https:\/\/www.aliexpress.us\/item\/3256805966862409.html?gatewayAdapt=glo2usa4itemAdapt\" target=\"_self\" class=\"\"><img data-recalc-dims=\"1\" decoding=\"async\" class=\"detail-desc-decorate-image\" src=\"https:\/\/i0.wp.com\/ae01.alicdn.com\/kf\/S92ab6793e5854aa2859c06a69837a6a89.jpg?w=1200&#038;ssl=1\" \/><\/a><br \/>\n   <img data-recalc-dims=\"1\" decoding=\"async\" class=\"detail-desc-decorate-image\" src=\"https:\/\/i0.wp.com\/ae01.alicdn.com\/kf\/S1e2cc27d594249eab63536d4a9d4dc30c.jpg?w=1200&#038;ssl=1\" \/><br \/>\n   <img data-recalc-dims=\"1\" decoding=\"async\" class=\"detail-desc-decorate-image\" src=\"https:\/\/i0.wp.com\/ae01.alicdn.com\/kf\/S2247df788e9e4dd68578e8b7d111b86fe.jpg?w=1200&#038;ssl=1\" \/><br \/>\n   <img data-recalc-dims=\"1\" decoding=\"async\" class=\"detail-desc-decorate-image\" src=\"https:\/\/i0.wp.com\/ae01.alicdn.com\/kf\/S4f577ba31f7841b2a43a2537af127fb2u.jpg?w=1200&#038;ssl=1\" \/><br \/>\n   <img data-recalc-dims=\"1\" decoding=\"async\" class=\"detail-desc-decorate-image\" src=\"https:\/\/i0.wp.com\/ae01.alicdn.com\/kf\/Sdf8afc8862444e80bde2f9c68daad73fL.jpg?w=1200&#038;ssl=1\" \/><br \/>\n   <img data-recalc-dims=\"1\" decoding=\"async\" class=\"detail-desc-decorate-image\" src=\"https:\/\/i0.wp.com\/ae01.alicdn.com\/kf\/S72cc44529e754918b4087b3b6f6a9131u.jpg?w=1200&#038;ssl=1\" \/><br \/>\n   <img data-recalc-dims=\"1\" decoding=\"async\" class=\"detail-desc-decorate-image\" src=\"https:\/\/i0.wp.com\/ae01.alicdn.com\/kf\/S64a4f3706ddd49f0aa1d2e2677685d7cy.jpg?w=1200&#038;ssl=1\" \/><br \/>\n   <img data-recalc-dims=\"1\" decoding=\"async\" class=\"detail-desc-decorate-image\" src=\"https:\/\/i0.wp.com\/ae01.alicdn.com\/kf\/S0a95c112e4e54fc5a81c755d17c102b0H.jpg?w=1200&#038;ssl=1\" \/><br \/>\n   <img data-recalc-dims=\"1\" decoding=\"async\" class=\"detail-desc-decorate-image\" src=\"https:\/\/i0.wp.com\/ae01.alicdn.com\/kf\/S7df5cad1eafe4f7d8b0370b8fbc204c6f.jpg?w=1200&#038;ssl=1\" \/><br \/>\n   <img data-recalc-dims=\"1\" decoding=\"async\" class=\"detail-desc-decorate-image\" src=\"https:\/\/i0.wp.com\/ae01.alicdn.com\/kf\/S7444af3c56594cbcbba0879f3771c21eu.jpg?w=1200&#038;ssl=1\" \/>\n  <\/div>\n<div class=\"detailmodule_image\">\n   <img data-recalc-dims=\"1\" decoding=\"async\" class=\"detail-desc-decorate-image\" src=\"https:\/\/i0.wp.com\/ae01.alicdn.com\/kf\/S05ce73ebea9a4b20a65b7b96ea9f08712.jpg?w=1200&#038;ssl=1\" \/><br \/>\n   <img data-recalc-dims=\"1\" decoding=\"async\" class=\"detail-desc-decorate-image\" src=\"https:\/\/i0.wp.com\/ae01.alicdn.com\/kf\/S6ab11a5a9a894468a139aa354a686dcdc.jpg?w=1200&#038;ssl=1\" \/><br \/>\n   <img data-recalc-dims=\"1\" decoding=\"async\" class=\"detail-desc-decorate-image\" src=\"https:\/\/i0.wp.com\/ae01.alicdn.com\/kf\/S1b774c9e301e4fe3a9ccda33bf59e321Y.jpg?w=1200&#038;ssl=1\" \/><br \/>\n   <img data-recalc-dims=\"1\" decoding=\"async\" class=\"detail-desc-decorate-image\" src=\"https:\/\/i0.wp.com\/ae01.alicdn.com\/kf\/S5ac210ffd3934d6ca1beaa260e6fd7f2j.jpg?w=1200&#038;ssl=1\" \/><br \/>\n   <img data-recalc-dims=\"1\" decoding=\"async\" class=\"detail-desc-decorate-image\" src=\"https:\/\/i0.wp.com\/ae01.alicdn.com\/kf\/S2dcbd799722a4442a974ba5358dba725r.jpg?w=1200&#038;ssl=1\" \/><br \/>\n   <img data-recalc-dims=\"1\" decoding=\"async\" class=\"detail-desc-decorate-image\" src=\"https:\/\/i0.wp.com\/ae01.alicdn.com\/kf\/Sc955e735fa554b159bf708b3bc49b2aag.jpg?w=1200&#038;ssl=1\" \/><br \/>\n   <img data-recalc-dims=\"1\" decoding=\"async\" class=\"detail-desc-decorate-image\" src=\"https:\/\/i0.wp.com\/ae01.alicdn.com\/kf\/Sca80dd05149d4ab29f324e2f476584c7s.jpg?w=1200&#038;ssl=1\" \/><br \/>\n   <img data-recalc-dims=\"1\" decoding=\"async\" class=\"detail-desc-decorate-image\" src=\"https:\/\/i0.wp.com\/ae01.alicdn.com\/kf\/Sccbbcd49f1c94e34af9362b4ff0df0e0f.jpg?w=1200&#038;ssl=1\" \/><br \/>\n   <img data-recalc-dims=\"1\" decoding=\"async\" class=\"detail-desc-decorate-image\" src=\"https:\/\/i0.wp.com\/ae01.alicdn.com\/kf\/S61440e5314ce46628ea05aa36843937dj.jpg?w=1200&#038;ssl=1\" \/><br \/>\n   <img data-recalc-dims=\"1\" decoding=\"async\" class=\"detail-desc-decorate-image\" src=\"https:\/\/i0.wp.com\/ae01.alicdn.com\/kf\/S14e2945c31f74f9fa437651edee8c688S.jpg?w=1200&#038;ssl=1\" \/>\n  <\/div>\n<div class=\"detailmodule_image\">\n   <img data-recalc-dims=\"1\" decoding=\"async\" class=\"detail-desc-decorate-image\" src=\"https:\/\/i0.wp.com\/ae01.alicdn.com\/kf\/Sbc46a9c51ad94766a9e90e3aae3d20223.jpg?w=1200&#038;ssl=1\" \/><br \/>\n   <img data-recalc-dims=\"1\" decoding=\"async\" class=\"detail-desc-decorate-image\" src=\"https:\/\/i0.wp.com\/ae01.alicdn.com\/kf\/Sbdfee50d5ef24c52b31b9d5fbb20fa0bV.jpg?w=1200&#038;ssl=1\" \/><br \/>\n   <img data-recalc-dims=\"1\" decoding=\"async\" class=\"detail-desc-decorate-image\" src=\"https:\/\/i0.wp.com\/ae01.alicdn.com\/kf\/S7fb4d966fe5c4b9086f232062036bb362.jpg?w=1200&#038;ssl=1\" \/><br \/>\n   <img data-recalc-dims=\"1\" decoding=\"async\" class=\"detail-desc-decorate-image\" src=\"https:\/\/i0.wp.com\/ae01.alicdn.com\/kf\/S723b8e0d3b6549f2b6ba1b4c73e80477p.jpg?w=1200&#038;ssl=1\" \/><br \/>\n   <img data-recalc-dims=\"1\" decoding=\"async\" class=\"detail-desc-decorate-image\" src=\"https:\/\/i0.wp.com\/ae01.alicdn.com\/kf\/S007cedfd4c4f4f8ba5c2c6e33075dd8bu.jpg?w=1200&#038;ssl=1\" \/><br \/>\n   <img data-recalc-dims=\"1\" decoding=\"async\" class=\"detail-desc-decorate-image\" src=\"https:\/\/i0.wp.com\/ae01.alicdn.com\/kf\/S84b40d22529b4b438d4a49b02e0c5deaF.jpg?w=1200&#038;ssl=1\" \/><br \/>\n   <img data-recalc-dims=\"1\" decoding=\"async\" class=\"detail-desc-decorate-image\" src=\"https:\/\/i0.wp.com\/ae01.alicdn.com\/kf\/Sd261f7da527341f6afaf13478a466aeaD.jpg?w=1200&#038;ssl=1\" \/><br \/>\n   <img data-recalc-dims=\"1\" decoding=\"async\" class=\"detail-desc-decorate-image\" src=\"https:\/\/i0.wp.com\/ae01.alicdn.com\/kf\/S90842d184c7c4f739acc4d0c18533033S.jpg?w=1200&#038;ssl=1\" \/><br \/>\n   <img data-recalc-dims=\"1\" decoding=\"async\" class=\"detail-desc-decorate-image\" src=\"https:\/\/i0.wp.com\/ae01.alicdn.com\/kf\/S8336baf953284fef838aad0f34274847E.jpg?w=1200&#038;ssl=1\" \/><br \/>\n   <img data-recalc-dims=\"1\" decoding=\"async\" class=\"detail-desc-decorate-image\" src=\"https:\/\/i0.wp.com\/ae01.alicdn.com\/kf\/Sc3cc329520b648d0a41397df37c63d46N.jpg?w=1200&#038;ssl=1\" \/>\n  <\/div>\n<p><\/p>\n<\/p><\/div>\n<\/div>\n<p><\/div>\n<\/div>\n","protected":false},"excerpt":{"rendered":"<p>Bem-vindo &agrave; loja OPUYYM &gt;&gt;&gt; Todos os produtos foram aprovados em rigorosos testes de qualidade antes do envio, certifique-se de alta qualidade. &gt;&gt;&gt; V&aacute;rias configura&ccedil;&otilde;es incluem presentes de c&acirc;mera, que ser&atilde;o inclu&iacute;dos na embalagem, escolha o kit que voc&ecirc; gosta &gt;&gt;&gt; Se tivermos novo software, iremos atualiz&aacute;-lo a qualquer momento para lhe proporcionar uma experi&ecirc;ncia&hellip;&nbsp;<\/p>\n","protected":false},"featured_media":38227,"template":"","meta":{"neve_meta_sidebar":"","neve_meta_container":"","neve_meta_enable_content_width":"","neve_meta_content_width":0,"neve_meta_title_alignment":"","neve_meta_author_avatar":"","neve_post_elements_order":"","neve_meta_disable_header":"","neve_meta_disable_footer":"","neve_meta_disable_title":""},"product_brand":[],"product_cat":[20,17,85],"product_tag":[],"class_list":{"0":"post-38233","1":"product","2":"type-product","3":"status-publish","4":"has-post-thumbnail","6":"product_cat-eletronicos-automotivos","7":"product_cat-pecas-e-acessorios-automotivos","8":"product_cat-sistema-inteligente-para-carros","10":"first","11":"instock","12":"shipping-taxable","13":"purchasable","14":"product-type-variable","15":"has-default-attributes"},"jetpack_sharing_enabled":true,"_links":{"self":[{"href":"https:\/\/listman.shop\/autoparts-br\/wp-json\/wp\/v2\/product\/38233","targetHints":{"allow":["GET"]}}],"collection":[{"href":"https:\/\/listman.shop\/autoparts-br\/wp-json\/wp\/v2\/product"}],"about":[{"href":"https:\/\/listman.shop\/autoparts-br\/wp-json\/wp\/v2\/types\/product"}],"wp:featuredmedia":[{"embeddable":true,"href":"https:\/\/listman.shop\/autoparts-br\/wp-json\/wp\/v2\/media\/38227"}],"wp:attachment":[{"href":"https:\/\/listman.shop\/autoparts-br\/wp-json\/wp\/v2\/media?parent=38233"}],"wp:term":[{"taxonomy":"product_brand","embeddable":true,"href":"https:\/\/listman.shop\/autoparts-br\/wp-json\/wp\/v2\/product_brand?post=38233"},{"taxonomy":"product_cat","embeddable":true,"href":"https:\/\/listman.shop\/autoparts-br\/wp-json\/wp\/v2\/product_cat?post=38233"},{"taxonomy":"product_tag","embeddable":true,"href":"https:\/\/listman.shop\/autoparts-br\/wp-json\/wp\/v2\/product_tag?post=38233"}],"curies":[{"name":"wp","href":"https:\/\/api.w.org\/{rel}","templated":true}]}}