{"id":38283,"date":"2025-03-23T01:39:57","date_gmt":"2025-03-22T16:39:57","guid":{"rendered":"https:\/\/listman.shop\/autoparts-br\/product\/1005008147047042\/"},"modified":"2026-04-17T19:06:36","modified_gmt":"2026-04-17T10:06:36","slug":"1005008147047042","status":"publish","type":"product","link":"https:\/\/listman.shop\/autoparts-br\/product\/1005008147047042\/","title":{"rendered":"10,1&#8243; Universal 360 \u00b0   R\u00e1dio automotivo rotativo 1 Din Android 13 Tela autom\u00e1tica Est\u00e9reo Multim\u00eddia Player de v\u00eddeo Unidade principal de autoradio CaPlay"},"content":{"rendered":"<div class=\"detailmodule_html\">\n<div class=\"detail-desc-decorate-richtext\">\n<div class=\"detailmodule_text\">\n<p style=\"font-size:20px;font-weight:bold\" id=\"tl_1\">IMPOSTO DE IMPORTA&Ccedil;&Atilde;O:<\/p>\n<p style=\"font-size:16px;font-weight:normal\" id=\"tl_2\">N&atilde;o somos respons&aacute;veis \u200b\u200bpor QUALQUER imposto de importa&ccedil;&atilde;o e IVA, taxas ou atrasos alfandeg&aacute;rios.Se o pacote for devolvido para n&oacute;s porque o comprador se recusa a pagar as taxas acima, n&atilde;o reenviaremos o pacote at&eacute; que o comprador conclua essas taxas e pague todas as taxas de devolu&ccedil;&atilde;o e reenvio.O comprador n&atilde;o pode cancelar o pedido ou solicitar reembolso pelos motivos acima.<\/p>\n<\/div>\n<div class=\"detailmodule_text-image\">\n <img data-recalc-dims=\"1\" decoding=\"async\" class=\"detail-desc-decorate-image\" src=\"https:\/\/i0.wp.com\/ae01.alicdn.com\/kf\/S7090ec1a19bc47998124cc8af3c89d4en.jpg?w=1200&#038;ssl=1\" \/><br \/>\n <img data-recalc-dims=\"1\" decoding=\"async\" class=\"detail-desc-decorate-image\" src=\"https:\/\/i0.wp.com\/ae01.alicdn.com\/kf\/S56301de4d2d94e9d9d217834b840bc1cp.jpg?w=1200&#038;ssl=1\" \/><br \/>\n <img data-recalc-dims=\"1\" decoding=\"async\" class=\"detail-desc-decorate-image\" src=\"https:\/\/i0.wp.com\/ae01.alicdn.com\/kf\/S6389ad99d07a46008fbc97cd78a236c06.jpg?w=1200&#038;ssl=1\" \/><br \/>\n <img data-recalc-dims=\"1\" decoding=\"async\" class=\"detail-desc-decorate-image\" src=\"https:\/\/i0.wp.com\/ae01.alicdn.com\/kf\/Scdf832bb921740ea80072398d96b5b93O.jpg?w=1200&#038;ssl=1\" \/><br \/>\n <img data-recalc-dims=\"1\" decoding=\"async\" class=\"detail-desc-decorate-image\" src=\"https:\/\/i0.wp.com\/ae01.alicdn.com\/kf\/S69ebe00ced644099a63ebcb9d166e88cG.jpg?w=1200&#038;ssl=1\" \/><br \/>\n <img data-recalc-dims=\"1\" decoding=\"async\" class=\"detail-desc-decorate-image\" src=\"https:\/\/i0.wp.com\/ae01.alicdn.com\/kf\/S0ea73bffeca54a558ec713f17a62dc9aa.jpg?w=1200&#038;ssl=1\" \/>\n<\/div>\n<div class=\"detailmodule_text-image\">\n <img data-recalc-dims=\"1\" decoding=\"async\" class=\"detail-desc-decorate-image\" src=\"https:\/\/i0.wp.com\/ae01.alicdn.com\/kf\/S613ec42617754adf93f3e227c1bbdce7G.jpg?w=1200&#038;ssl=1\" \/><br \/>\n <img data-recalc-dims=\"1\" decoding=\"async\" class=\"detail-desc-decorate-image\" src=\"https:\/\/i0.wp.com\/ae01.alicdn.com\/kf\/Sf48c5ac58b6447648291e024dbe04692h.jpg?w=1200&#038;ssl=1\" \/><br \/>\n <img data-recalc-dims=\"1\" decoding=\"async\" class=\"detail-desc-decorate-image\" src=\"https:\/\/i0.wp.com\/ae01.alicdn.com\/kf\/Seeee973f28d446caac39492136058434U.jpg?w=1200&#038;ssl=1\" \/><br \/>\n <img data-recalc-dims=\"1\" decoding=\"async\" class=\"detail-desc-decorate-image\" src=\"https:\/\/i0.wp.com\/ae01.alicdn.com\/kf\/Scbb367fc5f5b4ebca78898fa84521ae30.jpg?w=1200&#038;ssl=1\" \/><br \/>\n <img data-recalc-dims=\"1\" decoding=\"async\" class=\"detail-desc-decorate-image\" src=\"https:\/\/i0.wp.com\/ae01.alicdn.com\/kf\/Sea7bd56a67cb4a7b85b818d70d0794b2i.jpg?w=1200&#038;ssl=1\" \/>\n<\/div>\n<div class=\"detailmodule_text-image\">\n <img data-recalc-dims=\"1\" decoding=\"async\" class=\"detail-desc-decorate-image\" src=\"https:\/\/i0.wp.com\/ae01.alicdn.com\/kf\/S1753bca9ea8b4d25a2440bfd767d40b1O.jpg?w=1200&#038;ssl=1\" \/><br \/>\n <img data-recalc-dims=\"1\" decoding=\"async\" class=\"detail-desc-decorate-image\" src=\"https:\/\/i0.wp.com\/ae01.alicdn.com\/kf\/S9ba1749498d54ce8931f3b55d1616dbf0.jpg?w=1200&#038;ssl=1\" \/><br \/>\n <img data-recalc-dims=\"1\" decoding=\"async\" class=\"detail-desc-decorate-image\" src=\"https:\/\/i0.wp.com\/ae01.alicdn.com\/kf\/Se4a163c3891a4b95b3d7cdfd349598b3m.jpg?w=1200&#038;ssl=1\" \/><br \/>\n <img data-recalc-dims=\"1\" decoding=\"async\" class=\"detail-desc-decorate-image\" src=\"https:\/\/i0.wp.com\/ae01.alicdn.com\/kf\/S87af4af5793f4472b870084d983b377dx.jpg?w=1200&#038;ssl=1\" \/><br \/>\n <img data-recalc-dims=\"1\" decoding=\"async\" class=\"detail-desc-decorate-image\" src=\"https:\/\/i0.wp.com\/ae01.alicdn.com\/kf\/Sf351c96639664fd99ea163f92185f931M.jpg?w=1200&#038;ssl=1\" \/><br \/>\n <img data-recalc-dims=\"1\" decoding=\"async\" class=\"detail-desc-decorate-image\" src=\"https:\/\/i0.wp.com\/ae01.alicdn.com\/kf\/Sfe5c19a17b474db89f8bfdded6cfa185A.jpg?w=1200&#038;ssl=1\" \/>\n<\/div>\n<div class=\"detailmodule_text-image\">\n <a href=\"https:\/\/www.aliexpress.com\/item\/3256806936595131.html?\" target=\"_self\" class=\"\"><img data-recalc-dims=\"1\" decoding=\"async\" class=\"detail-desc-decorate-image\" src=\"https:\/\/i0.wp.com\/ae01.alicdn.com\/kf\/Se5aaea6e93584cdd8b4a0d1c5b90ca10h.jpg?w=1200&#038;ssl=1\" \/><\/a><br \/>\n <img data-recalc-dims=\"1\" decoding=\"async\" class=\"detail-desc-decorate-image\" src=\"https:\/\/i0.wp.com\/ae01.alicdn.com\/kf\/S9528cda816cf4f88aa157aac57b91da74.jpg?w=1200&#038;ssl=1\" \/><br \/>\n <img data-recalc-dims=\"1\" decoding=\"async\" class=\"detail-desc-decorate-image\" src=\"https:\/\/i0.wp.com\/ae01.alicdn.com\/kf\/S7db6894abc364474990b5c5017bc3921G.jpg?w=1200&#038;ssl=1\" \/><br \/>\n <img data-recalc-dims=\"1\" decoding=\"async\" class=\"detail-desc-decorate-image\" src=\"https:\/\/i0.wp.com\/ae01.alicdn.com\/kf\/S00b6f5727d2b43868ca2fcc874438898l.jpg?w=1200&#038;ssl=1\" \/><br \/>\n <img data-recalc-dims=\"1\" decoding=\"async\" class=\"detail-desc-decorate-image\" src=\"https:\/\/i0.wp.com\/ae01.alicdn.com\/kf\/S21baaefe90a74ef2ba73f502e46e3e15y.jpg?w=1200&#038;ssl=1\" \/><br \/>\n <img data-recalc-dims=\"1\" decoding=\"async\" class=\"detail-desc-decorate-image\" src=\"https:\/\/i0.wp.com\/ae01.alicdn.com\/kf\/S3862707ac2da437395c7420522c95d3cj.jpg?w=1200&#038;ssl=1\" \/>\n<\/div>\n<div class=\"detailmodule_text\">\n<p style=\"font-size:20px;font-weight:bold\" id=\"tl_3\">IMPOSTO DE IMPORTA&Ccedil;&Atilde;O:<\/p>\n<p style=\"font-size:16px;font-weight:normal\" id=\"tl_4\">N&atilde;o somos respons&aacute;veis \u200b\u200bpor QUALQUER imposto de importa&ccedil;&atilde;o e IVA, taxas ou atrasos alfandeg&aacute;rios. Se o pacote for devolvido para n&oacute;s porque o comprador se recusa a pagar as taxas acima, n&atilde;o reenviaremos o pacote at&eacute; que o comprador conclua essas taxas e pague todas as taxas de devolu&ccedil;&atilde;o e reenvio. O comprador n&atilde;o pode cancelar o pedido ou solicitar reembolso pelos motivos acima.<\/p>\n<\/div>\n<p><\/p>\n<\/div>\n<\/div>\n","protected":false},"excerpt":{"rendered":"<p>IMPOSTO DE IMPORTA&Ccedil;&Atilde;O: N&atilde;o somos respons&aacute;veis \u200b\u200bpor QUALQUER imposto de importa&ccedil;&atilde;o e IVA, taxas ou atrasos alfandeg&aacute;rios.Se o pacote for devolvido para n&oacute;s porque o comprador se recusa a pagar as taxas acima, n&atilde;o reenviaremos o pacote at&eacute; que o comprador conclua essas taxas e pague todas as taxas de devolu&ccedil;&atilde;o e reenvio.O comprador n&atilde;o&hellip;&nbsp;<\/p>\n","protected":false},"featured_media":38277,"template":"","meta":{"neve_meta_sidebar":"","neve_meta_container":"","neve_meta_enable_content_width":"","neve_meta_content_width":0,"neve_meta_title_alignment":"","neve_meta_author_avatar":"","neve_post_elements_order":"","neve_meta_disable_header":"","neve_meta_disable_footer":"","neve_meta_disable_title":""},"product_brand":[],"product_cat":[20,17,85],"product_tag":[],"class_list":{"0":"post-38283","1":"product","2":"type-product","3":"status-publish","4":"has-post-thumbnail","6":"product_cat-eletronicos-automotivos","7":"product_cat-pecas-e-acessorios-automotivos","8":"product_cat-sistema-inteligente-para-carros","10":"first","11":"outofstock","12":"shipping-taxable","13":"purchasable","14":"product-type-variable","15":"has-default-attributes"},"jetpack_sharing_enabled":true,"_links":{"self":[{"href":"https:\/\/listman.shop\/autoparts-br\/wp-json\/wp\/v2\/product\/38283","targetHints":{"allow":["GET"]}}],"collection":[{"href":"https:\/\/listman.shop\/autoparts-br\/wp-json\/wp\/v2\/product"}],"about":[{"href":"https:\/\/listman.shop\/autoparts-br\/wp-json\/wp\/v2\/types\/product"}],"wp:featuredmedia":[{"embeddable":true,"href":"https:\/\/listman.shop\/autoparts-br\/wp-json\/wp\/v2\/media\/38277"}],"wp:attachment":[{"href":"https:\/\/listman.shop\/autoparts-br\/wp-json\/wp\/v2\/media?parent=38283"}],"wp:term":[{"taxonomy":"product_brand","embeddable":true,"href":"https:\/\/listman.shop\/autoparts-br\/wp-json\/wp\/v2\/product_brand?post=38283"},{"taxonomy":"product_cat","embeddable":true,"href":"https:\/\/listman.shop\/autoparts-br\/wp-json\/wp\/v2\/product_cat?post=38283"},{"taxonomy":"product_tag","embeddable":true,"href":"https:\/\/listman.shop\/autoparts-br\/wp-json\/wp\/v2\/product_tag?post=38283"}],"curies":[{"name":"wp","href":"https:\/\/api.w.org\/{rel}","templated":true}]}}