{"id":38365,"date":"2025-03-23T01:42:42","date_gmt":"2025-03-22T16:42:42","guid":{"rendered":"https:\/\/listman.shop\/autoparts-br\/product\/1005008227523775\/"},"modified":"2026-04-14T12:27:16","modified_gmt":"2026-04-14T03:27:16","slug":"1005008227523775","status":"publish","type":"product","link":"https:\/\/listman.shop\/autoparts-br\/product\/1005008227523775\/","title":{"rendered":"2025 novo com fio para sem fio carplay 2 in1 mini adaptador android auto caixa inteligente plug and play conex\u00e3o autom\u00e1tica ota atualiza\u00e7\u00e3o universal"},"content":{"rendered":"<div class=\"detailmodule_html\">\n<div class=\"detail-desc-decorate-richtext\">\n<p style=\", Roboto, Arial, Helvetica, sans-serif, SimSun;font-size:14px;font-weight:400;letter-spacing:normal;line-height:inherit;text-align:left;white-space:normal;margin:0px;margin-bottom:0px;margin-top:0px;margin-left:0px;margin-right:0px;padding:0px;padding-bottom:0px;padding-top:0px;padding-left:0px;padding-right:0px\" align=\"left\"><span style=\"font-size:22px\"><strong id=\"tl_1\">Aten&ccedil;&atilde;o antes da compra<\/strong><\/span><span style=\"font-size:18px\"><span style=\"font-size:16px\" id=\"tl_2\">:(A fun&ccedil;&atilde;o deste produto &eacute; converter CarPlay com fio em CarPlay sem fio, Android Auto com fio em Android Auto sem fio)<\/span><\/span><\/p>\n<p style=\", Roboto, Arial, Helvetica, sans-serif, SimSun;font-size:14px;font-weight:400;letter-spacing:normal;line-height:inherit;text-align:left;white-space:normal;margin:0px;margin-bottom:0px;margin-top:0px;margin-left:0px;margin-right:0px;padding:0px;padding-bottom:0px;padding-top:0px;padding-left:0px;padding-right:0px\" align=\"left\"><span style=\"font-size:18px\" id=\"tl_3\">Certifique-se de que seu carro original suporta a funcionalidade carplay com fio<\/span><\/p>\n<p style=\", Roboto, Arial, Helvetica, sans-serif, SimSun;font-size:14px;font-weight:400;letter-spacing:normal;line-height:inherit;text-align:left;white-space:normal;margin:0px;margin-bottom:0px;margin-top:0px;margin-left:0px;margin-right:0px;padding:0px;padding-bottom:0px;padding-top:0px;padding-left:0px;padding-right:0px\" align=\"left\"><span style=\"font-size:18px;, Roboto, Arial, Helvetica, sans-serif, SimSun\" id=\"tl_4\">1.Para Wireless Carplay: suporta modelos iPhone 6 e superiores, e a vers&atilde;o do software &eacute; iOS 10 ou superior<\/span><\/p>\n<p style=\", Roboto, Arial, Helvetica, sans-serif, SimSun;font-size:14px;font-weight:400;letter-spacing:normal;line-height:inherit;text-align:left;white-space:normal;margin:0px;margin-bottom:0px;margin-top:0px;margin-left:0px;margin-right:0px;padding:0px;padding-bottom:0px;padding-top:0px;padding-left:0px;padding-right:0px\" align=\"left\"><span style=\"font-size:18px;, Roboto, Arial, Helvetica, sans-serif, SimSun\" id=\"tl_5\">2.Para Android Auto sem fio: ele suporta modelos Android 11 e superiores. Observe que os telefones celulares Huawei s&atilde;o especiais.Os dispositivos Huawei possuem seu pr&oacute;prio sistema operacional m&oacute;vel &#8211; EMUl.Infelizmente, o Android Auto Wireless n&atilde;o suporta EMUl.<\/span><\/p>\n<p style=\", Roboto, Arial, Helvetica, sans-serif, SimSun;font-size:14px;font-weight:400;letter-spacing:normal;line-height:inherit;text-align:left;white-space:normal;margin:0px;margin-bottom:0px;margin-top:0px;margin-left:0px;margin-right:0px;padding:0px;padding-bottom:0px;padding-top:0px;padding-left:0px;padding-right:0px\" align=\"left\"><span style=\"font-size:18px;, Roboto, Arial, Helvetica, sans-serif, SimSun\" id=\"tl_6\">3. O ponto mais importante &eacute; que este produto n&atilde;o &eacute; adequado para todos os modelos de BMW e Tesla, n&atilde;o compat&iacute;vel com modelos Nissan X-Trail<\/span><\/p>\n<h2 style=\"text-align:center\" align=\"center\" id=\"tl_7\">2025 novo com fio para sem fio carplay 2 em 1 mini adaptador android auto caixa inteligente plug and play conex&atilde;o autom&aacute;tica ota atualiza&ccedil;&atilde;o universal<\/h2>\n<p style=\"text-align:center\" align=\"center\">\n<p style=\"text-align:left\" align=\"left\" id=\"tl_8\">Par&acirc;metro do produto<\/p>\n<p id=\"tl_9\">Nome: Dongle Inteligente<\/p>\n<p id=\"tl_10\">Auto: Android Auto sem fio<\/p>\n<p id=\"tl_11\">CarPlay: CarPlay sem fio<\/p>\n<p id=\"tl_12\">Fun&ccedil;&atilde;o: com fio para sem fio<\/p>\n<p id=\"tl_13\">Conex&atilde;o: BT5.0\/WiF de 5,8 GHz<\/p>\n<p id=\"tl_14\">Porta: USB e Tipo-c<\/p>\n<p id=\"tl_15\">Corrida:-20~70&deg;C<\/p>\n<p id=\"tl_16\">Entrada de energia: 5V+0,2V&#8211;1,0A<\/p>\n<p id=\"tl_17\">Sa&iacute;da de energia: DC 5V+0,2V=-=1,0A<\/p>\n<p id=\"tl_18\">Tamanho do produto: 42x26x11mm\/1,65&#215;1,02&#215;0,43 pol.<\/p>\n<p id=\"tl_19\">Como usar<\/p>\n<p id=\"tl_20\">1. Conecte o produto &agrave; porta USB do carro<\/p>\n<p id=\"tl_21\">2. Ligue o Wifi (n&atilde;o h&aacute; necessidade de conectar) e o Bluetooth no seu telefone primeiro e, em seguida, emparelhe-o com o Bluetooth &quot;smartbox-xxx&quot;<\/p>\n<p id=\"tl_22\">3.Conecte-se usando CarPlay sem fio ou Android Auto <br \/> <img data-recalc-dims=\"1\" loading=\"lazy\" decoding=\"async\" width=\"944\" height=\"1499\" src=\"https:\/\/i0.wp.com\/ae01.alicdn.com\/kf\/S1763e5e3d6994524a484f358eeaf3718u.jpg?resize=944%2C1499&#038;ssl=1\" \/> <img data-recalc-dims=\"1\" loading=\"lazy\" decoding=\"async\" width=\"944\" height=\"1499\" src=\"https:\/\/i0.wp.com\/ae01.alicdn.com\/kf\/S42059f0dad4746c29af57b0c962eb43ab.jpg?resize=944%2C1499&#038;ssl=1\" \/> <img data-recalc-dims=\"1\" loading=\"lazy\" decoding=\"async\" width=\"944\" height=\"1330\" src=\"https:\/\/i0.wp.com\/ae01.alicdn.com\/kf\/S7c6113139e1a4d8c855f1826ecde8f2dz.jpg?resize=944%2C1330&#038;ssl=1\" \/> <img data-recalc-dims=\"1\" loading=\"lazy\" decoding=\"async\" width=\"944\" height=\"1330\" src=\"https:\/\/i0.wp.com\/ae01.alicdn.com\/kf\/S0b09c3888ac94ae391b6009f4343e948i.jpg?resize=944%2C1330&#038;ssl=1\" \/> <img data-recalc-dims=\"1\" loading=\"lazy\" decoding=\"async\" width=\"944\" height=\"1330\" src=\"https:\/\/i0.wp.com\/ae01.alicdn.com\/kf\/Secd9273a6b80408fa82ba2e69da8b9b84.jpg?resize=944%2C1330&#038;ssl=1\" \/> <img data-recalc-dims=\"1\" loading=\"lazy\" decoding=\"async\" width=\"944\" height=\"1291\" src=\"https:\/\/i0.wp.com\/ae01.alicdn.com\/kf\/S2645d6aaff0348a39a29a9cbef5e584aT.jpg?resize=944%2C1291&#038;ssl=1\" \/> <img data-recalc-dims=\"1\" loading=\"lazy\" decoding=\"async\" width=\"944\" height=\"1291\" src=\"https:\/\/i0.wp.com\/ae01.alicdn.com\/kf\/S78cf43c049474258afa7d9333b99790a9.jpg?resize=944%2C1291&#038;ssl=1\" \/> <img data-recalc-dims=\"1\" loading=\"lazy\" decoding=\"async\" width=\"944\" height=\"1766\" src=\"https:\/\/i0.wp.com\/ae01.alicdn.com\/kf\/S3eef8c84220c455ca026341f324b5c0cJ.jpg?resize=944%2C1766&#038;ssl=1\" \/> <img data-recalc-dims=\"1\" loading=\"lazy\" decoding=\"async\" width=\"944\" height=\"1416\" src=\"https:\/\/i0.wp.com\/ae01.alicdn.com\/kf\/S76223e50079a4cb2aee33a181ee3d53dG.jpg?resize=944%2C1416&#038;ssl=1\" \/> <img data-recalc-dims=\"1\" loading=\"lazy\" decoding=\"async\" width=\"944\" height=\"1148\" src=\"https:\/\/i0.wp.com\/ae01.alicdn.com\/kf\/Sa6f77e0ed85f452389ccd4673e10b691Y.jpg?resize=944%2C1148&#038;ssl=1\" \/> <img data-recalc-dims=\"1\" loading=\"lazy\" decoding=\"async\" width=\"944\" height=\"1830\" src=\"https:\/\/i0.wp.com\/ae01.alicdn.com\/kf\/S1c1e6224ec8f4713bcc06454b0dde184e.jpg?resize=944%2C1830&#038;ssl=1\" \/><\/p>\n<\/p><\/div>\n<\/div>\n","protected":false},"excerpt":{"rendered":"<p>Aten&ccedil;&atilde;o antes da compra:(A fun&ccedil;&atilde;o deste produto &eacute; converter CarPlay com fio em CarPlay sem fio, Android Auto com fio em Android Auto sem fio) Certifique-se de que seu carro original suporta a funcionalidade carplay com fio 1.Para Wireless Carplay: suporta modelos iPhone 6 e superiores, e a vers&atilde;o do software &eacute; iOS 10 ou&hellip;&nbsp;<\/p>\n","protected":false},"featured_media":38359,"template":"","meta":{"neve_meta_sidebar":"","neve_meta_container":"","neve_meta_enable_content_width":"","neve_meta_content_width":0,"neve_meta_title_alignment":"","neve_meta_author_avatar":"","neve_post_elements_order":"","neve_meta_disable_header":"","neve_meta_disable_footer":"","neve_meta_disable_title":""},"product_brand":[],"product_cat":[126,20,17],"product_tag":[],"class_list":{"0":"post-38365","1":"product","2":"type-product","3":"status-publish","4":"has-post-thumbnail","6":"product_cat-car-ai-box","7":"product_cat-eletronicos-automotivos","8":"product_cat-pecas-e-acessorios-automotivos","10":"first","11":"instock","12":"shipping-taxable","13":"purchasable","14":"product-type-variable","15":"has-default-attributes"},"jetpack_sharing_enabled":true,"_links":{"self":[{"href":"https:\/\/listman.shop\/autoparts-br\/wp-json\/wp\/v2\/product\/38365","targetHints":{"allow":["GET"]}}],"collection":[{"href":"https:\/\/listman.shop\/autoparts-br\/wp-json\/wp\/v2\/product"}],"about":[{"href":"https:\/\/listman.shop\/autoparts-br\/wp-json\/wp\/v2\/types\/product"}],"wp:featuredmedia":[{"embeddable":true,"href":"https:\/\/listman.shop\/autoparts-br\/wp-json\/wp\/v2\/media\/38359"}],"wp:attachment":[{"href":"https:\/\/listman.shop\/autoparts-br\/wp-json\/wp\/v2\/media?parent=38365"}],"wp:term":[{"taxonomy":"product_brand","embeddable":true,"href":"https:\/\/listman.shop\/autoparts-br\/wp-json\/wp\/v2\/product_brand?post=38365"},{"taxonomy":"product_cat","embeddable":true,"href":"https:\/\/listman.shop\/autoparts-br\/wp-json\/wp\/v2\/product_cat?post=38365"},{"taxonomy":"product_tag","embeddable":true,"href":"https:\/\/listman.shop\/autoparts-br\/wp-json\/wp\/v2\/product_tag?post=38365"}],"curies":[{"name":"wp","href":"https:\/\/api.w.org\/{rel}","templated":true}]}}