{"id":38494,"date":"2025-03-23T01:46:04","date_gmt":"2025-03-22T16:46:04","guid":{"rendered":"https:\/\/listman.shop\/autoparts-br\/product\/1005008296455953\/"},"modified":"2026-04-14T11:41:15","modified_gmt":"2026-04-14T02:41:15","slug":"1005008296455953","status":"publish","type":"product","link":"https:\/\/listman.shop\/autoparts-br\/product\/1005008296455953\/","title":{"rendered":"K60 pro 11.3 &#8220;4g + 64g wifi android 14 ai tela navega\u00e7\u00e3o gps carplay android auto 1080p tra\u00e7o cam espelho retrovisor gravador de v\u00eddeo"},"content":{"rendered":"<div class=\"detailmodule_html\">\n<div class=\"detail-desc-decorate-richtext\">\n<div>\n <img data-recalc-dims=\"1\" decoding=\"async\" src=\"https:\/\/i0.wp.com\/ae01.alicdn.com\/kf\/Sbc45d98f40be4ce4a40ff42df21b200fv.jpg?w=1200&#038;ssl=1\" \/><br \/>\n <br \/> \n<\/div>\n<p><a href=\"http:\/\/www.aliexpress.com\/item\/1005006467928498.html?gatewayAdapt=4itemAdapt\" target=\"_self\" class=\"\"><img data-recalc-dims=\"1\" loading=\"lazy\" decoding=\"async\" width=\"910\" height=\"370\" src=\"https:\/\/i0.wp.com\/ae01.alicdn.com\/kf\/S4bbf60b320a84120a006d40e6708eed4e.jpg?resize=910%2C370&#038;ssl=1\" \/><\/a><a href=\"https:\/\/www.aliexpress.com\/item\/1005008805674716.html\" target=\"_self\" class=\"\"><img data-recalc-dims=\"1\" loading=\"lazy\" decoding=\"async\" width=\"910\" height=\"370\" src=\"https:\/\/i0.wp.com\/ae01.alicdn.com\/kf\/S0774f15f03a249c892736b14e0b49647q.jpg?resize=910%2C370&#038;ssl=1\" \/><\/a><\/p>\n<div>\n<p style=\"text-align:start;border:0px;margin:0px 0px 0.75em;margin-bottom:0.75em;margin-top:0px;margin-left:0px;margin-right:0px;padding:0px;padding-bottom:0px;padding-top:0px;padding-left:0px;padding-right:0px\" align=\"start\"><img data-recalc-dims=\"1\" decoding=\"async\" src=\"https:\/\/i0.wp.com\/ae01.alicdn.com\/kf\/Sc5022ff2957848e580deb41dec9f60bcJ.jpg?w=1200&#038;ssl=1\" \/><span style=\"font-size:2em\"><span><span style=\"font-family:arial, helvetica, sans-serif\"><span style=\"font-size:20px\"><span style=\", Roboto, Arial, Helvetica, sans-serif, SimSun\"><span><span><span id=\"tl_1\">Nota: Deve usar o cabo de alimenta&ccedil;&atilde;o da embalagem para conectar a fonte de alimenta&ccedil;&atilde;o e usar outros carregadores, o K60 Pro n&atilde;o funcionar&aacute;. <br \/>Android Auto est&aacute; dispon&iacute;vel apenas com Android vers&atilde;o 11 ou superior, e para telefones Huawei n&atilde;o suporta Android Auto.<\/span><\/span><\/span><\/span><\/span><\/span><\/span><\/span><span style=\"font-size:18px\"><br \/><\/span><\/p>\n<div>\n<div>\n<div>\n    <strong><span style=\"font-size:32px\" id=\"tl_2\">Uma descri&ccedil;&atilde;o de frase<\/span><\/strong>\n   <\/div>\n<div>\n    <span style=\"font-size:22px\" id=\"tl_3\">O K60 Pro levou um ano para construir com base em um chip totalmente novo, usando a vers&atilde;o WIFI 4G + 64G do sistema Android 14, compat&iacute;vel com Carplay e Android Auto, e velocidade de execu&ccedil;&atilde;o melhorada em mais de 70% em compara&ccedil;&atilde;o com o T30.A opera&ccedil;&atilde;o de gestos criativamente adicionou pela primeira vez neste tipo de produto, semelhante ao modo de opera&ccedil;&atilde;o em tela cheia dos telefones celulares, tornando a opera&ccedil;&atilde;o mais conveniente e a experi&ecirc;ncia do usu&aacute;rio melhorou significativamente.Agora, como o novo produto mais importante do OBDPEAK-2025, ele &eacute; l&aacute;, escolha-o.<\/span>\n   <\/div>\n<\/p><\/div>\n<\/p><\/div>\n<div>\n   &nbsp;\n <\/div>\n<p style=\"border:0px;margin:0px 0px 0.75em;margin-bottom:0.75em;margin-top:0px;margin-left:0px;margin-right:0px;padding:0px;padding-bottom:0px;padding-top:0px;padding-left:0px;padding-right:0px\"><img data-recalc-dims=\"1\" decoding=\"async\" src=\"https:\/\/i0.wp.com\/ae01.alicdn.com\/kf\/S51c580c331b44e2d80c60c2125e73d62t.jpg?w=1200&#038;ssl=1\" \/><span style=\"font-size:2em\"><span><span style=\"font-family:arial, helvetica, sans-serif\"><span><span><span style=\"font-size:20px\"><span><br \/><\/span><\/span><\/span><\/span><\/span><\/span><\/span><img data-recalc-dims=\"1\" decoding=\"async\" src=\"https:\/\/i0.wp.com\/ae01.alicdn.com\/kf\/Sa716665e531842fab22ca68d3fe713a9p.jpg?w=1200&#038;ssl=1\" \/><span style=\"font-size:2em\"><span><span style=\"font-family:arial, helvetica, sans-serif\"><span><span><span style=\"font-size:20px\"><span id=\"tl_4\"><br \/>Introdu&ccedil;&atilde;o &agrave; fun&ccedil;&atilde;o:<\/span><\/span><\/span><\/span><\/span><\/span><\/span><br \/><span style=\"font-size:2em\"><span style=\"font-size:18px\"><span style=\"font-size:20px\"><span><span style=\"font-family:arial, helvetica, sans-serif\"><span><span id=\"tl_5\">*Sistema Android 14.0 <br \/>* Opera&ccedil;&atilde;o de gestos em tela cheia <br \/>*Rede WIFI<\/span><\/span><\/span><\/span><\/span><\/span><\/span><span style=\"font-size:2em\"><span style=\"font-size:20px\"><span style=\"font-family:arial, helvetica, sans-serif\"><span><span><span style=\"font-size:18px\" id=\"tl_6\">(N&Atilde;O suporta cart&atilde;o SIM)<\/span><\/span><\/span><\/span><\/span><\/span><span style=\"font-size:2em\"><span><span style=\"font-family:arial, helvetica, sans-serif\"><span><span><span style=\"font-size:18px\" id=\"tl_7\"><br \/>*Suporte sem fio Carplay e Android Auto <br \/>*Link do espelho<\/span><\/span><\/span><\/span><\/span><\/span><span style=\"font-size:2em\"><span><span style=\"font-family:arial, helvetica, sans-serif\"><span><span><span style=\"font-size:18px\"><span id=\"tl_8\">(Suporte para espelho sem fio Airplay\/Android)<\/span><\/span><\/span><\/span><\/span><\/span><\/span><span style=\"font-size:2em\"><span><span style=\"font-family:arial, helvetica, sans-serif\"><span><span><span style=\"font-size:18px\" id=\"tl_9\"><br \/>*Sa&iacute;da AUX e transmiss&atilde;o FM e sa&iacute;da de &aacute;udio Bluetooth <br \/>* Navega&ccedil;&atilde;o GPS\/m&uacute;sica online e reprodu&ccedil;&atilde;o de v&iacute;deo <br \/>*RAM 4GB +ROM 64GB <br \/>* Tela sens&iacute;vel ao toque IPS de 11,3&quot; 2,5D <br \/>* Lente dupla 1080P + 1080P<\/span><\/span><\/span><\/span><\/span><\/span><span style=\"font-size:2em\"><span><span style=\"font-family:arial, helvetica, sans-serif\"><span><span><span style=\"font-size:18px\" id=\"tl_10\">(A c&acirc;mera traseira precisa ser adquirida)<\/span><\/span><\/span><\/span><\/span><\/span><span style=\"font-size:2em\"><span><span style=\"font-family:arial, helvetica, sans-serif\"><span><span><span style=\"font-size:18px\" id=\"tl_11\"><br \/>*F&aacute;cil de instalar<\/span><\/span><\/span><\/span><\/span><\/span><\/p>\n<p style=\"text-align:center;border:0px;margin:0px 0px 0.75em;margin-bottom:0.75em;margin-top:0px;margin-left:0px;margin-right:0px;padding:0px;padding-bottom:0px;padding-top:0px;padding-left:0px;padding-right:0px\" align=\"center\"><span style=\"font-size:2em\"><span><span style=\"font-family:arial, helvetica, sans-serif\"><span><span><span style=\"font-size:36px\"><span style=\"font-family:Arial, sans-serif\"><strong id=\"tl_12\">Opera&ccedil;&atilde;o de gestos em tela cheia<\/strong><\/span><\/span><\/span><\/span><\/span><\/span><\/span><span style=\"font-size:2em\"><span><span style=\"font-family:arial, helvetica, sans-serif\"><span><span><br \/><\/span><\/span><\/span><\/span><\/span><span style=\"font-size:18px\" id=\"tl_13\">Desta vez, adicionamos de forma inovadora uma opera&ccedil;&atilde;o de gesto em tela cheia semelhante &agrave; de um telefone celular.Voc&ecirc; s&oacute; precisa deslizar para a esquerda\/direita para alternar rapidamente as interfaces ou aplicativos, deslizar para baixo para abrir a barra de tarefas e deslizar para cima para retornar &agrave; interface principal.A opera&ccedil;&atilde;o &eacute; muito simples e o uso &eacute; semelhante ao de um telefone celular, melhorando muito a experi&ecirc;ncia!<\/span><\/p>\n<p style=\"text-align:center;margin:0px;margin-bottom:0px;margin-top:0px;margin-left:0px;margin-right:0px;padding:0px;padding-bottom:0px;padding-top:0px;padding-left:0px;padding-right:0px\" align=\"center\"><img data-recalc-dims=\"1\" decoding=\"async\" src=\"https:\/\/i0.wp.com\/ae01.alicdn.com\/kf\/S6e7abae70bae4649a31e69b7f23e1384f.jpg?w=1200&#038;ssl=1\" \/><span style=\"font-size:36px\"><span><span style=\", Roboto, Arial, Helvetica, sans-serif, SimSun\"><span><span><strong id=\"tl_14\"><br \/>3 sistemas + 2 c&acirc;meras<\/strong><\/span><\/span><\/span><\/span><\/span><\/p>\n<p style=\"text-align:left;margin:0px;margin-bottom:0px;margin-top:0px;margin-left:0px;margin-right:0px;padding:0px;padding-bottom:0px;padding-top:0px;padding-left:0px;padding-right:0px\" align=\"left\"><span style=\"font-size:14px\"><span><span style=\", Roboto, Arial, Helvetica, sans-serif, SimSun\"><span><span style=\"font-size:18px\"><span id=\"tl_15\">O OBDPEAK K60 Pro possui um sistema 3 maluco integrado, sistema Android 14\/sistema Carplay\/sistema Android Auto e adicionou uma lente dupla para atender a todas as suas necessidades de condu&ccedil;&atilde;o de carro!<\/span><\/span><\/span><\/span><\/span><\/span><\/p>\n<div>\n<p style=\"text-align:left;margin:0px;margin-bottom:0px;margin-top:0px;margin-left:0px;margin-right:0px\" align=\"left\"><img data-recalc-dims=\"1\" decoding=\"async\" src=\"https:\/\/i0.wp.com\/ae01.alicdn.com\/kf\/Sc48e3ce36f294973b2d2afcf4e2dc2b8N.jpg?w=1200&#038;ssl=1\" \/><\/p>\n<p style=\"text-align:center;margin:0px;margin-bottom:0px;margin-top:0px;margin-left:0px;margin-right:0px\" align=\"center\"><span style=\"font-size:14px\"><span><span style=\", Roboto, Arial, Helvetica, sans-serif, SimSun\"><span><span style=\"font-size:18px\"><span style=\"font-size:36px\"><span><strong id=\"tl_16\">Sistema Android 14.0 de 4 GB + 64 GB<\/strong><\/span><\/span><\/span><\/span><\/span><\/span><\/span><br \/><span style=\"font-size:18px\" id=\"tl_17\">OBDPEAK K60 PRO atualizou mais uma vez seu sistema, usando 4 GB + 64 GB de mem&oacute;ria, equipado com sistema Android 14 e combinado com a nova arquitetura CPU\/GPU.Seu desempenho foi melhorado em mais de 70% em compara&ccedil;&atilde;o com o T30 e tamb&eacute;m pode usar aplicativos emocionantes como Google Play, Maps e software de reprodu&ccedil;&atilde;o de v&iacute;deo\/m&uacute;sica on-line<\/span><\/p>\n<p style=\"text-align:left;margin:0px;margin-bottom:0px;margin-top:0px;margin-left:0px;margin-right:0px\" align=\"left\"><img data-recalc-dims=\"1\" decoding=\"async\" src=\"https:\/\/i0.wp.com\/ae01.alicdn.com\/kf\/Sb2bc8cfb7d4843ba954f2b8597193e83s.jpg?w=1200&#038;ssl=1\" \/><\/p>\n<p style=\"text-align:center;margin:0px;margin-bottom:0px;margin-top:0px;margin-left:0px;margin-right:0px\" align=\"center\"><span style=\"font-size:36px\"><span><span style=\", Roboto, Arial, Helvetica, sans-serif, SimSun\"><span><strong><span id=\"tl_18\">Carplay sem fio e Android Auto<\/span><\/strong><\/span><\/span><\/span><\/span><br \/><span style=\"font-size:14px\"><span><span style=\", Roboto, Arial, Helvetica, sans-serif, SimSun\"><span><span style=\"font-size:18px\"><span id=\"tl_19\">O gravador OBDPEAK K60 Pro usa a tecnologia mais recente, suporta fun&ccedil;&otilde;es sem fio Carplay e Android Auto, os usu&aacute;rios podem fazer chamadas com facilidade e seguran&ccedil;a, ouvir m&uacute;sica, enviar e receber mensagens, usar a navega&ccedil;&atilde;o, suportar Siri e muito mais.<\/span><\/span><\/span><\/span><\/span><\/span><span style=\"font-size:14px\"><span><span style=\", Roboto, Arial, Helvetica, sans-serif, SimSun\"><span><span style=\"font-size:18px\"><span><span id=\"tl_20\">(Conex&otilde;es sem fio, via BT ou WiFi)<\/span><\/span><\/span><\/span><\/span><\/span><\/span><\/p>\n<p style=\"text-align:left;margin:0px;margin-bottom:0px;margin-top:0px;margin-left:0px;margin-right:0px\" align=\"left\"><img data-recalc-dims=\"1\" decoding=\"async\" src=\"https:\/\/i0.wp.com\/ae01.alicdn.com\/kf\/Sfc1307b0bacc4c7083f4cac83c5185d4B.jpg?w=1200&#038;ssl=1\" \/><\/p>\n<\/p><\/div>\n<div style=\"text-align:center\" align=\"center\">\n  <strong><span style=\"font-size:36px\" id=\"tl_21\">Navegador GPS<\/span><\/strong>\n <\/div>\n<div>\n  <span style=\"font-size:22px\" id=\"tl_22\">O K60 PRO oferece dois modos de navega&ccedil;&atilde;o;1 Ao conectar o Carplay ou Android Auto ao programa de navega&ccedil;&atilde;o do seu telefone, voc&ecirc; pode us&aacute;-lo em tempo real no 11.Tela de 3 polegadas sem qualquer atraso Use o Google Store para baixar seu software de mapa local atrav&eacute;s do sistema Android integrado do dispositivo e, em seguida, conecte-se &agrave; Internet WIFI para uso.<\/span>\n <\/div>\n<div>\n  <img data-recalc-dims=\"1\" decoding=\"async\" src=\"https:\/\/i0.wp.com\/ae01.alicdn.com\/kf\/S128e554ae9de4ed68b8ba7478ce80462B.jpg?w=1200&#038;ssl=1\" \/>\n <\/div>\n<div style=\"text-align:center\" align=\"center\">\n  <strong><span style=\"font-size:36px\" id=\"tl_23\">C&acirc;mera dupla 1080P + 1080P<\/span><\/strong>\n <\/div>\n<div>\n  <span style=\"font-size:22px\" id=\"tl_24\">A tecnologia de imagem foi melhorada ainda mais.Mesmo para produtos com fun&ccedil;&otilde;es t&atilde;o complexas, atualizamos as lentes e os efeitos de grava&ccedil;&atilde;o.Todas as lentes frontal e traseira foram atualizadas para 1080P e gravadas no cart&atilde;o TF para proteger seus dados de seguran&ccedil;a ao dirigir.<\/span> <\/p>\n<p>  <img data-recalc-dims=\"1\" decoding=\"async\" src=\"https:\/\/i0.wp.com\/ae01.alicdn.com\/kf\/S868fbfece3c34482b09d3a6317f95693O.jpg?w=1200&#038;ssl=1\" \/>\n <\/div>\n<div style=\"text-align:center\" align=\"center\"><\/div>\n<div style=\"text-align:center\" align=\"center\">\n  <span style=\"font-size:14px;font-family:Arial, Helvetica, sans-serif\"><strong><span style=\"font-size:36px\" id=\"tl_25\">Tela sens&iacute;vel ao toque Plus de 11,3 polegadas<\/span><\/strong><\/span>\n <\/div>\n<div style=\"text-align:center;margin:0px;margin-bottom:0px;margin-top:0px;margin-left:0px;margin-right:0px;padding:0px 0px 0px 0em;padding-bottom:0px;padding-top:0px;padding-right:0px\" align=\"center\">\n<div style=\"text-align:left\" align=\"left\">\n   <span style=\"font-size:18px\" id=\"tl_26\"><br \/>Em rela&ccedil;&atilde;o &agrave; tela, tamb&eacute;m atualizamos para uma tela maior, o que &eacute; uma melhoria significativa em compara&ccedil;&atilde;o com o K5010.26 polegadas.Uma tela maior &eacute; ben&eacute;fica para visualiza&ccedil;&atilde;o da navega&ccedil;&atilde;o e &eacute; mais sofisticada, proporcionando uma divers&atilde;o sem precedentes!<\/span>\n  <\/div>\n<div>\n   <img data-recalc-dims=\"1\" decoding=\"async\" src=\"https:\/\/i0.wp.com\/ae01.alicdn.com\/kf\/S3247f4f145a94e4e97b24d48b1c95827c.jpg?w=1200&#038;ssl=1\" \/>\n  <\/div>\n<\/p><\/div>\n<div style=\"text-align:center\" align=\"center\">\n  <span><span style=\", roboto, arial, helvetica, sans-serif, simsun\"><span><span style=\"font-size:36px\"><strong id=\"tl_27\">Fun&ccedil;&atilde;o de link de espelho sem fio<\/strong><\/span><\/span><\/span><\/span>\n <\/div>\n<p style=\"text-align:center\" align=\"center\"><span><span style=\", roboto, arial, helvetica, sans-serif, simsun\"><span><span style=\"font-size:20px\"><span><span><span style=\", Roboto, Arial, Helvetica, sans-serif, SimSun\" id=\"tl_28\">Suporte para espelho sem fio Airplay\/Android; Atrav&eacute;s deste recurso, voc&ecirc; pode compartilhar a tela do seu telefone no seu dispositivo, abrir a conex&atilde;o do telefone K60 Pro enquanto descansa no carro, jogar um filme e proporcionar uma rica experi&ecirc;ncia de entretenimento!<\/span><\/span><\/span><\/span><\/span><\/span><\/span><\/p>\n<div>\n   &nbsp;\n <\/div>\n<p style=\"text-align:left;margin:0px;margin-bottom:0px;margin-top:0px;margin-left:0px;margin-right:0px\" align=\"left\"><img data-recalc-dims=\"1\" decoding=\"async\" src=\"https:\/\/i0.wp.com\/ae01.alicdn.com\/kf\/S060c80a55d5e4396adb29320da0cf9dfS.jpg?w=1200&#038;ssl=1\" \/><\/p>\n<div>\n   &nbsp;\n <\/div>\n<p style=\"text-align:center;border:0px;margin:0px 0px 0.75em;margin-bottom:0.75em;margin-top:0px;margin-left:0px;margin-right:0px;padding:0px;padding-bottom:0px;padding-top:0px;padding-left:0px;padding-right:0px\" align=\"center\"><span style=\"font-size:36px\"><span style=\"font-family:arial, helvetica, sans-serif\"><span><strong><span><span style=\", roboto, arial, helvetica, sans-serif, simsun\"><span id=\"tl_29\">Sa&iacute;da de &aacute;udio de alta fidelidade<\/span><\/span><\/span><\/strong><\/span><\/span><\/span><\/p>\n<p style=\"margin:0px;margin-bottom:0px;margin-top:0px;margin-left:0px;margin-right:0px\"><span style=\"font-size:18px\"><span><span style=\", roboto, arial, helvetica, sans-serif, simsun\" id=\"tl_30\"><br \/>Voc&ecirc; est&aacute; preocupado com a qualidade do som do produto? <br \/>Voc&ecirc; n&atilde;o precisa se preocupar em nada, porque o K60 Pro possui um modo de sa&iacute;da de &aacute;udio multichip, permitindo que o K60 Pro se conecte perfeitamente ao &aacute;udio do carro, <br \/>Sa&iacute;da Bluetooth sem fio ou FM ou sa&iacute;da de &aacute;udio AUX com fio podem ser selecionadas e sa&iacute;da de &aacute;udio de alta fidelidade pode ser mantida<\/span><\/span><\/span><span style=\"font-size:18px\"><span><span style=\", roboto, arial, helvetica, sans-serif, simsun\" id=\"tl_31\">(Inclui cabo AUX)<\/span><\/span><\/span><\/p>\n<p style=\"margin:0px;margin-bottom:0px;margin-top:0px;margin-left:0px;margin-right:0px\"><img data-recalc-dims=\"1\" decoding=\"async\" src=\"https:\/\/i0.wp.com\/ae01.alicdn.com\/kf\/S19ae33fea7d34bedb634a9e29aa24a3bI.jpg?w=1200&#038;ssl=1\" \/><\/p>\n<div>\n   &nbsp;\n <\/div>\n<div>\n   &nbsp;\n <\/div>\n<div style=\"text-align:center\" align=\"center\">\n  <strong><span style=\"font-size:36px\" id=\"tl_32\">Invers&atilde;o em tela cheia<\/span><\/strong>\n <\/div>\n<div>\n  <span style=\"font-size:18px\" id=\"tl_33\">Voc&ecirc; est&aacute; preocupado com a seguran&ccedil;a atr&aacute;s do carro ao dar r&eacute;? <br \/>Ao dar r&eacute;, o sistema ligar&aacute; automaticamente a c&acirc;mera de r&eacute; de alta defini&ccedil;&atilde;o na parte traseira do carro e exibir&aacute; claramente o estado da parte traseira do carro na tela IPS reversa, para que voc&ecirc; possa compreender com precis&atilde;o as condi&ccedil;&otilde;es da estrada na parte traseira.Tamb&eacute;m tem um bom desempenho em tempo chuvoso e empoeirado.<\/span><br \/>\n  <br \/> <br \/>\n  <span style=\"font-size:18px\"><span id=\"tl_34\">(&Eacute; necess&aacute;rio adquirir a vers&atilde;o com c&acirc;mera traseira)<\/span><\/span><br \/>\n  <br \/> <br \/>\n  <img data-recalc-dims=\"1\" decoding=\"async\" src=\"https:\/\/i0.wp.com\/ae01.alicdn.com\/kf\/S4c5e7d0b50cc447ebe212084625b4ffeT.jpg?w=1200&#038;ssl=1\" \/>\n <\/div>\n<div>\n<div>\n<div style=\"text-align:center\" align=\"center\">\n    <span style=\"font-size:36px\"><strong id=\"tl_35\">Atualiza&ccedil;&atilde;o remota OTA<\/strong><\/span>\n   <\/div>\n<div>\n<div>\n<p><span><span style=\", roboto, arial, helvetica, sans-serif, simsun\"><span><span style=\"font-size:18px\" id=\"tl_36\">Com base na tecnologia Over Air Technology, podemos atualizar os novos recursos do K60 Pro, corrigir falhas em tempo h&aacute;bil, melhorar a experi&ecirc;ncia de uso do produto e economizar custos de devolu&ccedil;&atilde;o.<\/span><\/span><\/span><\/span><\/p>\n<p><span><span style=\", roboto, arial, helvetica, sans-serif, simsun\"><span><span style=\"font-size:18px\" id=\"tl_37\">(Envie-nos o n&uacute;mero IEMI do dispositivo e o n&uacute;mero da vers&atilde;o e enviaremos remotamente o software atualizado)<\/span><\/span><\/span><\/span><\/p>\n<div>\n       &nbsp;\n     <\/div>\n<\/p><\/div>\n<\/p><\/div>\n<\/p><\/div>\n<\/p><\/div>\n<p style=\"text-align:left;margin:0px;margin-bottom:0px;margin-top:0px;margin-left:0px;margin-right:0px\" align=\"left\"><img data-recalc-dims=\"1\" decoding=\"async\" src=\"https:\/\/i0.wp.com\/ae01.alicdn.com\/kf\/S4065ce933c424d7c84adb965635e4b5fL.jpg?w=1200&#038;ssl=1\" \/><\/p>\n<p><img data-recalc-dims=\"1\" decoding=\"async\" src=\"https:\/\/i0.wp.com\/ae01.alicdn.com\/kf\/Sf2b72501a3684c8c8009906a6c50e876d.jpg?w=1200&#038;ssl=1\" \/><\/p>\n<div>\n  <br \/> \n <\/div>\n<p style=\"text-align:center\" align=\"center\"><strong><span style=\"font-size:32px\" id=\"tl_38\">Melhor compatibilidade<\/span><\/strong><\/p>\n<p style=\", Roboto, Arial, Helvetica, sans-serif, SimSun;font-size:14px;font-weight:400;letter-spacing:normal;line-height:inherit;text-align:start;white-space:normal;margin:0px;margin-bottom:0px;margin-top:0px;margin-left:0px;margin-right:0px;padding:0px;padding-bottom:0px;padding-top:0px;padding-left:0px;padding-right:0px\" align=\"start\"><span style=\"font-size:20px\" id=\"tl_39\">Para combinar com diferentes modelos de carros, oferecemos especialmente um suporte curto de 13,8 cm como presente.Se o painel do seu carro for irregular ou tiver uma &aacute;rea pequena, voc&ecirc; pode substituir o suporte longo e usar este suporte curto para instala&ccedil;&atilde;o, que &eacute; compat&iacute;vel com 99% dos modelos de carros.<\/span><br \/><img data-recalc-dims=\"1\" decoding=\"async\" src=\"https:\/\/i0.wp.com\/ae01.alicdn.com\/kf\/S45db038cfec743bf9c64b703d58c587f9.jpg?w=1200&#038;ssl=1\" \/><span style=\"font-size:26px\"><strong id=\"tl_40\"><br \/>Lista de pacotes:<\/strong><\/span><span style=\"font-size:26px\" id=\"tl_41\"><br \/>Tela K60 Pro AI * 1<\/span><\/p>\n<p style=\", Roboto, Arial, Helvetica, sans-serif, SimSun;font-size:14px;font-weight:400;letter-spacing:normal;line-height:inherit;text-align:start;white-space:normal;margin:0px;margin-bottom:0px;margin-top:0px;margin-left:0px;margin-right:0px;padding:0px;padding-bottom:0px;padding-top:0px;padding-left:0px;padding-right:0px\" align=\"start\"><span style=\"font-size:26px\" id=\"tl_42\">Suporte curto de 13,8 cm * 1 <br \/>Carregador (tipo C) * 1 <br \/>Cabo AUX * 1 <br \/>M&oacute;dulo GPS * 1 <br \/>Manual do usu&aacute;rio * 1 <br \/>C&acirc;mera traseira * 1 (opcional, cabo de cerca de 6M, precisa comprar a vers&atilde;o da c&acirc;mera traseira)<\/span><\/p>\n<div>\n  <br \/> \n <\/div>\n<p style=\"text-align:left;margin:0px;margin-bottom:0px;margin-top:0px;margin-left:0px;margin-right:0px\" align=\"left\"><img data-recalc-dims=\"1\" decoding=\"async\" src=\"https:\/\/i0.wp.com\/ae01.alicdn.com\/kf\/S57db3aaa9b104531aa7daeace7eda0a8o.jpg?w=1200&#038;ssl=1\" \/><\/p>\n<p style=\"text-align:left;margin:0px;margin-bottom:0px;margin-top:0px;margin-left:0px;margin-right:0px\" align=\"left\"><img data-recalc-dims=\"1\" decoding=\"async\" src=\"https:\/\/i0.wp.com\/ae01.alicdn.com\/kf\/Sa9ec79ffaae14c378a2f91e73172c4ccN.jpg?w=1200&#038;ssl=1\" \/><br \/><img data-recalc-dims=\"1\" decoding=\"async\" src=\"https:\/\/i0.wp.com\/ae01.alicdn.com\/kf\/S465d8237350a4da88573655044314c2bC.jpg?w=1200&#038;ssl=1\" \/><\/p>\n<div>\n   &nbsp;\n <\/div>\n<p><img data-recalc-dims=\"1\" decoding=\"async\" src=\"https:\/\/i0.wp.com\/ae01.alicdn.com\/kf\/S5479f9150d22456ea9be9bb528f6ca457.jpg?w=1200&#038;ssl=1\" \/><img data-recalc-dims=\"1\" decoding=\"async\" src=\"https:\/\/i0.wp.com\/ae01.alicdn.com\/kf\/S60cb73ffc8284a3eb936a640f2eca74b1.jpg?w=1200&#038;ssl=1\" \/><\/p>\n<div>\n  <strong><span style=\"font-size:48px\" id=\"tl_43\"><br \/>acess&oacute;rios opcionais<\/span><\/strong>\n <\/div>\n<div>\n  <a href=\"http:\/\/www.aliexpress.com\/item\/1005005984592509.html\" target=\"_self\" class=\"\"><img data-recalc-dims=\"1\" loading=\"lazy\" decoding=\"async\" width=\"910\" height=\"398\" src=\"https:\/\/i0.wp.com\/ae01.alicdn.com\/kf\/Sfa0c5ced68dc463fb11ed8acd25467aaF.jpg?resize=910%2C398&#038;ssl=1\" \/><\/a><br \/>\n  <a href=\"http:\/\/www.aliexpress.com\/item\/1005006039981347.html\" target=\"_self\" class=\"\"><img data-recalc-dims=\"1\" loading=\"lazy\" decoding=\"async\" width=\"910\" height=\"403\" src=\"https:\/\/i0.wp.com\/ae01.alicdn.com\/kf\/S78a5fe600b1f468c9c6469cbc44a0344s.jpg?resize=910%2C403&#038;ssl=1\" \/><\/a>\n <\/div>\n<\/div>\n<div>\n<\/div>\n<p><\/p>\n<\/div>\n<\/div>\n","protected":false},"excerpt":{"rendered":"<p>Nota: Deve usar o cabo de alimenta&ccedil;&atilde;o da embalagem para conectar a fonte de alimenta&ccedil;&atilde;o e usar outros carregadores, o K60 Pro n&atilde;o funcionar&aacute;. Android Auto est&aacute; dispon&iacute;vel apenas com Android vers&atilde;o 11 ou superior, e para telefones Huawei n&atilde;o suporta Android Auto. Uma descri&ccedil;&atilde;o de frase O K60 Pro levou um ano para construir&hellip;&nbsp;<\/p>\n","protected":false},"featured_media":38488,"template":"","meta":{"neve_meta_sidebar":"","neve_meta_container":"","neve_meta_enable_content_width":"","neve_meta_content_width":0,"neve_meta_title_alignment":"","neve_meta_author_avatar":"","neve_post_elements_order":"","neve_meta_disable_header":"","neve_meta_disable_footer":"","neve_meta_disable_title":""},"product_brand":[],"product_cat":[40,20,17],"product_tag":[],"class_list":{"0":"post-38494","1":"product","2":"type-product","3":"status-publish","4":"has-post-thumbnail","6":"product_cat-dvr-para-carro","7":"product_cat-eletronicos-automotivos","8":"product_cat-pecas-e-acessorios-automotivos","10":"first","11":"instock","12":"shipping-taxable","13":"purchasable","14":"product-type-variable","15":"has-default-attributes"},"jetpack_sharing_enabled":true,"_links":{"self":[{"href":"https:\/\/listman.shop\/autoparts-br\/wp-json\/wp\/v2\/product\/38494","targetHints":{"allow":["GET"]}}],"collection":[{"href":"https:\/\/listman.shop\/autoparts-br\/wp-json\/wp\/v2\/product"}],"about":[{"href":"https:\/\/listman.shop\/autoparts-br\/wp-json\/wp\/v2\/types\/product"}],"wp:featuredmedia":[{"embeddable":true,"href":"https:\/\/listman.shop\/autoparts-br\/wp-json\/wp\/v2\/media\/38488"}],"wp:attachment":[{"href":"https:\/\/listman.shop\/autoparts-br\/wp-json\/wp\/v2\/media?parent=38494"}],"wp:term":[{"taxonomy":"product_brand","embeddable":true,"href":"https:\/\/listman.shop\/autoparts-br\/wp-json\/wp\/v2\/product_brand?post=38494"},{"taxonomy":"product_cat","embeddable":true,"href":"https:\/\/listman.shop\/autoparts-br\/wp-json\/wp\/v2\/product_cat?post=38494"},{"taxonomy":"product_tag","embeddable":true,"href":"https:\/\/listman.shop\/autoparts-br\/wp-json\/wp\/v2\/product_tag?post=38494"}],"curies":[{"name":"wp","href":"https:\/\/api.w.org\/{rel}","templated":true}]}}