{"id":38753,"date":"2025-03-23T01:53:45","date_gmt":"2025-03-22T16:53:45","guid":{"rendered":"https:\/\/listman.shop\/autoparts-br\/product\/4000790527953\/"},"modified":"2026-04-14T11:27:35","modified_gmt":"2026-04-14T02:27:35","slug":"4000790527953","status":"publish","type":"product","link":"https:\/\/listman.shop\/autoparts-br\/product\/4000790527953\/","title":{"rendered":"Carro para hyundai tucson c\u00e2mera original assy vista traseira 95760-d3100 95760d3100 95760-d3000 95760d3000 pe\u00e7as de autom\u00f3vel"},"content":{"rendered":"<div class=\"detailmodule_html\">\n<div class=\"detail-desc-decorate-richtext\">\n<div class=\"detailmodule_html\">\n<div class=\"detail-desc-decorate-richtext\">\n<div class=\"detailmodule_dynamic\"><\/div>\n<div class=\"detailmodule_dynamic\"><\/div>\n<p><span style=\"font-size:32px\"><span style=\"font-size:32px\"><span style=\"font-size:32px;, times, serif\"><strong id=\"tl_1\">***Se houver algum problema com a log&iacute;stica ou produto, por favor, n&atilde;o nos d&ecirc; um feedback negativo, n&atilde;o pode resolver nada, sinta-se &agrave; vontade para entrar em contato conosco, n&oacute;s resolveremos isso para voc&ecirc;, &eacute; nossa responsabilidade, obrigado voc&ecirc;!<\/strong><\/span><\/span><\/span><\/p>\n<div>\n   &nbsp;\n  <\/div>\n<p><strong><span style=\"font-size:28px\"><span style=\", times, serif\"><span id=\"tl_2\">Produto:<\/span><\/span><\/span><\/strong><\/p>\n<div>\n   \n  <\/div>\n<p><span style=\"font-size:26px;, times, serif\"><span style=\"font-size:26px\"><strong id=\"tl_3\">Carro para Hyundai TUCSON C&acirc;mera Original Assy Vista traseira 95760-D3100 95760D3100 95760-D3000 95760D3000 Pe&ccedil;as automotivas<\/strong><\/span><\/span><\/p>\n<div>\n<p>\n  <\/div>\n<p><span style=\", times, serif\"><strong><span style=\"font-size:28px\"><span><span id=\"tl_4\">Montagem:<\/span><\/span><\/span><\/strong><\/span><\/p>\n<p><span style=\"font-size:18px;, times, serif\"><span style=\"font-size:18px\" id=\"tl_5\">Para Hyundai TUCSON<\/span><\/span><\/p>\n<div><\/div>\n<p><span style=\", times, serif\"><strong><span style=\"font-size:28px\"><span id=\"tl_6\">Exposi&ccedil;&atilde;o de produtos<\/span><\/span><\/strong><\/span><\/p>\n<div style=\"text-align:center\" align=\"center\">\n   <img data-recalc-dims=\"1\" decoding=\"async\" src=\"https:\/\/i0.wp.com\/ae01.alicdn.com\/kf\/S9268dd147e8846a3ab72e4889d76094em.jpg?w=1200&#038;ssl=1\" \/><br \/>\n   <img data-recalc-dims=\"1\" decoding=\"async\" src=\"https:\/\/i0.wp.com\/ae01.alicdn.com\/kf\/S2018e5133e8644f78fbf3a8e4634e520e.jpg?w=1200&#038;ssl=1\" \/><br \/>\n   <img data-recalc-dims=\"1\" decoding=\"async\" src=\"https:\/\/i0.wp.com\/ae01.alicdn.com\/kf\/S6c7307e26794478581dd4df263663198g.jpg?w=1200&#038;ssl=1\" \/><br \/>\n   <img data-recalc-dims=\"1\" decoding=\"async\" src=\"https:\/\/i0.wp.com\/ae01.alicdn.com\/kf\/S91330aa096674f4bbab2344f0bdaa4cax.jpg?w=1200&#038;ssl=1\" \/><br \/>\n   <img data-recalc-dims=\"1\" decoding=\"async\" src=\"https:\/\/i0.wp.com\/ae01.alicdn.com\/kf\/S4d3ed76aa9ac4802b7aa97bd3b4059dbp.jpg?w=1200&#038;ssl=1\" \/><br \/>\n   <img data-recalc-dims=\"1\" decoding=\"async\" src=\"https:\/\/i0.wp.com\/ae01.alicdn.com\/kf\/S43cc7c5891874f1e9bca10973155e682I.jpg?w=1200&#038;ssl=1\" \/><br \/>\n   \n  <\/div>\n<p style=\"text-align:center\" align=\"center\"><img data-recalc-dims=\"1\" decoding=\"async\" src=\"https:\/\/i0.wp.com\/ae01.alicdn.com\/kf\/Sb913bc5c231a47db96417b0e5800639bs.jpg?w=1200&#038;ssl=1\" \/><\/p>\n<p><\/p>\n<\/p><\/div>\n<\/div>\n<p><\/p>\n<\/div>\n<\/div>\n","protected":false},"excerpt":{"rendered":"<p>***Se houver algum problema com a log&iacute;stica ou produto, por favor, n&atilde;o nos d&ecirc; um feedback negativo, n&atilde;o pode resolver nada, sinta-se &agrave; vontade para entrar em contato conosco, n&oacute;s resolveremos isso para voc&ecirc;, &eacute; nossa responsabilidade, obrigado voc&ecirc;! &nbsp; Produto: Carro para Hyundai TUCSON C&acirc;mera Original Assy Vista traseira 95760-D3100 95760D3100 95760-D3000 95760D3000 Pe&ccedil;as&hellip;&nbsp;<\/p>\n","protected":false},"featured_media":38747,"template":"","meta":{"neve_meta_sidebar":"","neve_meta_container":"","neve_meta_enable_content_width":"","neve_meta_content_width":0,"neve_meta_title_alignment":"","neve_meta_author_avatar":"","neve_post_elements_order":"","neve_meta_disable_header":"","neve_meta_disable_footer":"","neve_meta_disable_title":""},"product_brand":[],"product_cat":[40,20,17],"product_tag":[],"class_list":{"0":"post-38753","1":"product","2":"type-product","3":"status-publish","4":"has-post-thumbnail","6":"product_cat-dvr-para-carro","7":"product_cat-eletronicos-automotivos","8":"product_cat-pecas-e-acessorios-automotivos","10":"first","11":"instock","12":"shipping-taxable","13":"purchasable","14":"product-type-variable"},"jetpack_sharing_enabled":true,"_links":{"self":[{"href":"https:\/\/listman.shop\/autoparts-br\/wp-json\/wp\/v2\/product\/38753","targetHints":{"allow":["GET"]}}],"collection":[{"href":"https:\/\/listman.shop\/autoparts-br\/wp-json\/wp\/v2\/product"}],"about":[{"href":"https:\/\/listman.shop\/autoparts-br\/wp-json\/wp\/v2\/types\/product"}],"wp:featuredmedia":[{"embeddable":true,"href":"https:\/\/listman.shop\/autoparts-br\/wp-json\/wp\/v2\/media\/38747"}],"wp:attachment":[{"href":"https:\/\/listman.shop\/autoparts-br\/wp-json\/wp\/v2\/media?parent=38753"}],"wp:term":[{"taxonomy":"product_brand","embeddable":true,"href":"https:\/\/listman.shop\/autoparts-br\/wp-json\/wp\/v2\/product_brand?post=38753"},{"taxonomy":"product_cat","embeddable":true,"href":"https:\/\/listman.shop\/autoparts-br\/wp-json\/wp\/v2\/product_cat?post=38753"},{"taxonomy":"product_tag","embeddable":true,"href":"https:\/\/listman.shop\/autoparts-br\/wp-json\/wp\/v2\/product_tag?post=38753"}],"curies":[{"name":"wp","href":"https:\/\/api.w.org\/{rel}","templated":true}]}}