{"id":38770,"date":"2025-03-23T14:48:14","date_gmt":"2025-03-23T05:48:14","guid":{"rendered":"https:\/\/listman.shop\/autoparts-br\/product\/1005002926254150\/"},"modified":"2026-04-07T20:56:27","modified_gmt":"2026-04-07T11:56:27","slug":"1005002926254150","status":"publish","type":"product","link":"https:\/\/listman.shop\/autoparts-br\/product\/1005002926254150\/","title":{"rendered":"Atualizado traseiro ar condicionado ac ventila\u00e7\u00e3o grade quadro exterior cinzeiro capa guarni\u00e7\u00e3o substitui\u00e7\u00e3o para bmw s\u00e9rie 3 e90 e91 2005-2012"},"content":{"rendered":"<div class=\"detailmodule_html\">\n<div class=\"detail-desc-decorate-richtext\">\n<div class=\"detailmodule_text\">\n<p style=\"font-family:OpenSans;font-size:20px;font-weight:900;line-height:28px;white-space:pre-wrap;margin-bottom:12px\" class=\"detail-desc-decorate-title\">Substitui&ccedil;&atilde;o do quadro externo da grade de ventila&ccedil;&atilde;o do condicionador ac traseiro atualizado para BMW S&eacute;rie 3 E90 E91 2005-2012<\/p>\n<p style=\"font-family:OpenSans;font-size:14px;font-weight:300;line-height:20px;white-space:pre-wrap;margin-bottom:12px\" class=\"detail-desc-decorate-content\">Caracter&iacute;sticas:<br \/>-Substitui&ccedil;&atilde;o direta.<br \/>-De acordo com as especifica&ccedil;&otilde;es originais de f&aacute;brica.<br \/>-100% novo e de alta qualidade garantida.<br \/>-F&aacute;cil de usar e operar a pre&ccedil;os acess&iacute;veis.<br \/>-Melhorar&aacute; drasticamente a apar&ecirc;ncia do seu carro.<\/p>\n<p>Aplica&ccedil;&atilde;o:<br \/>Para BMW S&eacute;rie 3 E90 E91 2005-2012<\/p>\n<p>Refer&ecirc;ncia OE NO.:<br \/>Modelo A:5116 7145 681<br \/>Modo B:5116 7150 155<br \/>Modelo C:5116 7138 525<\/p>\n<p>Material: PC e ABS de alta qualidade com pintura a &oacute;leo de borracha. Fibra de carbono com impress&atilde;o por transfer&ecirc;ncia.<\/p>\n<p>Local no ve&iacute;culo: console central traseira<\/p>\n<p>Aviso:<br \/>*Carros LHD e RHD podem ser usados.<br \/>*As cores dos nossos produtos s&atilde;o mais semelhantes a um carro novo, se houver uma pequena diferen&ccedil;a de cor com o seu carro usado, ser&aacute; uma situa&ccedil;&atilde;o normal.<br \/>*Por favor, compare as fotos para ter certeza de que cabe antes da compra. Se voc&ecirc; tiver d&uacute;vidas, entre em contato conosco.<\/p>\n<\/div>\n<div class=\"detailmodule_text-image\">\n <img data-recalc-dims=\"1\" decoding=\"async\" style=\"margin-bottom:10px\" class=\"detail-desc-decorate-image\" src=\"https:\/\/i0.wp.com\/ae01.alicdn.com\/kf\/S2e19b58082ae41d695971fcc49522791A.jpg?w=1200&#038;ssl=1\" \/><br \/>\n <img data-recalc-dims=\"1\" decoding=\"async\" style=\"margin-bottom:10px\" class=\"detail-desc-decorate-image\" src=\"https:\/\/i0.wp.com\/ae01.alicdn.com\/kf\/S3e5277a9c77c4122a72e6b946a1abf6c8.jpg?w=1200&#038;ssl=1\" \/><br \/>\n <img data-recalc-dims=\"1\" decoding=\"async\" style=\"margin-bottom:10px\" class=\"detail-desc-decorate-image\" src=\"https:\/\/i0.wp.com\/ae01.alicdn.com\/kf\/S096694da3f4a458f9832058c4be26770m.jpg?w=1200&#038;ssl=1\" \/><br \/>\n <img data-recalc-dims=\"1\" decoding=\"async\" style=\"margin-bottom:10px\" class=\"detail-desc-decorate-image\" src=\"https:\/\/i0.wp.com\/ae01.alicdn.com\/kf\/S030b62c9facf4e0985f27039828bc02dn.jpg?w=1200&#038;ssl=1\" \/><br \/>\n <img data-recalc-dims=\"1\" decoding=\"async\" style=\"margin-bottom:10px\" class=\"detail-desc-decorate-image\" src=\"https:\/\/i0.wp.com\/ae01.alicdn.com\/kf\/Scbc4b11c470044cea03aad677b93c013q.jpg?w=1200&#038;ssl=1\" \/><br \/>\n <img data-recalc-dims=\"1\" decoding=\"async\" style=\"margin-bottom:10px\" class=\"detail-desc-decorate-image\" src=\"https:\/\/i0.wp.com\/ae01.alicdn.com\/kf\/Sb06beecf6cc2405784c34300f9384156L.jpg?w=1200&#038;ssl=1\" \/>\n<\/div>\n<div class=\"detailmodule_text-image\">\n <img data-recalc-dims=\"1\" decoding=\"async\" class=\"detail-desc-decorate-image\" src=\"https:\/\/i0.wp.com\/ae01.alicdn.com\/kf\/H035d932ff16d4e33b0e2dc92d12f9b59g.jpg?w=1200&#038;ssl=1\" \/><br \/>\n <img data-recalc-dims=\"1\" decoding=\"async\" class=\"detail-desc-decorate-image\" src=\"https:\/\/i0.wp.com\/ae01.alicdn.com\/kf\/H44772431c84f40df8eb49d627c4e08625.jpg?w=1200&#038;ssl=1\" \/><br \/>\n <img data-recalc-dims=\"1\" decoding=\"async\" style=\"margin-bottom:10px\" class=\"detail-desc-decorate-image\" src=\"https:\/\/i0.wp.com\/ae01.alicdn.com\/kf\/H79e2c68796204671a4d3f3aa7b1a820cr.jpg?w=1200&#038;ssl=1\" \/>\n<\/div>\n<div class=\"detailmodule_text-image\">\n<p style=\"font-family:OpenSans;font-size:20px;font-weight:900;line-height:28px;white-space:pre-wrap;margin-bottom:12px\" class=\"detail-desc-decorate-title\">Se voc&ecirc; tamb&eacute;m precisar do painel de ventila&ccedil;&atilde;o CA traseiro, poder&aacute; solicitar no seguinte link:<\/p>\n<div>\n  <a href=\"https:\/\/www.aliexpress.com\/item\/3256804364763256.html?spm=a2g0o.store_pc_allProduct.8148356.8.69f7127cZMomli&amp;pdp_npi=2%40dis%21USD%21US%20%2437.36%21US%20%2429.89%21%21%21%21%21%402132a26116635767305324673e3f29%2112000029579171262%21sh\" target=\"_self\" class=\"\"><img data-recalc-dims=\"1\" decoding=\"async\" class=\"detail-desc-decorate-image\" src=\"https:\/\/i0.wp.com\/ae01.alicdn.com\/kf\/Sbdc79ac94981421f8a1629e28bb34c7dX.jpg?w=1200&#038;ssl=1\" \/><\/a>\n <\/div>\n<\/div>\n<div class=\"detailmodule_text\">\n<p style=\"font-family:OpenSans;font-size:20px;font-weight:900;line-height:28px;white-space:pre-wrap;margin-bottom:12px\" class=\"detail-desc-decorate-title\">LEMBRETE QUENTE<\/p>\n<p style=\"font-family:OpenSans;font-size:14px;font-weight:300;line-height:20px;white-space:pre-wrap;margin-bottom:12px\" class=\"detail-desc-decorate-content\">\uf06c Por favor confirme o n&uacute;mero OE.est&aacute; correto com nossas pe&ccedil;as antes de comprar para que possa ser instalado no seu carro.<br \/>\uf06c Todas as fotos dos produtos s&atilde;o apenas para demonstra&ccedil;&atilde;o e talvez uma pequena diferen&ccedil;a com as pe&ccedil;as reais.As diferen&ccedil;as de cor e detalhes s&atilde;o em condi&ccedil;&otilde;es normais.<br \/>\uf06c J&aacute; fizemos verifica&ccedil;&atilde;o de qualidade de todas as pe&ccedil;as antes do envio, portanto, abra o pacote para verificar se as pe&ccedil;as e acess&oacute;rios com pacotes n&atilde;o est&atilde;o danificados durante o envio antes de assinar o pacote.<br \/>\uf06c Por favor confirme os endere&ccedil;os de entrega e o telefone.N&atilde;o.s&atilde;o detalhados e exatamente corretos.<br \/>\uf06c Se voc&ecirc; n&atilde;o conseguir substituir bem as pe&ccedil;as sozinho, poder&aacute; reajust&aacute;-las ou ir &agrave; loja de reparos profissional local para instal&aacute;-las.<\/p>\n<\/div>\n<div class=\"detailmodule_text\">\n<p style=\"font-family:OpenSans;font-size:20px;font-weight:900;line-height:28px;white-space:pre-wrap;margin-bottom:12px\" class=\"detail-desc-decorate-title\">SOBRE N&Oacute;S<\/p>\n<p style=\"font-family:OpenSans;font-size:14px;font-weight:300;line-height:20px;white-space:pre-wrap;margin-bottom:12px\" class=\"detail-desc-decorate-content\">\uf06c A f&aacute;brica profissional especializada em pe&ccedil;as de desgaste r&aacute;pido para B.M.W e B.E.N.Z.<br \/>\uf06c Pesquisa e produz com qualidade superior, melhor material e bom molde correspondente.<br \/>\uf06c F2C-de f&aacute;brica de origem ao cliente diretamente.<br \/>\uf06c Muito estoque, pode ser enviado rapidamente.<br \/>\uf06c Gama completa de pe&ccedil;as de desgaste r&aacute;pido.<br \/>\uf06c Pedidos por atacado de grande quantidade ser&atilde;o bem-vindos.<br \/>\uf06c OEM pode ser aceito.<\/p>\n<\/div>\n<div class=\"detailmodule_text\">\n<p style=\"font-family:OpenSans;font-size:20px;font-weight:900;line-height:28px;white-space:pre-wrap;margin-bottom:12px\" class=\"detail-desc-decorate-title\">ENVIO<\/p>\n<p style=\"font-family:OpenSans;font-size:14px;font-weight:300;line-height:20px;white-space:pre-wrap;margin-bottom:12px\" class=\"detail-desc-decorate-content\">\uf06c Normalmente, o pedido ser&aacute; enviado dentro de 2 a 5 dias &uacute;teis ap&oacute;s receber o pagamento on-line, excluindo feriados.<br \/>\uf06c Os dias de envio depender&aacute;&atilde;o do correio de entrega.Se voc&ecirc; n&atilde;o recebeu o pacote dentro de 45 dias, entre em contato conosco para que possamos rastre&aacute;-lo para voc&ecirc;.<br \/>\uf06c Se o pacote foi danificado durante o transporte, recuse-se a aceit&aacute;-lo e mantenha o registro e as evid&ecirc;ncias de reclama&ccedil;&atilde;o.<\/p>\n<\/div>\n<div class=\"detailmodule_text\">\n<p style=\"font-family:OpenSans;font-size:20px;font-weight:900;line-height:28px;white-space:pre-wrap;margin-bottom:12px\" class=\"detail-desc-decorate-title\">GARANTIA E FEEDBACK<\/p>\n<p style=\"font-family:OpenSans;font-size:14px;font-weight:300;line-height:20px;white-space:pre-wrap;margin-bottom:12px\" class=\"detail-desc-decorate-content\">\uf06c Se voc&ecirc; n&atilde;o estiver satisfeito com nossos produtos, poder&aacute; devolv&ecirc;-los no prazo de 30 dias para substitui&ccedil;&atilde;o ou devolu&ccedil;&atilde;o do dinheiro.e entre em contato conosco antes de devolv&ecirc;-lo.<br \/>\uf06c O custo de envio da devolu&ccedil;&atilde;o dever&aacute; ser pago pelos compradores.<br \/>\uf06c Se voc&ecirc; estiver satisfeito com nossos produtos e servi&ccedil;os, envie-nos um bom coment&aacute;rio e um feedback de cinco estrelas.<\/p>\n<\/div>\n<p><\/p>\n<\/div>\n<\/div>\n","protected":false},"excerpt":{"rendered":"<p>Substitui&ccedil;&atilde;o do quadro externo da grade de ventila&ccedil;&atilde;o do condicionador ac traseiro atualizado para BMW S&eacute;rie 3 E90 E91 2005-2012 Caracter&iacute;sticas:-Substitui&ccedil;&atilde;o direta.-De acordo com as especifica&ccedil;&otilde;es originais de f&aacute;brica.-100% novo e de alta qualidade garantida.-F&aacute;cil de usar e operar a pre&ccedil;os acess&iacute;veis.-Melhorar&aacute; drasticamente a apar&ecirc;ncia do seu carro. Aplica&ccedil;&atilde;o:Para BMW S&eacute;rie 3 E90 E91 2005-2012&hellip;&nbsp;<\/p>\n","protected":false},"featured_media":38764,"template":"","meta":{"neve_meta_sidebar":"","neve_meta_container":"","neve_meta_enable_content_width":"","neve_meta_content_width":0,"neve_meta_title_alignment":"","neve_meta_author_avatar":"","neve_post_elements_order":"","neve_meta_disable_header":"","neve_meta_disable_footer":"","neve_meta_disable_title":""},"product_brand":[],"product_cat":[32,75,17],"product_tag":[],"class_list":{"0":"post-38770","1":"product","2":"type-product","3":"status-publish","4":"has-post-thumbnail","6":"product_cat-equipamentos-eletricos","7":"product_cat-instalacao-de-ar-condicionado","8":"product_cat-pecas-e-acessorios-automotivos","10":"first","11":"instock","12":"shipping-taxable","13":"purchasable","14":"product-type-variable","15":"has-default-attributes"},"jetpack_sharing_enabled":true,"_links":{"self":[{"href":"https:\/\/listman.shop\/autoparts-br\/wp-json\/wp\/v2\/product\/38770","targetHints":{"allow":["GET"]}}],"collection":[{"href":"https:\/\/listman.shop\/autoparts-br\/wp-json\/wp\/v2\/product"}],"about":[{"href":"https:\/\/listman.shop\/autoparts-br\/wp-json\/wp\/v2\/types\/product"}],"wp:featuredmedia":[{"embeddable":true,"href":"https:\/\/listman.shop\/autoparts-br\/wp-json\/wp\/v2\/media\/38764"}],"wp:attachment":[{"href":"https:\/\/listman.shop\/autoparts-br\/wp-json\/wp\/v2\/media?parent=38770"}],"wp:term":[{"taxonomy":"product_brand","embeddable":true,"href":"https:\/\/listman.shop\/autoparts-br\/wp-json\/wp\/v2\/product_brand?post=38770"},{"taxonomy":"product_cat","embeddable":true,"href":"https:\/\/listman.shop\/autoparts-br\/wp-json\/wp\/v2\/product_cat?post=38770"},{"taxonomy":"product_tag","embeddable":true,"href":"https:\/\/listman.shop\/autoparts-br\/wp-json\/wp\/v2\/product_tag?post=38770"}],"curies":[{"name":"wp","href":"https:\/\/api.w.org\/{rel}","templated":true}]}}