{"id":38841,"date":"2025-03-23T14:52:02","date_gmt":"2025-03-23T05:52:02","guid":{"rendered":"https:\/\/listman.shop\/autoparts-br\/product\/1005003412027630\/"},"modified":"2026-04-07T21:01:06","modified_gmt":"2026-04-07T12:01:06","slug":"1005003412027630","status":"publish","type":"product","link":"https:\/\/listman.shop\/autoparts-br\/product\/1005003412027630\/","title":{"rendered":"Substitui\u00e7\u00e3o completa traseira nova do conjunto da tomada de ventila\u00e7\u00e3o do ar fresco do condicionamento ac para bmw s\u00e9rie 2 f45 f46 2016-2020 64229263411"},"content":{"rendered":"<div class=\"detailmodule_html\">\n<div class=\"detail-desc-decorate-richtext\">\n<div>\n<p style=\"font-family:OpenSans;font-size:20px;font-weight:900;line-height:28px;white-space:pre-wrap;margin-bottom:12px\" class=\"detail-desc-decorate-title\" id=\"tl_1\">Nova AC traseira Condicionado Fresh Air Vent Substitui&ccedil;&atilde;o completa do conjunto para BMW 2 Series F45 F46 2016-2020 64229263411<\/p>\n<p style=\"font-family:OpenSans;font-size:14px;font-weight:300;line-height:20px;white-space:pre-wrap;margin-bottom:12px\" class=\"detail-desc-decorate-content\" id=\"tl_2\">NO. OE: 6422 9263 411 <\/p>\n<p>Material: PC e ABS, revestimento emborrachado. <\/p>\n<p>Vantagem: Design atualizado, mais s&oacute;lido, n&atilde;o &eacute; f&aacute;cil de quebrar, substitua perfeitamente. <\/p>\n<p>100% NOVO PRODUTO. <\/p>\n<p>Aplica&ccedil;&atilde;o: <br \/>Ajuste para BMW 2016-2021 2 s&eacute;ries F45 F46<\/p>\n<div>\n  <img data-recalc-dims=\"1\" decoding=\"async\" src=\"https:\/\/i0.wp.com\/ae01.alicdn.com\/kf\/H59bc0823218947259db9b079e00a8cf53.jpg?w=1200&#038;ssl=1\" \/>\n <\/div>\n<\/div>\n<div>\n <img data-recalc-dims=\"1\" decoding=\"async\" style=\"margin-bottom:10px\" class=\"detail-desc-decorate-image\" src=\"https:\/\/i0.wp.com\/ae01.alicdn.com\/kf\/H5701b710fdd4462bbcc693d5aea03f97Y.jpg?w=1200&#038;ssl=1\" \/><br \/>\n <img data-recalc-dims=\"1\" decoding=\"async\" style=\"margin-bottom:10px\" class=\"detail-desc-decorate-image\" src=\"https:\/\/i0.wp.com\/ae01.alicdn.com\/kf\/H46e83b0493c3419fb095e5a20ca25990Y.jpg?w=1200&#038;ssl=1\" \/><br \/>\n <img data-recalc-dims=\"1\" decoding=\"async\" style=\"margin-bottom:10px\" class=\"detail-desc-decorate-image\" src=\"https:\/\/i0.wp.com\/ae01.alicdn.com\/kf\/Hd2f6a811447b41a4ac69edc22feb89c0s.jpg?w=1200&#038;ssl=1\" \/><br \/>\n <img data-recalc-dims=\"1\" decoding=\"async\" style=\"margin-bottom:10px\" class=\"detail-desc-decorate-image\" src=\"https:\/\/i0.wp.com\/ae01.alicdn.com\/kf\/H8f38e74459374340942bb05844f67979c.jpg?w=1200&#038;ssl=1\" \/><br \/>\n <img data-recalc-dims=\"1\" decoding=\"async\" style=\"margin-bottom:10px\" class=\"detail-desc-decorate-image\" src=\"https:\/\/i0.wp.com\/ae01.alicdn.com\/kf\/Hc0800dbee7964033bf9877578257a7ddP.jpg?w=1200&#038;ssl=1\" \/>\n<\/div>\n<p><\/p>\n<\/div>\n<\/div>\n","protected":false},"excerpt":{"rendered":"<p>Nova AC traseira Condicionado Fresh Air Vent Substitui&ccedil;&atilde;o completa do conjunto para BMW 2 Series F45 F46 2016-2020 64229263411 NO. OE: 6422 9263 411 Material: PC e ABS, revestimento emborrachado. Vantagem: Design atualizado, mais s&oacute;lido, n&atilde;o &eacute; f&aacute;cil de quebrar, substitua perfeitamente. 100% NOVO PRODUTO. Aplica&ccedil;&atilde;o: Ajuste para BMW 2016-2021 2 s&eacute;ries F45 F46<\/p>\n","protected":false},"featured_media":38835,"template":"","meta":{"neve_meta_sidebar":"","neve_meta_container":"","neve_meta_enable_content_width":"","neve_meta_content_width":0,"neve_meta_title_alignment":"","neve_meta_author_avatar":"","neve_post_elements_order":"","neve_meta_disable_header":"","neve_meta_disable_footer":"","neve_meta_disable_title":""},"product_brand":[],"product_cat":[32,75,17],"product_tag":[],"class_list":{"0":"post-38841","1":"product","2":"type-product","3":"status-publish","4":"has-post-thumbnail","6":"product_cat-equipamentos-eletricos","7":"product_cat-instalacao-de-ar-condicionado","8":"product_cat-pecas-e-acessorios-automotivos","10":"first","11":"instock","12":"shipping-taxable","13":"purchasable","14":"product-type-variable","15":"has-default-attributes"},"jetpack_sharing_enabled":true,"_links":{"self":[{"href":"https:\/\/listman.shop\/autoparts-br\/wp-json\/wp\/v2\/product\/38841","targetHints":{"allow":["GET"]}}],"collection":[{"href":"https:\/\/listman.shop\/autoparts-br\/wp-json\/wp\/v2\/product"}],"about":[{"href":"https:\/\/listman.shop\/autoparts-br\/wp-json\/wp\/v2\/types\/product"}],"wp:featuredmedia":[{"embeddable":true,"href":"https:\/\/listman.shop\/autoparts-br\/wp-json\/wp\/v2\/media\/38835"}],"wp:attachment":[{"href":"https:\/\/listman.shop\/autoparts-br\/wp-json\/wp\/v2\/media?parent=38841"}],"wp:term":[{"taxonomy":"product_brand","embeddable":true,"href":"https:\/\/listman.shop\/autoparts-br\/wp-json\/wp\/v2\/product_brand?post=38841"},{"taxonomy":"product_cat","embeddable":true,"href":"https:\/\/listman.shop\/autoparts-br\/wp-json\/wp\/v2\/product_cat?post=38841"},{"taxonomy":"product_tag","embeddable":true,"href":"https:\/\/listman.shop\/autoparts-br\/wp-json\/wp\/v2\/product_tag?post=38841"}],"curies":[{"name":"wp","href":"https:\/\/api.w.org\/{rel}","templated":true}]}}