{"id":38941,"date":"2025-03-23T14:55:19","date_gmt":"2025-03-23T05:55:19","guid":{"rendered":"https:\/\/listman.shop\/autoparts-br\/product\/1005004988227528\/"},"modified":"2026-05-07T20:24:13","modified_gmt":"2026-05-07T11:24:13","slug":"1005004988227528","status":"publish","type":"product","link":"https:\/\/listman.shop\/autoparts-br\/product\/1005004988227528\/","title":{"rendered":"Console frontal ac aquecedor interruptor de controle de clima bot\u00e3o cobre substitui\u00e7\u00e3o para mercedes benz c glk classe w204 x204 c300 c350 c63"},"content":{"rendered":"<div class=\"detailmodule_html\">\n<div class=\"detail-desc-decorate-richtext\">\n<div class=\"detailmodule_text\">\n<p style=\"font-family:OpenSans;font-size:20px;font-weight:900;line-height:28px;white-space:pre-wrap;margin-bottom:12px\" class=\"detail-desc-decorate-title\" id=\"tl_1\">Console dianteira ac aquecedor interruptor de controle clim&aacute;tico bot&atilde;o cobre substitui&ccedil;&atilde;o para mercedes benz c glk classe w204 x204<\/p>\n<p style=\"font-family:OpenSans;font-size:14px;font-weight:300;line-height:20px;white-space:pre-wrap;margin-bottom:12px\" class=\"detail-desc-decorate-content\" id=\"tl_2\">Caracter&iacute;sticas: <br \/>-Substitui&ccedil;&atilde;o direta. <br \/>-De acordo com as especifica&ccedil;&otilde;es originais de f&aacute;brica. <br \/>-100% novo e de alta qualidade garantida. <br \/>-F&aacute;cil de usar e operar a pre&ccedil;os acess&iacute;veis. <br \/>-Melhorar&aacute; drasticamente a apar&ecirc;ncia do seu carro. <\/p>\n<p>Aplica&ccedil;&atilde;o: <br \/>Para Mercedes BENZ Classe C W204 2007-2013 <br \/>Para Mercedes BENZ Classe GLK X204 2008-2015 <\/p>\n<p>Refer&ecirc;ncia OE NO.:A2048308285 <\/p>\n<p>Material: PC e ABS de alta qualidade com pintura a &oacute;leo de borracha. <\/p>\n<p>Local no ve&iacute;culo: Painel dianteiro <\/p>\n<p>Aviso: <br \/>*Carros LHD e RHD podem ser usados. <br \/>*Por favor, compare as fotos para ter certeza de que cabe antes da compra. Se voc&ecirc; tiver d&uacute;vidas, n&atilde;o hesite em nos contatar.<\/p>\n<\/div>\n<div class=\"detailmodule_text-image\">\n <img data-recalc-dims=\"1\" decoding=\"async\" style=\"margin-bottom:10px\" class=\"detail-desc-decorate-image\" src=\"https:\/\/i0.wp.com\/ae01.alicdn.com\/kf\/Sca1f5ab4c72f495fb4d94eaac727405fC.jpg?w=1200&#038;ssl=1\" \/><br \/>\n <img data-recalc-dims=\"1\" decoding=\"async\" style=\"margin-bottom:10px\" class=\"detail-desc-decorate-image\" src=\"https:\/\/i0.wp.com\/ae01.alicdn.com\/kf\/Sc899d314afe34456a6e4ec96a3613e04W.jpg?w=1200&#038;ssl=1\" \/><br \/>\n <img data-recalc-dims=\"1\" decoding=\"async\" style=\"margin-bottom:10px\" class=\"detail-desc-decorate-image\" src=\"https:\/\/i0.wp.com\/ae01.alicdn.com\/kf\/S909caae076d5455eb911cc0f874209d5s.jpg?w=1200&#038;ssl=1\" \/><br \/>\n <img data-recalc-dims=\"1\" decoding=\"async\" style=\"margin-bottom:10px\" class=\"detail-desc-decorate-image\" src=\"https:\/\/i0.wp.com\/ae01.alicdn.com\/kf\/Sa0322f2ee175461d8697c4de38e832a2Z.jpg?w=1200&#038;ssl=1\" \/><br \/>\n <img data-recalc-dims=\"1\" decoding=\"async\" style=\"margin-bottom:10px\" class=\"detail-desc-decorate-image\" src=\"https:\/\/i0.wp.com\/ae01.alicdn.com\/kf\/S519a15a5d9a04560be2de42c608c263d8.jpg?w=1200&#038;ssl=1\" \/>\n<\/div>\n<div class=\"detailmodule_text-image\">\n <img data-recalc-dims=\"1\" decoding=\"async\" style=\"margin-bottom:10px\" class=\"detail-desc-decorate-image\" src=\"https:\/\/i0.wp.com\/ae01.alicdn.com\/kf\/Sd99e779c91ad48efac0f990721f67a22K.jpg?w=1200&#038;ssl=1\" \/><br \/>\n <img data-recalc-dims=\"1\" decoding=\"async\" style=\"margin-bottom:10px\" class=\"detail-desc-decorate-image\" src=\"https:\/\/i0.wp.com\/ae01.alicdn.com\/kf\/Sea6e17dd35214b5282676fe8c9b317bcw.jpg?w=1200&#038;ssl=1\" \/><br \/>\n <img data-recalc-dims=\"1\" decoding=\"async\" style=\"margin-bottom:10px\" class=\"detail-desc-decorate-image\" src=\"https:\/\/i0.wp.com\/ae01.alicdn.com\/kf\/S75f142d2e9cd49ab89fc84c0e34480bak.jpg?w=1200&#038;ssl=1\" \/><br \/>\n <img data-recalc-dims=\"1\" decoding=\"async\" style=\"margin-bottom:10px\" class=\"detail-desc-decorate-image\" src=\"https:\/\/i0.wp.com\/ae01.alicdn.com\/kf\/Se85e85ffb15548f7a437098d76931f80n.jpg?w=1200&#038;ssl=1\" \/><br \/>\n <img data-recalc-dims=\"1\" decoding=\"async\" style=\"margin-bottom:10px\" class=\"detail-desc-decorate-image\" src=\"https:\/\/i0.wp.com\/ae01.alicdn.com\/kf\/S8ebc5803cac34dd0a2b24cef1768186dN.jpg?w=1200&#038;ssl=1\" \/>\n<\/div>\n<div class=\"detailmodule_text\">\n<p style=\"font-family:OpenSans;font-size:20px;font-weight:900;line-height:28px;white-space:pre-wrap;margin-bottom:12px\" class=\"detail-desc-decorate-title\" id=\"tl_3\">LEMBRETE QUENTE<\/p>\n<p style=\"font-family:OpenSans;font-size:14px;font-weight:300;line-height:20px;white-space:pre-wrap;margin-bottom:12px\" class=\"detail-desc-decorate-content\" id=\"tl_4\">\uf06c Por favor confirme o n&uacute;mero OE.est&aacute; correto com nossas pe&ccedil;as antes de comprar para que possa ser instalado no seu carro. <br \/>\uf06c Todas as fotos dos produtos s&atilde;o apenas para demonstra&ccedil;&atilde;o e talvez uma pequena diferen&ccedil;a com as pe&ccedil;as reais.As diferen&ccedil;as de cor e detalhes s&atilde;o em condi&ccedil;&otilde;es normais. <br \/>\uf06c J&aacute; fizemos verifica&ccedil;&atilde;o de qualidade de todas as pe&ccedil;as antes do envio, portanto, abra o pacote para verificar se as pe&ccedil;as e acess&oacute;rios com pacotes n&atilde;o est&atilde;o danificados durante o envio antes de assinar o pacote. <br \/>\uf06c Por favor confirme os endere&ccedil;os de entrega e o telefone.N&atilde;o.s&atilde;o detalhados e exatamente corretos. <br \/>\uf06c Se voc&ecirc; n&atilde;o conseguir substituir bem as pe&ccedil;as sozinho, poder&aacute; reajust&aacute;-las ou ir &agrave; loja de reparos profissional local para instal&aacute;-las.<\/p>\n<\/div>\n<div class=\"detailmodule_text\">\n<p style=\"font-family:OpenSans;font-size:20px;font-weight:900;line-height:28px;white-space:pre-wrap;margin-bottom:12px\" class=\"detail-desc-decorate-title\" id=\"tl_5\">SOBRE N&Oacute;S<\/p>\n<p style=\"font-family:OpenSans;font-size:14px;font-weight:300;line-height:20px;white-space:pre-wrap;margin-bottom:12px\" class=\"detail-desc-decorate-content\" id=\"tl_6\">\uf06c A f&aacute;brica profissional especializada em pe&ccedil;as de desgaste r&aacute;pido para B.M.W e B.E.N.Z. <br \/>\uf06c Pesquisa e produz com qualidade superior, melhor material e bom molde correspondente. <br \/>\uf06c F2C-de f&aacute;brica de origem ao cliente diretamente. <br \/>\uf06c Muito estoque, pode ser enviado rapidamente. <br \/>\uf06c Gama completa de pe&ccedil;as de desgaste r&aacute;pido. <br \/>\uf06c Pedidos por atacado de grande quantidade ser&atilde;o bem-vindos. <br \/>\uf06c OEM pode ser aceito.<\/p>\n<\/div>\n<div class=\"detailmodule_text\">\n<p style=\"font-family:OpenSans;font-size:20px;font-weight:900;line-height:28px;white-space:pre-wrap;margin-bottom:12px\" class=\"detail-desc-decorate-title\" id=\"tl_7\">ENVIO<\/p>\n<p style=\"font-family:OpenSans;font-size:14px;font-weight:300;line-height:20px;white-space:pre-wrap;margin-bottom:12px\" class=\"detail-desc-decorate-content\" id=\"tl_8\">\uf06c Normalmente, o pedido ser&aacute; enviado dentro de 2 a 5 dias &uacute;teis ap&oacute;s receber o pagamento on-line, excluindo feriados. <br \/>\uf06c Os dias de envio depender&aacute;&atilde;o do correio de entrega.Se voc&ecirc; n&atilde;o recebeu o pacote dentro de 45 dias, entre em contato conosco para que possamos rastre&aacute;-lo para voc&ecirc;. <br \/>\uf06c Se o pacote foi danificado durante o transporte, recuse-se a aceit&aacute;-lo e mantenha o registro e as evid&ecirc;ncias de reclama&ccedil;&atilde;o.<\/p>\n<\/div>\n<div class=\"detailmodule_text\">\n<p style=\"font-family:OpenSans;font-size:20px;font-weight:900;line-height:28px;white-space:pre-wrap;margin-bottom:12px\" class=\"detail-desc-decorate-title\" id=\"tl_9\">GARANTIA E FEEDBACK<\/p>\n<p style=\"font-family:OpenSans;font-size:14px;font-weight:300;line-height:20px;white-space:pre-wrap;margin-bottom:12px\" class=\"detail-desc-decorate-content\" id=\"tl_10\">\uf06c Se voc&ecirc; n&atilde;o estiver satisfeito com nossos produtos, poder&aacute; devolv&ecirc;-los dentro de 30 dias para substitui&ccedil;&atilde;o ou devolu&ccedil;&atilde;o do dinheiro.e entre em contato conosco antes de devolv&ecirc;-lo. <br \/>\uf06c O custo de envio da devolu&ccedil;&atilde;o dever&aacute; ser pago pelos compradores. <br \/>\uf06c Se voc&ecirc; estiver satisfeito com nossos produtos e servi&ccedil;os, envie-nos um bom coment&aacute;rio e um feedback de cinco estrelas.<\/p>\n<\/div>\n<p><\/div>\n<\/div>\n","protected":false},"excerpt":{"rendered":"<p>Console dianteira ac aquecedor interruptor de controle clim&aacute;tico bot&atilde;o cobre substitui&ccedil;&atilde;o para mercedes benz c glk classe w204 x204 Caracter&iacute;sticas: -Substitui&ccedil;&atilde;o direta. -De acordo com as especifica&ccedil;&otilde;es originais de f&aacute;brica. -100% novo e de alta qualidade garantida. -F&aacute;cil de usar e operar a pre&ccedil;os acess&iacute;veis. -Melhorar&aacute; drasticamente a apar&ecirc;ncia do seu carro. Aplica&ccedil;&atilde;o: Para Mercedes&hellip;&nbsp;<\/p>\n","protected":false},"featured_media":38935,"template":"","meta":{"neve_meta_sidebar":"","neve_meta_container":"","neve_meta_enable_content_width":"","neve_meta_content_width":0,"neve_meta_title_alignment":"","neve_meta_author_avatar":"","neve_post_elements_order":"","neve_meta_disable_header":"","neve_meta_disable_footer":"","neve_meta_disable_title":""},"product_brand":[],"product_cat":[139,32,17],"product_tag":[],"class_list":{"0":"post-38941","1":"product","2":"type-product","3":"status-publish","4":"has-post-thumbnail","6":"product_cat-ar-condicionado-e-temperatura","7":"product_cat-equipamentos-eletricos","8":"product_cat-pecas-e-acessorios-automotivos","10":"first","11":"instock","12":"shipping-taxable","13":"purchasable","14":"product-type-variable","15":"has-default-attributes"},"jetpack_sharing_enabled":true,"_links":{"self":[{"href":"https:\/\/listman.shop\/autoparts-br\/wp-json\/wp\/v2\/product\/38941","targetHints":{"allow":["GET"]}}],"collection":[{"href":"https:\/\/listman.shop\/autoparts-br\/wp-json\/wp\/v2\/product"}],"about":[{"href":"https:\/\/listman.shop\/autoparts-br\/wp-json\/wp\/v2\/types\/product"}],"wp:featuredmedia":[{"embeddable":true,"href":"https:\/\/listman.shop\/autoparts-br\/wp-json\/wp\/v2\/media\/38935"}],"wp:attachment":[{"href":"https:\/\/listman.shop\/autoparts-br\/wp-json\/wp\/v2\/media?parent=38941"}],"wp:term":[{"taxonomy":"product_brand","embeddable":true,"href":"https:\/\/listman.shop\/autoparts-br\/wp-json\/wp\/v2\/product_brand?post=38941"},{"taxonomy":"product_cat","embeddable":true,"href":"https:\/\/listman.shop\/autoparts-br\/wp-json\/wp\/v2\/product_cat?post=38941"},{"taxonomy":"product_tag","embeddable":true,"href":"https:\/\/listman.shop\/autoparts-br\/wp-json\/wp\/v2\/product_tag?post=38941"}],"curies":[{"name":"wp","href":"https:\/\/api.w.org\/{rel}","templated":true}]}}