{"id":38956,"date":"2025-03-23T14:55:54","date_gmt":"2025-03-23T05:55:54","guid":{"rendered":"https:\/\/listman.shop\/autoparts-br\/product\/1005005286552822\/"},"modified":"2026-04-27T20:33:09","modified_gmt":"2026-04-27T11:33:09","slug":"1005005286552822","status":"publish","type":"product","link":"https:\/\/listman.shop\/autoparts-br\/product\/1005005286552822\/","title":{"rendered":"Foxsur carregador de bateria de carro 12v 8a 24v 4a tela sens\u00edvel ao toque repara\u00e7\u00e3o de pulso lcd carregamento de energia r\u00e1pida molhado seco chumbo \u00e1cido display lcd digital"},"content":{"rendered":"<div class=\"detailmodule_html\">\n<div class=\"detail-desc-decorate-richtext\">\n<div style=\"border:0px;margin:0px;margin-bottom:0px;margin-top:0px;margin-left:0px;margin-right:0px;padding:0px;padding-bottom:0px;padding-top:0px;padding-left:0px;padding-right:0px;display:block;overflow:hidden;width:0px;height:0px;left:-9999px;position:absolute;top:0px\"><\/div>\n<p>Este \u00e9 um carregador de bateria totalmente autom\u00e1tico com 3 est\u00e1gios de carga.O carregamento autom\u00e1tico protege sua bateria contra sobrecarga.Assim voc\u00ea pode deixar o carregador conectado \u00e0 bateria indefinidamente.<\/p>\n<p><strong>Caracter\u00edsticas:<\/strong><br \/>Controle de microprocessador (CPU).<br \/>Este \u00e9 um carregador de bateria totalmente autom\u00e1tico com 3 est\u00e1gios de carga.<br \/>O carregamento autom\u00e1tico protege sua bateria contra sobrecarga.Assim voc\u00ea pode deixar o carregador conectado \u00e0 bateria indefinidamente.<br \/>Os carregadores de 3 est\u00e1gios s\u00e3o adequados para a maioria dos tipos de baterias, incluindo baterias de c\u00e1lcio, gel e AGM e \u00famidas.Eles tamb\u00e9m podem ajudar a restaurar baterias descarregadas e sulfatadas.<br \/>Tipos de baterias: A maioria dos tipos de baterias de chumbo-\u00e1cido, incluindo c\u00e1lcio, GEL e AGM, \u00famidas, EFB, etc.<\/p>\n<p><strong>Especifica\u00e7\u00f5es:<\/strong><br \/>Tecnologia Switchmode: Sim<br \/>Prote\u00e7\u00e3o de polaridade: Sim<br \/>Prote\u00e7\u00e3o contra curto de sa\u00edda: Sim<br \/>Prote\u00e7\u00e3o sem link de bateria: Sim<br \/>Prote\u00e7\u00e3o contra sobretens\u00e3o: Sim<br \/>Prote\u00e7\u00e3o contra superaquecimento: Sim<br \/>Resfriamento: Ventilador<br \/>Tens\u00e3o de entrada: 100-240V CA, 50-60Hz<br \/>Sa\u00edda nominal: 12V 8A 24V 4A<br \/>Tens\u00e3o m\u00ednima de partida: 2,0V<br \/>Faixa de bateria: 6-150Ah<br \/>Prote\u00e7\u00e3o t\u00e9rmica: 65&#8217;C+\/-5&#8217;C<br \/>Efici\u00eancia: App.85%.<br \/>Tamanho: 170*98*58mm\/6,7*3,9*2,3 pol.<br \/>Peso: 500g\/1,10 lb<br \/>Tamanho do pacote: 250*150*100mm\/9,8*5,9*3,9 pol.<br \/>Peso do pacote: 675g\/1,49 lb<\/p>\n<p><strong>Lista de pacotes:<\/strong><br \/>1 * carregador de bateria<\/p>\n<p><img data-recalc-dims=\"1\" decoding=\"async\" src=\"https:\/\/i0.wp.com\/ae01.alicdn.com\/kf\/S4a16c857dbbd480bab0059f1a3a010f8K.jpg?w=1200&#038;ssl=1\"><img data-recalc-dims=\"1\" decoding=\"async\" src=\"https:\/\/i0.wp.com\/ae01.alicdn.com\/kf\/S0039ee3bb1e3412aa9506aaf4a46f2cax.jpg?w=1200&#038;ssl=1\"><img data-recalc-dims=\"1\" decoding=\"async\" src=\"https:\/\/i0.wp.com\/ae01.alicdn.com\/kf\/Scda490bfb30b4797afe4681ee78cb0221.jpg?w=1200&#038;ssl=1\"><img data-recalc-dims=\"1\" decoding=\"async\" src=\"https:\/\/i0.wp.com\/ae01.alicdn.com\/kf\/Sd6b014c9153348cd9f2c58e7bfdef2c1S.jpg?w=1200&#038;ssl=1\"><img data-recalc-dims=\"1\" decoding=\"async\" src=\"https:\/\/i0.wp.com\/ae01.alicdn.com\/kf\/Sf2d8dad883064f7db83303978a563ec5Z.jpg?w=1200&#038;ssl=1\"><img data-recalc-dims=\"1\" decoding=\"async\" src=\"https:\/\/i0.wp.com\/ae01.alicdn.com\/kf\/Sd6fdffec41f94bcab2beda18e5bf5cfdG.jpg?w=1200&#038;ssl=1\"><img data-recalc-dims=\"1\" decoding=\"async\" src=\"https:\/\/i0.wp.com\/ae01.alicdn.com\/kf\/Sa778592d3ed64df49d486d6a654c177e5.jpg?w=1200&#038;ssl=1\"><img data-recalc-dims=\"1\" decoding=\"async\" src=\"https:\/\/i0.wp.com\/ae01.alicdn.com\/kf\/Sd14de2790a6b4a4996a7557adb731386Q.jpg?w=1200&#038;ssl=1\"><img data-recalc-dims=\"1\" decoding=\"async\" src=\"https:\/\/i0.wp.com\/ae01.alicdn.com\/kf\/S89e8c9d249fd4751b428292f0da9710aD.jpg?w=1200&#038;ssl=1\"><img data-recalc-dims=\"1\" decoding=\"async\" src=\"https:\/\/i0.wp.com\/ae01.alicdn.com\/kf\/S0a1d08dd1a6a4276a5eaa0dafb2a96b0O.jpg?w=1200&#038;ssl=1\"><img data-recalc-dims=\"1\" decoding=\"async\" src=\"https:\/\/i0.wp.com\/ae01.alicdn.com\/kf\/Sd13a659a045941db8ec6bacb44ca11bf9.jpg?w=1200&#038;ssl=1\"><img data-recalc-dims=\"1\" decoding=\"async\" src=\"https:\/\/i0.wp.com\/ae01.alicdn.com\/kf\/S3bb8a8dc83f14f0ebf1481298208fd7bi.jpg?w=1200&#038;ssl=1\"><img data-recalc-dims=\"1\" decoding=\"async\" src=\"https:\/\/i0.wp.com\/ae01.alicdn.com\/kf\/S8841b9f0efdf43b0b9aa920e922808e8A.jpg?w=1200&#038;ssl=1\"><\/p>\n<div style=\"border:0px;margin:0px;margin-bottom:0px;margin-top:0px;margin-left:0px;margin-right:0px;padding:0px;padding-bottom:0px;padding-top:0px;padding-left:0px;padding-right:0px;display:block;overflow:hidden;width:0px;height:0px;left:-9999px;position:absolute;top:0px\"><\/div>\n<p><img data-recalc-dims=\"1\" decoding=\"async\" src=\"https:\/\/i0.wp.com\/ae01.alicdn.com\/kf\/H6bfa1b41d36f4d59b589142cb24d03ef0.jpg?w=1200&#038;ssl=1\"><\/p>\n<\/div>\n<\/div>\n","protected":false},"excerpt":{"rendered":"<p>Este \u00e9 um carregador de bateria totalmente autom\u00e1tico com 3 est\u00e1gios de carga.O carregamento autom\u00e1tico protege sua bateria contra sobrecarga.Assim voc\u00ea pode deixar o carregador conectado \u00e0 bateria indefinidamente. Caracter\u00edsticas:Controle de microprocessador (CPU).Este \u00e9 um carregador de bateria totalmente autom\u00e1tico com 3 est\u00e1gios de carga.O carregamento autom\u00e1tico protege sua bateria contra sobrecarga.Assim voc\u00ea pode deixar&hellip;&nbsp;<\/p>\n","protected":false},"featured_media":38950,"template":"","meta":{"neve_meta_sidebar":"","neve_meta_container":"","neve_meta_enable_content_width":"","neve_meta_content_width":0,"neve_meta_title_alignment":"","neve_meta_author_avatar":"","neve_post_elements_order":"","neve_meta_disable_header":"","neve_meta_disable_footer":"","neve_meta_disable_title":""},"product_brand":[],"product_cat":[112,32,17],"product_tag":[],"class_list":{"0":"post-38956","1":"product","2":"type-product","3":"status-publish","4":"has-post-thumbnail","6":"product_cat-carga-de-bateria-e-sistemas-de-partida","7":"product_cat-equipamentos-eletricos","8":"product_cat-pecas-e-acessorios-automotivos","10":"first","11":"instock","12":"shipping-taxable","13":"purchasable","14":"product-type-variable","15":"has-default-attributes"},"jetpack_sharing_enabled":true,"_links":{"self":[{"href":"https:\/\/listman.shop\/autoparts-br\/wp-json\/wp\/v2\/product\/38956","targetHints":{"allow":["GET"]}}],"collection":[{"href":"https:\/\/listman.shop\/autoparts-br\/wp-json\/wp\/v2\/product"}],"about":[{"href":"https:\/\/listman.shop\/autoparts-br\/wp-json\/wp\/v2\/types\/product"}],"wp:featuredmedia":[{"embeddable":true,"href":"https:\/\/listman.shop\/autoparts-br\/wp-json\/wp\/v2\/media\/38950"}],"wp:attachment":[{"href":"https:\/\/listman.shop\/autoparts-br\/wp-json\/wp\/v2\/media?parent=38956"}],"wp:term":[{"taxonomy":"product_brand","embeddable":true,"href":"https:\/\/listman.shop\/autoparts-br\/wp-json\/wp\/v2\/product_brand?post=38956"},{"taxonomy":"product_cat","embeddable":true,"href":"https:\/\/listman.shop\/autoparts-br\/wp-json\/wp\/v2\/product_cat?post=38956"},{"taxonomy":"product_tag","embeddable":true,"href":"https:\/\/listman.shop\/autoparts-br\/wp-json\/wp\/v2\/product_tag?post=38956"}],"curies":[{"name":"wp","href":"https:\/\/api.w.org\/{rel}","templated":true}]}}