{"id":38967,"date":"2025-03-23T14:56:27","date_gmt":"2025-03-23T05:56:27","guid":{"rendered":"https:\/\/listman.shop\/autoparts-br\/product\/1005005461901842\/"},"modified":"2026-04-27T20:46:06","modified_gmt":"2026-04-27T11:46:06","slug":"1005005461901842","status":"publish","type":"product","link":"https:\/\/listman.shop\/autoparts-br\/product\/1005005461901842\/","title":{"rendered":"Carregador de bateria de carro de metal 12V24V 220W Carregador de bateria de carro totalmente autom\u00e1tico Carregador de bateria de reparo Carregador r\u00e1pido de alta pot\u00eancia"},"content":{"rendered":"<div class=\"detailmodule_html\">\n<div class=\"detail-desc-decorate-richtext\">\n<p><span style=\"font-size:16px;, Roboto, Arial, Helvetica, sans-serif, SimSun\" id=\"tl_1\">Novos produtos est&atilde;o dispon&iacute;veis, com uma variedade de estilos.<\/span><\/p>\n<p><a href=\"https:\/\/ko.aliexpress.com\/item\/1005008583862188.html?gatewayAdapt=glo2kor\" target=\"_self\" class=\"\"><span style=\"font-size:16px;, Roboto, Arial, Helvetica, sans-serif, SimSun\">\u6dfb\u52a0\u94fe\u63a5<\/span><\/a><\/p>\n<p><a href=\"https:\/\/ko.aliexpress.com\/item\/1005008583709867.html?gatewayAdapt=glo2kor\" target=\"_self\" class=\"\"><span style=\"font-size:16px;, Roboto, Arial, Helvetica, sans-serif, SimSun\">\u6dfb\u52a0\u94fe\u63a5<\/span><\/a><\/p>\n<p><a href=\"https:\/\/ko.aliexpress.com\/item\/1005008583784487.html?gatewayAdapt=glo2kor\" target=\"_self\" class=\"\"><span style=\"font-size:16px;, Roboto, Arial, Helvetica, sans-serif, SimSun\">\u6dfb\u52a0\u94fe\u63a5<\/span><\/a><\/p>\n<p><span style=\"font-size:16px;, Roboto, Arial, Helvetica, sans-serif, SimSun\" id=\"tl_2\">Carregador de bateria de carro <br \/>Par&acirc;metros do produto: <br \/>Modelo do Produto: 400A <br \/>Pot&ecirc;ncia do produto: 220W <br \/>Comprimento do cabo de alimenta&ccedil;&atilde;o: 120cm <br \/>Comprimento do clipe: 60 cm <br \/>Faixa de tens&atilde;o: tens&atilde;o ampla de 110V-250V <br \/>Sa&iacute;da atual: 12V-12A\/24V-9A <br \/>Faixa de carregamento: adequada para 12V\/24V <\/p>\n<p>Lista de Produtos: <br \/>Carregador de bateria de carro + manual<\/span><\/p>\n<p><\/p>\n<p><span style=\"font-size:16px;, Roboto, Arial, Helvetica, sans-serif, SimSun\"><strong id=\"tl_3\">Nota: Este &eacute; um plugue europeu, se n&atilde;o houver conversor, n&atilde;o compre. A imagem mostra um plugue brit&acirc;nico, mas na verdade &eacute; um plugue europeu!<\/strong><\/span><\/p>\n<p><\/p>\n<p style=\", Roboto, Arial, Helvetica, sans-serif, SimSun;font-size:14px;font-weight:400;letter-spacing:normal;line-height:inherit;text-align:left;white-space:normal;margin:0px;margin-bottom:0px;margin-top:0px;margin-left:0px;margin-right:0px;padding:0px;padding-bottom:0px;padding-top:0px;padding-left:0px;padding-right:0px\" align=\"left\"><img data-recalc-dims=\"1\" decoding=\"async\" style=\"border:0px none;margin:0px;margin-bottom:0px;margin-top:0px;margin-left:0px;margin-right:0px;padding:0px;padding-bottom:0px;padding-top:0px;padding-left:0px;padding-right:0px;max-width:100%\" src=\"https:\/\/i0.wp.com\/ae01.alicdn.com\/kf\/S83ed001857e34855bf3cf7e7ffcd5ecfS.jpg?w=1200&#038;ssl=1\" \/><img data-recalc-dims=\"1\" decoding=\"async\" style=\"border:0px none;margin:0px;margin-bottom:0px;margin-top:0px;margin-left:0px;margin-right:0px;padding:0px;padding-bottom:0px;padding-top:0px;padding-left:0px;padding-right:0px;max-width:100%\" src=\"https:\/\/i0.wp.com\/ae01.alicdn.com\/kf\/S551fa258291246269f69c67d1ac4eeb73.jpg?w=1200&#038;ssl=1\" \/><img data-recalc-dims=\"1\" decoding=\"async\" style=\"border:0px none;margin:0px;margin-bottom:0px;margin-top:0px;margin-left:0px;margin-right:0px;padding:0px;padding-bottom:0px;padding-top:0px;padding-left:0px;padding-right:0px;max-width:100%\" src=\"https:\/\/i0.wp.com\/ae01.alicdn.com\/kf\/S1f4347bbf8a54f518ff082799e934f6f5.jpg?w=1200&#038;ssl=1\" \/><img data-recalc-dims=\"1\" decoding=\"async\" style=\"border:0px none;margin:0px;margin-bottom:0px;margin-top:0px;margin-left:0px;margin-right:0px;padding:0px;padding-bottom:0px;padding-top:0px;padding-left:0px;padding-right:0px;max-width:100%\" src=\"https:\/\/i0.wp.com\/ae01.alicdn.com\/kf\/S6c2de413499b46a2bbf4c784e7269412P.jpg?w=1200&#038;ssl=1\" \/><img data-recalc-dims=\"1\" decoding=\"async\" src=\"https:\/\/i0.wp.com\/ae01.alicdn.com\/kf\/S4dca07fadc4c45d4ade4dc705e67dc60E.jpg?w=1200&#038;ssl=1\" \/><img data-recalc-dims=\"1\" decoding=\"async\" style=\"border:0px none;margin:0px;margin-bottom:0px;margin-top:0px;margin-left:0px;margin-right:0px;padding:0px;padding-bottom:0px;padding-top:0px;padding-left:0px;padding-right:0px;max-width:100%\" src=\"https:\/\/i0.wp.com\/ae01.alicdn.com\/kf\/S54085559a6064b8cbe904e73a7cce7484.jpg?w=1200&#038;ssl=1\" \/><img data-recalc-dims=\"1\" decoding=\"async\" style=\"border:0px none;margin:0px;margin-bottom:0px;margin-top:0px;margin-left:0px;margin-right:0px;padding:0px;padding-bottom:0px;padding-top:0px;padding-left:0px;padding-right:0px;max-width:100%\" src=\"https:\/\/i0.wp.com\/ae01.alicdn.com\/kf\/Sd647bee9d1c940f8a7225d4de7905e64s.jpg?w=1200&#038;ssl=1\" \/><img data-recalc-dims=\"1\" decoding=\"async\" style=\"border:0px none;margin:0px;margin-bottom:0px;margin-top:0px;margin-left:0px;margin-right:0px;padding:0px;padding-bottom:0px;padding-top:0px;padding-left:0px;padding-right:0px;max-width:100%\" src=\"https:\/\/i0.wp.com\/ae01.alicdn.com\/kf\/S0ce04b050fdb45c4acd6f31ceae7a3c91.jpg?w=1200&#038;ssl=1\" \/><img data-recalc-dims=\"1\" decoding=\"async\" style=\"border:0px none;margin:0px;margin-bottom:0px;margin-top:0px;margin-left:0px;margin-right:0px;padding:0px;padding-bottom:0px;padding-top:0px;padding-left:0px;padding-right:0px;max-width:100%\" src=\"https:\/\/i0.wp.com\/ae01.alicdn.com\/kf\/Sea909e1d6d9c44d0a8198cad12bdfbc3a.jpg?w=1200&#038;ssl=1\" \/><img data-recalc-dims=\"1\" decoding=\"async\" style=\"border:0px none;margin:0px;margin-bottom:0px;margin-top:0px;margin-left:0px;margin-right:0px;padding:0px;padding-bottom:0px;padding-top:0px;padding-left:0px;padding-right:0px;max-width:100%\" src=\"https:\/\/i0.wp.com\/ae01.alicdn.com\/kf\/S1ac86771e33d44ea86eb53440a2be83ak.jpg?w=1200&#038;ssl=1\" \/><\/p>\n<div style=\"margin:0px;margin-bottom:0px;margin-top:0px;margin-left:0px;margin-right:0px;padding:0px;padding-bottom:0px;padding-top:0px;padding-left:0px;padding-right:0px\">\n<div style=\"margin:0px;margin-bottom:0px;margin-top:0px;margin-left:0px;margin-right:0px;padding:0px;padding-bottom:0px;padding-top:0px;padding-left:0px;padding-right:0px\"><\/div>\n<\/div>\n<p><\/p>\n<\/div>\n<\/div>\n","protected":false},"excerpt":{"rendered":"<p>Novos produtos est&atilde;o dispon&iacute;veis, com uma variedade de estilos. \u6dfb\u52a0\u94fe\u63a5 \u6dfb\u52a0\u94fe\u63a5 \u6dfb\u52a0\u94fe\u63a5 Carregador de bateria de carro Par&acirc;metros do produto: Modelo do Produto: 400A Pot&ecirc;ncia do produto: 220W Comprimento do cabo de alimenta&ccedil;&atilde;o: 120cm Comprimento do clipe: 60 cm Faixa de tens&atilde;o: tens&atilde;o ampla de 110V-250V Sa&iacute;da atual: 12V-12A\/24V-9A Faixa de carregamento: adequada para 12V\/24V&hellip;&nbsp;<\/p>\n","protected":false},"featured_media":38961,"template":"","meta":{"neve_meta_sidebar":"","neve_meta_container":"","neve_meta_enable_content_width":"","neve_meta_content_width":0,"neve_meta_title_alignment":"","neve_meta_author_avatar":"","neve_post_elements_order":"","neve_meta_disable_header":"","neve_meta_disable_footer":"","neve_meta_disable_title":""},"product_brand":[],"product_cat":[112,32,17],"product_tag":[],"class_list":{"0":"post-38967","1":"product","2":"type-product","3":"status-publish","4":"has-post-thumbnail","6":"product_cat-carga-de-bateria-e-sistemas-de-partida","7":"product_cat-equipamentos-eletricos","8":"product_cat-pecas-e-acessorios-automotivos","10":"first","11":"instock","12":"shipping-taxable","13":"purchasable","14":"product-type-variable"},"jetpack_sharing_enabled":true,"_links":{"self":[{"href":"https:\/\/listman.shop\/autoparts-br\/wp-json\/wp\/v2\/product\/38967","targetHints":{"allow":["GET"]}}],"collection":[{"href":"https:\/\/listman.shop\/autoparts-br\/wp-json\/wp\/v2\/product"}],"about":[{"href":"https:\/\/listman.shop\/autoparts-br\/wp-json\/wp\/v2\/types\/product"}],"wp:featuredmedia":[{"embeddable":true,"href":"https:\/\/listman.shop\/autoparts-br\/wp-json\/wp\/v2\/media\/38961"}],"wp:attachment":[{"href":"https:\/\/listman.shop\/autoparts-br\/wp-json\/wp\/v2\/media?parent=38967"}],"wp:term":[{"taxonomy":"product_brand","embeddable":true,"href":"https:\/\/listman.shop\/autoparts-br\/wp-json\/wp\/v2\/product_brand?post=38967"},{"taxonomy":"product_cat","embeddable":true,"href":"https:\/\/listman.shop\/autoparts-br\/wp-json\/wp\/v2\/product_cat?post=38967"},{"taxonomy":"product_tag","embeddable":true,"href":"https:\/\/listman.shop\/autoparts-br\/wp-json\/wp\/v2\/product_tag?post=38967"}],"curies":[{"name":"wp","href":"https:\/\/api.w.org\/{rel}","templated":true}]}}