{"id":38994,"date":"2025-03-23T14:57:18","date_gmt":"2025-03-23T05:57:18","guid":{"rendered":"https:\/\/listman.shop\/autoparts-br\/product\/1005005901857093\/"},"modified":"2026-05-07T20:20:08","modified_gmt":"2026-05-07T11:20:08","slug":"1005005901857093","status":"publish","type":"product","link":"https:\/\/listman.shop\/autoparts-br\/product\/1005005901857093\/","title":{"rendered":"Aquecedor de estacionamento diesel com agulha cer\u00e2mica 12v\/24v, vela incandescente 91370b 91371b para webasto air top 3500 5000 aquecedores de ar"},"content":{"rendered":"<div class=\"detailmodule_html\">\n<div class=\"detail-desc-decorate-richtext\">\n<div class=\"detailmodule_html\">\n<div class=\"detail-desc-decorate-richtext\">\n<div>\n<p class=\"mabnager-ali-publish\"><img data-recalc-dims=\"1\" decoding=\"async\" src=\"https:\/\/i0.wp.com\/ae01.alicdn.com\/kf\/S2ba0bca3e4884e4f8f7f3eae64508b3fK.jpg?w=1200&#038;ssl=1\"><br \/><span style=\"font-size:16px\"><span style=\"font-family:arial, helvetica, sans-serif\">OEM N\u00c3O.: 91370B\/91371B<br \/>Material: Nitreto de Sil\u00edcio<br \/>Tens\u00e3o: 12V\/24V<br \/>3KW 5KW<\/p>\n<p><\/span><\/span><span style=\"font-size:16px\"><span style=\"font-family:arial, helvetica, sans-serif\"><span style=\"font-size:18px\"><strong>Aplica\u00e7\u00e3o<\/strong><\/span><\/span><\/span><span style=\"font-size:16px\"><span style=\"font-family:arial, helvetica, sans-serif\">: Para webasto at3500,5000 12V \/24Vaquecedores<\/p>\n<p>Se voc\u00ea precisar de pe\u00e7as para webasto, eberspacher, planar e aquecedores de estacionamento de outras marcas, entre em contato conosco, pedidos por atacado est\u00e3o dispon\u00edveis<\/span><\/span><br \/><img data-recalc-dims=\"1\" decoding=\"async\" src=\"https:\/\/i0.wp.com\/ae01.alicdn.com\/kf\/Sbfc3b0116df94b3289d4cab432ce61fdA.jpg?w=1200&#038;ssl=1\"><img data-recalc-dims=\"1\" decoding=\"async\" src=\"https:\/\/i0.wp.com\/ae01.alicdn.com\/kf\/Sfde4dcbcea7749a4891c94afea4b9d6ai.jpg?w=1200&#038;ssl=1\"><br \/><img data-recalc-dims=\"1\" decoding=\"async\" src=\"https:\/\/i0.wp.com\/ae01.alicdn.com\/kf\/S75c19481c51b4ca7be3d5332b0ebdad2q.jpg?w=1200&#038;ssl=1\"><br \/><img data-recalc-dims=\"1\" decoding=\"async\" src=\"https:\/\/i0.wp.com\/ae01.alicdn.com\/kf\/S9cc4fcd970ec4c7ab23e33f690cfd2e7o.jpg?w=1200&#038;ssl=1\"><br \/><img data-recalc-dims=\"1\" decoding=\"async\" src=\"https:\/\/i0.wp.com\/ae01.alicdn.com\/kf\/S172f799e8eb142fda01b7da5099051fca.jpg?w=1200&#038;ssl=1\"><br \/><img data-recalc-dims=\"1\" decoding=\"async\" src=\"https:\/\/i0.wp.com\/ae01.alicdn.com\/kf\/Sc3b35ca4217d4b4399391e8fc2c826c1o.jpg?w=1200&#038;ssl=1\"><br \/><img data-recalc-dims=\"1\" decoding=\"async\" src=\"https:\/\/i0.wp.com\/ae01.alicdn.com\/kf\/S5b0e7aa84d41404cb322c36df8246680r.jpg?w=1200&#038;ssl=1\"><br \/><img data-recalc-dims=\"1\" decoding=\"async\" src=\"https:\/\/i0.wp.com\/ae01.alicdn.com\/kf\/Sd203078acfab4be28ba4023702d412b92.jpg?w=1200&#038;ssl=1\"><br \/><img data-recalc-dims=\"1\" decoding=\"async\" src=\"https:\/\/i0.wp.com\/ae01.alicdn.com\/kf\/Se09d5dcc5a994eccbe5302129d2922ec1.jpg?w=1200&#038;ssl=1\"><br \/><span style=\"font-size:14px;, sans-serif\"><span style=\", sans-serif\"><span style=\"font-family:arial, helvetica, sans-serif\">Caros compradores, agradecemos sua empresa, se voc\u00ea estiver satisfeito com nosso servi\u00e7o,<\/span><\/span><\/span><span style=\"font-size:14px;, sans-serif\"><span style=\"font-family:arial, helvetica, sans-serif\">por favor deixe-nos um feedback positivo<br \/>e avalie os detalhes da transa\u00e7\u00e3o (classifica\u00e7\u00f5es detalhadas do vendedor) com um<\/span><\/span><br \/><span><span style=\"font-size:14px;, sans-serif\"><span style=\"font-family:arial, helvetica, sans-serif\"><strong>&#8221;5 ESTRELAS PERFEITAS&#8221;.<\/strong><\/span><\/span><\/span><br \/><span style=\"font-size:14px;, sans-serif\"><span style=\"font-family:arial, helvetica, sans-serif\">Se voc\u00ea tiver algum problema, quebrado ou problema de qualidade, n\u00e3o se preocupe e n\u00e3o deixe coment\u00e1rios ruins.<br \/>Por favor, envie-nos um e-mail primeiro, responderemos o mais r\u00e1pido poss\u00edvel, permita-nos responder dentro de 12 horas.<br \/>Compreendemos o seu humor e forneceremos a melhor solu\u00e7\u00e3o para o seu problema,<br \/>por favor nos d\u00ea a oportunidade de resolver o problema,<br \/>Para qualquer caso, sinta-se \u00e0 vontade para vir at\u00e9 n\u00f3s, estamos sempre aqui.<br \/>aguardamos e obrigado pela sua confian\u00e7a.<\/span><\/span><\/p>\n<div><\/div>\n<\/div>\n<\/div>\n<\/div>\n<p><\/p>\n<\/div>\n<\/div>\n","protected":false},"excerpt":{"rendered":"<p>OEM N\u00c3O.: 91370B\/91371BMaterial: Nitreto de Sil\u00edcioTens\u00e3o: 12V\/24V3KW 5KW Aplica\u00e7\u00e3o: Para webasto at3500,5000 12V \/24Vaquecedores Se voc\u00ea precisar de pe\u00e7as para webasto, eberspacher, planar e aquecedores de estacionamento de outras marcas, entre em contato conosco, pedidos por atacado est\u00e3o dispon\u00edveisCaros compradores, agradecemos sua empresa, se voc\u00ea estiver satisfeito com nosso servi\u00e7o,por favor deixe-nos um feedback positivoe&hellip;&nbsp;<\/p>\n","protected":false},"featured_media":38988,"template":"","meta":{"neve_meta_sidebar":"","neve_meta_container":"","neve_meta_enable_content_width":"","neve_meta_content_width":0,"neve_meta_title_alignment":"","neve_meta_author_avatar":"","neve_post_elements_order":"","neve_meta_disable_header":"","neve_meta_disable_footer":"","neve_meta_disable_title":""},"product_brand":[],"product_cat":[139,32,17],"product_tag":[],"class_list":{"0":"post-38994","1":"product","2":"type-product","3":"status-publish","4":"has-post-thumbnail","6":"product_cat-ar-condicionado-e-temperatura","7":"product_cat-equipamentos-eletricos","8":"product_cat-pecas-e-acessorios-automotivos","10":"first","11":"instock","12":"shipping-taxable","13":"purchasable","14":"product-type-variable","15":"has-default-attributes"},"jetpack_sharing_enabled":true,"_links":{"self":[{"href":"https:\/\/listman.shop\/autoparts-br\/wp-json\/wp\/v2\/product\/38994","targetHints":{"allow":["GET"]}}],"collection":[{"href":"https:\/\/listman.shop\/autoparts-br\/wp-json\/wp\/v2\/product"}],"about":[{"href":"https:\/\/listman.shop\/autoparts-br\/wp-json\/wp\/v2\/types\/product"}],"wp:featuredmedia":[{"embeddable":true,"href":"https:\/\/listman.shop\/autoparts-br\/wp-json\/wp\/v2\/media\/38988"}],"wp:attachment":[{"href":"https:\/\/listman.shop\/autoparts-br\/wp-json\/wp\/v2\/media?parent=38994"}],"wp:term":[{"taxonomy":"product_brand","embeddable":true,"href":"https:\/\/listman.shop\/autoparts-br\/wp-json\/wp\/v2\/product_brand?post=38994"},{"taxonomy":"product_cat","embeddable":true,"href":"https:\/\/listman.shop\/autoparts-br\/wp-json\/wp\/v2\/product_cat?post=38994"},{"taxonomy":"product_tag","embeddable":true,"href":"https:\/\/listman.shop\/autoparts-br\/wp-json\/wp\/v2\/product_tag?post=38994"}],"curies":[{"name":"wp","href":"https:\/\/api.w.org\/{rel}","templated":true}]}}