{"id":39039,"date":"2025-03-23T14:59:11","date_gmt":"2025-03-23T05:59:11","guid":{"rendered":"https:\/\/listman.shop\/autoparts-br\/product\/1005006107176289\/"},"modified":"2026-04-27T20:39:05","modified_gmt":"2026-04-27T11:39:05","slug":"1005006107176289","status":"publish","type":"product","link":"https:\/\/listman.shop\/autoparts-br\/product\/1005006107176289\/","title":{"rendered":"61129259425   Cabo fus\u00edvel positivo da bateria 6112-9259-425 9214506 -02 adequado para BMW F30 F31 F34 F35 M3 F80 F32 F33 F36 M4"},"content":{"rendered":"<div class=\"detailmodule_html\">\n<div class=\"detail-desc-decorate-richtext\">\n<div class=\"detailmodule_media\">\n<div class=\"video-container-294281497388\">\n<div class=\"detail-video\" id=\"294281497388\" data-previewurl=\"https:\/\/img.alicdn.com\/imgextra\/i4\/6000000002865\/O1CN01bhAW9Q1X2DNjasCI8_!!6000000002865-0-tbvideo.jpg\"><\/div>\n<\/div>\n<\/div>\n<p><\/p>\n<div class=\"detailmodule_text\">\n<p style=\"font-family:OpenSans;font-size:20px;font-weight:900;line-height:28px;white-space:pre-wrap;margin-bottom:12px\" class=\"detail-desc-decorate-title\">61129259425 Cabo positivo do fus\u00edvel da bateria 6112-9259-4259214506-02 para bmw f30 f31 f34 f35 m3 f80 f32 f33 f36 m4 acess\u00f3rios de carro autom\u00e1tico<\/p>\n<\/div>\n<div class=\"detailmodule_image\"><img data-recalc-dims=\"1\" decoding=\"async\" class=\"detail-desc-decorate-image\" src=\"https:\/\/i0.wp.com\/ae01.alicdn.com\/kf\/HTB1ynvdcL1G3KVjSZFkq6yK4XXaF.jpg?w=1200\"><\/div>\n<div class=\"detailmodule_text\">\n<p style=\"font-family:OpenSans;font-size:20px;font-weight:900;line-height:28px;white-space:pre-wrap;margin-bottom:12px\" class=\"detail-desc-decorate-title\">Especifica\u00e7\u00f5es:<\/p>\n<\/div>\n<div class=\"detailmodule_text\">\n<p>* Cor principal: Vermelho<\/p>\n<\/div>\n<div class=\"detailmodule_text\">\n<p>* Condi\u00e7\u00e3o: 100% novo<\/p>\n<\/div>\n<div class=\"detailmodule_text\">\n<p>* Material: Pl\u00e1stico + Mental<\/p>\n<\/div>\n<div class=\"detailmodule_text\">\n<p>* Nome do produto: cabo de bateria de terminal positivo<\/p>\n<\/div>\n<div class=\"detailmodule_text\">\n<p>* N\u00famero da pe\u00e7a do fabricante:611292594259214506-02<\/p>\n<\/div>\n<div class=\"detailmodule_text\">\n<p style=\"font-family:OpenSans;font-size:20px;font-weight:900;line-height:28px;white-space:pre-wrap;margin-bottom:12px\" class=\"detail-desc-decorate-title\">Caracter\u00edsticas:<\/p>\n<\/div>\n<div class=\"detailmodule_text\">\n<p>[1]F\u00e1cil instala\u00e7\u00e3o.<\/p>\n<\/div>\n<div class=\"detailmodule_text\">\n<p>[2] Combina\u00e7\u00e3o perfeita para o carro original.<\/p>\n<\/div>\n<div class=\"detailmodule_text\">\n<p>[3] Caracter\u00edsticas est\u00e1veis, alta confiabilidade.<\/p>\n<\/div>\n<div class=\"detailmodule_text\">\n<p>[4] Atenda \u00e0s especifica\u00e7\u00f5es profissionais para desempenho est\u00e1vel e servi\u00e7o dur\u00e1vel.<\/p>\n<\/div>\n<div class=\"detailmodule_text\">\n<p style=\"font-family:OpenSans;font-size:20px;font-weight:900;line-height:28px;white-space:pre-wrap;margin-bottom:12px\" class=\"detail-desc-decorate-title\">Montagem:<\/p>\n<\/div>\n<div class=\"detailmodule_text\">\n<p>Adequado para BMW F30 F31 F34 F36 F33 F32<\/p>\n<\/div>\n<div class=\"detailmodule_text\">\n<p>(A compatibilidade \u00e9 apenas para refer\u00eancia.Por favor compare com o seu original antes de comprar!)<\/p>\n<\/div>\n<div class=\"detailmodule_text\">\n<p style=\"font-family:OpenSans;font-size:20px;font-weight:900;line-height:28px;white-space:pre-wrap;margin-bottom:12px\" class=\"detail-desc-decorate-title\">Pacote inclu\u00eddo (como imagem):<\/p>\n<\/div>\n<div class=\"detailmodule_text\">\n<p>1 x cabo de bateria de carro<\/p>\n<\/div>\n<div class=\"detailmodule_text\">\n<p style=\"font-family:OpenSans;font-size:20px;font-weight:900;line-height:28px;white-space:pre-wrap;margin-bottom:12px\" class=\"detail-desc-decorate-title\">Nota:<\/p>\n<\/div>\n<div class=\"detailmodule_text\">\n<p>(A compatibilidade \u00e9 apenas para refer\u00eancia. Confirme o n\u00famero da pe\u00e7a e certifique-se de que este estojo de chave \u00e9 adequado para o seu ve\u00edculo antes de comprar.)<\/p>\n<\/div>\n<div class=\"detailmodule_text\">\n<p style=\"font-family:OpenSans;font-size:20px;font-weight:900;line-height:28px;white-space:pre-wrap;margin-bottom:12px\" class=\"detail-desc-decorate-title\">Atacado e entrega direta s\u00e3o bem-vindos<\/p>\n<\/div>\n<div class=\"detailmodule_text\">\n<p>Para atacado, ofereceremos desconto ou frete expresso gratuito, que leva apenas de 3 a 7 dias para chegar.<\/p>\n<\/div>\n<div class=\"detailmodule_text\">\n<p>Para envio direto, podemos enviar as mercadorias diretamente para seus clientes e n\u00e3o deixaremos informa\u00e7\u00f5es sobre n\u00f3s se voc\u00ea quiser.<\/p>\n<\/div>\n<div class=\"detailmodule_image\"><img data-recalc-dims=\"1\" decoding=\"async\" class=\"detail-desc-decorate-image\" src=\"https:\/\/i0.wp.com\/ae01.alicdn.com\/kf\/HTB1Q4nccLWG3KVjSZFPq6xaiXXaL.jpg?w=1200\"><img data-recalc-dims=\"1\" decoding=\"async\" class=\"detail-desc-decorate-image\" src=\"https:\/\/i0.wp.com\/ae04.alicdn.com\/kf\/Hc8007b7e53f747fd85919c6e4bbdb858p.jpg?w=1200&#038;ssl=1\"><img data-recalc-dims=\"1\" decoding=\"async\" class=\"detail-desc-decorate-image\" src=\"https:\/\/i0.wp.com\/ae04.alicdn.com\/kf\/Hf27e854b644f4d788cd1e4f4e6906e9as.jpg?w=1200&#038;ssl=1\"><img data-recalc-dims=\"1\" decoding=\"async\" class=\"detail-desc-decorate-image\" src=\"https:\/\/i0.wp.com\/ae04.alicdn.com\/kf\/H168803c061994135bc6cc6977406c124p.jpg?w=1200&#038;ssl=1\"><img data-recalc-dims=\"1\" decoding=\"async\" class=\"detail-desc-decorate-image\" src=\"https:\/\/i0.wp.com\/ae04.alicdn.com\/kf\/H765e5c55f8e44564878dcd0376dec873g.jpg?w=1200&#038;ssl=1\"><img data-recalc-dims=\"1\" decoding=\"async\" class=\"detail-desc-decorate-image\" src=\"https:\/\/i0.wp.com\/ae04.alicdn.com\/kf\/H6a05b1abaaa346a194161acec230b51f5.jpg?w=1200&#038;ssl=1\"><\/div>\n<div class=\"detailmodule_text\">\n<p style=\"font-family:OpenSans;font-size:20px;font-weight:900;line-height:28px;white-space:pre-wrap;margin-bottom:12px\" class=\"detail-desc-decorate-title\">Sobre o pagamento<\/p>\n<p style=\"font-family:OpenSans;font-size:14px;font-weight:300;line-height:20px;white-space:pre-wrap;margin-bottom:12px\" class=\"detail-desc-decorate-content\">* Aceitamos Alipay, West Union, TT.Todos os principais cart\u00f5es de cr\u00e9dito s\u00e3o aceitos atrav\u00e9s de processo de pagamento seguro ou COMPROMISSO.<\/p>\n<p>* O pagamento deve ser feito dentro de 3 dias ap\u00f3s o pedido.<\/p>\n<p>* Se voc\u00ea n\u00e3o conseguir finalizar a compra imediatamente ap\u00f3s o encerramento do leil\u00e3o, aguarde alguns minutos e tente novamente. Os pagamentos devem ser conclu\u00eddos dentro de 3 dias.<\/p>\n<\/div>\n<div class=\"detailmodule_text\">\n<p style=\"font-family:OpenSans;font-size:20px;font-weight:900;line-height:28px;white-space:pre-wrap;margin-bottom:12px\" class=\"detail-desc-decorate-title\">Sobre a remessa<\/p>\n<p>** TRANSPORTE MUNDIAL.<\/p>\n<p>** Pedidos processados em tempo h\u00e1bil ap\u00f3s a verifica\u00e7\u00e3o do pagamento.<\/p>\n<p>** Enviamos apenas para endere\u00e7os de pedidos confirmados.O endere\u00e7o do seu pedido deve corresponder ao seu endere\u00e7o de entrega.<\/p>\n<p>** As imagens mostradas n\u00e3o s\u00e3o o item real e s\u00e3o apenas para sua refer\u00eancia.<\/p>\n<p>** O TEMPO DE TR\u00c2NSITO DO SERVI\u00c7O \u00e9 fornecido pela transportadora e exclui fins de semana e feriados.Os tempos de tr\u00e2nsito podem variar, especialmente durante a temporada de f\u00e9rias.<\/p>\n<p>** Se voc\u00ea n\u00e3o recebeu sua remessa dentro de 30 dias ap\u00f3s o pagamento, entre em contato conosco.Rastrearemos o envio e entraremos em contato com voc\u00ea o mais breve poss\u00edvel com uma resposta.Nosso objetivo \u00e9 a satisfa\u00e7\u00e3o do cliente!<\/p>\n<\/div>\n<div class=\"detailmodule_text\">\n<p style=\"font-family:OpenSans;font-size:20px;font-weight:900;line-height:28px;white-space:pre-wrap;margin-bottom:12px\" class=\"detail-desc-decorate-title\">Devolu\u00e7\u00e3o e reembolso<\/p>\n<p>*** Voc\u00ea tem 7 dias para entrar em contato conosco e 30 dias para devolv\u00ea-lo a partir da data em que foi recebido.Se este item estiver em sua posse por mais de 7 dias, ele ser\u00e1 considerado usado e N\u00c3O EMITIREMOS REEMBOLSO OU SUBSTITUI\u00c7\u00c3O.N\u00c3O H\u00c1 EXCE\u00c7\u00d5ES!O custo de envio \u00e9 suportado pela metade pelo vendedor e pelo comprador.<\/p>\n<p>*** Todos os itens devolvidos DEVEM ESTAR na embalagem original e voc\u00ea DEVE nos fornecer o n\u00famero de rastreamento da remessa, o motivo espec\u00edfico da devolu\u00e7\u00e3o.<\/p>\n<p>*** Reembolsaremos o valor total do seu lance vencedor, ap\u00f3s o recebimento do item em sua condi\u00e7\u00e3o original e embalagem com todos os componentes e acess\u00f3rios inclu\u00eddos, ap\u00f3s o comprador e o vendedor cancelarem a transa\u00e7\u00e3o do aliexpress.OU voc\u00ea pode optar por um substituto.<\/p>\n<\/div>\n<div class=\"detailmodule_text\">\n<p style=\"font-family:OpenSans;font-size:20px;font-weight:900;line-height:28px;white-space:pre-wrap;margin-bottom:12px\" class=\"detail-desc-decorate-title\">Sobre o feedback<\/p>\n<p>Mantemos altos padr\u00f5es de excel\u00eancia e buscamos 100% de satisfa\u00e7\u00e3o do cliente!O feedback \u00e9 muito importante Solicitamos que voc\u00ea entre em contato conosco imediatamente ANTES de nos dar um feedback neutro ou negativo, para que possamos resolver suas preocupa\u00e7\u00f5es de forma satisfat\u00f3ria.<\/p>\n<p>\u00c9 imposs\u00edvel resolver problemas se n\u00e3o tivermos conhecimento deles!<\/p>\n<\/div>\n<div class=\"detailmodule_image\"><img data-recalc-dims=\"1\" decoding=\"async\" class=\"detail-desc-decorate-image\" src=\"https:\/\/i0.wp.com\/ae01.alicdn.com\/kf\/HTB12N_qbUuF3KVjSZK9q6zVtXXaT.jpg?w=1200\"><\/div>\n<p><\/p>\n<p><\/div>\n<\/div>\n","protected":false},"excerpt":{"rendered":"<p>61129259425 Cabo positivo do fus\u00edvel da bateria 6112-9259-4259214506-02 para bmw f30 f31 f34 f35 m3 f80 f32 f33 f36 m4 acess\u00f3rios de carro autom\u00e1tico Especifica\u00e7\u00f5es: * Cor principal: Vermelho * Condi\u00e7\u00e3o: 100% novo * Material: Pl\u00e1stico + Mental * Nome do produto: cabo de bateria de terminal positivo * N\u00famero da pe\u00e7a do fabricante:611292594259214506-02 Caracter\u00edsticas:&hellip;&nbsp;<\/p>\n","protected":false},"featured_media":39033,"template":"","meta":{"neve_meta_sidebar":"","neve_meta_container":"","neve_meta_enable_content_width":"","neve_meta_content_width":0,"neve_meta_title_alignment":"","neve_meta_author_avatar":"","neve_post_elements_order":"","neve_meta_disable_header":"","neve_meta_disable_footer":"","neve_meta_disable_title":""},"product_brand":[],"product_cat":[112,32,17],"product_tag":[],"class_list":{"0":"post-39039","1":"product","2":"type-product","3":"status-publish","4":"has-post-thumbnail","6":"product_cat-carga-de-bateria-e-sistemas-de-partida","7":"product_cat-equipamentos-eletricos","8":"product_cat-pecas-e-acessorios-automotivos","10":"first","11":"instock","12":"shipping-taxable","13":"purchasable","14":"product-type-variable"},"jetpack_sharing_enabled":true,"_links":{"self":[{"href":"https:\/\/listman.shop\/autoparts-br\/wp-json\/wp\/v2\/product\/39039","targetHints":{"allow":["GET"]}}],"collection":[{"href":"https:\/\/listman.shop\/autoparts-br\/wp-json\/wp\/v2\/product"}],"about":[{"href":"https:\/\/listman.shop\/autoparts-br\/wp-json\/wp\/v2\/types\/product"}],"wp:featuredmedia":[{"embeddable":true,"href":"https:\/\/listman.shop\/autoparts-br\/wp-json\/wp\/v2\/media\/39033"}],"wp:attachment":[{"href":"https:\/\/listman.shop\/autoparts-br\/wp-json\/wp\/v2\/media?parent=39039"}],"wp:term":[{"taxonomy":"product_brand","embeddable":true,"href":"https:\/\/listman.shop\/autoparts-br\/wp-json\/wp\/v2\/product_brand?post=39039"},{"taxonomy":"product_cat","embeddable":true,"href":"https:\/\/listman.shop\/autoparts-br\/wp-json\/wp\/v2\/product_cat?post=39039"},{"taxonomy":"product_tag","embeddable":true,"href":"https:\/\/listman.shop\/autoparts-br\/wp-json\/wp\/v2\/product_tag?post=39039"}],"curies":[{"name":"wp","href":"https:\/\/api.w.org\/{rel}","templated":true}]}}