{"id":39080,"date":"2025-03-23T15:00:34","date_gmt":"2025-03-23T06:00:34","guid":{"rendered":"https:\/\/listman.shop\/autoparts-br\/product\/1005006239431343\/"},"modified":"2026-04-14T12:57:09","modified_gmt":"2026-04-14T03:57:09","slug":"1005006239431343","status":"publish","type":"product","link":"https:\/\/listman.shop\/autoparts-br\/product\/1005006239431343\/","title":{"rendered":"Melhorado console traseiro circula\u00e7\u00e3o de ar ac ventila\u00e7\u00e3o grade painel capa para bmw x5 x6 e70 e71 e72 2007-2013 64226958748"},"content":{"rendered":"<div class=\"detailmodule_html\">\n<div class=\"detail-desc-decorate-richtext\">\n<div class=\"detailmodule_html\">\n<div class=\"detail-desc-decorate-richtext\">\n<div>\n<p><span style=\"font-size:18px;font-family:tahoma, geneva, sans-serif\"><strong>Nome do produto: Melhor circula\u00e7\u00e3o de ar ac ventila\u00e7\u00e3o painel capa para bmw x5 x6 e70 e71 e72 2007-2013<\/strong><\/span><\/p>\n<div><\/div>\n<p><strong><span style=\"font-size:18px;font-family:tahoma, geneva, sans-serif\">OE N\u00c3O.:<\/span><\/strong><span style=\"font-size:18px;font-family:tahoma, geneva, sans-serif\"><br \/>6422 6954 953 Traseira (Modelo A)<br \/>6422 6958 748 Traseira (Modelo B)<br \/>6422 6954 954 Traseira (Modelo C)<\/span><\/p>\n<div><\/div>\n<p style=\"font-family:OpenSans;font-size:14px;font-weight:300;line-height:20px;white-space:pre-wrap;margin-bottom:12px\" class=\"detail-desc-decorate-content\"><strong><span style=\"font-size:20px;font-family:tahoma, geneva, sans-serif\">Material:<\/span><\/strong><span style=\"font-size:20px;font-family:tahoma, geneva, sans-serif\"><span style=\"font-size:20px;font-family:tahoma, geneva, sans-serif\">PC e ABS, revestimento emborrachado. Material pl\u00e1stico macio n\u00e3o original.<\/span><\/span><\/p>\n<p style=\"font-family:OpenSans;font-size:14px;font-weight:300;line-height:20px;white-space:pre-wrap;margin-bottom:12px\" class=\"detail-desc-decorate-content\"><span style=\"font-size:20px;font-family:tahoma, geneva, sans-serif\"><strong>Vantagem:<\/strong><\/span><span style=\"font-size:20px;font-family:tahoma, geneva, sans-serif\"><br \/>Novo e de alta qualidade<br \/>Substitua completamente o item antigo ou ruim<br \/>Feito de materiais de alta qualidade, dur\u00e1veis e confi\u00e1veis em uso<br \/>Conector correto, sem corte ou emenda<br \/>Instala\u00e7\u00e3o f\u00e1cil e direta<br \/>Design atualizado, mais s\u00f3lido, n\u00e3o \u00e9 f\u00e1cil de quebrar, substitua perfeitamente.<\/span><\/p>\n<p><span style=\"font-size:20px;font-family:tahoma, geneva, sans-serif\"><span style=\"font-size:20px;font-family:tahoma, geneva, sans-serif\"><strong>Montagem:<\/strong><\/span><\/span><span style=\"font-size:20px;font-family:tahoma, geneva, sans-serif\"><span style=\"font-size:20px;font-family:tahoma, geneva, sans-serif\"><br \/>Para BMW 2007-2013 X5 E70<br \/>Para BMW 2007-2013 X6 E71 E72<\/p>\n<p><\/span><\/span><span style=\"font-size:20px;font-family:tahoma, geneva, sans-serif\"><span style=\"font-size:20px;font-family:tahoma, geneva, sans-serif\"><strong>Pacote inclu\u00eddo:<\/strong><\/span><\/span><span style=\"font-size:20px;font-family:tahoma, geneva, sans-serif\"><span style=\"font-size:20px;font-family:tahoma, geneva, sans-serif\"><br \/>Capa traseira do painel da grade da ventila\u00e7\u00e3o de ar ac de 1 pe\u00e7a<\/p>\n<p><\/span><\/span><span style=\"font-size:20px;font-family:tahoma, geneva, sans-serif\"><span style=\"font-size:20px;font-family:tahoma, geneva, sans-serif\"><strong>Nota:<\/strong><\/span><\/span><span style=\"font-size:20px;font-family:tahoma, geneva, sans-serif\"><span style=\"font-size:20px;font-family:tahoma, geneva, sans-serif\"><br \/><\/span><\/span><span style=\"font-size:18px;font-family:tahoma, geneva, sans-serif\"><span style=\"font-size:18px;font-family:tahoma, geneva, sans-serif\">1.A cor real do item pode ser ligeiramente diferente das imagens mostradas no site, causadas por muitos fatores, como o brilho do monitor e o brilho da luz.<br \/>2.Por favor, permita um ligeiro desvio de medi\u00e7\u00e3o manual para os dados.<\/span><\/span><\/p>\n<p style=\"font-family:OpenSans;font-size:14px;font-weight:300;line-height:20px;white-space:pre-wrap;margin-bottom:12px\" class=\"detail-desc-decorate-content\"><span style=\"font-size:18px;font-family:tahoma, geneva, sans-serif\">3.Ambos adequados para carros com volante esquerdo (LHD) e carros com volante direito (RHD).<\/span><\/p>\n<\/div>\n<div>\n<div class=\"detailmodule_html\">\n<div class=\"detail-desc-decorate-richtext\">\n<div><span style=\"font-size:18px\"><strong>Existem 3 modelos para grade de ventila\u00e7\u00e3o CA traseira. Escolha o correto ao fazer o pedido.<\/strong><\/span><\/div>\n<\/div>\n<\/div>\n<div><img data-recalc-dims=\"1\" decoding=\"async\" style=\"margin-bottom:10px\" class=\"detail-desc-decorate-image\" src=\"https:\/\/i0.wp.com\/ae01.alicdn.com\/kf\/H6a89f33383e24defa0d1746a7c16fa02G.jpg?w=1200&#038;ssl=1\"><\/div>\n<\/div>\n<div><img data-recalc-dims=\"1\" decoding=\"async\" src=\"https:\/\/i0.wp.com\/ae01.alicdn.com\/kf\/S84e506c68fd04cb9965bf4bf0a23eeed7.jpg?w=1200&#038;ssl=1\"><img data-recalc-dims=\"1\" decoding=\"async\" src=\"https:\/\/i0.wp.com\/ae01.alicdn.com\/kf\/Sae7154d34a904996af5b6cc383a438faw.jpg?w=1200&#038;ssl=1\"><img data-recalc-dims=\"1\" decoding=\"async\" src=\"https:\/\/i0.wp.com\/ae01.alicdn.com\/kf\/Sceea6b96e6d94476a6331f47cbcf96fbU.jpg?w=1200&#038;ssl=1\"><img data-recalc-dims=\"1\" decoding=\"async\" style=\"margin-bottom:10px\" class=\"detail-desc-decorate-image\" src=\"https:\/\/i0.wp.com\/ae01.alicdn.com\/kf\/H384ce328c29d49e3b8e03c7961143b41P.jpg?w=1200&#038;ssl=1\"> <img data-recalc-dims=\"1\" decoding=\"async\" src=\"https:\/\/i0.wp.com\/ae01.alicdn.com\/kf\/Sba7592955246449b8bbebeee79afcca5P.jpg?w=1200&#038;ssl=1\"><img data-recalc-dims=\"1\" decoding=\"async\" src=\"https:\/\/i0.wp.com\/ae01.alicdn.com\/kf\/S60e15745a7dc46b9876e12e684431854L.jpg?w=1200&#038;ssl=1\"><img data-recalc-dims=\"1\" decoding=\"async\" src=\"https:\/\/i0.wp.com\/ae01.alicdn.com\/kf\/S923838098393478089cff177268e2e46o.jpg?w=1200&#038;ssl=1\"><img data-recalc-dims=\"1\" decoding=\"async\" src=\"https:\/\/i0.wp.com\/ae01.alicdn.com\/kf\/Sf8e3a35188ff423daff1bc6634fd18a5U.jpg?w=1200&#038;ssl=1\"><img data-recalc-dims=\"1\" loading=\"lazy\" decoding=\"async\" style=\"margin-bottom:10px\" class=\"detail-desc-decorate-image\" width=\"944\" height=\"944\" src=\"https:\/\/i0.wp.com\/ae01.alicdn.com\/kf\/H301cb5a348374e9cb293af321f66361ax.jpg?resize=944%2C944&#038;ssl=1\"> <img data-recalc-dims=\"1\" decoding=\"async\" src=\"https:\/\/i0.wp.com\/ae01.alicdn.com\/kf\/S4bd7f175c74441779fd1656b0e0a7d90Q.jpg?w=1200&#038;ssl=1\"><img data-recalc-dims=\"1\" decoding=\"async\" src=\"https:\/\/i0.wp.com\/ae01.alicdn.com\/kf\/Sc7607681cebd427bbb58df8fda7bc984Q.jpg?w=1200&#038;ssl=1\"><img data-recalc-dims=\"1\" decoding=\"async\" src=\"https:\/\/i0.wp.com\/ae01.alicdn.com\/kf\/S8650c0f0b86448b2889d1f7eccbb5240s.jpg?w=1200&#038;ssl=1\"><img data-recalc-dims=\"1\" loading=\"lazy\" decoding=\"async\" style=\"margin-bottom:10px\" class=\"detail-desc-decorate-image\" width=\"944\" height=\"944\" src=\"https:\/\/i0.wp.com\/ae01.alicdn.com\/kf\/Hbb66fd56d74f4979a9b494ece30f0c91b.jpg?resize=944%2C944&#038;ssl=1\"><img data-recalc-dims=\"1\" decoding=\"async\" src=\"https:\/\/i0.wp.com\/ae01.alicdn.com\/kf\/S75236e07f0554ff8839a9cd744b0583ab.jpg?w=1200&#038;ssl=1\"><img data-recalc-dims=\"1\" decoding=\"async\" src=\"https:\/\/i0.wp.com\/ae01.alicdn.com\/kf\/S02212615602e4403b0293ad526c3aa47Q.jpg?w=1200&#038;ssl=1\"><img data-recalc-dims=\"1\" decoding=\"async\" src=\"https:\/\/i0.wp.com\/ae01.alicdn.com\/kf\/S15fe5b33e17246b38ce322b230dd8f8eJ.jpg?w=1200&#038;ssl=1\"><img data-recalc-dims=\"1\" decoding=\"async\" src=\"https:\/\/i0.wp.com\/ae01.alicdn.com\/kf\/S25c2ecfd1f2c4b768d7663c3c43c85faS.jpg?w=1200&#038;ssl=1\"><img data-recalc-dims=\"1\" decoding=\"async\" src=\"https:\/\/i0.wp.com\/ae01.alicdn.com\/kf\/S765e0f17aa874224846a5b62bdb7d9320.jpg?w=1200&#038;ssl=1\"><\/div>\n<div>\n<p style=\"font-family:OpenSans;font-size:20px;font-weight:900;line-height:28px;white-space:pre-wrap;margin-bottom:12px\" class=\"detail-desc-decorate-title\">LEMBRETE QUENTE<\/p>\n<p style=\"font-family:OpenSans;font-size:14px;font-weight:300;line-height:20px;white-space:pre-wrap;margin-bottom:12px\" class=\"detail-desc-decorate-content\">\uf06e Por favor confirme o n\u00famero OE.est\u00e1 correto com nossas pe\u00e7as antes de comprar para que possa caber no seu carro.\uf06e Todas as fotos dos produtos s\u00e3o apenas para demonstra\u00e7\u00e3o e talvez uma pequena diferen\u00e7a com as pe\u00e7as reais.As diferen\u00e7as de cor e detalhes s\u00e3o em condi\u00e7\u00f5es normais.\uf06e Por favor confirme os endere\u00e7os de entrega e o telefone.N\u00e3o.s\u00e3o detalhados e exatamente corretos.\uf06e Se voc\u00ea n\u00e3o conseguir substituir bem as pe\u00e7as sozinho, poder\u00e1 reajust\u00e1-las ou ir \u00e0 loja de manuten\u00e7\u00e3o profissional local para instal\u00e1-las.<\/p>\n<\/div>\n<div>\n<p style=\"font-family:OpenSans;font-size:20px;font-weight:900;line-height:28px;white-space:pre-wrap;margin-bottom:12px\" class=\"detail-desc-decorate-title\">ENVIO<\/p>\n<p style=\"font-family:OpenSans;font-size:14px;font-weight:300;line-height:20px;white-space:pre-wrap;margin-bottom:12px\" class=\"detail-desc-decorate-content\">\uf06e Normalmente, o pedido ser\u00e1 enviado dentro de 2 a 7 dias \u00fateis ap\u00f3s receber o pagamento on-line, excluindo feriados.Aguarde de 24 a 48 horas para que os detalhes de rastreamento sejam atualizados online.\uf06e Os dias de envio depender\u00e1\u00e3o do correio de entrega.Se voc\u00ea n\u00e3o recebeu o pacote dentro de 45 dias, entre em contato conosco para que possamos rastre\u00e1-lo para voc\u00ea.\uf06e Se o pacote foi danificado durante o transporte, recuse-se a aceit\u00e1-lo e mantenha o registro e as evid\u00eancias de reclama\u00e7\u00e3o.\uf06e abra o pacote para verificar se as pe\u00e7as e acess\u00f3rios com pacotes n\u00e3o est\u00e3o danificados durante o envio antes de assinar o pacote.<\/p>\n<\/div>\n<div>\n<p style=\"font-family:OpenSans;font-size:20px;font-weight:900;line-height:28px;white-space:pre-wrap;margin-bottom:12px\" class=\"detail-desc-decorate-title\">GARANTIA E FEEDBACK<\/p>\n<p style=\"font-family:OpenSans;font-size:14px;font-weight:300;line-height:20px;white-space:pre-wrap;margin-bottom:12px\" class=\"detail-desc-decorate-content\">\uf06e   Se voc\u00ea n\u00e3o estiver satisfeito com nossos produtos, poder\u00e1 devolv\u00ea-los no prazo de 30 dias para substitui\u00e7\u00e3o ou devolu\u00e7\u00e3o do dinheiro. ent\u00e3o atualize o n\u00famero de rastreamento. de devolver o pacote no pedido de disputa. entre em contato conosco antes de devolv\u00ea-lo. \uf06e   Se o cliente se recusar a fazer o desembara\u00e7o aduaneiro ou se recusar a aceitar o pacote da transportadora local para que o pacote seja destru\u00eddo ou faltando, n\u00e3o reembolsaremos aos clientes. \uf06e   O custo de envio da devolu\u00e7\u00e3o do pacote deve ser pago pelos compradores. \uf06e   Se voc\u00ea estiver satisfeito com nossos produtos e servi\u00e7os, envie-nos um bom coment\u00e1rio e um feedback de cinco estrelas. \uf06e   Adicionaremos os clientes que deixam o coment\u00e1rio negativo apesar de nossa lista negra.<\/p>\n<\/div>\n<div><img data-recalc-dims=\"1\" decoding=\"async\" class=\"detail-desc-decorate-image\" src=\"https:\/\/i0.wp.com\/ae01.alicdn.com\/kf\/Hf995e0a7849e4472b61cf8098c73d93bF.jpg?w=1200&#038;ssl=1\"><\/div>\n<p><\/p>\n<\/div>\n<\/div>\n<p><\/p>\n<\/div>\n<\/div>\n","protected":false},"excerpt":{"rendered":"<p>Nome do produto: Melhor circula\u00e7\u00e3o de ar ac ventila\u00e7\u00e3o painel capa para bmw x5 x6 e70 e71 e72 2007-2013 OE N\u00c3O.:6422 6954 953 Traseira (Modelo A)6422 6958 748 Traseira (Modelo B)6422 6954 954 Traseira (Modelo C) Material:PC e ABS, revestimento emborrachado. Material pl\u00e1stico macio n\u00e3o original. Vantagem:Novo e de alta qualidadeSubstitua completamente o item antigo&hellip;&nbsp;<\/p>\n","protected":false},"featured_media":39074,"template":"","meta":{"neve_meta_sidebar":"","neve_meta_container":"","neve_meta_enable_content_width":"","neve_meta_content_width":0,"neve_meta_title_alignment":"","neve_meta_author_avatar":"","neve_post_elements_order":"","neve_meta_disable_header":"","neve_meta_disable_footer":"","neve_meta_disable_title":""},"product_brand":[],"product_cat":[32,75,17],"product_tag":[],"class_list":{"0":"post-39080","1":"product","2":"type-product","3":"status-publish","4":"has-post-thumbnail","6":"product_cat-equipamentos-eletricos","7":"product_cat-instalacao-de-ar-condicionado","8":"product_cat-pecas-e-acessorios-automotivos","10":"first","11":"instock","12":"shipping-taxable","13":"purchasable","14":"product-type-variable","15":"has-default-attributes"},"jetpack_sharing_enabled":true,"_links":{"self":[{"href":"https:\/\/listman.shop\/autoparts-br\/wp-json\/wp\/v2\/product\/39080","targetHints":{"allow":["GET"]}}],"collection":[{"href":"https:\/\/listman.shop\/autoparts-br\/wp-json\/wp\/v2\/product"}],"about":[{"href":"https:\/\/listman.shop\/autoparts-br\/wp-json\/wp\/v2\/types\/product"}],"wp:featuredmedia":[{"embeddable":true,"href":"https:\/\/listman.shop\/autoparts-br\/wp-json\/wp\/v2\/media\/39074"}],"wp:attachment":[{"href":"https:\/\/listman.shop\/autoparts-br\/wp-json\/wp\/v2\/media?parent=39080"}],"wp:term":[{"taxonomy":"product_brand","embeddable":true,"href":"https:\/\/listman.shop\/autoparts-br\/wp-json\/wp\/v2\/product_brand?post=39080"},{"taxonomy":"product_cat","embeddable":true,"href":"https:\/\/listman.shop\/autoparts-br\/wp-json\/wp\/v2\/product_cat?post=39080"},{"taxonomy":"product_tag","embeddable":true,"href":"https:\/\/listman.shop\/autoparts-br\/wp-json\/wp\/v2\/product_tag?post=39080"}],"curies":[{"name":"wp","href":"https:\/\/api.w.org\/{rel}","templated":true}]}}